{"id":4901,"date":"2024-11-13T16:09:27","date_gmt":"2024-11-13T21:09:27","guid":{"rendered":"https:\/\/tresorcolombien.com\/producto\/traversee-tout-terrain-expedition-rio-7-colors-cano-cristales-13jours-11nuits-1500-km\/"},"modified":"2025-01-14T07:34:57","modified_gmt":"2025-01-14T12:34:57","slug":"traversee-tout-terrain-expedition-rio-7-colors-cano-cristales-13jours-11nuits-1500-km","status":"publish","type":"product","link":"https:\/\/tresorcolombien.com\/fr\/producto\/traversee-tout-terrain-expedition-rio-7-colors-cano-cristales-13jours-11nuits-1500-km\/","title":{"rendered":"Circuit tout-terrain : EXPEDITION FLEUVE 7 COULEURS (Ca\u00f1o Cristales) 13Jours-11Nuits (1500 km)"},"content":{"rendered":"<p style=\"text-align: justify;\">Une aventure dans la for\u00eat tropicale colombienne qui vous permettra de d\u00e9couvrir les rivi\u00e8res aux 7 couleurs et la biodiversit\u00e9 des paysages colombiens. Le circuit est id\u00e9al pour les motards EXPERTS OFFROAD, qui veulent vivre des exp\u00e9riences uniques en traversant les rivi\u00e8res colombiennes avec leurs motos dans des bateaux \u00e0 fond plat dans la vieille ville rouge \u00ab Caguan \u00bb actuellement une terre de paix gr\u00e2ce au tourisme communautaire.<br \/>\nId\u00e9al De juillet \u00e0 novembre en dehors de cette p\u00e9riode, le circuit peut se faire en adaptant les horaires et les lieux de visite. <\/p>\n<p><img decoding=\"async\" src=\"https:\/\/tienda.tresorcolombien.com\/wp-content\/uploads\/2021\/12\/7colorestabla.jpg\"><\/p>\n","protected":false},"excerpt":{"rendered":"<p>Pension compl\u00e8te<\/p>\n","protected":false},"featured_media":2692,"template":"","meta":{"_acf_changed":false,"site-sidebar-layout":"default","site-content-layout":"","ast-site-content-layout":"default","site-content-style":"default","site-sidebar-style":"default","ast-global-header-display":"","ast-banner-title-visibility":"","ast-main-header-display":"","ast-hfb-above-header-display":"","ast-hfb-below-header-display":"","ast-hfb-mobile-header-display":"","site-post-title":"","ast-breadcrumbs-content":"","ast-featured-img":"","footer-sml-layout":"","ast-disable-related-posts":"","theme-transparent-header-meta":"default","adv-header-id-meta":"","stick-header-meta":"","header-above-stick-meta":"","header-main-stick-meta":"","header-below-stick-meta":"","astra-migrate-meta-layouts":"default","ast-page-background-enabled":"default","ast-page-background-meta":{"desktop":{"background-color":"var(--ast-global-color-4)","background-image":"","background-repeat":"repeat","background-position":"center center","background-size":"auto","background-attachment":"scroll","background-type":"","background-media":"","overlay-type":"","overlay-color":"","overlay-opacity":"","overlay-gradient":""},"tablet":{"background-color":"","background-image":"","background-repeat":"repeat","background-position":"center center","background-size":"auto","background-attachment":"scroll","background-type":"","background-media":"","overlay-type":"","overlay-color":"","overlay-opacity":"","overlay-gradient":""},"mobile":{"background-color":"","background-image":"","background-repeat":"repeat","background-position":"center center","background-size":"auto","background-attachment":"scroll","background-type":"","background-media":"","overlay-type":"","overlay-color":"","overlay-opacity":"","overlay-gradient":""}},"ast-content-background-meta":{"desktop":{"background-color":"var(--ast-global-color-5)","background-image":"","background-repeat":"repeat","background-position":"center center","background-size":"auto","background-attachment":"scroll","background-type":"","background-media":"","overlay-type":"","overlay-color":"","overlay-opacity":"","overlay-gradient":""},"tablet":{"background-color":"var(--ast-global-color-5)","background-image":"","background-repeat":"repeat","background-position":"center center","background-size":"auto","background-attachment":"scroll","background-type":"","background-media":"","overlay-type":"","overlay-color":"","overlay-opacity":"","overlay-gradient":""},"mobile":{"background-color":"var(--ast-global-color-5)","background-image":"","background-repeat":"repeat","background-position":"center center","background-size":"auto","background-attachment":"scroll","background-type":"","background-media":"","overlay-type":"","overlay-color":"","overlay-opacity":"","overlay-gradient":""}},"_joinchat":[]},"product_brand":[],"product_cat":[280],"product_tag":[439],"class_list":{"0":"post-4901","1":"product","2":"type-product","3":"status-publish","4":"has-post-thumbnail","6":"product_cat-voyages-a-moto","7":"product_tag-motocycles","8":"desktop-align-left","9":"tablet-align-left","10":"mobile-align-left","12":"first","13":"instock","14":"shipping-taxable","15":"product-type-simple"},"acf":[],"_links":{"self":[{"href":"https:\/\/tresorcolombien.com\/fr\/wp-json\/wp\/v2\/product\/4901","targetHints":{"allow":["GET"]}}],"collection":[{"href":"https:\/\/tresorcolombien.com\/fr\/wp-json\/wp\/v2\/product"}],"about":[{"href":"https:\/\/tresorcolombien.com\/fr\/wp-json\/wp\/v2\/types\/product"}],"version-history":[{"count":1,"href":"https:\/\/tresorcolombien.com\/fr\/wp-json\/wp\/v2\/product\/4901\/revisions"}],"predecessor-version":[{"id":5403,"href":"https:\/\/tresorcolombien.com\/fr\/wp-json\/wp\/v2\/product\/4901\/revisions\/5403"}],"wp:featuredmedia":[{"embeddable":true,"href":"https:\/\/tresorcolombien.com\/fr\/wp-json\/wp\/v2\/media\/2692"}],"wp:attachment":[{"href":"https:\/\/tresorcolombien.com\/fr\/wp-json\/wp\/v2\/media?parent=4901"}],"wp:term":[{"taxonomy":"product_brand","embeddable":true,"href":"https:\/\/tresorcolombien.com\/fr\/wp-json\/wp\/v2\/product_brand?post=4901"},{"taxonomy":"product_cat","embeddable":true,"href":"https:\/\/tresorcolombien.com\/fr\/wp-json\/wp\/v2\/product_cat?post=4901"},{"taxonomy":"product_tag","embeddable":true,"href":"https:\/\/tresorcolombien.com\/fr\/wp-json\/wp\/v2\/product_tag?post=4901"}],"curies":[{"name":"wp","href":"https:\/\/api.w.org\/{rel}","templated":true}]}}