{"id":4904,"date":"2024-11-13T16:09:43","date_gmt":"2024-11-13T21:09:43","guid":{"rendered":"https:\/\/tresorcolombien.com\/producto\/traversee-sud-immersion-archeologique-colombie-15-jours-13-nuits-1800-km\/"},"modified":"2025-01-14T07:29:08","modified_gmt":"2025-01-14T12:29:08","slug":"traversee-sud-immersion-archeologique-colombie-15-jours-13-nuits-1800-km","status":"publish","type":"product","link":"https:\/\/tresorcolombien.com\/fr\/producto\/traversee-sud-immersion-archeologique-colombie-15-jours-13-nuits-1800-km\/","title":{"rendered":"D\u00e9couverte du Sud : IMMERSION ARCH\u00c9OLOGIQUE COLOMBIE 15 jours\/13 nuits (1800 km)"},"content":{"rendered":"<p style=\"text-align: justify;\">Une incursion m\u00e9morable dans le sud arch\u00e9ologique de la Colombie qui vous permettra de traverser plusieurs paysages luxuriants. Traversez le d\u00e9sert de Tatacoa et ses couleurs splendides, la v\u00e9g\u00e9tation luxuriante des Andes et la ville blanche de Popay\u00e1n.<br \/>\nLaissez-vous surprendre par la majest\u00e9 de l\u2019axe du caf\u00e9 et d\u00e9gustez le meilleur caf\u00e9 du monde pour finir dans la ville de l\u2019\u00e9ternel printemps <\/p>\n<p>&nbsp;<\/p>\n<p><img decoding=\"async\" src=\"https:\/\/tienda.tresorcolombien.com\/wp-content\/uploads\/2021\/12\/inmersion-tabla.jpg\"><\/p>\n","protected":false},"excerpt":{"rendered":"<p>1\/2 Pension<\/p>\n","protected":false},"featured_media":2716,"template":"","meta":{"_acf_changed":false,"site-sidebar-layout":"default","site-content-layout":"","ast-site-content-layout":"default","site-content-style":"default","site-sidebar-style":"default","ast-global-header-display":"","ast-banner-title-visibility":"","ast-main-header-display":"","ast-hfb-above-header-display":"","ast-hfb-below-header-display":"","ast-hfb-mobile-header-display":"","site-post-title":"","ast-breadcrumbs-content":"","ast-featured-img":"","footer-sml-layout":"","ast-disable-related-posts":"","theme-transparent-header-meta":"default","adv-header-id-meta":"","stick-header-meta":"","header-above-stick-meta":"","header-main-stick-meta":"","header-below-stick-meta":"","astra-migrate-meta-layouts":"default","ast-page-background-enabled":"default","ast-page-background-meta":{"desktop":{"background-color":"var(--ast-global-color-4)","background-image":"","background-repeat":"repeat","background-position":"center center","background-size":"auto","background-attachment":"scroll","background-type":"","background-media":"","overlay-type":"","overlay-color":"","overlay-opacity":"","overlay-gradient":""},"tablet":{"background-color":"","background-image":"","background-repeat":"repeat","background-position":"center center","background-size":"auto","background-attachment":"scroll","background-type":"","background-media":"","overlay-type":"","overlay-color":"","overlay-opacity":"","overlay-gradient":""},"mobile":{"background-color":"","background-image":"","background-repeat":"repeat","background-position":"center center","background-size":"auto","background-attachment":"scroll","background-type":"","background-media":"","overlay-type":"","overlay-color":"","overlay-opacity":"","overlay-gradient":""}},"ast-content-background-meta":{"desktop":{"background-color":"var(--ast-global-color-5)","background-image":"","background-repeat":"repeat","background-position":"center center","background-size":"auto","background-attachment":"scroll","background-type":"","background-media":"","overlay-type":"","overlay-color":"","overlay-opacity":"","overlay-gradient":""},"tablet":{"background-color":"var(--ast-global-color-5)","background-image":"","background-repeat":"repeat","background-position":"center center","background-size":"auto","background-attachment":"scroll","background-type":"","background-media":"","overlay-type":"","overlay-color":"","overlay-opacity":"","overlay-gradient":""},"mobile":{"background-color":"var(--ast-global-color-5)","background-image":"","background-repeat":"repeat","background-position":"center center","background-size":"auto","background-attachment":"scroll","background-type":"","background-media":"","overlay-type":"","overlay-color":"","overlay-opacity":"","overlay-gradient":""}},"_joinchat":[]},"product_brand":[],"product_cat":[280],"product_tag":[439],"class_list":{"0":"post-4904","1":"product","2":"type-product","3":"status-publish","4":"has-post-thumbnail","6":"product_cat-voyages-a-moto","7":"product_tag-motocycles","8":"desktop-align-left","9":"tablet-align-left","10":"mobile-align-left","12":"first","13":"instock","14":"shipping-taxable","15":"product-type-simple"},"acf":[],"_links":{"self":[{"href":"https:\/\/tresorcolombien.com\/fr\/wp-json\/wp\/v2\/product\/4904","targetHints":{"allow":["GET"]}}],"collection":[{"href":"https:\/\/tresorcolombien.com\/fr\/wp-json\/wp\/v2\/product"}],"about":[{"href":"https:\/\/tresorcolombien.com\/fr\/wp-json\/wp\/v2\/types\/product"}],"version-history":[{"count":1,"href":"https:\/\/tresorcolombien.com\/fr\/wp-json\/wp\/v2\/product\/4904\/revisions"}],"predecessor-version":[{"id":5400,"href":"https:\/\/tresorcolombien.com\/fr\/wp-json\/wp\/v2\/product\/4904\/revisions\/5400"}],"wp:featuredmedia":[{"embeddable":true,"href":"https:\/\/tresorcolombien.com\/fr\/wp-json\/wp\/v2\/media\/2716"}],"wp:attachment":[{"href":"https:\/\/tresorcolombien.com\/fr\/wp-json\/wp\/v2\/media?parent=4904"}],"wp:term":[{"taxonomy":"product_brand","embeddable":true,"href":"https:\/\/tresorcolombien.com\/fr\/wp-json\/wp\/v2\/product_brand?post=4904"},{"taxonomy":"product_cat","embeddable":true,"href":"https:\/\/tresorcolombien.com\/fr\/wp-json\/wp\/v2\/product_cat?post=4904"},{"taxonomy":"product_tag","embeddable":true,"href":"https:\/\/tresorcolombien.com\/fr\/wp-json\/wp\/v2\/product_tag?post=4904"}],"curies":[{"name":"wp","href":"https:\/\/api.w.org\/{rel}","templated":true}]}}