{"id":4907,"date":"2024-11-13T16:09:35","date_gmt":"2024-11-13T21:09:35","guid":{"rendered":"https:\/\/tresorcolombien.com\/producto\/traversee-route-coloniale-15-jours-13-nuits-1500-km\/"},"modified":"2025-01-14T07:32:06","modified_gmt":"2025-01-14T12:32:06","slug":"traversee-route-coloniale-15-jours-13-nuits-1500-km","status":"publish","type":"product","link":"https:\/\/tresorcolombien.com\/fr\/producto\/traversee-route-coloniale-15-jours-13-nuits-1500-km\/","title":{"rendered":"CIRCUIT : ROUTE COLONIALE 15 Jours\/13 nuits (1500 Km)"},"content":{"rendered":"<p style=\"text-align: justify;\">Un voyage \u00e0 moto in\u00e9dit en Colombie qui empruntera des routes coloniales traversant la Cordill\u00e8re des Andes et des villages patrimoniaux. Vous naviguerez le long du fleuve Magdalena jusqu\u2019\u00e0 la c\u00f4te cara\u00efbe o\u00f9 vous pourrez vous d\u00e9tendre pendant quelques jours sur les plages de sable blanc au bord de la mer turquoise et terminer votre voyage en beaut\u00e9 avec la d\u00e9couverte de la perle dor\u00e9e de la Colombie : Carthag\u00e8ne.<br \/>\nCe voyage \u00e0 moto rassemble dans une ambiance conviviale d\u2019Am\u00e9rique latine tous les tr\u00e9sors de la Colombie. <\/p>\n<p><img decoding=\"async\" src=\"https:\/\/tienda.tresorcolombien.com\/wp-content\/uploads\/2021\/12\/ruta-colonial-tabla.jpg\"><\/p>\n","protected":false},"excerpt":{"rendered":"<p>1\/2 Pension<\/p>\n","protected":false},"featured_media":2704,"template":"","meta":{"_acf_changed":false,"site-sidebar-layout":"default","site-content-layout":"","ast-site-content-layout":"default","site-content-style":"default","site-sidebar-style":"default","ast-global-header-display":"","ast-banner-title-visibility":"","ast-main-header-display":"","ast-hfb-above-header-display":"","ast-hfb-below-header-display":"","ast-hfb-mobile-header-display":"","site-post-title":"","ast-breadcrumbs-content":"","ast-featured-img":"","footer-sml-layout":"","ast-disable-related-posts":"","theme-transparent-header-meta":"default","adv-header-id-meta":"","stick-header-meta":"","header-above-stick-meta":"","header-main-stick-meta":"","header-below-stick-meta":"","astra-migrate-meta-layouts":"default","ast-page-background-enabled":"default","ast-page-background-meta":{"desktop":{"background-color":"var(--ast-global-color-4)","background-image":"","background-repeat":"repeat","background-position":"center center","background-size":"auto","background-attachment":"scroll","background-type":"","background-media":"","overlay-type":"","overlay-color":"","overlay-opacity":"","overlay-gradient":""},"tablet":{"background-color":"","background-image":"","background-repeat":"repeat","background-position":"center center","background-size":"auto","background-attachment":"scroll","background-type":"","background-media":"","overlay-type":"","overlay-color":"","overlay-opacity":"","overlay-gradient":""},"mobile":{"background-color":"","background-image":"","background-repeat":"repeat","background-position":"center center","background-size":"auto","background-attachment":"scroll","background-type":"","background-media":"","overlay-type":"","overlay-color":"","overlay-opacity":"","overlay-gradient":""}},"ast-content-background-meta":{"desktop":{"background-color":"var(--ast-global-color-5)","background-image":"","background-repeat":"repeat","background-position":"center center","background-size":"auto","background-attachment":"scroll","background-type":"","background-media":"","overlay-type":"","overlay-color":"","overlay-opacity":"","overlay-gradient":""},"tablet":{"background-color":"var(--ast-global-color-5)","background-image":"","background-repeat":"repeat","background-position":"center center","background-size":"auto","background-attachment":"scroll","background-type":"","background-media":"","overlay-type":"","overlay-color":"","overlay-opacity":"","overlay-gradient":""},"mobile":{"background-color":"var(--ast-global-color-5)","background-image":"","background-repeat":"repeat","background-position":"center center","background-size":"auto","background-attachment":"scroll","background-type":"","background-media":"","overlay-type":"","overlay-color":"","overlay-opacity":"","overlay-gradient":""}},"_joinchat":[]},"product_brand":[],"product_cat":[280],"product_tag":[439],"class_list":{"0":"post-4907","1":"product","2":"type-product","3":"status-publish","4":"has-post-thumbnail","6":"product_cat-voyages-a-moto","7":"product_tag-motocycles","8":"desktop-align-left","9":"tablet-align-left","10":"mobile-align-left","12":"first","13":"instock","14":"shipping-taxable","15":"product-type-simple"},"acf":[],"_links":{"self":[{"href":"https:\/\/tresorcolombien.com\/fr\/wp-json\/wp\/v2\/product\/4907","targetHints":{"allow":["GET"]}}],"collection":[{"href":"https:\/\/tresorcolombien.com\/fr\/wp-json\/wp\/v2\/product"}],"about":[{"href":"https:\/\/tresorcolombien.com\/fr\/wp-json\/wp\/v2\/types\/product"}],"version-history":[{"count":2,"href":"https:\/\/tresorcolombien.com\/fr\/wp-json\/wp\/v2\/product\/4907\/revisions"}],"predecessor-version":[{"id":5402,"href":"https:\/\/tresorcolombien.com\/fr\/wp-json\/wp\/v2\/product\/4907\/revisions\/5402"}],"wp:featuredmedia":[{"embeddable":true,"href":"https:\/\/tresorcolombien.com\/fr\/wp-json\/wp\/v2\/media\/2704"}],"wp:attachment":[{"href":"https:\/\/tresorcolombien.com\/fr\/wp-json\/wp\/v2\/media?parent=4907"}],"wp:term":[{"taxonomy":"product_brand","embeddable":true,"href":"https:\/\/tresorcolombien.com\/fr\/wp-json\/wp\/v2\/product_brand?post=4907"},{"taxonomy":"product_cat","embeddable":true,"href":"https:\/\/tresorcolombien.com\/fr\/wp-json\/wp\/v2\/product_cat?post=4907"},{"taxonomy":"product_tag","embeddable":true,"href":"https:\/\/tresorcolombien.com\/fr\/wp-json\/wp\/v2\/product_tag?post=4907"}],"curies":[{"name":"wp","href":"https:\/\/api.w.org\/{rel}","templated":true}]}}