{"id":4918,"date":"2024-11-13T16:10:09","date_gmt":"2024-11-13T21:10:09","guid":{"rendered":"https:\/\/tresorcolombien.com\/producto\/visite-de-la-ferme-de-cafe\/"},"modified":"2025-01-14T07:29:48","modified_gmt":"2025-01-14T12:29:48","slug":"visite-de-la-ferme-de-cafe","status":"publish","type":"product","link":"https:\/\/tresorcolombien.com\/fr\/producto\/visite-de-la-ferme-de-cafe\/","title":{"rendered":"Visite de la ferme de caf\u00e9"},"content":{"rendered":"<p>Plantation du caf\u00e9.<\/p>\n<p style=\"text-align: justify;\">\u00c0 seulement 2 heures de Bogota se trouve notre ferme de caf\u00e9, vous ferez l\u2019exp\u00e9rience du processus complet de production du caf\u00e9, de sa graine \u00e0 l\u2019essence de chaque gorg\u00e9e, vous visiterez un lieu historique et agr\u00e9able dans lequel vous apprendrez comment une tasse de caf\u00e9 est obtenue, \u00e0 partir d\u2019un grain.<\/p>\n","protected":false},"excerpt":{"rendered":"<p><strong>INCLUS:<br \/>\n<\/strong>Visite guid\u00e9e en espagnol ou en anglais de l\u2019hacienda.<br \/>\nD\u00e9gustation de caf\u00e9 et de liqueur de caf\u00e9<br \/>\nTransport aller-retour.<br \/>\nAssurance voyage.<br \/>\n<strong>NON INCLUS:<\/strong><br \/>\nPourboires pour le d\u00e9jeuner<br \/>\n.<br \/>\nD\u00e9penses non sp\u00e9cifi\u00e9es dans le programme.<br \/>\n<strong>LIRE LA DESCRIPTION CI-DESSOUS<\/strong><\/p>\n<p>&nbsp;<\/p>\n","protected":false},"featured_media":2755,"template":"","meta":{"_acf_changed":false,"site-sidebar-layout":"default","site-content-layout":"","ast-site-content-layout":"default","site-content-style":"default","site-sidebar-style":"default","ast-global-header-display":"","ast-banner-title-visibility":"","ast-main-header-display":"","ast-hfb-above-header-display":"","ast-hfb-below-header-display":"","ast-hfb-mobile-header-display":"","site-post-title":"","ast-breadcrumbs-content":"","ast-featured-img":"","footer-sml-layout":"","ast-disable-related-posts":"","theme-transparent-header-meta":"","adv-header-id-meta":"","stick-header-meta":"","header-above-stick-meta":"","header-main-stick-meta":"","header-below-stick-meta":"","astra-migrate-meta-layouts":"default","ast-page-background-enabled":"default","ast-page-background-meta":{"desktop":{"background-color":"var(--ast-global-color-4)","background-image":"","background-repeat":"repeat","background-position":"center center","background-size":"auto","background-attachment":"scroll","background-type":"","background-media":"","overlay-type":"","overlay-color":"","overlay-opacity":"","overlay-gradient":""},"tablet":{"background-color":"","background-image":"","background-repeat":"repeat","background-position":"center center","background-size":"auto","background-attachment":"scroll","background-type":"","background-media":"","overlay-type":"","overlay-color":"","overlay-opacity":"","overlay-gradient":""},"mobile":{"background-color":"","background-image":"","background-repeat":"repeat","background-position":"center center","background-size":"auto","background-attachment":"scroll","background-type":"","background-media":"","overlay-type":"","overlay-color":"","overlay-opacity":"","overlay-gradient":""}},"ast-content-background-meta":{"desktop":{"background-color":"var(--ast-global-color-5)","background-image":"","background-repeat":"repeat","background-position":"center center","background-size":"auto","background-attachment":"scroll","background-type":"","background-media":"","overlay-type":"","overlay-color":"","overlay-opacity":"","overlay-gradient":""},"tablet":{"background-color":"var(--ast-global-color-5)","background-image":"","background-repeat":"repeat","background-position":"center center","background-size":"auto","background-attachment":"scroll","background-type":"","background-media":"","overlay-type":"","overlay-color":"","overlay-opacity":"","overlay-gradient":""},"mobile":{"background-color":"var(--ast-global-color-5)","background-image":"","background-repeat":"repeat","background-position":"center center","background-size":"auto","background-attachment":"scroll","background-type":"","background-media":"","overlay-type":"","overlay-color":"","overlay-opacity":"","overlay-gradient":""}},"_joinchat":[]},"product_brand":[],"product_cat":[258,281],"product_tag":[424,442],"class_list":{"0":"post-4918","1":"product","2":"type-product","3":"status-publish","4":"has-post-thumbnail","6":"product_cat-bogota-et-ses-environs","7":"product_cat-recolte-du-cafe","8":"product_tag-culturel","9":"product_tag-nature-fr","10":"desktop-align-left","11":"tablet-align-left","12":"mobile-align-left","14":"first","15":"instock","16":"shipping-taxable","17":"product-type-simple"},"acf":[],"_links":{"self":[{"href":"https:\/\/tresorcolombien.com\/fr\/wp-json\/wp\/v2\/product\/4918","targetHints":{"allow":["GET"]}}],"collection":[{"href":"https:\/\/tresorcolombien.com\/fr\/wp-json\/wp\/v2\/product"}],"about":[{"href":"https:\/\/tresorcolombien.com\/fr\/wp-json\/wp\/v2\/types\/product"}],"version-history":[{"count":1,"href":"https:\/\/tresorcolombien.com\/fr\/wp-json\/wp\/v2\/product\/4918\/revisions"}],"predecessor-version":[{"id":5396,"href":"https:\/\/tresorcolombien.com\/fr\/wp-json\/wp\/v2\/product\/4918\/revisions\/5396"}],"wp:featuredmedia":[{"embeddable":true,"href":"https:\/\/tresorcolombien.com\/fr\/wp-json\/wp\/v2\/media\/2755"}],"wp:attachment":[{"href":"https:\/\/tresorcolombien.com\/fr\/wp-json\/wp\/v2\/media?parent=4918"}],"wp:term":[{"taxonomy":"product_brand","embeddable":true,"href":"https:\/\/tresorcolombien.com\/fr\/wp-json\/wp\/v2\/product_brand?post=4918"},{"taxonomy":"product_cat","embeddable":true,"href":"https:\/\/tresorcolombien.com\/fr\/wp-json\/wp\/v2\/product_cat?post=4918"},{"taxonomy":"product_tag","embeddable":true,"href":"https:\/\/tresorcolombien.com\/fr\/wp-json\/wp\/v2\/product_tag?post=4918"}],"curies":[{"name":"wp","href":"https:\/\/api.w.org\/{rel}","templated":true}]}}