{"id":4923,"date":"2024-11-13T16:10:21","date_gmt":"2024-11-13T21:10:21","guid":{"rendered":"https:\/\/tresorcolombien.com\/producto\/diner-spectacle-folklorique-min-10-pax\/"},"modified":"2025-01-14T07:15:01","modified_gmt":"2025-01-14T12:15:01","slug":"diner-spectacle-folklorique-min-10-pax","status":"publish","type":"product","link":"https:\/\/tresorcolombien.com\/fr\/producto\/diner-spectacle-folklorique-min-10-pax\/","title":{"rendered":"D\u00ceNER SPECTACLE FOLKLORIQUE &#8211; Min. 10 Pax"},"content":{"rendered":"<p>D\u00eener-spectacle. La musique, les chants et les danses folkloriques ont toujours fait partie de la culture colombienne. Nous vous invitons \u00e0 d\u00e9couvrir cet univers authentique de rythmes et de couleurs lors d\u2019un d\u00eener-concert folklorique au c\u0153ur de La Candelaria. Au cours de cette soir\u00e9e festive, un d\u00eener traditionnel vous sera servi \u00e0 votre table qui vous permettra de d\u00e9couvrir et de d\u00e9guster les meilleures sp\u00e9cialit\u00e9s culinaires de Colombie. Partager quelques pas de danse avec ces grands artistes sera une exp\u00e9rience inoubliable.<\/p>\n","protected":false},"excerpt":{"rendered":"<p>Min. 10 pax<br \/>\n<strong>INCLUS :<\/strong><br \/>\nTraducteur bilingue.<br \/>\nEntr\u00e9e au d\u00eener-spectacle.<br \/>\nD\u00eener en 3 plats : entr\u00e9e &#8211; plat &#8211; dessert.<br \/>\nBoisson non alcoolis\u00e9e.<br \/>\nPhotophrame.<br \/>\nAssurance voyage.<br \/>\n<strong>NON INCLUS:<\/strong><br \/>\nTransport.<br \/>\nD\u00e9penses non sp\u00e9cifi\u00e9es dans le programme.<br \/>\nBoissons alcoolis\u00e9es.<br \/>\n<strong>LIRE LA DESCRIPTION CI-DESSOUS<\/strong><\/p>\n","protected":false},"featured_media":2764,"template":"","meta":{"_acf_changed":false,"site-sidebar-layout":"default","site-content-layout":"","ast-site-content-layout":"default","site-content-style":"default","site-sidebar-style":"default","ast-global-header-display":"","ast-banner-title-visibility":"","ast-main-header-display":"","ast-hfb-above-header-display":"","ast-hfb-below-header-display":"","ast-hfb-mobile-header-display":"","site-post-title":"","ast-breadcrumbs-content":"","ast-featured-img":"","footer-sml-layout":"","ast-disable-related-posts":"","theme-transparent-header-meta":"default","adv-header-id-meta":"","stick-header-meta":"","header-above-stick-meta":"","header-main-stick-meta":"","header-below-stick-meta":"","astra-migrate-meta-layouts":"default","ast-page-background-enabled":"default","ast-page-background-meta":{"desktop":{"background-color":"var(--ast-global-color-4)","background-image":"","background-repeat":"repeat","background-position":"center center","background-size":"auto","background-attachment":"scroll","background-type":"","background-media":"","overlay-type":"","overlay-color":"","overlay-opacity":"","overlay-gradient":""},"tablet":{"background-color":"","background-image":"","background-repeat":"repeat","background-position":"center center","background-size":"auto","background-attachment":"scroll","background-type":"","background-media":"","overlay-type":"","overlay-color":"","overlay-opacity":"","overlay-gradient":""},"mobile":{"background-color":"","background-image":"","background-repeat":"repeat","background-position":"center center","background-size":"auto","background-attachment":"scroll","background-type":"","background-media":"","overlay-type":"","overlay-color":"","overlay-opacity":"","overlay-gradient":""}},"ast-content-background-meta":{"desktop":{"background-color":"var(--ast-global-color-5)","background-image":"","background-repeat":"repeat","background-position":"center center","background-size":"auto","background-attachment":"scroll","background-type":"","background-media":"","overlay-type":"","overlay-color":"","overlay-opacity":"","overlay-gradient":""},"tablet":{"background-color":"var(--ast-global-color-5)","background-image":"","background-repeat":"repeat","background-position":"center center","background-size":"auto","background-attachment":"scroll","background-type":"","background-media":"","overlay-type":"","overlay-color":"","overlay-opacity":"","overlay-gradient":""},"mobile":{"background-color":"var(--ast-global-color-5)","background-image":"","background-repeat":"repeat","background-position":"center center","background-size":"auto","background-attachment":"scroll","background-type":"","background-media":"","overlay-type":"","overlay-color":"","overlay-opacity":"","overlay-gradient":""}},"_joinchat":[]},"product_brand":[],"product_cat":[258,282],"product_tag":[424,436],"class_list":{"0":"post-4923","1":"product","2":"type-product","3":"status-publish","4":"has-post-thumbnail","6":"product_cat-bogota-et-ses-environs","7":"product_cat-souper-spectacle","8":"product_tag-culturel","9":"product_tag-gastronomie","10":"desktop-align-left","11":"tablet-align-left","12":"mobile-align-left","14":"first","15":"instock","16":"shipping-taxable","17":"product-type-simple"},"acf":[],"_links":{"self":[{"href":"https:\/\/tresorcolombien.com\/fr\/wp-json\/wp\/v2\/product\/4923","targetHints":{"allow":["GET"]}}],"collection":[{"href":"https:\/\/tresorcolombien.com\/fr\/wp-json\/wp\/v2\/product"}],"about":[{"href":"https:\/\/tresorcolombien.com\/fr\/wp-json\/wp\/v2\/types\/product"}],"version-history":[{"count":1,"href":"https:\/\/tresorcolombien.com\/fr\/wp-json\/wp\/v2\/product\/4923\/revisions"}],"predecessor-version":[{"id":5395,"href":"https:\/\/tresorcolombien.com\/fr\/wp-json\/wp\/v2\/product\/4923\/revisions\/5395"}],"wp:featuredmedia":[{"embeddable":true,"href":"https:\/\/tresorcolombien.com\/fr\/wp-json\/wp\/v2\/media\/2764"}],"wp:attachment":[{"href":"https:\/\/tresorcolombien.com\/fr\/wp-json\/wp\/v2\/media?parent=4923"}],"wp:term":[{"taxonomy":"product_brand","embeddable":true,"href":"https:\/\/tresorcolombien.com\/fr\/wp-json\/wp\/v2\/product_brand?post=4923"},{"taxonomy":"product_cat","embeddable":true,"href":"https:\/\/tresorcolombien.com\/fr\/wp-json\/wp\/v2\/product_cat?post=4923"},{"taxonomy":"product_tag","embeddable":true,"href":"https:\/\/tresorcolombien.com\/fr\/wp-json\/wp\/v2\/product_tag?post=4923"}],"curies":[{"name":"wp","href":"https:\/\/api.w.org\/{rel}","templated":true}]}}