{"id":4925,"date":"2024-11-13T16:10:36","date_gmt":"2024-11-13T21:10:36","guid":{"rendered":"https:\/\/tresorcolombien.com\/producto\/visite-complete-de-la-ville-de-bogota\/"},"modified":"2025-01-15T03:03:11","modified_gmt":"2025-01-15T08:03:11","slug":"visite-complete-de-la-ville-de-bogota","status":"publish","type":"product","link":"https:\/\/tresorcolombien.com\/fr\/producto\/visite-complete-de-la-ville-de-bogota\/","title":{"rendered":"Visite compl\u00e8te de la ville de Bogota"},"content":{"rendered":"<p>Visite compl\u00e8te de la ville de Bogota. Il commence par l\u2019ascension en t\u00e9l\u00e9ph\u00e9rique du mont Monserrate pour avoir la meilleure vue panoramique de la ville et apprendre de l\u00e0 l\u2019organisation socio-\u00e9conomique de la ville. Suivi d\u2019une visite du plus grand mus\u00e9e de l\u2019or d\u2019Am\u00e9rique latine, puis d\u2019une visite des rues historiques de Candelaria qui vous permettra de d\u00e9couvrir l\u2019histoire et son \u00e9volution de l\u2019\u00e9poque coloniale espagnole \u00e0 nos jours au sein de la promenade sur la Plaza de Bol\u00edvar. (Mus\u00e9e de l\u2019or ferm\u00e9 lundi) D\u00e9jeuner (non inclus dans la visite compl\u00e8te de la ville de Bogota). Les meilleures \u0153uvres du peintre et sculpteur Fernando Botero feront partie de la visite, ainsi que le magnifique clo\u00eetre de la Monnaie. (Ferm\u00e9 le mardi) En chemin, de d\u00e9licieuses d\u00e9gustations locales font de cette visite un must.<\/p>\n<p>&nbsp;<\/p>\n","protected":false},"excerpt":{"rendered":"<p>INCLUS :<br \/>\nGuide d&rsquo;accueil<br \/>\nVisite guid\u00e9e de La Candelaria.<br \/>\nEntr\u00e9e \u00e0 Monserrate.<br \/>\nEntr\u00e9e au Mus\u00e9e de l&rsquo;Or (ferm\u00e9 le lundi).<br \/>\nEntr\u00e9e au mus\u00e9e Botero (ferm\u00e9 le mardi).<br \/>\nCasa de la Moneda (ferm\u00e9e le mardi).<br \/>\nD\u00e9gustations typiques tout au long de la visite.<br \/>\nAssurance voyage.<br \/>\nNON INCLUS :<br \/>\nLe d\u00e9jeuner.<br \/>\nPourboires.<br \/>\nLes d\u00e9penses non sp\u00e9cifi\u00e9es dans le programme.<\/p>\n<p>Pour les groupes de 5 personnes ou plus, demandez votre code de r\u00e9duction !<\/p>\n","protected":false},"featured_media":2953,"template":"","meta":{"_acf_changed":false,"site-sidebar-layout":"default","site-content-layout":"","ast-site-content-layout":"default","site-content-style":"default","site-sidebar-style":"default","ast-global-header-display":"","ast-banner-title-visibility":"","ast-main-header-display":"","ast-hfb-above-header-display":"","ast-hfb-below-header-display":"","ast-hfb-mobile-header-display":"","site-post-title":"","ast-breadcrumbs-content":"","ast-featured-img":"","footer-sml-layout":"","ast-disable-related-posts":"","theme-transparent-header-meta":"default","adv-header-id-meta":"","stick-header-meta":"","header-above-stick-meta":"","header-main-stick-meta":"","header-below-stick-meta":"","astra-migrate-meta-layouts":"default","ast-page-background-enabled":"default","ast-page-background-meta":{"desktop":{"background-color":"var(--ast-global-color-4)","background-image":"","background-repeat":"repeat","background-position":"center center","background-size":"auto","background-attachment":"scroll","background-type":"","background-media":"","overlay-type":"","overlay-color":"","overlay-opacity":"","overlay-gradient":""},"tablet":{"background-color":"","background-image":"","background-repeat":"repeat","background-position":"center center","background-size":"auto","background-attachment":"scroll","background-type":"","background-media":"","overlay-type":"","overlay-color":"","overlay-opacity":"","overlay-gradient":""},"mobile":{"background-color":"","background-image":"","background-repeat":"repeat","background-position":"center center","background-size":"auto","background-attachment":"scroll","background-type":"","background-media":"","overlay-type":"","overlay-color":"","overlay-opacity":"","overlay-gradient":""}},"ast-content-background-meta":{"desktop":{"background-color":"var(--ast-global-color-5)","background-image":"","background-repeat":"repeat","background-position":"center center","background-size":"auto","background-attachment":"scroll","background-type":"","background-media":"","overlay-type":"","overlay-color":"","overlay-opacity":"","overlay-gradient":""},"tablet":{"background-color":"var(--ast-global-color-5)","background-image":"","background-repeat":"repeat","background-position":"center center","background-size":"auto","background-attachment":"scroll","background-type":"","background-media":"","overlay-type":"","overlay-color":"","overlay-opacity":"","overlay-gradient":""},"mobile":{"background-color":"var(--ast-global-color-5)","background-image":"","background-repeat":"repeat","background-position":"center center","background-size":"auto","background-attachment":"scroll","background-type":"","background-media":"","overlay-type":"","overlay-color":"","overlay-opacity":"","overlay-gradient":""}},"_joinchat":[]},"product_brand":[],"product_cat":[258,299],"product_tag":[424],"class_list":{"0":"post-4925","1":"product","2":"type-product","3":"status-publish","4":"has-post-thumbnail","6":"product_cat-bogota-et-ses-environs","7":"product_cat-visite-de-la-ville-de-bogota","8":"product_tag-culturel","9":"desktop-align-left","10":"tablet-align-left","11":"mobile-align-left","13":"first","14":"instock","15":"shipping-taxable","16":"product-type-simple"},"acf":[],"_links":{"self":[{"href":"https:\/\/tresorcolombien.com\/fr\/wp-json\/wp\/v2\/product\/4925","targetHints":{"allow":["GET"]}}],"collection":[{"href":"https:\/\/tresorcolombien.com\/fr\/wp-json\/wp\/v2\/product"}],"about":[{"href":"https:\/\/tresorcolombien.com\/fr\/wp-json\/wp\/v2\/types\/product"}],"version-history":[{"count":2,"href":"https:\/\/tresorcolombien.com\/fr\/wp-json\/wp\/v2\/product\/4925\/revisions"}],"predecessor-version":[{"id":5451,"href":"https:\/\/tresorcolombien.com\/fr\/wp-json\/wp\/v2\/product\/4925\/revisions\/5451"}],"wp:featuredmedia":[{"embeddable":true,"href":"https:\/\/tresorcolombien.com\/fr\/wp-json\/wp\/v2\/media\/2953"}],"wp:attachment":[{"href":"https:\/\/tresorcolombien.com\/fr\/wp-json\/wp\/v2\/media?parent=4925"}],"wp:term":[{"taxonomy":"product_brand","embeddable":true,"href":"https:\/\/tresorcolombien.com\/fr\/wp-json\/wp\/v2\/product_brand?post=4925"},{"taxonomy":"product_cat","embeddable":true,"href":"https:\/\/tresorcolombien.com\/fr\/wp-json\/wp\/v2\/product_cat?post=4925"},{"taxonomy":"product_tag","embeddable":true,"href":"https:\/\/tresorcolombien.com\/fr\/wp-json\/wp\/v2\/product_tag?post=4925"}],"curies":[{"name":"wp","href":"https:\/\/api.w.org\/{rel}","templated":true}]}}