{"id":4930,"date":"2024-11-13T16:10:24","date_gmt":"2024-11-13T21:10:24","guid":{"rendered":"https:\/\/tresorcolombien.com\/producto\/visite-a-pied-de-bogota-visite-simple-de-la-ville\/"},"modified":"2025-01-14T07:13:04","modified_gmt":"2025-01-14T12:13:04","slug":"visite-a-pied-de-bogota-visite-simple-de-la-ville","status":"publish","type":"product","link":"https:\/\/tresorcolombien.com\/fr\/producto\/visite-a-pied-de-bogota-visite-simple-de-la-ville\/","title":{"rendered":"Visite \u00e0 pied de Bogota (visite simple de la ville)"},"content":{"rendered":"<p>Visite simple de la ville. Visite \u00e0 pied des rues historiques de Candelaria, Plaza Chorro de Quevedo, Plaza de Bol\u00edvar, qui vous permettra de d\u00e9couvrir l\u2019histoire et son \u00e9volution de l\u2019\u00e9poque coloniale espagnole \u00e0 nos jours. Entr\u00e9e au mus\u00e9e Botero, les meilleures \u0153uvres du peintre et sculpteur Fernando Botero. Entr\u00e9e du plus grand mus\u00e9e de l\u2019or au monde qui abrite plus de 35 000 pi\u00e8ces pr\u00e9colombiennes. D\u00e9jeuner (non inclus)<\/p>\n<p>&nbsp;<\/p>\n","protected":false},"excerpt":{"rendered":"<p><b>INCLUS:<\/b><br \/>\nH\u00f4te\/guide bilingue.<br \/>\nEntr\u00e9e au Mus\u00e9e de l\u2019Or (Ferm\u00e9 le lundi)<br \/>\nVisite guid\u00e9e au Mus\u00e9e Candelaria<br \/>\nBotero (Ferm\u00e9 le mardi).<br \/>\nD\u00e9gustations de chicha.<br \/>\nAssurance voyage Colombian<br \/>\nCoffee Cupping.<br \/>\n<strong>NON INCLUS:<\/strong><br \/>\nD\u00e9jeuner.<br \/>\nPourboires.<br \/>\nD\u00e9penses non sp\u00e9cifi\u00e9es dans le programme.<br \/>\n<strong>Pour les groupes de 5 personnes ou plus Demandez votre code de r\u00e9duction !<\/strong><\/p>\n","protected":false},"featured_media":2770,"template":"","meta":{"_acf_changed":false,"site-sidebar-layout":"default","site-content-layout":"","ast-site-content-layout":"default","site-content-style":"default","site-sidebar-style":"default","ast-global-header-display":"","ast-banner-title-visibility":"","ast-main-header-display":"","ast-hfb-above-header-display":"","ast-hfb-below-header-display":"","ast-hfb-mobile-header-display":"","site-post-title":"","ast-breadcrumbs-content":"","ast-featured-img":"","footer-sml-layout":"","ast-disable-related-posts":"","theme-transparent-header-meta":"","adv-header-id-meta":"","stick-header-meta":"","header-above-stick-meta":"","header-main-stick-meta":"","header-below-stick-meta":"","astra-migrate-meta-layouts":"default","ast-page-background-enabled":"default","ast-page-background-meta":{"desktop":{"background-color":"var(--ast-global-color-4)","background-image":"","background-repeat":"repeat","background-position":"center center","background-size":"auto","background-attachment":"scroll","background-type":"","background-media":"","overlay-type":"","overlay-color":"","overlay-opacity":"","overlay-gradient":""},"tablet":{"background-color":"","background-image":"","background-repeat":"repeat","background-position":"center center","background-size":"auto","background-attachment":"scroll","background-type":"","background-media":"","overlay-type":"","overlay-color":"","overlay-opacity":"","overlay-gradient":""},"mobile":{"background-color":"","background-image":"","background-repeat":"repeat","background-position":"center center","background-size":"auto","background-attachment":"scroll","background-type":"","background-media":"","overlay-type":"","overlay-color":"","overlay-opacity":"","overlay-gradient":""}},"ast-content-background-meta":{"desktop":{"background-color":"var(--ast-global-color-5)","background-image":"","background-repeat":"repeat","background-position":"center center","background-size":"auto","background-attachment":"scroll","background-type":"","background-media":"","overlay-type":"","overlay-color":"","overlay-opacity":"","overlay-gradient":""},"tablet":{"background-color":"var(--ast-global-color-5)","background-image":"","background-repeat":"repeat","background-position":"center center","background-size":"auto","background-attachment":"scroll","background-type":"","background-media":"","overlay-type":"","overlay-color":"","overlay-opacity":"","overlay-gradient":""},"mobile":{"background-color":"var(--ast-global-color-5)","background-image":"","background-repeat":"repeat","background-position":"center center","background-size":"auto","background-attachment":"scroll","background-type":"","background-media":"","overlay-type":"","overlay-color":"","overlay-opacity":"","overlay-gradient":""}},"_joinchat":[]},"product_brand":[],"product_cat":[258,283],"product_tag":[424],"class_list":{"0":"post-4930","1":"product","2":"type-product","3":"status-publish","4":"has-post-thumbnail","6":"product_cat-bogota-et-ses-environs","7":"product_cat-monserrate-candelaria-fr","8":"product_tag-culturel","9":"desktop-align-left","10":"tablet-align-left","11":"mobile-align-left","13":"first","14":"instock","15":"shipping-taxable","16":"product-type-simple"},"acf":[],"_links":{"self":[{"href":"https:\/\/tresorcolombien.com\/fr\/wp-json\/wp\/v2\/product\/4930","targetHints":{"allow":["GET"]}}],"collection":[{"href":"https:\/\/tresorcolombien.com\/fr\/wp-json\/wp\/v2\/product"}],"about":[{"href":"https:\/\/tresorcolombien.com\/fr\/wp-json\/wp\/v2\/types\/product"}],"version-history":[{"count":1,"href":"https:\/\/tresorcolombien.com\/fr\/wp-json\/wp\/v2\/product\/4930\/revisions"}],"predecessor-version":[{"id":5394,"href":"https:\/\/tresorcolombien.com\/fr\/wp-json\/wp\/v2\/product\/4930\/revisions\/5394"}],"wp:featuredmedia":[{"embeddable":true,"href":"https:\/\/tresorcolombien.com\/fr\/wp-json\/wp\/v2\/media\/2770"}],"wp:attachment":[{"href":"https:\/\/tresorcolombien.com\/fr\/wp-json\/wp\/v2\/media?parent=4930"}],"wp:term":[{"taxonomy":"product_brand","embeddable":true,"href":"https:\/\/tresorcolombien.com\/fr\/wp-json\/wp\/v2\/product_brand?post=4930"},{"taxonomy":"product_cat","embeddable":true,"href":"https:\/\/tresorcolombien.com\/fr\/wp-json\/wp\/v2\/product_cat?post=4930"},{"taxonomy":"product_tag","embeddable":true,"href":"https:\/\/tresorcolombien.com\/fr\/wp-json\/wp\/v2\/product_tag?post=4930"}],"curies":[{"name":"wp","href":"https:\/\/api.w.org\/{rel}","templated":true}]}}