{"id":4937,"date":"2024-11-13T16:10:42","date_gmt":"2024-11-13T21:10:42","guid":{"rendered":"https:\/\/tresorcolombien.com\/producto\/visite-des-fleurs-et-des-fruits-de-paloquemao\/"},"modified":"2025-01-15T02:50:31","modified_gmt":"2025-01-15T07:50:31","slug":"visite-des-fleurs-et-des-fruits-de-paloquemao","status":"publish","type":"product","link":"https:\/\/tresorcolombien.com\/fr\/producto\/visite-des-fleurs-et-des-fruits-de-paloquemao\/","title":{"rendered":"Tourn\u00e9e des fleurs et des fruits Paloquemao"},"content":{"rendered":"<p>Visite de la place du march\u00e9 de Paloquemao pour d\u00e9guster les fruits exotiques de Colombie et leurs, produits locaux ainsi que d\u00e9couvrir la grande vari\u00e9t\u00e9 et les fleurs color\u00e9es. Une p\u00e9riode id\u00e9ale pour les amateurs de photographie ! <\/p>\n","protected":false},"excerpt":{"rendered":"<p>INCLUS :<br \/>\nGuide\/h\u00f4te en espagnol<br \/>\nD\u00e9gustation de produits typiques.<br \/>\nD\u00e9jeuner traditionnel<br \/>\nTransport aller-retour de 4 heures<br \/>\nAssurance voyage<br \/>\nNON INCLUS :<br \/>\nLes d\u00e9penses non sp\u00e9cifi\u00e9es dans le programme.<br \/>\nPour les groupes de 5 personnes ou plus, demandez votre code de r\u00e9duction !<\/p>\n","protected":false},"featured_media":2791,"template":"","meta":{"_acf_changed":false,"site-sidebar-layout":"default","site-content-layout":"","ast-site-content-layout":"default","site-content-style":"default","site-sidebar-style":"default","ast-global-header-display":"","ast-banner-title-visibility":"","ast-main-header-display":"","ast-hfb-above-header-display":"","ast-hfb-below-header-display":"","ast-hfb-mobile-header-display":"","site-post-title":"","ast-breadcrumbs-content":"","ast-featured-img":"","footer-sml-layout":"","ast-disable-related-posts":"","theme-transparent-header-meta":"default","adv-header-id-meta":"","stick-header-meta":"","header-above-stick-meta":"","header-main-stick-meta":"","header-below-stick-meta":"","astra-migrate-meta-layouts":"default","ast-page-background-enabled":"default","ast-page-background-meta":{"desktop":{"background-color":"var(--ast-global-color-4)","background-image":"","background-repeat":"repeat","background-position":"center center","background-size":"auto","background-attachment":"scroll","background-type":"","background-media":"","overlay-type":"","overlay-color":"","overlay-opacity":"","overlay-gradient":""},"tablet":{"background-color":"","background-image":"","background-repeat":"repeat","background-position":"center center","background-size":"auto","background-attachment":"scroll","background-type":"","background-media":"","overlay-type":"","overlay-color":"","overlay-opacity":"","overlay-gradient":""},"mobile":{"background-color":"","background-image":"","background-repeat":"repeat","background-position":"center center","background-size":"auto","background-attachment":"scroll","background-type":"","background-media":"","overlay-type":"","overlay-color":"","overlay-opacity":"","overlay-gradient":""}},"ast-content-background-meta":{"desktop":{"background-color":"var(--ast-global-color-5)","background-image":"","background-repeat":"repeat","background-position":"center center","background-size":"auto","background-attachment":"scroll","background-type":"","background-media":"","overlay-type":"","overlay-color":"","overlay-opacity":"","overlay-gradient":""},"tablet":{"background-color":"var(--ast-global-color-5)","background-image":"","background-repeat":"repeat","background-position":"center center","background-size":"auto","background-attachment":"scroll","background-type":"","background-media":"","overlay-type":"","overlay-color":"","overlay-opacity":"","overlay-gradient":""},"mobile":{"background-color":"var(--ast-global-color-5)","background-image":"","background-repeat":"repeat","background-position":"center center","background-size":"auto","background-attachment":"scroll","background-type":"","background-media":"","overlay-type":"","overlay-color":"","overlay-opacity":"","overlay-gradient":""}},"_joinchat":[]},"product_brand":[],"product_cat":[258,285],"product_tag":[424,436],"class_list":{"0":"post-4937","1":"product","2":"type-product","3":"status-publish","4":"has-post-thumbnail","6":"product_cat-bogota-et-ses-environs","7":"product_cat-visite-des-fruits-et-des-fleurs","8":"product_tag-culturel","9":"product_tag-gastronomie","10":"desktop-align-left","11":"tablet-align-left","12":"mobile-align-left","14":"first","15":"instock","16":"shipping-taxable","17":"product-type-simple"},"acf":[],"_links":{"self":[{"href":"https:\/\/tresorcolombien.com\/fr\/wp-json\/wp\/v2\/product\/4937","targetHints":{"allow":["GET"]}}],"collection":[{"href":"https:\/\/tresorcolombien.com\/fr\/wp-json\/wp\/v2\/product"}],"about":[{"href":"https:\/\/tresorcolombien.com\/fr\/wp-json\/wp\/v2\/types\/product"}],"version-history":[{"count":1,"href":"https:\/\/tresorcolombien.com\/fr\/wp-json\/wp\/v2\/product\/4937\/revisions"}],"predecessor-version":[{"id":5448,"href":"https:\/\/tresorcolombien.com\/fr\/wp-json\/wp\/v2\/product\/4937\/revisions\/5448"}],"wp:featuredmedia":[{"embeddable":true,"href":"https:\/\/tresorcolombien.com\/fr\/wp-json\/wp\/v2\/media\/2791"}],"wp:attachment":[{"href":"https:\/\/tresorcolombien.com\/fr\/wp-json\/wp\/v2\/media?parent=4937"}],"wp:term":[{"taxonomy":"product_brand","embeddable":true,"href":"https:\/\/tresorcolombien.com\/fr\/wp-json\/wp\/v2\/product_brand?post=4937"},{"taxonomy":"product_cat","embeddable":true,"href":"https:\/\/tresorcolombien.com\/fr\/wp-json\/wp\/v2\/product_cat?post=4937"},{"taxonomy":"product_tag","embeddable":true,"href":"https:\/\/tresorcolombien.com\/fr\/wp-json\/wp\/v2\/product_tag?post=4937"}],"curies":[{"name":"wp","href":"https:\/\/api.w.org\/{rel}","templated":true}]}}