{"id":4940,"date":"2024-11-13T16:11:04","date_gmt":"2024-11-13T21:11:04","guid":{"rendered":"https:\/\/tresorcolombien.com\/producto\/visitez-orchid\/"},"modified":"2025-01-13T16:54:08","modified_gmt":"2025-01-13T21:54:08","slug":"visitez-orchid","status":"publish","type":"product","link":"https:\/\/tresorcolombien.com\/fr\/producto\/visitez-orchid\/","title":{"rendered":"Visitez les plantations d&rsquo;orchid\u00e9es"},"content":{"rendered":"<p style=\"text-align: justify;\"><span style=\"font-weight: 400;\">Visitez les plantations d&rsquo;orchid\u00e9es. Cette exp\u00e9rience in\u00e9gal\u00e9e vous emm\u00e8nera le long des sentiers naturels qui traversent les cultures et les paysages de la r\u00e9gion. Une visite guid\u00e9e des p\u00e9pini\u00e8res et de la maison principale est r\u00e9alis\u00e9e pour leur montrer comment la production agricole peut aller de pair avec la pr\u00e9servation et la conservation de la biodiversit\u00e9.  <\/span><\/p>\n","protected":false},"excerpt":{"rendered":"<p><strong>INCLUS:<\/p>\n<p><\/strong><\/p>\n<p><span style=\"font-weight: 400;\">Environ 3 heures de visite guid\u00e9e.<\/p>\n<p><\/span><span style=\"font-weight: 400;\">Randonn\u00e9e le long des sentiers naturels.<\/p>\n<p><\/span><span style=\"font-weight: 400;\">Visite des p\u00e9pini\u00e8res d\u2019orchid\u00e9es, des jardins de bonsa\u00efs, entre autres.<\/p>\n<p><\/span><span style=\"font-weight: 400;\">Visite de la maison principale.<\/p>\n<p><\/span><span style=\"font-weight: 400;\">Conf\u00e9rence sur les orchid\u00e9es.<\/p>\n<p><\/span><span style=\"font-weight: 400;\">Service de guide bilingue (anglais\/espagnol).<\/p>\n<p><\/span><span style=\"font-weight: 400;\">Snacks<\/p>\n<p><\/span><span style=\"font-weight: 400;\">Transport aller-retour depuis Salento.<\/p>\n<p><\/span><span style=\"font-weight: 400;\">Assurance voyage  <\/span><\/p>\n<p><strong>NON INCLUS:<\/strong><\/p>\n<p>D\u00e9penses non sp\u00e9cifi\u00e9es dans le programme.<strong><\/p>\n<p><\/strong><\/p>\n","protected":false},"featured_media":2812,"template":"","meta":{"_acf_changed":false,"site-sidebar-layout":"default","site-content-layout":"","ast-site-content-layout":"default","site-content-style":"default","site-sidebar-style":"default","ast-global-header-display":"","ast-banner-title-visibility":"","ast-main-header-display":"","ast-hfb-above-header-display":"","ast-hfb-below-header-display":"","ast-hfb-mobile-header-display":"","site-post-title":"","ast-breadcrumbs-content":"","ast-featured-img":"","footer-sml-layout":"","ast-disable-related-posts":"","theme-transparent-header-meta":"default","adv-header-id-meta":"","stick-header-meta":"","header-above-stick-meta":"","header-main-stick-meta":"","header-below-stick-meta":"","astra-migrate-meta-layouts":"default","ast-page-background-enabled":"default","ast-page-background-meta":{"desktop":{"background-color":"var(--ast-global-color-4)","background-image":"","background-repeat":"repeat","background-position":"center center","background-size":"auto","background-attachment":"scroll","background-type":"","background-media":"","overlay-type":"","overlay-color":"","overlay-opacity":"","overlay-gradient":""},"tablet":{"background-color":"","background-image":"","background-repeat":"repeat","background-position":"center center","background-size":"auto","background-attachment":"scroll","background-type":"","background-media":"","overlay-type":"","overlay-color":"","overlay-opacity":"","overlay-gradient":""},"mobile":{"background-color":"","background-image":"","background-repeat":"repeat","background-position":"center center","background-size":"auto","background-attachment":"scroll","background-type":"","background-media":"","overlay-type":"","overlay-color":"","overlay-opacity":"","overlay-gradient":""}},"ast-content-background-meta":{"desktop":{"background-color":"var(--ast-global-color-5)","background-image":"","background-repeat":"repeat","background-position":"center center","background-size":"auto","background-attachment":"scroll","background-type":"","background-media":"","overlay-type":"","overlay-color":"","overlay-opacity":"","overlay-gradient":""},"tablet":{"background-color":"var(--ast-global-color-5)","background-image":"","background-repeat":"repeat","background-position":"center center","background-size":"auto","background-attachment":"scroll","background-type":"","background-media":"","overlay-type":"","overlay-color":"","overlay-opacity":"","overlay-gradient":""},"mobile":{"background-color":"var(--ast-global-color-5)","background-image":"","background-repeat":"repeat","background-position":"center center","background-size":"auto","background-attachment":"scroll","background-type":"","background-media":"","overlay-type":"","overlay-color":"","overlay-opacity":"","overlay-gradient":""}},"_joinchat":[]},"product_brand":[],"product_cat":[275,287],"product_tag":[424,430,442],"class_list":{"0":"post-4940","1":"product","2":"type-product","3":"status-publish","4":"has-post-thumbnail","6":"product_cat-cafe","7":"product_cat-visitez-orchid","8":"product_tag-culturel","9":"product_tag-famille","10":"product_tag-nature-fr","11":"desktop-align-left","12":"tablet-align-left","13":"mobile-align-left","15":"first","16":"instock","17":"shipping-taxable","18":"purchasable","19":"product-type-simple"},"acf":[],"_links":{"self":[{"href":"https:\/\/tresorcolombien.com\/fr\/wp-json\/wp\/v2\/product\/4940","targetHints":{"allow":["GET"]}}],"collection":[{"href":"https:\/\/tresorcolombien.com\/fr\/wp-json\/wp\/v2\/product"}],"about":[{"href":"https:\/\/tresorcolombien.com\/fr\/wp-json\/wp\/v2\/types\/product"}],"version-history":[{"count":1,"href":"https:\/\/tresorcolombien.com\/fr\/wp-json\/wp\/v2\/product\/4940\/revisions"}],"predecessor-version":[{"id":5371,"href":"https:\/\/tresorcolombien.com\/fr\/wp-json\/wp\/v2\/product\/4940\/revisions\/5371"}],"wp:featuredmedia":[{"embeddable":true,"href":"https:\/\/tresorcolombien.com\/fr\/wp-json\/wp\/v2\/media\/2812"}],"wp:attachment":[{"href":"https:\/\/tresorcolombien.com\/fr\/wp-json\/wp\/v2\/media?parent=4940"}],"wp:term":[{"taxonomy":"product_brand","embeddable":true,"href":"https:\/\/tresorcolombien.com\/fr\/wp-json\/wp\/v2\/product_brand?post=4940"},{"taxonomy":"product_cat","embeddable":true,"href":"https:\/\/tresorcolombien.com\/fr\/wp-json\/wp\/v2\/product_cat?post=4940"},{"taxonomy":"product_tag","embeddable":true,"href":"https:\/\/tresorcolombien.com\/fr\/wp-json\/wp\/v2\/product_tag?post=4940"}],"curies":[{"name":"wp","href":"https:\/\/api.w.org\/{rel}","templated":true}]}}