{"id":4942,"date":"2024-11-13T16:11:21","date_gmt":"2024-11-13T21:11:21","guid":{"rendered":"https:\/\/tresorcolombien.com\/producto\/tresor-de-wayuu-plan-4-jours-3-nuits\/"},"modified":"2025-01-13T16:59:21","modified_gmt":"2025-01-13T21:59:21","slug":"tresor-de-wayuu-plan-4-jours-3-nuits","status":"publish","type":"product","link":"https:\/\/tresorcolombien.com\/fr\/producto\/tresor-de-wayuu-plan-4-jours-3-nuits\/","title":{"rendered":"Tr\u00e9sor de Way\u00fau <br>Dur\u00e9e 4 jours \/ 3 nuits<\/br>"},"content":{"rendered":"<p><strong>Tr\u00e9sor Way\u00fau. <\/strong><strong>SANTUARIO DE LOS FLAMENCOS, CABO DE LA VELA <\/strong><strong>ET PUNTA GALLINAS<\/strong> Cette destination nous offre des contrastes de couleurs chaudes au milieu de son d\u00e9sert unique. Elle poss\u00e8de des plages et de gigantesques dunes de sable qui se jettent dans une mer cristalline donnant la sensation de plages vierges. Au d\u00e9part de Riohacha, vous traverserez le Cabo de la vela jusqu&rsquo;\u00e0 Punta Gallinas, le point le plus au nord du continent latino-am\u00e9ricain. Vous pourrez d\u00e9couvrir la magie du partage avec la communaut\u00e9 indig\u00e8ne Way\u00fau, comprendre leurs rites et traditions, go\u00fbter la meilleure langouste cuisin\u00e9e en bord de mer, pratiquer leur tissage traditionnel pour la fabrication de sacs \u00e0 dos. Visitez le sanctuaire de la flore et de la faune des flamants roses et vivez l&rsquo;exp\u00e9rience de dormir en plein air dans des Rancher\u00edas et des hamacs au bord de la mer. C&rsquo;est sans doute l&rsquo;endroit le plus magique de Colombie. En outre, vous pourrez contempler les meilleurs couchers de soleil au bord de la mer. Vous pourrez ainsi appr\u00e9cier le merveilleux tr\u00e9sor des Way\u00fau. Recommandations : Apportez une bouteille d&rsquo;eau, un couteau de poche, des articles de toilette (brosse \u00e0 dents et serviette, savon et dentifrice, de pr\u00e9f\u00e9rence biod\u00e9gradables), des chaussures de sport et des sandales ou des chaussures de plage, 2 ou 3 v\u00eatements de rechange pour le temps chaud, un maillot de bain et un short, une lampe de poche avec des piles de rechange, de la cr\u00e8me solaire et de la lotion solaire, un insectifuge, des lunettes de soleil avec filtre UV, un chapeau ou une casquette, une trousse de premiers secours personnelle, une couverture l\u00e9g\u00e8re et un appareil photo.        <\/p>\n","protected":false},"excerpt":{"rendered":"<p><strong>INCLUS: <\/strong>Transport en camping-cars 4&#215;4 et avec une disponibilit\u00e9 totale tout au long du voyage, avec le service de chauffeurs indig\u00e8nes Wayuu. H\u00e9bergement : Une nuit au Flamingo Sanctuary en lit ou hamac, une nuit \u00e0 Cabo de la Vela en hamac et une nuit \u00e0 Punta Gallinas, en hamac. Nourriture typique (\u0153ufs, poisson, crevettes, ch\u00e8vre et poulet cr\u00e9ole) du d\u00e9jeuner du premier jour au d\u00e9jeuner du quatri\u00e8me jour. Assurance voyage. NON INCLUS<strong>: <\/strong>Vols int\u00e9rieurs Riohacha&gt;Bogota &#8211; Bogota&gt;Riohacha D\u00e9penses non sp\u00e9cifi\u00e9es dans le programme.    <strong> <\/strong><\/p>\n","protected":false},"featured_media":2836,"template":"","meta":{"_acf_changed":false,"site-sidebar-layout":"default","site-content-layout":"","ast-site-content-layout":"default","site-content-style":"default","site-sidebar-style":"default","ast-global-header-display":"","ast-banner-title-visibility":"","ast-main-header-display":"","ast-hfb-above-header-display":"","ast-hfb-below-header-display":"","ast-hfb-mobile-header-display":"","site-post-title":"","ast-breadcrumbs-content":"","ast-featured-img":"","footer-sml-layout":"","ast-disable-related-posts":"","theme-transparent-header-meta":"default","adv-header-id-meta":"","stick-header-meta":"","header-above-stick-meta":"","header-main-stick-meta":"","header-below-stick-meta":"","astra-migrate-meta-layouts":"default","ast-page-background-enabled":"default","ast-page-background-meta":{"desktop":{"background-color":"var(--ast-global-color-4)","background-image":"","background-repeat":"repeat","background-position":"center center","background-size":"auto","background-attachment":"scroll","background-type":"","background-media":"","overlay-type":"","overlay-color":"","overlay-opacity":"","overlay-gradient":""},"tablet":{"background-color":"","background-image":"","background-repeat":"repeat","background-position":"center center","background-size":"auto","background-attachment":"scroll","background-type":"","background-media":"","overlay-type":"","overlay-color":"","overlay-opacity":"","overlay-gradient":""},"mobile":{"background-color":"","background-image":"","background-repeat":"repeat","background-position":"center center","background-size":"auto","background-attachment":"scroll","background-type":"","background-media":"","overlay-type":"","overlay-color":"","overlay-opacity":"","overlay-gradient":""}},"ast-content-background-meta":{"desktop":{"background-color":"var(--ast-global-color-5)","background-image":"","background-repeat":"repeat","background-position":"center center","background-size":"auto","background-attachment":"scroll","background-type":"","background-media":"","overlay-type":"","overlay-color":"","overlay-opacity":"","overlay-gradient":""},"tablet":{"background-color":"var(--ast-global-color-5)","background-image":"","background-repeat":"repeat","background-position":"center center","background-size":"auto","background-attachment":"scroll","background-type":"","background-media":"","overlay-type":"","overlay-color":"","overlay-opacity":"","overlay-gradient":""},"mobile":{"background-color":"var(--ast-global-color-5)","background-image":"","background-repeat":"repeat","background-position":"center center","background-size":"auto","background-attachment":"scroll","background-type":"","background-media":"","overlay-type":"","overlay-color":"","overlay-opacity":"","overlay-gradient":""}},"_joinchat":[]},"product_brand":[],"product_cat":[289,290,291],"product_tag":[421,424,433],"class_list":{"0":"post-4942","1":"product","2":"type-product","3":"status-publish","4":"has-post-thumbnail","6":"product_cat-destinations-exotiques","7":"product_cat-sorties-fixes","8":"product_cat-tresor-de-wayuu","9":"product_tag-aventure","10":"product_tag-culturel","11":"product_tag-faune","12":"desktop-align-left","13":"tablet-align-left","14":"mobile-align-left","16":"first","17":"instock","18":"shipping-taxable","19":"purchasable","20":"product-type-simple"},"acf":[],"_links":{"self":[{"href":"https:\/\/tresorcolombien.com\/fr\/wp-json\/wp\/v2\/product\/4942","targetHints":{"allow":["GET"]}}],"collection":[{"href":"https:\/\/tresorcolombien.com\/fr\/wp-json\/wp\/v2\/product"}],"about":[{"href":"https:\/\/tresorcolombien.com\/fr\/wp-json\/wp\/v2\/types\/product"}],"version-history":[{"count":1,"href":"https:\/\/tresorcolombien.com\/fr\/wp-json\/wp\/v2\/product\/4942\/revisions"}],"predecessor-version":[{"id":5373,"href":"https:\/\/tresorcolombien.com\/fr\/wp-json\/wp\/v2\/product\/4942\/revisions\/5373"}],"wp:featuredmedia":[{"embeddable":true,"href":"https:\/\/tresorcolombien.com\/fr\/wp-json\/wp\/v2\/media\/2836"}],"wp:attachment":[{"href":"https:\/\/tresorcolombien.com\/fr\/wp-json\/wp\/v2\/media?parent=4942"}],"wp:term":[{"taxonomy":"product_brand","embeddable":true,"href":"https:\/\/tresorcolombien.com\/fr\/wp-json\/wp\/v2\/product_brand?post=4942"},{"taxonomy":"product_cat","embeddable":true,"href":"https:\/\/tresorcolombien.com\/fr\/wp-json\/wp\/v2\/product_cat?post=4942"},{"taxonomy":"product_tag","embeddable":true,"href":"https:\/\/tresorcolombien.com\/fr\/wp-json\/wp\/v2\/product_tag?post=4942"}],"curies":[{"name":"wp","href":"https:\/\/api.w.org\/{rel}","templated":true}]}}