{"id":4945,"date":"2024-11-13T16:11:10","date_gmt":"2024-11-13T21:11:10","guid":{"rendered":"https:\/\/tresorcolombien.com\/producto\/coucher-de-soleil-en-kayak\/"},"modified":"2025-01-13T16:55:38","modified_gmt":"2025-01-13T21:55:38","slug":"coucher-de-soleil-en-kayak","status":"publish","type":"product","link":"https:\/\/tresorcolombien.com\/fr\/producto\/coucher-de-soleil-en-kayak\/","title":{"rendered":"Coucher de soleil en kayak"},"content":{"rendered":"<p>Une fa\u00e7on originale et diff\u00e9rente de vivre un coucher de soleil \u00e0 Carthag\u00e8ne, en kayak le long du bord de la mer des Cara\u00efbes, une zone d\u2019eaux calmes entre Castillo Grande et l\u2019\u00eele de Tierra Bomba.<br \/>\nC\u2019est un moment magique en couple ou entre amis pour faire connaissance avec la perle dor\u00e9e de la Colombie en contemplant le soleil se couchant dans l\u2019immensit\u00e9 des Cara\u00efbes.<\/p>\n<p><strong>Recommandations:<\/strong><br \/>\nCr\u00e8me solaire.<br \/>\nLunettes de soleil.<br \/>\nCasquette ou chapeau.<br \/>\nMaillot de bain.<br \/>\nDes v\u00eatements de rechange.<br \/>\nR\u00e9pulsif.<br \/>\nChaussures mouill\u00e9es.<br \/>\nRashguard avec protection UV<\/p>\n","protected":false},"excerpt":{"rendered":"<p><strong>INCLUS:<br \/>\n<\/strong>\u00c9quipement (kayak, pagaie, housse de cockpit et gilet de sauvetage).<br \/>\nInstruction de base sur terre.<br \/>\nH\u00f4te\/Guide.<br \/>\n1 bouteille d\u2019eau.<br \/>\nAssurance de voyage<br \/>\n<strong>NON INCLUS:<br \/>\n<\/strong>D\u00e9penses non sp\u00e9cifi\u00e9es dans le programme.<\/p>\n<p><em><strong>Remarque : *Prix pour 1 personne s\u2019il vous pla\u00eet contactez-nous.<\/strong><\/em><br \/>\n<strong>Pour les groupes de 5 personnes ou plus Demandez votre code de r\u00e9duction !<\/strong><\/p>\n","protected":false},"featured_media":2821,"template":"","meta":{"_acf_changed":false,"site-sidebar-layout":"default","site-content-layout":"","ast-site-content-layout":"default","site-content-style":"default","site-sidebar-style":"default","ast-global-header-display":"","ast-banner-title-visibility":"","ast-main-header-display":"","ast-hfb-above-header-display":"","ast-hfb-below-header-display":"","ast-hfb-mobile-header-display":"","site-post-title":"","ast-breadcrumbs-content":"","ast-featured-img":"","footer-sml-layout":"","ast-disable-related-posts":"","theme-transparent-header-meta":"default","adv-header-id-meta":"","stick-header-meta":"","header-above-stick-meta":"","header-main-stick-meta":"","header-below-stick-meta":"","astra-migrate-meta-layouts":"default","ast-page-background-enabled":"default","ast-page-background-meta":{"desktop":{"background-color":"var(--ast-global-color-4)","background-image":"","background-repeat":"repeat","background-position":"center center","background-size":"auto","background-attachment":"scroll","background-type":"","background-media":"","overlay-type":"","overlay-color":"","overlay-opacity":"","overlay-gradient":""},"tablet":{"background-color":"","background-image":"","background-repeat":"repeat","background-position":"center center","background-size":"auto","background-attachment":"scroll","background-type":"","background-media":"","overlay-type":"","overlay-color":"","overlay-opacity":"","overlay-gradient":""},"mobile":{"background-color":"","background-image":"","background-repeat":"repeat","background-position":"center center","background-size":"auto","background-attachment":"scroll","background-type":"","background-media":"","overlay-type":"","overlay-color":"","overlay-opacity":"","overlay-gradient":""}},"ast-content-background-meta":{"desktop":{"background-color":"var(--ast-global-color-5)","background-image":"","background-repeat":"repeat","background-position":"center center","background-size":"auto","background-attachment":"scroll","background-type":"","background-media":"","overlay-type":"","overlay-color":"","overlay-opacity":"","overlay-gradient":""},"tablet":{"background-color":"var(--ast-global-color-5)","background-image":"","background-repeat":"repeat","background-position":"center center","background-size":"auto","background-attachment":"scroll","background-type":"","background-media":"","overlay-type":"","overlay-color":"","overlay-opacity":"","overlay-gradient":""},"mobile":{"background-color":"var(--ast-global-color-5)","background-image":"","background-repeat":"repeat","background-position":"center center","background-size":"auto","background-attachment":"scroll","background-type":"","background-media":"","overlay-type":"","overlay-color":"","overlay-opacity":"","overlay-gradient":""}},"_joinchat":[]},"product_brand":[],"product_cat":[268,288],"product_tag":[421,442,445],"class_list":{"0":"post-4945","1":"product","2":"type-product","3":"status-publish","4":"has-post-thumbnail","6":"product_cat-carthagene","7":"product_cat-kayak-au-coucher-du-soleil","8":"product_tag-aventure","9":"product_tag-nature-fr","10":"product_tag-soleil-et-plage","11":"desktop-align-left","12":"tablet-align-left","13":"mobile-align-left","15":"first","16":"instock","17":"shipping-taxable","18":"product-type-simple"},"acf":[],"_links":{"self":[{"href":"https:\/\/tresorcolombien.com\/fr\/wp-json\/wp\/v2\/product\/4945","targetHints":{"allow":["GET"]}}],"collection":[{"href":"https:\/\/tresorcolombien.com\/fr\/wp-json\/wp\/v2\/product"}],"about":[{"href":"https:\/\/tresorcolombien.com\/fr\/wp-json\/wp\/v2\/types\/product"}],"version-history":[{"count":1,"href":"https:\/\/tresorcolombien.com\/fr\/wp-json\/wp\/v2\/product\/4945\/revisions"}],"predecessor-version":[{"id":5372,"href":"https:\/\/tresorcolombien.com\/fr\/wp-json\/wp\/v2\/product\/4945\/revisions\/5372"}],"wp:featuredmedia":[{"embeddable":true,"href":"https:\/\/tresorcolombien.com\/fr\/wp-json\/wp\/v2\/media\/2821"}],"wp:attachment":[{"href":"https:\/\/tresorcolombien.com\/fr\/wp-json\/wp\/v2\/media?parent=4945"}],"wp:term":[{"taxonomy":"product_brand","embeddable":true,"href":"https:\/\/tresorcolombien.com\/fr\/wp-json\/wp\/v2\/product_brand?post=4945"},{"taxonomy":"product_cat","embeddable":true,"href":"https:\/\/tresorcolombien.com\/fr\/wp-json\/wp\/v2\/product_cat?post=4945"},{"taxonomy":"product_tag","embeddable":true,"href":"https:\/\/tresorcolombien.com\/fr\/wp-json\/wp\/v2\/product_tag?post=4945"}],"curies":[{"name":"wp","href":"https:\/\/api.w.org\/{rel}","templated":true}]}}