{"id":4948,"date":"2024-11-13T16:11:30","date_gmt":"2024-11-13T21:11:30","guid":{"rendered":"https:\/\/tresorcolombien.com\/producto\/passage-navigable-vers-mompoxplan-5-jours-4-nuits-1-nuit-darrivee-a-bucaramanga\/"},"modified":"2025-01-13T17:05:35","modified_gmt":"2025-01-13T22:05:35","slug":"passage-navigable-vers-mompoxplan-5-jours-4-nuits-1-nuit-darrivee-a-bucaramanga","status":"publish","type":"product","link":"https:\/\/tresorcolombien.com\/fr\/producto\/passage-navigable-vers-mompoxplan-5-jours-4-nuits-1-nuit-darrivee-a-bucaramanga\/","title":{"rendered":"Travers\u00e9e navigable vers Mompox"},"content":{"rendered":"<p>Passage navigable vers mompox. Notre voyage commence \u00e0 Bucaramanga. Vous devez pr\u00e9voir d\u2019arriver la veille du d\u00e9but du voyage, c\u2019est-\u00e0-dire qu\u2019il est recommand\u00e9 de passer la nuit \u00e0 Bucaramanga pour pouvoir commencer le voyage en toute normalit\u00e9. La nuit d\u2019h\u00f4tel est incluse dans le forfait. Un voyage in\u00e9dit qui nous permet de reconstituer, sur les traces de la litt\u00e9rature de Gabriel Garc\u00eda M\u00e1rquez dans son livre L\u2019amour au temps du chol\u00e9ra, ces beaux voyages naviguant sur la madeleine comme au temps d\u2019antan. 6 heures de navigation pour parcourir pr\u00e8s de 90 km de cette rivi\u00e8re luxuriante qui nous m\u00e8nera au port de la travers\u00e9e navigable vers Mompox. Deux nuits dans ce lieu magnifique qui est un patrimoine architectural de l\u2019humanit\u00e9, son architecture, ses traditions et son histoire feront de ce voyage une exp\u00e9rience inoubliable. La visite se termine \u00e0 la perle dor\u00e9e de la Colombie, la ville h\u00e9ro\u00efque, Carthag\u00e8ne.         &nbsp;<\/p>\n<table style=\"height: 428px;\" width=\"1359\">\n<tbody>\n<tr>\n<td width=\"80\">JOUR 0<\/td>\n<td width=\"110\"><\/td>\n<td width=\"259\">Vol Bucaramanga (non inclus) Nuit \u00e0 l\u2019h\u00f4tel \u00e0 Bucaramanga (inclus)<\/td>\n<\/tr>\n<tr>\n<td>JOUR 1<\/td>\n<td><\/td>\n<td width=\"259\">Bucaramanga &gt; El Banco &gt; Mompox D\u00e9part 6h00. Point de rencontre Bucaramanga <\/td>\n<\/tr>\n<tr>\n<td>JOUR 2<\/td>\n<td><\/td>\n<td>Mompox<\/td>\n<\/tr>\n<tr>\n<td>JOUR 3<\/td>\n<td><\/td>\n<td>Mompox &gt; Carthag\u00e8ne<\/td>\n<\/tr>\n<tr>\n<td>JOUR 4<\/td>\n<td><\/td>\n<td>Carthag\u00e8ne &gt; Visite de la ville<\/td>\n<\/tr>\n<tr>\n<td>JOUR 5<\/td>\n<td><\/td>\n<td>Carthag\u00e8ne &gt; Ville d\u2019origine Fin de service<\/td>\n<\/tr>\n<tr>\n<td><\/td>\n<td><\/td>\n<td><\/td>\n<\/tr>\n<tr>\n<td><\/td>\n<td><\/td>\n<td width=\"259\"><\/td>\n<\/tr>\n<\/tbody>\n<\/table>\n<p>  Conditions pr\u00e9alables \u00e0 la r\u00e9alisation de la <strong>\u00ab Travers\u00e9e navigable vers Mompox \u00bb :<\/strong><\/p>\n<ul>\n<li>Le d\u00e9part est garanti tant que l\u2019activit\u00e9 est r\u00e9alis\u00e9e avec un minimum de 20 passagers.<\/li>\n<\/ul>\n","protected":false},"excerpt":{"rendered":"<p><span style=\"color: #ff00ff;\"><strong>Inclus : <\/strong><\/span>-Billet d\u2019avion &gt; Carthag\u00e8ne Destination ville (Bogota &#8211; Cali- Medell\u00edn- Bucaramanga). -Transferts terrestres &#8211; Navigation exclusive sur le fleuve Magdalena -Exclusivit\u00e9 Tr\u00e9sor Colombien. -H\u00e9bergement complet comprenant la nuit d\u2019h\u00f4tel au point de d\u00e9part de Bucaramanga -H\u00f4tels 4-5. -Repas complets (3 repas) -Collations et hydratation (eau) -Assurance voyage. -Accompagnateur &#8211; Guide tout au long du voyage -Frais d\u2019entr\u00e9e aux sites touristiques et activit\u00e9s mentionn\u00e9s dans le programme -Excursion de p\u00eache dans les mangroves -Entr\u00e9e au ch\u00e2teau de San Felipe -Coucher de soleil sur un yacht dans la baie de Carthag\u00e8ne. <span style=\"color: #ff00ff;\"><strong>Non inclus : <\/strong><\/span>-Billet de la ville d\u2019origine au point de d\u00e9part. -Pourboires des chauffeurs, du guide, des guides locaux, des porte-bagages, etc. -Boissons alcoolis\u00e9es. -Tout ce qui n\u2019est pas mentionn\u00e9 dans le programme.       <\/p>\n","protected":false},"featured_media":2851,"template":"","meta":{"_acf_changed":false,"site-sidebar-layout":"default","site-content-layout":"","ast-site-content-layout":"default","site-content-style":"default","site-sidebar-style":"default","ast-global-header-display":"","ast-banner-title-visibility":"","ast-main-header-display":"","ast-hfb-above-header-display":"","ast-hfb-below-header-display":"","ast-hfb-mobile-header-display":"","site-post-title":"","ast-breadcrumbs-content":"","ast-featured-img":"","footer-sml-layout":"","ast-disable-related-posts":"","theme-transparent-header-meta":"default","adv-header-id-meta":"","stick-header-meta":"","header-above-stick-meta":"","header-main-stick-meta":"","header-below-stick-meta":"","astra-migrate-meta-layouts":"default","ast-page-background-enabled":"default","ast-page-background-meta":{"desktop":{"background-color":"var(--ast-global-color-4)","background-image":"","background-repeat":"repeat","background-position":"center center","background-size":"auto","background-attachment":"scroll","background-type":"","background-media":"","overlay-type":"","overlay-color":"","overlay-opacity":"","overlay-gradient":""},"tablet":{"background-color":"","background-image":"","background-repeat":"repeat","background-position":"center center","background-size":"auto","background-attachment":"scroll","background-type":"","background-media":"","overlay-type":"","overlay-color":"","overlay-opacity":"","overlay-gradient":""},"mobile":{"background-color":"","background-image":"","background-repeat":"repeat","background-position":"center center","background-size":"auto","background-attachment":"scroll","background-type":"","background-media":"","overlay-type":"","overlay-color":"","overlay-opacity":"","overlay-gradient":""}},"ast-content-background-meta":{"desktop":{"background-color":"var(--ast-global-color-5)","background-image":"","background-repeat":"repeat","background-position":"center center","background-size":"auto","background-attachment":"scroll","background-type":"","background-media":"","overlay-type":"","overlay-color":"","overlay-opacity":"","overlay-gradient":""},"tablet":{"background-color":"var(--ast-global-color-5)","background-image":"","background-repeat":"repeat","background-position":"center center","background-size":"auto","background-attachment":"scroll","background-type":"","background-media":"","overlay-type":"","overlay-color":"","overlay-opacity":"","overlay-gradient":""},"mobile":{"background-color":"var(--ast-global-color-5)","background-image":"","background-repeat":"repeat","background-position":"center center","background-size":"auto","background-attachment":"scroll","background-type":"","background-media":"","overlay-type":"","overlay-color":"","overlay-opacity":"","overlay-gradient":""}},"_joinchat":[]},"product_brand":[],"product_cat":[292,290],"product_tag":[424,430],"class_list":{"0":"post-4948","1":"product","2":"type-product","3":"status-publish","4":"has-post-thumbnail","6":"product_cat-franchissement-navigable","7":"product_cat-sorties-fixes","8":"product_tag-culturel","9":"product_tag-famille","10":"desktop-align-left","11":"tablet-align-left","12":"mobile-align-left","14":"first","15":"instock","16":"shipping-taxable","17":"purchasable","18":"product-type-simple"},"acf":[],"_links":{"self":[{"href":"https:\/\/tresorcolombien.com\/fr\/wp-json\/wp\/v2\/product\/4948","targetHints":{"allow":["GET"]}}],"collection":[{"href":"https:\/\/tresorcolombien.com\/fr\/wp-json\/wp\/v2\/product"}],"about":[{"href":"https:\/\/tresorcolombien.com\/fr\/wp-json\/wp\/v2\/types\/product"}],"version-history":[{"count":1,"href":"https:\/\/tresorcolombien.com\/fr\/wp-json\/wp\/v2\/product\/4948\/revisions"}],"predecessor-version":[{"id":5374,"href":"https:\/\/tresorcolombien.com\/fr\/wp-json\/wp\/v2\/product\/4948\/revisions\/5374"}],"wp:featuredmedia":[{"embeddable":true,"href":"https:\/\/tresorcolombien.com\/fr\/wp-json\/wp\/v2\/media\/2851"}],"wp:attachment":[{"href":"https:\/\/tresorcolombien.com\/fr\/wp-json\/wp\/v2\/media?parent=4948"}],"wp:term":[{"taxonomy":"product_brand","embeddable":true,"href":"https:\/\/tresorcolombien.com\/fr\/wp-json\/wp\/v2\/product_brand?post=4948"},{"taxonomy":"product_cat","embeddable":true,"href":"https:\/\/tresorcolombien.com\/fr\/wp-json\/wp\/v2\/product_cat?post=4948"},{"taxonomy":"product_tag","embeddable":true,"href":"https:\/\/tresorcolombien.com\/fr\/wp-json\/wp\/v2\/product_tag?post=4948"}],"curies":[{"name":"wp","href":"https:\/\/api.w.org\/{rel}","templated":true}]}}