{"id":4962,"date":"2024-11-13T16:06:51","date_gmt":"2024-11-13T21:06:51","guid":{"rendered":"https:\/\/tresorcolombien.com\/producto\/en-train-jusqua-la-cathedrale-de-sel-week-end-uniquement\/"},"modified":"2025-01-13T17:37:32","modified_gmt":"2025-01-13T22:37:32","slug":"en-train-jusqua-la-cathedrale-de-sel-week-end-uniquement","status":"publish","type":"product","link":"https:\/\/tresorcolombien.com\/fr\/producto\/en-train-jusqua-la-cathedrale-de-sel-week-end-uniquement\/","title":{"rendered":"En train jusqu\u2019\u00e0 la cath\u00e9drale de sel (week-end uniquement)"},"content":{"rendered":"<p>Zipaquir\u00e1 en train + Cath\u00e9drale de sel. Vivez une exp\u00e9rience unique, \u00e0 bord d\u2019un train \u00e0 vapeur datant de 1921. Vous pourrez admirer le magnifique paysage colombien de la savane de Bogot\u00e1 \u00e0 la ville pittoresque de Zipaquir\u00e1 en train. Visitez la c\u00e9l\u00e8bre cath\u00e9drale de sel, l\u2019une des 7 merveilles de la Colombie, qui vous permet de voir des figures sculpt\u00e9es dans le sel \u00e0 180 m\u00e8tres sous terre. * Uniquement les samedis et dimanches (lundi f\u00e9ri\u00e9) D\u00e9part 8h20 Gare de Sabana. Nos r\u00e9seaux :   <\/p>\n<p><a href=\"https:\/\/www.instagram.com\/tresor_colombien\/\">Sur Instagram<\/a><br \/>\n<a href=\"https:\/\/es-la.facebook.com\/tresorcolombien\/\">Sur Facebook<\/a><\/p>\n<p>Zipaquir\u00e1 en train + Cath\u00e9drale de sel. Vivez une exp\u00e9rience unique, \u00e0 bord d\u2019un train \u00e0 vapeur datant de 1921. Vous pourrez admirer le magnifique paysage colombien de la savane de Bogot\u00e1 \u00e0 la ville pittoresque de Zipaquir\u00e1 en train. Visitez la c\u00e9l\u00e8bre cath\u00e9drale de sel, l\u2019une des 7 merveilles de la Colombie, qui vous permet de voir des figures sculpt\u00e9es dans le sel \u00e0 180 m\u00e8tres sous terre. * Uniquement les samedis et dimanches (lundi f\u00e9ri\u00e9) D\u00e9part 8h20 Gare de Sabana. Nos r\u00e9seaux :   <\/p>\n<p><a href=\"https:\/\/www.instagram.com\/tresor_colombien\/\">Sur Instagram<\/a><br \/>\n<a href=\"https:\/\/es-la.facebook.com\/tresorcolombien\/\">Sur Facebook<\/a><\/p>\n","protected":false},"excerpt":{"rendered":"<p><strong>INCLUS:<\/strong><br \/>\nAccompagnateur &#8211; Guide traducteur.<br \/>\nTransport porte-\u00e0-porte (H\u00f4tel &gt; , Gare, Embarquement &gt; , H\u00f4tel)Transport<br \/>\nen train.<br \/>\nEntr\u00e9e \u00e0 la cath\u00e9drale de sel.<br \/>\nVisite de Zipaquir\u00e1.<br \/>\nAssurance voyage.<br \/>\n<strong>NON INCLUS:<br \/>\n<\/strong><br \/>\nD\u00e9penses non sp\u00e9cifi\u00e9es dans le programme.<br \/>\nD\u00e9jeuner.<br \/>\nConseils.<br \/>\n<strong>LIRE LA DESCRIPTION CI-DESSOUS<\/strong><\/p>\n","protected":false},"featured_media":2548,"template":"","meta":{"_acf_changed":false,"site-sidebar-layout":"default","site-content-layout":"","ast-site-content-layout":"default","site-content-style":"default","site-sidebar-style":"default","ast-global-header-display":"","ast-banner-title-visibility":"","ast-main-header-display":"","ast-hfb-above-header-display":"","ast-hfb-below-header-display":"","ast-hfb-mobile-header-display":"","site-post-title":"","ast-breadcrumbs-content":"","ast-featured-img":"","footer-sml-layout":"","ast-disable-related-posts":"","theme-transparent-header-meta":"default","adv-header-id-meta":"","stick-header-meta":"","header-above-stick-meta":"","header-main-stick-meta":"","header-below-stick-meta":"","astra-migrate-meta-layouts":"default","ast-page-background-enabled":"default","ast-page-background-meta":{"desktop":{"background-color":"var(--ast-global-color-4)","background-image":"","background-repeat":"repeat","background-position":"center center","background-size":"auto","background-attachment":"scroll","background-type":"","background-media":"","overlay-type":"","overlay-color":"","overlay-opacity":"","overlay-gradient":""},"tablet":{"background-color":"","background-image":"","background-repeat":"repeat","background-position":"center center","background-size":"auto","background-attachment":"scroll","background-type":"","background-media":"","overlay-type":"","overlay-color":"","overlay-opacity":"","overlay-gradient":""},"mobile":{"background-color":"","background-image":"","background-repeat":"repeat","background-position":"center center","background-size":"auto","background-attachment":"scroll","background-type":"","background-media":"","overlay-type":"","overlay-color":"","overlay-opacity":"","overlay-gradient":""}},"ast-content-background-meta":{"desktop":{"background-color":"var(--ast-global-color-5)","background-image":"","background-repeat":"repeat","background-position":"center center","background-size":"auto","background-attachment":"scroll","background-type":"","background-media":"","overlay-type":"","overlay-color":"","overlay-opacity":"","overlay-gradient":""},"tablet":{"background-color":"var(--ast-global-color-5)","background-image":"","background-repeat":"repeat","background-position":"center center","background-size":"auto","background-attachment":"scroll","background-type":"","background-media":"","overlay-type":"","overlay-color":"","overlay-opacity":"","overlay-gradient":""},"mobile":{"background-color":"var(--ast-global-color-5)","background-image":"","background-repeat":"repeat","background-position":"center center","background-size":"auto","background-attachment":"scroll","background-type":"","background-media":"","overlay-type":"","overlay-color":"","overlay-opacity":"","overlay-gradient":""}},"_joinchat":[]},"product_brand":[],"product_cat":[258,260],"product_tag":[424],"class_list":{"0":"post-4962","1":"product","2":"type-product","3":"status-publish","4":"has-post-thumbnail","6":"product_cat-bogota-et-ses-environs","7":"product_cat-zipaquira-en-train","8":"product_tag-culturel","9":"desktop-align-left","10":"tablet-align-left","11":"mobile-align-left","13":"first","14":"instock","15":"shipping-taxable","16":"product-type-simple"},"acf":[],"_links":{"self":[{"href":"https:\/\/tresorcolombien.com\/fr\/wp-json\/wp\/v2\/product\/4962","targetHints":{"allow":["GET"]}}],"collection":[{"href":"https:\/\/tresorcolombien.com\/fr\/wp-json\/wp\/v2\/product"}],"about":[{"href":"https:\/\/tresorcolombien.com\/fr\/wp-json\/wp\/v2\/types\/product"}],"version-history":[{"count":1,"href":"https:\/\/tresorcolombien.com\/fr\/wp-json\/wp\/v2\/product\/4962\/revisions"}],"predecessor-version":[{"id":5381,"href":"https:\/\/tresorcolombien.com\/fr\/wp-json\/wp\/v2\/product\/4962\/revisions\/5381"}],"wp:featuredmedia":[{"embeddable":true,"href":"https:\/\/tresorcolombien.com\/fr\/wp-json\/wp\/v2\/media\/2548"}],"wp:attachment":[{"href":"https:\/\/tresorcolombien.com\/fr\/wp-json\/wp\/v2\/media?parent=4962"}],"wp:term":[{"taxonomy":"product_brand","embeddable":true,"href":"https:\/\/tresorcolombien.com\/fr\/wp-json\/wp\/v2\/product_brand?post=4962"},{"taxonomy":"product_cat","embeddable":true,"href":"https:\/\/tresorcolombien.com\/fr\/wp-json\/wp\/v2\/product_cat?post=4962"},{"taxonomy":"product_tag","embeddable":true,"href":"https:\/\/tresorcolombien.com\/fr\/wp-json\/wp\/v2\/product_tag?post=4962"}],"curies":[{"name":"wp","href":"https:\/\/api.w.org\/{rel}","templated":true}]}}