{"id":4969,"date":"2024-11-13T16:07:01","date_gmt":"2024-11-13T21:07:01","guid":{"rendered":"https:\/\/tresorcolombien.com\/producto\/tour-des-emeraudes\/"},"modified":"2025-01-15T03:54:36","modified_gmt":"2025-01-15T08:54:36","slug":"tour-des-emeraudes","status":"publish","type":"product","link":"https:\/\/tresorcolombien.com\/fr\/producto\/tour-des-emeraudes\/","title":{"rendered":"Tour des \u00e9meraudes"},"content":{"rendered":"<p>\u00c0 la recherche du \u00ab Diamant Vert \u00bb. L\u2019\u00e9meraude colombienne est une ic\u00f4ne dans le monde entier, l\u2019une des mines les plus repr\u00e9sentatives de ce diamant vert se trouve \u00e0 Chivor, vous entrerez dans le monde de l\u2019exploitation mini\u00e8re et vivrez l\u2019aventure de la recherche et de la d\u00e9couverte en compagnie d\u2019experts, votre propre \u00e9meraude. Ensuite, vous pouvez travailler cette pierre directement dans l\u2019atelier ou conserv\u00e9e \u00e0 l\u2019\u00e9tat brut, \u00e0 vous de choisir. <\/p>\n<blockquote><p>Nos r\u00e9seaux :<br \/>\n<a href=\"https:\/\/www.instagram.com\/tresor_colombien\/\">Instagram<\/a><br \/>\n<a href=\"https:\/\/es-la.facebook.com\/tresorcolombien\/\">Facebook<\/a><\/p><\/blockquote>\n","protected":false},"excerpt":{"rendered":"<p>*Les pierres extraites et trouv\u00e9es seront les v\u00f4tres, quelle que soit leur valeur.<br \/>\nINCLUS :<br \/>\nGuide expert en exploitation mini\u00e8re.<br \/>\nTransport en 4&#215;4 jusqu&rsquo;\u00e0 la mine.<br \/>\nEntr\u00e9e dans la mine (\u00e9quipement de protection, casque et lampe de poche).<br \/>\nAtelier de sculpture de pierres pr\u00e9cieuses.<br \/>\nD\u00e9jeuner.<br \/>\nAssurance voyage.<br \/>\nTransport depuis Bogota.<\/p>\n<p>NON INCLUS :<br \/>\nLes d\u00e9penses non sp\u00e9cifi\u00e9es dans le programme.<\/p>\n<p>VOIR DESCRIPTION CI-DESSOUS<\/p>\n","protected":false},"featured_media":2557,"template":"","meta":{"_acf_changed":false,"site-sidebar-layout":"default","site-content-layout":"","ast-site-content-layout":"default","site-content-style":"default","site-sidebar-style":"default","ast-global-header-display":"","ast-banner-title-visibility":"","ast-main-header-display":"","ast-hfb-above-header-display":"","ast-hfb-below-header-display":"","ast-hfb-mobile-header-display":"","site-post-title":"","ast-breadcrumbs-content":"","ast-featured-img":"","footer-sml-layout":"","ast-disable-related-posts":"","theme-transparent-header-meta":"default","adv-header-id-meta":"","stick-header-meta":"","header-above-stick-meta":"","header-main-stick-meta":"","header-below-stick-meta":"","astra-migrate-meta-layouts":"default","ast-page-background-enabled":"default","ast-page-background-meta":{"desktop":{"background-color":"var(--ast-global-color-4)","background-image":"","background-repeat":"repeat","background-position":"center center","background-size":"auto","background-attachment":"scroll","background-type":"","background-media":"","overlay-type":"","overlay-color":"","overlay-opacity":"","overlay-gradient":""},"tablet":{"background-color":"","background-image":"","background-repeat":"repeat","background-position":"center center","background-size":"auto","background-attachment":"scroll","background-type":"","background-media":"","overlay-type":"","overlay-color":"","overlay-opacity":"","overlay-gradient":""},"mobile":{"background-color":"","background-image":"","background-repeat":"repeat","background-position":"center center","background-size":"auto","background-attachment":"scroll","background-type":"","background-media":"","overlay-type":"","overlay-color":"","overlay-opacity":"","overlay-gradient":""}},"ast-content-background-meta":{"desktop":{"background-color":"var(--ast-global-color-5)","background-image":"","background-repeat":"repeat","background-position":"center center","background-size":"auto","background-attachment":"scroll","background-type":"","background-media":"","overlay-type":"","overlay-color":"","overlay-opacity":"","overlay-gradient":""},"tablet":{"background-color":"var(--ast-global-color-5)","background-image":"","background-repeat":"repeat","background-position":"center center","background-size":"auto","background-attachment":"scroll","background-type":"","background-media":"","overlay-type":"","overlay-color":"","overlay-opacity":"","overlay-gradient":""},"mobile":{"background-color":"var(--ast-global-color-5)","background-image":"","background-repeat":"repeat","background-position":"center center","background-size":"auto","background-attachment":"scroll","background-type":"","background-media":"","overlay-type":"","overlay-color":"","overlay-opacity":"","overlay-gradient":""}},"_joinchat":[]},"product_brand":[],"product_cat":[258,261],"product_tag":[424],"class_list":{"0":"post-4969","1":"product","2":"type-product","3":"status-publish","4":"has-post-thumbnail","6":"product_cat-bogota-et-ses-environs","7":"product_cat-diamant-vert","8":"product_tag-culturel","9":"desktop-align-left","10":"tablet-align-left","11":"mobile-align-left","13":"first","14":"instock","15":"shipping-taxable","16":"product-type-simple"},"acf":[],"_links":{"self":[{"href":"https:\/\/tresorcolombien.com\/fr\/wp-json\/wp\/v2\/product\/4969","targetHints":{"allow":["GET"]}}],"collection":[{"href":"https:\/\/tresorcolombien.com\/fr\/wp-json\/wp\/v2\/product"}],"about":[{"href":"https:\/\/tresorcolombien.com\/fr\/wp-json\/wp\/v2\/types\/product"}],"version-history":[{"count":2,"href":"https:\/\/tresorcolombien.com\/fr\/wp-json\/wp\/v2\/product\/4969\/revisions"}],"predecessor-version":[{"id":5459,"href":"https:\/\/tresorcolombien.com\/fr\/wp-json\/wp\/v2\/product\/4969\/revisions\/5459"}],"wp:featuredmedia":[{"embeddable":true,"href":"https:\/\/tresorcolombien.com\/fr\/wp-json\/wp\/v2\/media\/2557"}],"wp:attachment":[{"href":"https:\/\/tresorcolombien.com\/fr\/wp-json\/wp\/v2\/media?parent=4969"}],"wp:term":[{"taxonomy":"product_brand","embeddable":true,"href":"https:\/\/tresorcolombien.com\/fr\/wp-json\/wp\/v2\/product_brand?post=4969"},{"taxonomy":"product_cat","embeddable":true,"href":"https:\/\/tresorcolombien.com\/fr\/wp-json\/wp\/v2\/product_cat?post=4969"},{"taxonomy":"product_tag","embeddable":true,"href":"https:\/\/tresorcolombien.com\/fr\/wp-json\/wp\/v2\/product_tag?post=4969"}],"curies":[{"name":"wp","href":"https:\/\/api.w.org\/{rel}","templated":true}]}}