{"id":4970,"date":"2024-11-13T16:07:21","date_gmt":"2024-11-13T21:07:21","guid":{"rendered":"https:\/\/tresorcolombien.com\/producto\/survol-du-canyon-de-chichamocha-en-helicoptere\/"},"modified":"2025-01-14T08:26:57","modified_gmt":"2025-01-14T13:26:57","slug":"survol-du-canyon-de-chichamocha-en-helicoptere","status":"publish","type":"product","link":"https:\/\/tresorcolombien.com\/fr\/producto\/survol-du-canyon-de-chichamocha-en-helicoptere\/","title":{"rendered":"Survol du canyon de Chichamocha en h\u00e9licopt\u00e8re"},"content":{"rendered":"<p>Envolez-vous en h\u00e9licopt\u00e8re et appr\u00e9ciez la vue panoramique majestueuse sur l\u2019imposant CANYON CHICAMOCHA, les couleurs vibrantes et la grande profondeur de cette merveille naturelle du monde. La majest\u00e9 de ce cadre est unique en Am\u00e9rique latine et n\u2019est compar\u00e9e qu\u2019\u00e0 celle du Colorado Canyon aux \u00c9tats-Unis. Leur diff\u00e9rence, selon les experts, est que le canyon de la rivi\u00e8re Chicamocha est plus large et plus profond que celui du Colorado. (2000 m\u00e8tres). <strong>Point de d\u00e9part et d\u2019arriv\u00e9e :<\/strong> Mesa de los Santos<\/p>\n<p>Visitez nos r\u00e9seaux :<br \/>\n<a href=\"https:\/\/www.instagram.com\/tresor_colombien\/\">Sur Instagram<\/a><br \/>\n<a href=\"https:\/\/www.facebook.com\/tresorcolombien\/\">Sur Facebook<\/a><\/p>\n<p>&nbsp;<\/p>\n","protected":false},"excerpt":{"rendered":"<p><b>INCLUS:<br \/>\n<\/b><\/p>\n<p>\u00c0 propos Vol en h\u00e9licopt\u00e8re au-dessus du canyon de Chicamocha (10 min).<br \/>\n<strong><em>(activit\u00e9 qui peut \u00eatre r\u00e9alis\u00e9e, avec une capacit\u00e9 minimale de 6 personnes).<\/em><\/strong><br \/>\nD\u00e9part et arriv\u00e9e \u00e0 Mesa de los Santos.<br \/>\n<strong>NON INCLUS:<br \/>\n<\/strong>D\u00e9penses non sp\u00e9cifi\u00e9es dans le programme.<br \/>\nTransport.<\/p>\n","protected":false},"featured_media":2578,"template":"","meta":{"_acf_changed":false,"site-sidebar-layout":"default","site-content-layout":"","ast-site-content-layout":"default","site-content-style":"default","site-sidebar-style":"default","ast-global-header-display":"","ast-banner-title-visibility":"","ast-main-header-display":"","ast-hfb-above-header-display":"","ast-hfb-below-header-display":"","ast-hfb-mobile-header-display":"","site-post-title":"","ast-breadcrumbs-content":"","ast-featured-img":"","footer-sml-layout":"","ast-disable-related-posts":"","theme-transparent-header-meta":"","adv-header-id-meta":"","stick-header-meta":"","header-above-stick-meta":"","header-main-stick-meta":"","header-below-stick-meta":"","astra-migrate-meta-layouts":"default","ast-page-background-enabled":"default","ast-page-background-meta":{"desktop":{"background-color":"var(--ast-global-color-4)","background-image":"","background-repeat":"repeat","background-position":"center center","background-size":"auto","background-attachment":"scroll","background-type":"","background-media":"","overlay-type":"","overlay-color":"","overlay-opacity":"","overlay-gradient":""},"tablet":{"background-color":"","background-image":"","background-repeat":"repeat","background-position":"center center","background-size":"auto","background-attachment":"scroll","background-type":"","background-media":"","overlay-type":"","overlay-color":"","overlay-opacity":"","overlay-gradient":""},"mobile":{"background-color":"","background-image":"","background-repeat":"repeat","background-position":"center center","background-size":"auto","background-attachment":"scroll","background-type":"","background-media":"","overlay-type":"","overlay-color":"","overlay-opacity":"","overlay-gradient":""}},"ast-content-background-meta":{"desktop":{"background-color":"var(--ast-global-color-5)","background-image":"","background-repeat":"repeat","background-position":"center center","background-size":"auto","background-attachment":"scroll","background-type":"","background-media":"","overlay-type":"","overlay-color":"","overlay-opacity":"","overlay-gradient":""},"tablet":{"background-color":"var(--ast-global-color-5)","background-image":"","background-repeat":"repeat","background-position":"center center","background-size":"auto","background-attachment":"scroll","background-type":"","background-media":"","overlay-type":"","overlay-color":"","overlay-opacity":"","overlay-gradient":""},"mobile":{"background-color":"var(--ast-global-color-5)","background-image":"","background-repeat":"repeat","background-position":"center center","background-size":"auto","background-attachment":"scroll","background-type":"","background-media":"","overlay-type":"","overlay-color":"","overlay-opacity":"","overlay-gradient":""}},"_joinchat":[]},"product_brand":[],"product_cat":[262,264,265],"product_tag":[421,430],"class_list":{"0":"post-4970","1":"product","2":"type-product","3":"status-publish","4":"has-post-thumbnail","6":"product_cat-barichara-et-ses-environs","7":"product_cat-chicamocha-en-helicoptere","8":"product_cat-de-nouvelles-experiences","9":"product_tag-aventure","10":"product_tag-famille","11":"desktop-align-left","12":"tablet-align-left","13":"mobile-align-left","15":"first","16":"instock","17":"shipping-taxable","18":"purchasable","19":"product-type-simple"},"acf":[],"_links":{"self":[{"href":"https:\/\/tresorcolombien.com\/fr\/wp-json\/wp\/v2\/product\/4970","targetHints":{"allow":["GET"]}}],"collection":[{"href":"https:\/\/tresorcolombien.com\/fr\/wp-json\/wp\/v2\/product"}],"about":[{"href":"https:\/\/tresorcolombien.com\/fr\/wp-json\/wp\/v2\/types\/product"}],"version-history":[{"count":1,"href":"https:\/\/tresorcolombien.com\/fr\/wp-json\/wp\/v2\/product\/4970\/revisions"}],"predecessor-version":[{"id":5416,"href":"https:\/\/tresorcolombien.com\/fr\/wp-json\/wp\/v2\/product\/4970\/revisions\/5416"}],"wp:featuredmedia":[{"embeddable":true,"href":"https:\/\/tresorcolombien.com\/fr\/wp-json\/wp\/v2\/media\/2578"}],"wp:attachment":[{"href":"https:\/\/tresorcolombien.com\/fr\/wp-json\/wp\/v2\/media?parent=4970"}],"wp:term":[{"taxonomy":"product_brand","embeddable":true,"href":"https:\/\/tresorcolombien.com\/fr\/wp-json\/wp\/v2\/product_brand?post=4970"},{"taxonomy":"product_cat","embeddable":true,"href":"https:\/\/tresorcolombien.com\/fr\/wp-json\/wp\/v2\/product_cat?post=4970"},{"taxonomy":"product_tag","embeddable":true,"href":"https:\/\/tresorcolombien.com\/fr\/wp-json\/wp\/v2\/product_tag?post=4970"}],"curies":[{"name":"wp","href":"https:\/\/api.w.org\/{rel}","templated":true}]}}