{"id":4974,"date":"2024-11-13T16:07:16","date_gmt":"2024-11-13T21:07:16","guid":{"rendered":"https:\/\/tresorcolombien.com\/producto\/a-la-decouverte-du-meilleur-cacao-du-monde\/"},"modified":"2025-01-14T08:29:19","modified_gmt":"2025-01-14T13:29:19","slug":"a-la-decouverte-du-meilleur-cacao-du-monde","status":"publish","type":"product","link":"https:\/\/tresorcolombien.com\/fr\/producto\/a-la-decouverte-du-meilleur-cacao-du-monde\/","title":{"rendered":"\u00c0 la d\u00e9couverte du meilleur cacao du monde"},"content":{"rendered":"<p>La Colombie n\u2019est pas seulement reconnue pour son caf\u00e9, le meilleur au monde. Le cacao est \u00e9galement l\u2019un des tr\u00e9sors du pays. Traditionnellement cultiv\u00e9 par les communaut\u00e9s indig\u00e8nes depuis des mill\u00e9naires, il atteint aujourd\u2019hui des chiffres d\u2019exportation \u00e9lev\u00e9s, ce qui le classe parmi les plus exquis au monde. Le cacao est devenu une marchandise li\u00e9e \u00e0 la transition vers la paix en rempla\u00e7ant les cultures illicites. Dans l\u2019atelier, nous d\u00e9couvrirons les secrets du cacao 100% biologique, certifi\u00e9 de la plante \u00e0 son processus de transformation.  <\/p>\n<p>Visitez nos r\u00e9seaux :<br \/>\n<a href=\"https:\/\/www.instagram.com\/tresor_colombien\/\">Sur Instagram<\/a><br \/>\n<a href=\"https:\/\/www.facebook.com\/tresorcolombien\/\">Sur Facebook<\/a><\/p>\n","protected":false},"excerpt":{"rendered":"<p><strong>INCLUS:<br \/>\n<\/strong>Visite de la plantation de cacao, de la station de compostage, du moulin, de la station de s\u00e9chage artisanal et du laboratoire.<br \/>\n<strong>NON INCLUS:<br \/>\n<\/strong>D\u00e9penses non sp\u00e9cifi\u00e9es dans le programme.<br \/>\nTransport depuis Santander.<\/p>\n","protected":false},"featured_media":2569,"template":"","meta":{"_acf_changed":false,"site-sidebar-layout":"default","site-content-layout":"","ast-site-content-layout":"default","site-content-style":"default","site-sidebar-style":"default","ast-global-header-display":"","ast-banner-title-visibility":"","ast-main-header-display":"","ast-hfb-above-header-display":"","ast-hfb-below-header-display":"","ast-hfb-mobile-header-display":"","site-post-title":"","ast-breadcrumbs-content":"","ast-featured-img":"","footer-sml-layout":"","ast-disable-related-posts":"","theme-transparent-header-meta":"default","adv-header-id-meta":"","stick-header-meta":"","header-above-stick-meta":"","header-main-stick-meta":"","header-below-stick-meta":"","astra-migrate-meta-layouts":"default","ast-page-background-enabled":"default","ast-page-background-meta":{"desktop":{"background-color":"var(--ast-global-color-4)","background-image":"","background-repeat":"repeat","background-position":"center center","background-size":"auto","background-attachment":"scroll","background-type":"","background-media":"","overlay-type":"","overlay-color":"","overlay-opacity":"","overlay-gradient":""},"tablet":{"background-color":"","background-image":"","background-repeat":"repeat","background-position":"center center","background-size":"auto","background-attachment":"scroll","background-type":"","background-media":"","overlay-type":"","overlay-color":"","overlay-opacity":"","overlay-gradient":""},"mobile":{"background-color":"","background-image":"","background-repeat":"repeat","background-position":"center center","background-size":"auto","background-attachment":"scroll","background-type":"","background-media":"","overlay-type":"","overlay-color":"","overlay-opacity":"","overlay-gradient":""}},"ast-content-background-meta":{"desktop":{"background-color":"var(--ast-global-color-5)","background-image":"","background-repeat":"repeat","background-position":"center center","background-size":"auto","background-attachment":"scroll","background-type":"","background-media":"","overlay-type":"","overlay-color":"","overlay-opacity":"","overlay-gradient":""},"tablet":{"background-color":"var(--ast-global-color-5)","background-image":"","background-repeat":"repeat","background-position":"center center","background-size":"auto","background-attachment":"scroll","background-type":"","background-media":"","overlay-type":"","overlay-color":"","overlay-opacity":"","overlay-gradient":""},"mobile":{"background-color":"var(--ast-global-color-5)","background-image":"","background-repeat":"repeat","background-position":"center center","background-size":"auto","background-attachment":"scroll","background-type":"","background-media":"","overlay-type":"","overlay-color":"","overlay-opacity":"","overlay-gradient":""}},"_joinchat":[]},"product_brand":[],"product_cat":[262,263],"product_tag":[424,436],"class_list":{"0":"post-4974","1":"product","2":"type-product","3":"status-publish","4":"has-post-thumbnail","6":"product_cat-barichara-et-ses-environs","7":"product_cat-cacao-fr","8":"product_tag-culturel","9":"product_tag-gastronomie","10":"desktop-align-left","11":"tablet-align-left","12":"mobile-align-left","14":"first","15":"instock","16":"shipping-taxable","17":"purchasable","18":"product-type-simple"},"acf":[],"_links":{"self":[{"href":"https:\/\/tresorcolombien.com\/fr\/wp-json\/wp\/v2\/product\/4974","targetHints":{"allow":["GET"]}}],"collection":[{"href":"https:\/\/tresorcolombien.com\/fr\/wp-json\/wp\/v2\/product"}],"about":[{"href":"https:\/\/tresorcolombien.com\/fr\/wp-json\/wp\/v2\/types\/product"}],"version-history":[{"count":1,"href":"https:\/\/tresorcolombien.com\/fr\/wp-json\/wp\/v2\/product\/4974\/revisions"}],"predecessor-version":[{"id":5417,"href":"https:\/\/tresorcolombien.com\/fr\/wp-json\/wp\/v2\/product\/4974\/revisions\/5417"}],"wp:featuredmedia":[{"embeddable":true,"href":"https:\/\/tresorcolombien.com\/fr\/wp-json\/wp\/v2\/media\/2569"}],"wp:attachment":[{"href":"https:\/\/tresorcolombien.com\/fr\/wp-json\/wp\/v2\/media?parent=4974"}],"wp:term":[{"taxonomy":"product_brand","embeddable":true,"href":"https:\/\/tresorcolombien.com\/fr\/wp-json\/wp\/v2\/product_brand?post=4974"},{"taxonomy":"product_cat","embeddable":true,"href":"https:\/\/tresorcolombien.com\/fr\/wp-json\/wp\/v2\/product_cat?post=4974"},{"taxonomy":"product_tag","embeddable":true,"href":"https:\/\/tresorcolombien.com\/fr\/wp-json\/wp\/v2\/product_tag?post=4974"}],"curies":[{"name":"wp","href":"https:\/\/api.w.org\/{rel}","templated":true}]}}