{"id":4977,"date":"2024-11-13T16:07:24","date_gmt":"2024-11-13T21:07:24","guid":{"rendered":"https:\/\/tresorcolombien.com\/producto\/parc-national-de-chicamocha\/"},"modified":"2025-01-14T08:25:09","modified_gmt":"2025-01-14T13:25:09","slug":"parc-national-de-chicamocha","status":"publish","type":"product","link":"https:\/\/tresorcolombien.com\/fr\/producto\/parc-national-de-chicamocha\/","title":{"rendered":"Parc national de Chicamocha"},"content":{"rendered":"<p>Le parc national de Chicamocha est l\u2019une des attractions les plus importantes du d\u00e9partement de Santander. Vous pourrez y faire la visite culturelle de Santander et en apprendre davantage sur les coutumes et les histoires de la r\u00e9gion. Le trajet en t\u00e9l\u00e9ph\u00e9rique de 6,3 km \u00e0 travers l\u2019imposant canyon de Chicamocha offre une vue incroyable sur le paysage et la majest\u00e9 de cette merveille naturelle. Horaires d\u2019ouverture : Ferm\u00e9 les lundis et mardis du mercredi au dimanche de 10h00 \u00e0 18h00. Les samedis et dimanches avec jours f\u00e9ri\u00e9s les lundis de 9h00 \u00e0 18h00 <\/p>\n<p>Visitez nos r\u00e9seaux :<br \/>\n<a href=\"https:\/\/www.instagram.com\/tresor_colombien\/\">Sur Instagram<\/a><br \/>\n<a href=\"https:\/\/www.facebook.com\/tresorcolombien\/\">Sur Facebook<\/a><\/p>\n","protected":false},"excerpt":{"rendered":"<p><strong>INCLUS:<br \/>\n<\/strong><br \/>\nEntr\u00e9e au parc national de Chicamocha.<br \/>\nGuide bilingue.<br \/>\nTour en t\u00e9l\u00e9ph\u00e9rique au-dessus du canyon.<br \/>\nAssurance voyage.<br \/>\n<strong>NON INCLUS:<br \/>\n<\/strong><br \/>\nTransport.<br \/>\nD\u00e9jeuner.<br \/>\nPourboires.<br \/>\nD\u00e9penses non sp\u00e9cifi\u00e9es dans le programme.<\/p>\n","protected":false},"featured_media":2581,"template":"","meta":{"_acf_changed":false,"site-sidebar-layout":"default","site-content-layout":"","ast-site-content-layout":"default","site-content-style":"default","site-sidebar-style":"default","ast-global-header-display":"","ast-banner-title-visibility":"","ast-main-header-display":"","ast-hfb-above-header-display":"","ast-hfb-below-header-display":"","ast-hfb-mobile-header-display":"","site-post-title":"","ast-breadcrumbs-content":"","ast-featured-img":"","footer-sml-layout":"","ast-disable-related-posts":"","theme-transparent-header-meta":"default","adv-header-id-meta":"","stick-header-meta":"","header-above-stick-meta":"","header-main-stick-meta":"","header-below-stick-meta":"","astra-migrate-meta-layouts":"default","ast-page-background-enabled":"default","ast-page-background-meta":{"desktop":{"background-color":"var(--ast-global-color-4)","background-image":"","background-repeat":"repeat","background-position":"center center","background-size":"auto","background-attachment":"scroll","background-type":"","background-media":"","overlay-type":"","overlay-color":"","overlay-opacity":"","overlay-gradient":""},"tablet":{"background-color":"","background-image":"","background-repeat":"repeat","background-position":"center center","background-size":"auto","background-attachment":"scroll","background-type":"","background-media":"","overlay-type":"","overlay-color":"","overlay-opacity":"","overlay-gradient":""},"mobile":{"background-color":"","background-image":"","background-repeat":"repeat","background-position":"center center","background-size":"auto","background-attachment":"scroll","background-type":"","background-media":"","overlay-type":"","overlay-color":"","overlay-opacity":"","overlay-gradient":""}},"ast-content-background-meta":{"desktop":{"background-color":"var(--ast-global-color-5)","background-image":"","background-repeat":"repeat","background-position":"center center","background-size":"auto","background-attachment":"scroll","background-type":"","background-media":"","overlay-type":"","overlay-color":"","overlay-opacity":"","overlay-gradient":""},"tablet":{"background-color":"var(--ast-global-color-5)","background-image":"","background-repeat":"repeat","background-position":"center center","background-size":"auto","background-attachment":"scroll","background-type":"","background-media":"","overlay-type":"","overlay-color":"","overlay-opacity":"","overlay-gradient":""},"mobile":{"background-color":"var(--ast-global-color-5)","background-image":"","background-repeat":"repeat","background-position":"center center","background-size":"auto","background-attachment":"scroll","background-type":"","background-media":"","overlay-type":"","overlay-color":"","overlay-opacity":"","overlay-gradient":""}},"_joinchat":[]},"product_brand":[],"product_cat":[262,266],"product_tag":[424,442],"class_list":{"0":"post-4977","1":"product","2":"type-product","3":"status-publish","4":"has-post-thumbnail","6":"product_cat-barichara-et-ses-environs","7":"product_cat-parc-national-de-chicamocha","8":"product_tag-culturel","9":"product_tag-nature-fr","10":"desktop-align-left","11":"tablet-align-left","12":"mobile-align-left","14":"first","15":"instock","16":"shipping-taxable","17":"purchasable","18":"product-type-simple"},"acf":[],"_links":{"self":[{"href":"https:\/\/tresorcolombien.com\/fr\/wp-json\/wp\/v2\/product\/4977","targetHints":{"allow":["GET"]}}],"collection":[{"href":"https:\/\/tresorcolombien.com\/fr\/wp-json\/wp\/v2\/product"}],"about":[{"href":"https:\/\/tresorcolombien.com\/fr\/wp-json\/wp\/v2\/types\/product"}],"version-history":[{"count":1,"href":"https:\/\/tresorcolombien.com\/fr\/wp-json\/wp\/v2\/product\/4977\/revisions"}],"predecessor-version":[{"id":5415,"href":"https:\/\/tresorcolombien.com\/fr\/wp-json\/wp\/v2\/product\/4977\/revisions\/5415"}],"wp:featuredmedia":[{"embeddable":true,"href":"https:\/\/tresorcolombien.com\/fr\/wp-json\/wp\/v2\/media\/2581"}],"wp:attachment":[{"href":"https:\/\/tresorcolombien.com\/fr\/wp-json\/wp\/v2\/media?parent=4977"}],"wp:term":[{"taxonomy":"product_brand","embeddable":true,"href":"https:\/\/tresorcolombien.com\/fr\/wp-json\/wp\/v2\/product_brand?post=4977"},{"taxonomy":"product_cat","embeddable":true,"href":"https:\/\/tresorcolombien.com\/fr\/wp-json\/wp\/v2\/product_cat?post=4977"},{"taxonomy":"product_tag","embeddable":true,"href":"https:\/\/tresorcolombien.com\/fr\/wp-json\/wp\/v2\/product_tag?post=4977"}],"curies":[{"name":"wp","href":"https:\/\/api.w.org\/{rel}","templated":true}]}}