{"id":4983,"date":"2024-11-13T16:07:39","date_gmt":"2024-11-13T21:07:39","guid":{"rendered":"https:\/\/tresorcolombien.com\/producto\/atelier-de-peinture-au-sol\/"},"modified":"2025-01-14T08:23:27","modified_gmt":"2025-01-14T13:23:27","slug":"atelier-de-peinture-au-sol","status":"publish","type":"product","link":"https:\/\/tresorcolombien.com\/fr\/producto\/atelier-de-peinture-au-sol\/","title":{"rendered":"Atelier de peinture en terre"},"content":{"rendered":"<p>Atelier de peinture en terre. Les couleurs de Barichara. Santander est une r\u00e9gion riche en min\u00e9raux qui permet aux couleurs de la terre d\u2019\u00eatre frappantes et de donner un air de paysages diff\u00e9rents. La terre est un \u00e9l\u00e9ment fondamental des techniques de construction des villages patrimoniaux de la r\u00e9gion, tels que Barichara. Au cours de cette exp\u00e9rience, diff\u00e9rentes couleurs de terre collect\u00e9es dans les environs seront utilis\u00e9es pour r\u00e9aliser une peinture sur terre. Au travail, cette fois vous serez l\u2019artiste ! <\/p>\n<p style=\"text-align: justify;\">La dur\u00e9e de l\u2019atelier de peinture sur terre est de deux heures.<\/p>\n<p>Visitez nos r\u00e9seaux :<br \/>\n<a href=\"https:\/\/www.instagram.com\/tresor_colombien\/\">Sur Instagram<\/a><br \/>\n<a href=\"https:\/\/www.facebook.com\/tresorcolombien\/\">Sur Facebook<\/a><\/p>\n<p>&nbsp;<\/p>\n","protected":false},"excerpt":{"rendered":"<p><strong>INCLUS:<br \/>\n<\/strong>Mat\u00e9riaux, retable \u00e0 peindre.<br \/>\nCaf\u00e9.<br \/>\nGuide bilingue.<br \/>\nAssurance voyage.<br \/>\n<strong>NON INCLUS:<br \/>\n<\/strong>D\u00e9penses non sp\u00e9cifi\u00e9es dans le programme.<br \/>\nTransport.<\/p>\n","protected":false},"featured_media":2593,"template":"","meta":{"_acf_changed":false,"site-sidebar-layout":"default","site-content-layout":"","ast-site-content-layout":"default","site-content-style":"default","site-sidebar-style":"default","ast-global-header-display":"","ast-banner-title-visibility":"","ast-main-header-display":"","ast-hfb-above-header-display":"","ast-hfb-below-header-display":"","ast-hfb-mobile-header-display":"","site-post-title":"","ast-breadcrumbs-content":"","ast-featured-img":"","footer-sml-layout":"","ast-disable-related-posts":"","theme-transparent-header-meta":"default","adv-header-id-meta":"","stick-header-meta":"","header-above-stick-meta":"","header-main-stick-meta":"","header-below-stick-meta":"","astra-migrate-meta-layouts":"default","ast-page-background-enabled":"default","ast-page-background-meta":{"desktop":{"background-color":"var(--ast-global-color-4)","background-image":"","background-repeat":"repeat","background-position":"center center","background-size":"auto","background-attachment":"scroll","background-type":"","background-media":"","overlay-type":"","overlay-color":"","overlay-opacity":"","overlay-gradient":""},"tablet":{"background-color":"","background-image":"","background-repeat":"repeat","background-position":"center center","background-size":"auto","background-attachment":"scroll","background-type":"","background-media":"","overlay-type":"","overlay-color":"","overlay-opacity":"","overlay-gradient":""},"mobile":{"background-color":"","background-image":"","background-repeat":"repeat","background-position":"center center","background-size":"auto","background-attachment":"scroll","background-type":"","background-media":"","overlay-type":"","overlay-color":"","overlay-opacity":"","overlay-gradient":""}},"ast-content-background-meta":{"desktop":{"background-color":"var(--ast-global-color-5)","background-image":"","background-repeat":"repeat","background-position":"center center","background-size":"auto","background-attachment":"scroll","background-type":"","background-media":"","overlay-type":"","overlay-color":"","overlay-opacity":"","overlay-gradient":""},"tablet":{"background-color":"var(--ast-global-color-5)","background-image":"","background-repeat":"repeat","background-position":"center center","background-size":"auto","background-attachment":"scroll","background-type":"","background-media":"","overlay-type":"","overlay-color":"","overlay-opacity":"","overlay-gradient":""},"mobile":{"background-color":"var(--ast-global-color-5)","background-image":"","background-repeat":"repeat","background-position":"center center","background-size":"auto","background-attachment":"scroll","background-type":"","background-media":"","overlay-type":"","overlay-color":"","overlay-opacity":"","overlay-gradient":""}},"_joinchat":[]},"product_brand":[],"product_cat":[262,267],"product_tag":[424,430],"class_list":{"0":"post-4983","1":"product","2":"type-product","3":"status-publish","4":"has-post-thumbnail","6":"product_cat-barichara-et-ses-environs","7":"product_cat-peinture-au-sol","8":"product_tag-culturel","9":"product_tag-famille","10":"desktop-align-left","11":"tablet-align-left","12":"mobile-align-left","14":"first","15":"instock","16":"shipping-taxable","17":"purchasable","18":"product-type-simple"},"acf":[],"_links":{"self":[{"href":"https:\/\/tresorcolombien.com\/fr\/wp-json\/wp\/v2\/product\/4983","targetHints":{"allow":["GET"]}}],"collection":[{"href":"https:\/\/tresorcolombien.com\/fr\/wp-json\/wp\/v2\/product"}],"about":[{"href":"https:\/\/tresorcolombien.com\/fr\/wp-json\/wp\/v2\/types\/product"}],"version-history":[{"count":1,"href":"https:\/\/tresorcolombien.com\/fr\/wp-json\/wp\/v2\/product\/4983\/revisions"}],"predecessor-version":[{"id":5414,"href":"https:\/\/tresorcolombien.com\/fr\/wp-json\/wp\/v2\/product\/4983\/revisions\/5414"}],"wp:featuredmedia":[{"embeddable":true,"href":"https:\/\/tresorcolombien.com\/fr\/wp-json\/wp\/v2\/media\/2593"}],"wp:attachment":[{"href":"https:\/\/tresorcolombien.com\/fr\/wp-json\/wp\/v2\/media?parent=4983"}],"wp:term":[{"taxonomy":"product_brand","embeddable":true,"href":"https:\/\/tresorcolombien.com\/fr\/wp-json\/wp\/v2\/product_brand?post=4983"},{"taxonomy":"product_cat","embeddable":true,"href":"https:\/\/tresorcolombien.com\/fr\/wp-json\/wp\/v2\/product_cat?post=4983"},{"taxonomy":"product_tag","embeddable":true,"href":"https:\/\/tresorcolombien.com\/fr\/wp-json\/wp\/v2\/product_tag?post=4983"}],"curies":[{"name":"wp","href":"https:\/\/api.w.org\/{rel}","templated":true}]}}