{"id":4985,"date":"2024-11-13T16:08:01","date_gmt":"2024-11-13T21:08:01","guid":{"rendered":"https:\/\/tresorcolombien.com\/producto\/degustation-de-rhum-colombien-carthagene\/"},"modified":"2025-01-14T08:14:39","modified_gmt":"2025-01-14T13:14:39","slug":"degustation-de-rhum-colombien-carthagene","status":"publish","type":"product","link":"https:\/\/tresorcolombien.com\/fr\/producto\/degustation-de-rhum-colombien-carthagene\/","title":{"rendered":"D\u00e9gustation de rhum colombien Carthag\u00e8ne"},"content":{"rendered":"<p>D\u00e9gustation de rhum traditionnel.<br \/>\nLa Colombie poss\u00e8de deux des meilleurs rhums d\u2019exportation au monde. Les Espagnols ont apport\u00e9 plusieurs produits en Am\u00e9rique latine, notamment la canne \u00e0 sucre, qui est actuellement le principal ingr\u00e9dient pour la fabrication du rhum. Au cours de cette exp\u00e9rience de d\u00e9gustation de rhum traditionnel, vous pourrez d\u00e9couvrir l\u2019histoire et l\u2019\u00e9volution des 8 rhums diff\u00e9rents en compagnie d\u2019un sp\u00e9cialiste, qui nous propose des exp\u00e9riences sensorielles uniques.<br \/>\nCette exp\u00e9rience vous permet de d\u00e9couvrir la s\u00e9lection de rhums qui emm\u00e8nent le palais vers des d\u00e9gustations sensationnelles de plus de 27 ans de vieillissement, dont certains ont \u00e9t\u00e9 class\u00e9s parmi les meilleurs au monde.  <\/p>\n","protected":false},"excerpt":{"rendered":"<p><strong>INCLUS:<br \/>\n<\/strong>D\u00e9gustation 1 heure et 30 minutes.<br \/>\nCocktail de bienvenue rafra\u00eechissant.<br \/>\n8 types de rhums 100% colombiens sont d\u00e9gust\u00e9s.<br \/>\n<strong>NON INCLUS:<br \/>\n<\/strong>Transport.<br \/>\nD\u00e9penses non sp\u00e9cifi\u00e9es dans le programme.<\/p>\n<p><em><strong>Remarque : *Prix pour 1 personne s\u2019il vous pla\u00eet contactez-nous.<\/strong><\/em><br \/>\n<strong>Pour les groupes de 5 personnes ou plus Demandez votre code de r\u00e9duction !<\/strong><\/p>\n","protected":false},"featured_media":2611,"template":"","meta":{"_acf_changed":false,"site-sidebar-layout":"default","site-content-layout":"","ast-site-content-layout":"default","site-content-style":"default","site-sidebar-style":"default","ast-global-header-display":"","ast-banner-title-visibility":"","ast-main-header-display":"","ast-hfb-above-header-display":"","ast-hfb-below-header-display":"","ast-hfb-mobile-header-display":"","site-post-title":"","ast-breadcrumbs-content":"","ast-featured-img":"","footer-sml-layout":"","ast-disable-related-posts":"","theme-transparent-header-meta":"default","adv-header-id-meta":"","stick-header-meta":"","header-above-stick-meta":"","header-main-stick-meta":"","header-below-stick-meta":"","astra-migrate-meta-layouts":"default","ast-page-background-enabled":"default","ast-page-background-meta":{"desktop":{"background-color":"var(--ast-global-color-4)","background-image":"","background-repeat":"repeat","background-position":"center center","background-size":"auto","background-attachment":"scroll","background-type":"","background-media":"","overlay-type":"","overlay-color":"","overlay-opacity":"","overlay-gradient":""},"tablet":{"background-color":"","background-image":"","background-repeat":"repeat","background-position":"center center","background-size":"auto","background-attachment":"scroll","background-type":"","background-media":"","overlay-type":"","overlay-color":"","overlay-opacity":"","overlay-gradient":""},"mobile":{"background-color":"","background-image":"","background-repeat":"repeat","background-position":"center center","background-size":"auto","background-attachment":"scroll","background-type":"","background-media":"","overlay-type":"","overlay-color":"","overlay-opacity":"","overlay-gradient":""}},"ast-content-background-meta":{"desktop":{"background-color":"var(--ast-global-color-5)","background-image":"","background-repeat":"repeat","background-position":"center center","background-size":"auto","background-attachment":"scroll","background-type":"","background-media":"","overlay-type":"","overlay-color":"","overlay-opacity":"","overlay-gradient":""},"tablet":{"background-color":"var(--ast-global-color-5)","background-image":"","background-repeat":"repeat","background-position":"center center","background-size":"auto","background-attachment":"scroll","background-type":"","background-media":"","overlay-type":"","overlay-color":"","overlay-opacity":"","overlay-gradient":""},"mobile":{"background-color":"var(--ast-global-color-5)","background-image":"","background-repeat":"repeat","background-position":"center center","background-size":"auto","background-attachment":"scroll","background-type":"","background-media":"","overlay-type":"","overlay-color":"","overlay-opacity":"","overlay-gradient":""}},"_joinchat":[]},"product_brand":[],"product_cat":[268,270],"product_tag":[424],"class_list":{"0":"post-4985","1":"product","2":"type-product","3":"status-publish","4":"has-post-thumbnail","6":"product_cat-carthagene","7":"product_cat-degustation-de-rhum","8":"product_tag-culturel","9":"desktop-align-left","10":"tablet-align-left","11":"mobile-align-left","13":"first","14":"instock","15":"shipping-taxable","16":"product-type-simple"},"acf":[],"_links":{"self":[{"href":"https:\/\/tresorcolombien.com\/fr\/wp-json\/wp\/v2\/product\/4985","targetHints":{"allow":["GET"]}}],"collection":[{"href":"https:\/\/tresorcolombien.com\/fr\/wp-json\/wp\/v2\/product"}],"about":[{"href":"https:\/\/tresorcolombien.com\/fr\/wp-json\/wp\/v2\/types\/product"}],"version-history":[{"count":1,"href":"https:\/\/tresorcolombien.com\/fr\/wp-json\/wp\/v2\/product\/4985\/revisions"}],"predecessor-version":[{"id":5412,"href":"https:\/\/tresorcolombien.com\/fr\/wp-json\/wp\/v2\/product\/4985\/revisions\/5412"}],"wp:featuredmedia":[{"embeddable":true,"href":"https:\/\/tresorcolombien.com\/fr\/wp-json\/wp\/v2\/media\/2611"}],"wp:attachment":[{"href":"https:\/\/tresorcolombien.com\/fr\/wp-json\/wp\/v2\/media?parent=4985"}],"wp:term":[{"taxonomy":"product_brand","embeddable":true,"href":"https:\/\/tresorcolombien.com\/fr\/wp-json\/wp\/v2\/product_brand?post=4985"},{"taxonomy":"product_cat","embeddable":true,"href":"https:\/\/tresorcolombien.com\/fr\/wp-json\/wp\/v2\/product_cat?post=4985"},{"taxonomy":"product_tag","embeddable":true,"href":"https:\/\/tresorcolombien.com\/fr\/wp-json\/wp\/v2\/product_tag?post=4985"}],"curies":[{"name":"wp","href":"https:\/\/api.w.org\/{rel}","templated":true}]}}