{"id":4989,"date":"2024-11-13T16:07:55","date_gmt":"2024-11-13T21:07:55","guid":{"rendered":"https:\/\/tresorcolombien.com\/producto\/coucher-de-soleil-a-cheval-sur-la-plage\/"},"modified":"2025-01-15T02:06:34","modified_gmt":"2025-01-15T07:06:34","slug":"coucher-de-soleil-a-cheval-sur-la-plage","status":"publish","type":"product","link":"https:\/\/tresorcolombien.com\/fr\/producto\/coucher-de-soleil-a-cheval-sur-la-plage\/","title":{"rendered":"Coucher de soleil \u00e0 cheval sur la plage"},"content":{"rendered":"<p>Coucher de soleil \u00e0 cheval.<br \/>\nProfitez d\u2019une balade \u00e0 cheval colombienne \u00ab&nbsp;Paso Fino&nbsp;\u00bb le long des belles plages de Manzanillo, situ\u00e9es \u00e0 vingt minutes de l\u2019ancienne ville de Carthag\u00e8ne des Indes. C\u2019est une exp\u00e9rience merveilleuse qui vous permet de profiter d\u2019un coucher de soleil incroyable au bord de la mer des Cara\u00efbes. L\u2019un de nos coureurs professionnels \u00e9valuera le niveau de chaque visiteur et lui donnera les instructions n\u00e9cessaires sur la fa\u00e7on de monter ce type de cheval.<br \/>\nLe moniteur vous accompagnera tout au long du voyage. Nous avons des chevaux pour tous les niveaux, novices et experts pour votre exp\u00e9rience du coucher du soleil \u00e0 cheval. <strong>Heures d\u2019ouverture :<\/strong> 8 h 30 ou 15 h 00 <\/p>\n<p><em>Il est \u00e0 noter que les groupes de plus de 5 passagers doivent faire le coucher de soleil \u00e0 cheval sur la plage en deux (2) groupes, certains le matin et les autres l\u2019apr\u00e8s-midi.<\/em><\/p>\n","protected":false},"excerpt":{"rendered":"<p><strong>INCLUS:<\/strong><br \/>\nGuide professionnel, v\u00e9t\u00e9rinaire et \u00e9quin.<br \/>\nEquipement d\u2019\u00e9quitation.<br \/>\nEau et boissons gazeuses (non alcoolis\u00e9es).<br \/>\nExposition de chevaux Paso colombiens dans un ranch traditionnel.<br \/>\nPhotographies num\u00e9riques.<br \/>\nD\u00e9jeuner ou d\u00eener \u00e0 la carte.<br \/>\nTransferts aller-retour \u00e0 l\u2019h\u00f4tel<br \/>\n<strong>NON INCLUS<\/strong><br \/>\nD\u00e9penses non sp\u00e9cifi\u00e9es dans le programme.<br \/>\n<strong> Recommandations: <\/strong><br \/>\nPortez des pantalons longs pendant le trajet.<br \/>\nChapeau ou casquette.<br \/>\nCr\u00e8me solaire et r\u00e9pulsif.<br \/>\nChaussures ferm\u00e9es confortables ou bottes d\u2019\u00e9quitation.<\/p>\n<p><strong>Remarque : Pour les groupes de 5 personnes ou plus Demandez votre code de r\u00e9duction !<\/strong><\/p>\n","protected":false},"featured_media":2605,"template":"","meta":{"_acf_changed":false,"site-sidebar-layout":"default","site-content-layout":"","ast-site-content-layout":"default","site-content-style":"default","site-sidebar-style":"default","ast-global-header-display":"","ast-banner-title-visibility":"","ast-main-header-display":"","ast-hfb-above-header-display":"","ast-hfb-below-header-display":"","ast-hfb-mobile-header-display":"","site-post-title":"","ast-breadcrumbs-content":"","ast-featured-img":"","footer-sml-layout":"","ast-disable-related-posts":"","theme-transparent-header-meta":"","adv-header-id-meta":"","stick-header-meta":"","header-above-stick-meta":"","header-main-stick-meta":"","header-below-stick-meta":"","astra-migrate-meta-layouts":"set","ast-page-background-enabled":"default","ast-page-background-meta":{"desktop":{"background-color":"var(--ast-global-color-4)","background-image":"","background-repeat":"repeat","background-position":"center center","background-size":"auto","background-attachment":"scroll","background-type":"","background-media":"","overlay-type":"","overlay-color":"","overlay-opacity":"","overlay-gradient":""},"tablet":{"background-color":"","background-image":"","background-repeat":"repeat","background-position":"center center","background-size":"auto","background-attachment":"scroll","background-type":"","background-media":"","overlay-type":"","overlay-color":"","overlay-opacity":"","overlay-gradient":""},"mobile":{"background-color":"","background-image":"","background-repeat":"repeat","background-position":"center center","background-size":"auto","background-attachment":"scroll","background-type":"","background-media":"","overlay-type":"","overlay-color":"","overlay-opacity":"","overlay-gradient":""}},"ast-content-background-meta":{"desktop":{"background-color":"var(--ast-global-color-5)","background-image":"","background-repeat":"repeat","background-position":"center center","background-size":"auto","background-attachment":"scroll","background-type":"","background-media":"","overlay-type":"","overlay-color":"","overlay-opacity":"","overlay-gradient":""},"tablet":{"background-color":"var(--ast-global-color-5)","background-image":"","background-repeat":"repeat","background-position":"center center","background-size":"auto","background-attachment":"scroll","background-type":"","background-media":"","overlay-type":"","overlay-color":"","overlay-opacity":"","overlay-gradient":""},"mobile":{"background-color":"var(--ast-global-color-5)","background-image":"","background-repeat":"repeat","background-position":"center center","background-size":"auto","background-attachment":"scroll","background-type":"","background-media":"","overlay-type":"","overlay-color":"","overlay-opacity":"","overlay-gradient":""}},"_joinchat":[]},"product_brand":[],"product_cat":[268,269],"product_tag":[421,445],"class_list":{"0":"post-4989","1":"product","2":"type-product","3":"status-publish","4":"has-post-thumbnail","6":"product_cat-carthagene","7":"product_cat-plage-a-cheval","8":"product_tag-aventure","9":"product_tag-soleil-et-plage","10":"desktop-align-left","11":"tablet-align-left","12":"mobile-align-left","14":"first","15":"instock","16":"shipping-taxable","17":"product-type-simple"},"acf":[],"_links":{"self":[{"href":"https:\/\/tresorcolombien.com\/fr\/wp-json\/wp\/v2\/product\/4989","targetHints":{"allow":["GET"]}}],"collection":[{"href":"https:\/\/tresorcolombien.com\/fr\/wp-json\/wp\/v2\/product"}],"about":[{"href":"https:\/\/tresorcolombien.com\/fr\/wp-json\/wp\/v2\/types\/product"}],"version-history":[{"count":3,"href":"https:\/\/tresorcolombien.com\/fr\/wp-json\/wp\/v2\/product\/4989\/revisions"}],"predecessor-version":[{"id":5432,"href":"https:\/\/tresorcolombien.com\/fr\/wp-json\/wp\/v2\/product\/4989\/revisions\/5432"}],"wp:featuredmedia":[{"embeddable":true,"href":"https:\/\/tresorcolombien.com\/fr\/wp-json\/wp\/v2\/media\/2605"}],"wp:attachment":[{"href":"https:\/\/tresorcolombien.com\/fr\/wp-json\/wp\/v2\/media?parent=4989"}],"wp:term":[{"taxonomy":"product_brand","embeddable":true,"href":"https:\/\/tresorcolombien.com\/fr\/wp-json\/wp\/v2\/product_brand?post=4989"},{"taxonomy":"product_cat","embeddable":true,"href":"https:\/\/tresorcolombien.com\/fr\/wp-json\/wp\/v2\/product_cat?post=4989"},{"taxonomy":"product_tag","embeddable":true,"href":"https:\/\/tresorcolombien.com\/fr\/wp-json\/wp\/v2\/product_tag?post=4989"}],"curies":[{"name":"wp","href":"https:\/\/api.w.org\/{rel}","templated":true}]}}