{"id":4990,"date":"2024-11-13T16:08:06","date_gmt":"2024-11-13T21:08:06","guid":{"rendered":"https:\/\/tresorcolombien.com\/producto\/visite-de-chiva-rumbera-promenade-nocturne\/"},"modified":"2025-01-15T03:49:06","modified_gmt":"2025-01-15T08:49:06","slug":"visite-de-chiva-rumbera-promenade-nocturne","status":"publish","type":"product","link":"https:\/\/tresorcolombien.com\/fr\/producto\/visite-de-chiva-rumbera-promenade-nocturne\/","title":{"rendered":"Visite de Chiva rumbera : Promenade nocturne"},"content":{"rendered":"<p>Visite de Chiva rumbera&nbsp;: balade nocturne.<br \/>\nPromenade, dans le quartier de Bocagrande. Visite de toute la ville historique et moderne, \u00e0 bord d\u2019une ch\u00e8vre traditionnelle et d\u2019un animateur.<br \/>\n20h00 \u00e0 22h00<br \/>\nNous terminons la visite dans l\u2019une des meilleures bo\u00eetes de nuit de la ville.<br \/>\nSi vous s\u00e9journez \u00e0 Bocagrande, vous \u00eates pris en charge \u00e0 l\u2019h\u00f4tel et repris, sinon vous devez arriver \u00e0 un point de rendez-vous \u00e0 Bocagrande et retourner par vos propres moyens \u00e0 l\u2019h\u00f4tel. <\/p>\n","protected":false},"excerpt":{"rendered":"<p>INCLUS :<br \/>\nArr\u00eat au ch\u00e2teau de San Felipe, aux vieilles bottes et aux lettres de Cartagena.<br \/>\nAnimateur<br \/>\nEntr\u00e9e couvert Discoth\u00e8que de Cartagena<br \/>\nD\u00e9gustation de friture traditionnelle<br \/>\nNON INCLUS :<br \/>\nLes d\u00e9penses non sp\u00e9cifi\u00e9es dans le programme.<br \/>\nConsommation \u00e0 l&rsquo;int\u00e9rieur du Dico<br \/>\nTransport jusqu&rsquo;au point de rencontre.<\/p>\n<p>Note:*Prix pour 1 Pax nous contacter.<br \/>\nPour les groupes de 5 personnes ou plus, demandez votre code de r\u00e9duction !<\/p>\n","protected":false},"featured_media":2617,"template":"","meta":{"_acf_changed":false,"site-sidebar-layout":"default","site-content-layout":"","ast-site-content-layout":"default","site-content-style":"default","site-sidebar-style":"default","ast-global-header-display":"","ast-banner-title-visibility":"","ast-main-header-display":"","ast-hfb-above-header-display":"","ast-hfb-below-header-display":"","ast-hfb-mobile-header-display":"","site-post-title":"","ast-breadcrumbs-content":"","ast-featured-img":"","footer-sml-layout":"","ast-disable-related-posts":"","theme-transparent-header-meta":"default","adv-header-id-meta":"","stick-header-meta":"","header-above-stick-meta":"","header-main-stick-meta":"","header-below-stick-meta":"","astra-migrate-meta-layouts":"default","ast-page-background-enabled":"default","ast-page-background-meta":{"desktop":{"background-color":"var(--ast-global-color-4)","background-image":"","background-repeat":"repeat","background-position":"center center","background-size":"auto","background-attachment":"scroll","background-type":"","background-media":"","overlay-type":"","overlay-color":"","overlay-opacity":"","overlay-gradient":""},"tablet":{"background-color":"","background-image":"","background-repeat":"repeat","background-position":"center center","background-size":"auto","background-attachment":"scroll","background-type":"","background-media":"","overlay-type":"","overlay-color":"","overlay-opacity":"","overlay-gradient":""},"mobile":{"background-color":"","background-image":"","background-repeat":"repeat","background-position":"center center","background-size":"auto","background-attachment":"scroll","background-type":"","background-media":"","overlay-type":"","overlay-color":"","overlay-opacity":"","overlay-gradient":""}},"ast-content-background-meta":{"desktop":{"background-color":"var(--ast-global-color-5)","background-image":"","background-repeat":"repeat","background-position":"center center","background-size":"auto","background-attachment":"scroll","background-type":"","background-media":"","overlay-type":"","overlay-color":"","overlay-opacity":"","overlay-gradient":""},"tablet":{"background-color":"var(--ast-global-color-5)","background-image":"","background-repeat":"repeat","background-position":"center center","background-size":"auto","background-attachment":"scroll","background-type":"","background-media":"","overlay-type":"","overlay-color":"","overlay-opacity":"","overlay-gradient":""},"mobile":{"background-color":"var(--ast-global-color-5)","background-image":"","background-repeat":"repeat","background-position":"center center","background-size":"auto","background-attachment":"scroll","background-type":"","background-media":"","overlay-type":"","overlay-color":"","overlay-opacity":"","overlay-gradient":""}},"_joinchat":[]},"product_brand":[],"product_cat":[268,271],"product_tag":[424],"class_list":{"0":"post-4990","1":"product","2":"type-product","3":"status-publish","4":"has-post-thumbnail","6":"product_cat-carthagene","7":"product_cat-rumba-chiva-fr","8":"product_tag-culturel","9":"desktop-align-left","10":"tablet-align-left","11":"mobile-align-left","13":"first","14":"instock","15":"shipping-taxable","16":"product-type-simple"},"acf":[],"_links":{"self":[{"href":"https:\/\/tresorcolombien.com\/fr\/wp-json\/wp\/v2\/product\/4990","targetHints":{"allow":["GET"]}}],"collection":[{"href":"https:\/\/tresorcolombien.com\/fr\/wp-json\/wp\/v2\/product"}],"about":[{"href":"https:\/\/tresorcolombien.com\/fr\/wp-json\/wp\/v2\/types\/product"}],"version-history":[{"count":4,"href":"https:\/\/tresorcolombien.com\/fr\/wp-json\/wp\/v2\/product\/4990\/revisions"}],"predecessor-version":[{"id":5456,"href":"https:\/\/tresorcolombien.com\/fr\/wp-json\/wp\/v2\/product\/4990\/revisions\/5456"}],"wp:featuredmedia":[{"embeddable":true,"href":"https:\/\/tresorcolombien.com\/fr\/wp-json\/wp\/v2\/media\/2617"}],"wp:attachment":[{"href":"https:\/\/tresorcolombien.com\/fr\/wp-json\/wp\/v2\/media?parent=4990"}],"wp:term":[{"taxonomy":"product_brand","embeddable":true,"href":"https:\/\/tresorcolombien.com\/fr\/wp-json\/wp\/v2\/product_brand?post=4990"},{"taxonomy":"product_cat","embeddable":true,"href":"https:\/\/tresorcolombien.com\/fr\/wp-json\/wp\/v2\/product_cat?post=4990"},{"taxonomy":"product_tag","embeddable":true,"href":"https:\/\/tresorcolombien.com\/fr\/wp-json\/wp\/v2\/product_tag?post=4990"}],"curies":[{"name":"wp","href":"https:\/\/api.w.org\/{rel}","templated":true}]}}