{"id":4993,"date":"2024-11-13T16:08:10","date_gmt":"2024-11-13T21:08:10","guid":{"rendered":"https:\/\/tresorcolombien.com\/producto\/excursion-dune-journee-aux-iles-du-rosaire\/"},"modified":"2025-01-14T08:02:46","modified_gmt":"2025-01-14T13:02:46","slug":"excursion-dune-journee-aux-iles-du-rosaire","status":"publish","type":"product","link":"https:\/\/tresorcolombien.com\/fr\/producto\/excursion-dune-journee-aux-iles-du-rosaire\/","title":{"rendered":"Excursion d\u2019une journ\u00e9e aux \u00eeles du Rosaire"},"content":{"rendered":"<p>D\u00e9couvrir l\u2019archipel des \u00eeles du Rosaire est une exp\u00e9rience sensationnelle \u00e0 ne pas manquer si vous visitez Carthag\u00e8ne des Indes. La journ\u00e9e commence par une randonn\u00e9e jusqu\u2019au port d\u2019embarquement. Trajet en bateaux rapides en direction des \u00eeles du Rosaire &#8211; navigation 45 minutes. Arriv\u00e9e sur l\u2019une des plus belles plages du pays, intime et priv\u00e9e qui a des eaux turquoise et du sable blanc. Un moment id\u00e9al pour se d\u00e9tendre et profiter du repos tropical. Heure de d\u00e9part : 7h30<br \/>\nHeure de retour de l\u2019\u00eele : 15h00<br \/>\nHeure d\u2019arriv\u00e9e au port de Carthag\u00e8ne : 16h00 <\/p>\n","protected":false},"excerpt":{"rendered":"<p><b>INCLUS: <\/b><br \/>\nTransport fluvial Aller-retour.<br \/>\nCocktail de bienvenue.<br \/>\nD\u00e9jeuner et boisson.<br \/>\nAcc\u00e8s aux commodit\u00e9s de la plage.<br \/>\nAssurance voyage.<\/p>\n<p><b>NON INCLUS: <\/b><br \/>\nTransport.<br \/>\nTaxe du port (15 000 $) seulement en espece.<br \/>\nD\u00e9penses non sp\u00e9cifi\u00e9es dans le programme.<\/p>\n","protected":false},"featured_media":2623,"template":"","meta":{"_acf_changed":false,"site-sidebar-layout":"default","site-content-layout":"","ast-site-content-layout":"default","site-content-style":"default","site-sidebar-style":"default","ast-global-header-display":"","ast-banner-title-visibility":"","ast-main-header-display":"","ast-hfb-above-header-display":"","ast-hfb-below-header-display":"","ast-hfb-mobile-header-display":"","site-post-title":"","ast-breadcrumbs-content":"","ast-featured-img":"","footer-sml-layout":"","ast-disable-related-posts":"","theme-transparent-header-meta":"default","adv-header-id-meta":"","stick-header-meta":"","header-above-stick-meta":"","header-main-stick-meta":"","header-below-stick-meta":"","astra-migrate-meta-layouts":"default","ast-page-background-enabled":"default","ast-page-background-meta":{"desktop":{"background-color":"var(--ast-global-color-4)","background-image":"","background-repeat":"repeat","background-position":"center center","background-size":"auto","background-attachment":"scroll","background-type":"","background-media":"","overlay-type":"","overlay-color":"","overlay-opacity":"","overlay-gradient":""},"tablet":{"background-color":"","background-image":"","background-repeat":"repeat","background-position":"center center","background-size":"auto","background-attachment":"scroll","background-type":"","background-media":"","overlay-type":"","overlay-color":"","overlay-opacity":"","overlay-gradient":""},"mobile":{"background-color":"","background-image":"","background-repeat":"repeat","background-position":"center center","background-size":"auto","background-attachment":"scroll","background-type":"","background-media":"","overlay-type":"","overlay-color":"","overlay-opacity":"","overlay-gradient":""}},"ast-content-background-meta":{"desktop":{"background-color":"var(--ast-global-color-5)","background-image":"","background-repeat":"repeat","background-position":"center center","background-size":"auto","background-attachment":"scroll","background-type":"","background-media":"","overlay-type":"","overlay-color":"","overlay-opacity":"","overlay-gradient":""},"tablet":{"background-color":"var(--ast-global-color-5)","background-image":"","background-repeat":"repeat","background-position":"center center","background-size":"auto","background-attachment":"scroll","background-type":"","background-media":"","overlay-type":"","overlay-color":"","overlay-opacity":"","overlay-gradient":""},"mobile":{"background-color":"var(--ast-global-color-5)","background-image":"","background-repeat":"repeat","background-position":"center center","background-size":"auto","background-attachment":"scroll","background-type":"","background-media":"","overlay-type":"","overlay-color":"","overlay-opacity":"","overlay-gradient":""}},"_joinchat":[]},"product_brand":[],"product_cat":[268,272],"product_tag":[442,445],"class_list":{"0":"post-4993","1":"product","2":"type-product","3":"status-publish","4":"has-post-thumbnail","6":"product_cat-carthagene","7":"product_cat-excursion-aux-iles-du-rosaire","8":"product_tag-nature-fr","9":"product_tag-soleil-et-plage","10":"desktop-align-left","11":"tablet-align-left","12":"mobile-align-left","14":"first","15":"instock","16":"shipping-taxable","17":"product-type-simple"},"acf":[],"_links":{"self":[{"href":"https:\/\/tresorcolombien.com\/fr\/wp-json\/wp\/v2\/product\/4993","targetHints":{"allow":["GET"]}}],"collection":[{"href":"https:\/\/tresorcolombien.com\/fr\/wp-json\/wp\/v2\/product"}],"about":[{"href":"https:\/\/tresorcolombien.com\/fr\/wp-json\/wp\/v2\/types\/product"}],"version-history":[{"count":1,"href":"https:\/\/tresorcolombien.com\/fr\/wp-json\/wp\/v2\/product\/4993\/revisions"}],"predecessor-version":[{"id":5409,"href":"https:\/\/tresorcolombien.com\/fr\/wp-json\/wp\/v2\/product\/4993\/revisions\/5409"}],"wp:featuredmedia":[{"embeddable":true,"href":"https:\/\/tresorcolombien.com\/fr\/wp-json\/wp\/v2\/media\/2623"}],"wp:attachment":[{"href":"https:\/\/tresorcolombien.com\/fr\/wp-json\/wp\/v2\/media?parent=4993"}],"wp:term":[{"taxonomy":"product_brand","embeddable":true,"href":"https:\/\/tresorcolombien.com\/fr\/wp-json\/wp\/v2\/product_brand?post=4993"},{"taxonomy":"product_cat","embeddable":true,"href":"https:\/\/tresorcolombien.com\/fr\/wp-json\/wp\/v2\/product_cat?post=4993"},{"taxonomy":"product_tag","embeddable":true,"href":"https:\/\/tresorcolombien.com\/fr\/wp-json\/wp\/v2\/product_tag?post=4993"}],"curies":[{"name":"wp","href":"https:\/\/api.w.org\/{rel}","templated":true}]}}