{"id":4999,"date":"2024-11-13T16:08:14","date_gmt":"2024-11-13T21:08:14","guid":{"rendered":"https:\/\/tresorcolombien.com\/producto\/visite-de-la-mangrove-de-carthagene\/"},"modified":"2025-01-14T07:58:06","modified_gmt":"2025-01-14T12:58:06","slug":"visite-de-la-mangrove-de-carthagene","status":"publish","type":"product","link":"https:\/\/tresorcolombien.com\/fr\/producto\/visite-de-la-mangrove-de-carthagene\/","title":{"rendered":"Visite de la mangrove de Carthag\u00e8ne"},"content":{"rendered":"<p>Nous nous dirigeons vers la ville de La Boquilla qui concentre son travail sur la p\u00eache et le tourisme communautaire, situ\u00e9e un peu \u00e0 l\u2019ext\u00e9rieur du centre-ville de Carthag\u00e8ne pour une excursion d\u2019une demi-journ\u00e9e. La visite commence dans une pirogue \u00e0 rames artisanale, conduite par un natif de la communaut\u00e9, vous entrerez par les tunnels de mangrove qui vous permettront de d\u00e9couvrir un \u00e9cosyst\u00e8me naturel unique, en \u00e9coutant les chants des oiseaux et les l\u00e9gendes locales. Nous assisterons \u00e0 une exp\u00e9rience d\u2019immersion des tambours et des rythmes traditionnels de la c\u00f4te cara\u00efbe colombienne, en participant activement \u00e0 l\u2019atelier de jeu de tambours tels que l\u2019alegre, le llamador et le tambora qui vous permettra d\u2019interpr\u00e9ter des airs traditionnels tels que&nbsp;: La Cumbia, El Bullerengue, El Mapal\u00e9 et La Champeta. Une exp\u00e9rience d\u2019apprentissage des instruments qui ont marqu\u00e9 l\u2019histoire colombienne Le retour de la visite de la mangrove se fait dans l\u2019apr\u00e8s-midi.<\/p>\n","protected":false},"excerpt":{"rendered":"<p><b>COMPREND: <\/b><br \/>\nTransport priv\u00e9 4 heures<br \/>\nGuide\/h\u00f4te autochtone.<br \/>\nTambour des Cara\u00efbes jouant diff\u00e9rents rythmes tels que Cumbia, Bullerengue, Mapal\u00e9 etc.<br \/>\nExcursion en cano\u00eb \u00e0 travers les mangroves.<br \/>\nMinimum 2 personnes. <b>ENGAGER: <\/b><br \/>\nD\u00e9penses non sp\u00e9cifi\u00e9es dans le programme.<br \/>\nD\u00e9jeuner<\/p>\n<p><em><strong>Remarque : *Prix pour 1 personne s\u2019il vous pla\u00eet contactez-nous.<\/strong><\/em><br \/>\n<strong>Pour les groupes de 5 personnes ou plus Demandez votre code de r\u00e9duction !<\/strong><\/p>\n","protected":false},"featured_media":2629,"template":"","meta":{"_acf_changed":false,"site-sidebar-layout":"default","site-content-layout":"","ast-site-content-layout":"default","site-content-style":"default","site-sidebar-style":"default","ast-global-header-display":"","ast-banner-title-visibility":"","ast-main-header-display":"","ast-hfb-above-header-display":"","ast-hfb-below-header-display":"","ast-hfb-mobile-header-display":"","site-post-title":"","ast-breadcrumbs-content":"","ast-featured-img":"","footer-sml-layout":"","ast-disable-related-posts":"","theme-transparent-header-meta":"default","adv-header-id-meta":"","stick-header-meta":"","header-above-stick-meta":"","header-main-stick-meta":"","header-below-stick-meta":"","astra-migrate-meta-layouts":"default","ast-page-background-enabled":"default","ast-page-background-meta":{"desktop":{"background-color":"var(--ast-global-color-4)","background-image":"","background-repeat":"repeat","background-position":"center center","background-size":"auto","background-attachment":"scroll","background-type":"","background-media":"","overlay-type":"","overlay-color":"","overlay-opacity":"","overlay-gradient":""},"tablet":{"background-color":"","background-image":"","background-repeat":"repeat","background-position":"center center","background-size":"auto","background-attachment":"scroll","background-type":"","background-media":"","overlay-type":"","overlay-color":"","overlay-opacity":"","overlay-gradient":""},"mobile":{"background-color":"","background-image":"","background-repeat":"repeat","background-position":"center center","background-size":"auto","background-attachment":"scroll","background-type":"","background-media":"","overlay-type":"","overlay-color":"","overlay-opacity":"","overlay-gradient":""}},"ast-content-background-meta":{"desktop":{"background-color":"var(--ast-global-color-5)","background-image":"","background-repeat":"repeat","background-position":"center center","background-size":"auto","background-attachment":"scroll","background-type":"","background-media":"","overlay-type":"","overlay-color":"","overlay-opacity":"","overlay-gradient":""},"tablet":{"background-color":"var(--ast-global-color-5)","background-image":"","background-repeat":"repeat","background-position":"center center","background-size":"auto","background-attachment":"scroll","background-type":"","background-media":"","overlay-type":"","overlay-color":"","overlay-opacity":"","overlay-gradient":""},"mobile":{"background-color":"var(--ast-global-color-5)","background-image":"","background-repeat":"repeat","background-position":"center center","background-size":"auto","background-attachment":"scroll","background-type":"","background-media":"","overlay-type":"","overlay-color":"","overlay-opacity":"","overlay-gradient":""}},"_joinchat":[]},"product_brand":[],"product_cat":[268,273],"product_tag":[424,433,442],"class_list":{"0":"post-4999","1":"product","2":"type-product","3":"status-publish","4":"has-post-thumbnail","6":"product_cat-carthagene","7":"product_cat-visite-de-la-mangrove","8":"product_tag-culturel","9":"product_tag-faune","10":"product_tag-nature-fr","11":"desktop-align-left","12":"tablet-align-left","13":"mobile-align-left","15":"first","16":"instock","17":"shipping-taxable","18":"product-type-simple"},"acf":[],"_links":{"self":[{"href":"https:\/\/tresorcolombien.com\/fr\/wp-json\/wp\/v2\/product\/4999","targetHints":{"allow":["GET"]}}],"collection":[{"href":"https:\/\/tresorcolombien.com\/fr\/wp-json\/wp\/v2\/product"}],"about":[{"href":"https:\/\/tresorcolombien.com\/fr\/wp-json\/wp\/v2\/types\/product"}],"version-history":[{"count":1,"href":"https:\/\/tresorcolombien.com\/fr\/wp-json\/wp\/v2\/product\/4999\/revisions"}],"predecessor-version":[{"id":5408,"href":"https:\/\/tresorcolombien.com\/fr\/wp-json\/wp\/v2\/product\/4999\/revisions\/5408"}],"wp:featuredmedia":[{"embeddable":true,"href":"https:\/\/tresorcolombien.com\/fr\/wp-json\/wp\/v2\/media\/2629"}],"wp:attachment":[{"href":"https:\/\/tresorcolombien.com\/fr\/wp-json\/wp\/v2\/media?parent=4999"}],"wp:term":[{"taxonomy":"product_brand","embeddable":true,"href":"https:\/\/tresorcolombien.com\/fr\/wp-json\/wp\/v2\/product_brand?post=4999"},{"taxonomy":"product_cat","embeddable":true,"href":"https:\/\/tresorcolombien.com\/fr\/wp-json\/wp\/v2\/product_cat?post=4999"},{"taxonomy":"product_tag","embeddable":true,"href":"https:\/\/tresorcolombien.com\/fr\/wp-json\/wp\/v2\/product_tag?post=4999"}],"curies":[{"name":"wp","href":"https:\/\/api.w.org\/{rel}","templated":true}]}}