{"id":5000,"date":"2024-11-13T16:08:30","date_gmt":"2024-11-13T21:08:30","guid":{"rendered":"https:\/\/tresorcolombien.com\/producto\/le-paradis-des-papillons-butterfly-garden\/"},"modified":"2025-01-14T07:49:05","modified_gmt":"2025-01-14T12:49:05","slug":"le-paradis-des-papillons-butterfly-garden","status":"publish","type":"product","link":"https:\/\/tresorcolombien.com\/fr\/producto\/le-paradis-des-papillons-butterfly-garden\/","title":{"rendered":"Le paradis des papillons \u00ab&nbsp;Butterfly Garden&nbsp;\u00bb"},"content":{"rendered":"<p style=\"text-align: justify;\">Le paradis des papillons \u00ab&nbsp;Butterfly Garden&nbsp;\u00bb.  <b><\/b><span style=\"font-weight: 400;\">Une visite au Jardin Botanique permet de d\u00e9couvrir de nombreuses esp\u00e8ces v\u00e9g\u00e9tales \u00e9tonnantes comme le bambou, les fleurs tropicales ou encore la multitude de vari\u00e9t\u00e9s de palmiers.  <\/span><span style=\"font-weight: 400;\">A voir aussi l\u2019immense maison des papillons, point d\u2019orgue de la visite. Voir certaines esp\u00e8ces \u00e9voluer plus color\u00e9es et surprenantes que d\u2019autres, le clou de la visite, voir \u00e9voluer des esp\u00e8ces plus color\u00e9es et mutuellement surprenantes. <\/span><\/p>\n","protected":false},"excerpt":{"rendered":"<p><strong>INCLUS:<\/strong><\/p>\n<p><span style=\"font-weight: 400;\">Visite du jardin des papillons.<br \/>\n<\/span><span style=\"font-weight: 400;\">Guide d\u2019accueil hispanophone.<br \/>\n<\/span><span style=\"font-weight: 400;\">Transport aller-retour depuis le Salento.<\/span><\/p>\n<p><strong>NON INCLUS:<br \/>\n<\/strong>D\u00e9penses non sp\u00e9cifi\u00e9es dans le programme.<\/p>\n","protected":false},"featured_media":2647,"template":"","meta":{"_acf_changed":false,"site-sidebar-layout":"default","site-content-layout":"","ast-site-content-layout":"default","site-content-style":"default","site-sidebar-style":"default","ast-global-header-display":"","ast-banner-title-visibility":"","ast-main-header-display":"","ast-hfb-above-header-display":"","ast-hfb-below-header-display":"","ast-hfb-mobile-header-display":"","site-post-title":"","ast-breadcrumbs-content":"","ast-featured-img":"","footer-sml-layout":"","ast-disable-related-posts":"","theme-transparent-header-meta":"default","adv-header-id-meta":"","stick-header-meta":"","header-above-stick-meta":"","header-main-stick-meta":"","header-below-stick-meta":"","astra-migrate-meta-layouts":"default","ast-page-background-enabled":"default","ast-page-background-meta":{"desktop":{"background-color":"var(--ast-global-color-4)","background-image":"","background-repeat":"repeat","background-position":"center center","background-size":"auto","background-attachment":"scroll","background-type":"","background-media":"","overlay-type":"","overlay-color":"","overlay-opacity":"","overlay-gradient":""},"tablet":{"background-color":"","background-image":"","background-repeat":"repeat","background-position":"center center","background-size":"auto","background-attachment":"scroll","background-type":"","background-media":"","overlay-type":"","overlay-color":"","overlay-opacity":"","overlay-gradient":""},"mobile":{"background-color":"","background-image":"","background-repeat":"repeat","background-position":"center center","background-size":"auto","background-attachment":"scroll","background-type":"","background-media":"","overlay-type":"","overlay-color":"","overlay-opacity":"","overlay-gradient":""}},"ast-content-background-meta":{"desktop":{"background-color":"var(--ast-global-color-5)","background-image":"","background-repeat":"repeat","background-position":"center center","background-size":"auto","background-attachment":"scroll","background-type":"","background-media":"","overlay-type":"","overlay-color":"","overlay-opacity":"","overlay-gradient":""},"tablet":{"background-color":"var(--ast-global-color-5)","background-image":"","background-repeat":"repeat","background-position":"center center","background-size":"auto","background-attachment":"scroll","background-type":"","background-media":"","overlay-type":"","overlay-color":"","overlay-opacity":"","overlay-gradient":""},"mobile":{"background-color":"var(--ast-global-color-5)","background-image":"","background-repeat":"repeat","background-position":"center center","background-size":"auto","background-attachment":"scroll","background-type":"","background-media":"","overlay-type":"","overlay-color":"","overlay-opacity":"","overlay-gradient":""}},"_joinchat":[]},"product_brand":[],"product_cat":[275,276],"product_tag":[433,442],"class_list":{"0":"post-5000","1":"product","2":"type-product","3":"status-publish","4":"has-post-thumbnail","6":"product_cat-cafe","7":"product_cat-le-paradis-des-papillons","8":"product_tag-faune","9":"product_tag-nature-fr","10":"desktop-align-left","11":"tablet-align-left","12":"mobile-align-left","14":"first","15":"instock","16":"shipping-taxable","17":"purchasable","18":"product-type-simple"},"acf":[],"_links":{"self":[{"href":"https:\/\/tresorcolombien.com\/fr\/wp-json\/wp\/v2\/product\/5000","targetHints":{"allow":["GET"]}}],"collection":[{"href":"https:\/\/tresorcolombien.com\/fr\/wp-json\/wp\/v2\/product"}],"about":[{"href":"https:\/\/tresorcolombien.com\/fr\/wp-json\/wp\/v2\/types\/product"}],"version-history":[{"count":1,"href":"https:\/\/tresorcolombien.com\/fr\/wp-json\/wp\/v2\/product\/5000\/revisions"}],"predecessor-version":[{"id":5407,"href":"https:\/\/tresorcolombien.com\/fr\/wp-json\/wp\/v2\/product\/5000\/revisions\/5407"}],"wp:featuredmedia":[{"embeddable":true,"href":"https:\/\/tresorcolombien.com\/fr\/wp-json\/wp\/v2\/media\/2647"}],"wp:attachment":[{"href":"https:\/\/tresorcolombien.com\/fr\/wp-json\/wp\/v2\/media?parent=5000"}],"wp:term":[{"taxonomy":"product_brand","embeddable":true,"href":"https:\/\/tresorcolombien.com\/fr\/wp-json\/wp\/v2\/product_brand?post=5000"},{"taxonomy":"product_cat","embeddable":true,"href":"https:\/\/tresorcolombien.com\/fr\/wp-json\/wp\/v2\/product_cat?post=5000"},{"taxonomy":"product_tag","embeddable":true,"href":"https:\/\/tresorcolombien.com\/fr\/wp-json\/wp\/v2\/product_tag?post=5000"}],"curies":[{"name":"wp","href":"https:\/\/api.w.org\/{rel}","templated":true}]}}