{"id":5004,"date":"2024-11-13T16:08:18","date_gmt":"2024-11-13T21:08:18","guid":{"rendered":"https:\/\/tresorcolombien.com\/producto\/peche-au-crabe-et-visite-de-la-cuisine-locale-carthagene\/"},"modified":"2025-01-15T04:20:06","modified_gmt":"2025-01-15T09:20:06","slug":"peche-au-crabe-et-visite-de-la-cuisine-locale-carthagene","status":"publish","type":"product","link":"https:\/\/tresorcolombien.com\/fr\/producto\/peche-au-crabe-et-visite-de-la-cuisine-locale-carthagene\/","title":{"rendered":"P\u00eache au crabe et visite de la cuisine locale Carthag\u00e8ne"},"content":{"rendered":"<p>P\u00eache aux crabes \u00e0 la boquilla. En plus de la visite du village de p\u00eacheurs et de l&rsquo;excursion en cano\u00eb, vous partirez avec l&rsquo;un des p\u00eacheurs du village pour apprendre les secrets de la p\u00eache traditionnelle.<\/p>\n<p>Vous serez en contact direct avec la population autochtone du village de p\u00eacheurs et vous apprendrez \u00e0 installer les filets de p\u00eache et les cages \u00e0 crabes, puis vous aiderez \u00e0 pr\u00e9parer les crabes et leurs accompagnements traditionnels de la c\u00f4te cara\u00efbe (riz \u00e0 la noix de coco et patacones, plantain). Apr\u00e8s le d\u00e9jeuner, vous pourrez vous d\u00e9tendre tranquillement sur la plage.<\/p>\n","protected":false},"excerpt":{"rendered":"<p>INCLUS :<br \/>\nTransport fluvial.<br \/>\nGuide autochtone (p\u00eacheur).<br \/>\nInitiation \u00e0 la p\u00eache dans le marais.<br \/>\nArmement en mat\u00e9riel de p\u00eache (casiers \u00e0 crabes et filets).<br \/>\nJourn\u00e9e de p\u00eache dans le marais (crabes et poissons).<br \/>\nParticipation \u00e0 la pr\u00e9paration des crabes.<br \/>\nD\u00e9jeuner traditionnel.<br \/>\nTemps pass\u00e9 dans le hamac.<br \/>\nNON INCLUS :<br \/>\nLe transport.<br \/>\nD\u00e9penses non sp\u00e9cifi\u00e9es dans le programme.<\/p>\n<p>Note:*Prix pour 1 Pax nous contacter.<br \/>\nPour les groupes de 5 personnes ou plus, demandez votre code de r\u00e9duction!<\/p>\n","protected":false},"featured_media":2635,"template":"","meta":{"_acf_changed":false,"site-sidebar-layout":"default","site-content-layout":"","ast-site-content-layout":"default","site-content-style":"default","site-sidebar-style":"default","ast-global-header-display":"","ast-banner-title-visibility":"","ast-main-header-display":"","ast-hfb-above-header-display":"","ast-hfb-below-header-display":"","ast-hfb-mobile-header-display":"","site-post-title":"","ast-breadcrumbs-content":"","ast-featured-img":"","footer-sml-layout":"","ast-disable-related-posts":"","theme-transparent-header-meta":"default","adv-header-id-meta":"","stick-header-meta":"","header-above-stick-meta":"","header-main-stick-meta":"","header-below-stick-meta":"","astra-migrate-meta-layouts":"default","ast-page-background-enabled":"default","ast-page-background-meta":{"desktop":{"background-color":"var(--ast-global-color-4)","background-image":"","background-repeat":"repeat","background-position":"center center","background-size":"auto","background-attachment":"scroll","background-type":"","background-media":"","overlay-type":"","overlay-color":"","overlay-opacity":"","overlay-gradient":""},"tablet":{"background-color":"","background-image":"","background-repeat":"repeat","background-position":"center center","background-size":"auto","background-attachment":"scroll","background-type":"","background-media":"","overlay-type":"","overlay-color":"","overlay-opacity":"","overlay-gradient":""},"mobile":{"background-color":"","background-image":"","background-repeat":"repeat","background-position":"center center","background-size":"auto","background-attachment":"scroll","background-type":"","background-media":"","overlay-type":"","overlay-color":"","overlay-opacity":"","overlay-gradient":""}},"ast-content-background-meta":{"desktop":{"background-color":"var(--ast-global-color-5)","background-image":"","background-repeat":"repeat","background-position":"center center","background-size":"auto","background-attachment":"scroll","background-type":"","background-media":"","overlay-type":"","overlay-color":"","overlay-opacity":"","overlay-gradient":""},"tablet":{"background-color":"var(--ast-global-color-5)","background-image":"","background-repeat":"repeat","background-position":"center center","background-size":"auto","background-attachment":"scroll","background-type":"","background-media":"","overlay-type":"","overlay-color":"","overlay-opacity":"","overlay-gradient":""},"mobile":{"background-color":"var(--ast-global-color-5)","background-image":"","background-repeat":"repeat","background-position":"center center","background-size":"auto","background-attachment":"scroll","background-type":"","background-media":"","overlay-type":"","overlay-color":"","overlay-opacity":"","overlay-gradient":""}},"_joinchat":[]},"product_brand":[],"product_cat":[268,274],"product_tag":[424,436,445],"class_list":{"0":"post-5004","1":"product","2":"type-product","3":"status-publish","4":"has-post-thumbnail","6":"product_cat-carthagene","7":"product_cat-excursion-de-peche-au-crabe","8":"product_tag-culturel","9":"product_tag-gastronomie","10":"product_tag-soleil-et-plage","11":"desktop-align-left","12":"tablet-align-left","13":"mobile-align-left","15":"first","16":"instock","17":"shipping-taxable","18":"product-type-simple"},"acf":[],"_links":{"self":[{"href":"https:\/\/tresorcolombien.com\/fr\/wp-json\/wp\/v2\/product\/5004","targetHints":{"allow":["GET"]}}],"collection":[{"href":"https:\/\/tresorcolombien.com\/fr\/wp-json\/wp\/v2\/product"}],"about":[{"href":"https:\/\/tresorcolombien.com\/fr\/wp-json\/wp\/v2\/types\/product"}],"version-history":[{"count":1,"href":"https:\/\/tresorcolombien.com\/fr\/wp-json\/wp\/v2\/product\/5004\/revisions"}],"predecessor-version":[{"id":5462,"href":"https:\/\/tresorcolombien.com\/fr\/wp-json\/wp\/v2\/product\/5004\/revisions\/5462"}],"wp:featuredmedia":[{"embeddable":true,"href":"https:\/\/tresorcolombien.com\/fr\/wp-json\/wp\/v2\/media\/2635"}],"wp:attachment":[{"href":"https:\/\/tresorcolombien.com\/fr\/wp-json\/wp\/v2\/media?parent=5004"}],"wp:term":[{"taxonomy":"product_brand","embeddable":true,"href":"https:\/\/tresorcolombien.com\/fr\/wp-json\/wp\/v2\/product_brand?post=5004"},{"taxonomy":"product_cat","embeddable":true,"href":"https:\/\/tresorcolombien.com\/fr\/wp-json\/wp\/v2\/product_cat?post=5004"},{"taxonomy":"product_tag","embeddable":true,"href":"https:\/\/tresorcolombien.com\/fr\/wp-json\/wp\/v2\/product_tag?post=5004"}],"curies":[{"name":"wp","href":"https:\/\/api.w.org\/{rel}","templated":true}]}}