{"id":3641,"date":"2024-10-22T18:39:29","date_gmt":"2024-10-22T23:39:29","guid":{"rendered":"https:\/\/tresorcolombien.com\/sostenibilita\/"},"modified":"2025-01-30T04:13:06","modified_gmt":"2025-01-30T09:13:06","slug":"sostenibilita","status":"publish","type":"page","link":"https:\/\/tresorcolombien.com\/it\/sostenibilita\/","title":{"rendered":"Sostenibilit\u00e0"},"content":{"rendered":"\t\t<div data-elementor-type=\"wp-page\" data-elementor-id=\"3641\" class=\"elementor elementor-3641 elementor-38\" data-elementor-post-type=\"page\">\n\t\t\t\t<div class=\"elementor-element elementor-element-38cfe45a e-con-full e-flex e-con e-parent\" data-id=\"38cfe45a\" data-element_type=\"container\" data-e-type=\"container\" data-settings=\"{&quot;sticky&quot;:&quot;top&quot;,&quot;sticky_offset&quot;:90,&quot;background_background&quot;:&quot;classic&quot;,&quot;sticky_on&quot;:[&quot;desktop&quot;,&quot;tablet&quot;,&quot;mobile&quot;],&quot;sticky_effects_offset&quot;:0,&quot;sticky_anchor_link_offset&quot;:0}\">\n\t\t\t\t<div class=\"elementor-element elementor-element-acfcc3a elementor-hidden-desktop elementor-widget elementor-widget-spacer\" data-id=\"acfcc3a\" data-element_type=\"widget\" data-e-type=\"widget\" data-widget_type=\"spacer.default\">\n\t\t\t\t<div class=\"elementor-widget-container\">\n\t\t\t\t\t\t\t<div class=\"elementor-spacer\">\n\t\t\t<div class=\"elementor-spacer-inner\"><\/div>\n\t\t<\/div>\n\t\t\t\t\t\t<\/div>\n\t\t\t\t<\/div>\n\t\t\t\t<div class=\"elementor-element elementor-element-6c18c2b6 elementor-nav-menu__align-center elementor-nav-menu--dropdown-tablet elementor-nav-menu__text-align-aside elementor-nav-menu--toggle elementor-nav-menu--burger elementor-widget elementor-widget-nav-menu\" data-id=\"6c18c2b6\" data-element_type=\"widget\" data-e-type=\"widget\" data-settings=\"{&quot;sticky&quot;:&quot;top&quot;,&quot;sticky_offset&quot;:100,&quot;layout&quot;:&quot;horizontal&quot;,&quot;submenu_icon&quot;:{&quot;value&quot;:&quot;&lt;svg aria-hidden=\\&quot;true\\&quot; class=\\&quot;e-font-icon-svg e-fas-caret-down\\&quot; viewBox=\\&quot;0 0 320 512\\&quot; xmlns=\\&quot;http:\\\/\\\/www.w3.org\\\/2000\\\/svg\\&quot;&gt;&lt;path d=\\&quot;M31.3 192h257.3c17.8 0 26.7 21.5 14.1 34.1L174.1 354.8c-7.8 7.8-20.5 7.8-28.3 0L17.2 226.1C4.6 213.5 13.5 192 31.3 192z\\&quot;&gt;&lt;\\\/path&gt;&lt;\\\/svg&gt;&quot;,&quot;library&quot;:&quot;fa-solid&quot;},&quot;toggle&quot;:&quot;burger&quot;,&quot;sticky_on&quot;:[&quot;desktop&quot;,&quot;tablet&quot;,&quot;mobile&quot;],&quot;sticky_effects_offset&quot;:0,&quot;sticky_anchor_link_offset&quot;:0}\" data-widget_type=\"nav-menu.default\">\n\t\t\t\t<div class=\"elementor-widget-container\">\n\t\t\t\t\t\t\t\t<nav aria-label=\"Menu\" class=\"elementor-nav-menu--main elementor-nav-menu__container elementor-nav-menu--layout-horizontal e--pointer-none\">\n\t\t\t\t<ul id=\"menu-1-6c18c2b6\" class=\"elementor-nav-menu\"><li class=\"menu-item menu-item-type-post_type menu-item-object-page menu-item-4106\"><a href=\"https:\/\/tresorcolombien.com\/it\/sostenibilita\/rischi-sociali\/\" class=\"elementor-item menu-link\">Rischi sociali<\/a><\/li>\n<li class=\"menu-item menu-item-type-post_type menu-item-object-page menu-item-4107\"><a href=\"https:\/\/tresorcolombien.com\/it\/sostenibilita\/procedure-consigliate\/\" class=\"elementor-item menu-link\">Procedure consigliate<\/a><\/li>\n<li class=\"menu-item menu-item-type-post_type menu-item-object-page menu-item-4108\"><a href=\"https:\/\/tresorcolombien.com\/it\/sostenibilita\/formalizzazione-turismo\/\" class=\"elementor-item menu-link\">Formalizzazione Turismo<\/a><\/li>\n<li class=\"menu-item menu-item-type-post_type menu-item-object-page menu-item-4109\"><a href=\"https:\/\/tresorcolombien.com\/it\/sostenibilita\/turista-responsabile\/\" class=\"elementor-item menu-link\">Turista responsabile<\/a><\/li>\n<li class=\"menu-item menu-item-type-post_type menu-item-object-page menu-item-4110\"><a href=\"https:\/\/tresorcolombien.com\/it\/sostenibilita\/patrimonio-culturale\/\" class=\"elementor-item menu-link\">Patrimonio culturale<\/a><\/li>\n<li class=\"menu-item menu-item-type-post_type menu-item-object-page menu-item-4111\"><a href=\"https:\/\/tresorcolombien.com\/it\/sostenibilita\/biodiversita\/\" class=\"elementor-item menu-link\">Biodiversit\u00e0<\/a><\/li>\n<li class=\"menu-item menu-item-type-post_type menu-item-object-page menu-item-4112\"><a href=\"https:\/\/tresorcolombien.com\/it\/sostenibilita\/biosicurezza\/\" class=\"elementor-item menu-link\">Biosicurezza<\/a><\/li>\n<\/ul>\t\t\t<\/nav>\n\t\t\t\t\t<div class=\"elementor-menu-toggle\" role=\"button\" tabindex=\"0\" aria-label=\"Menu di commutazione\" aria-expanded=\"false\">\n\t\t\t<svg aria-hidden=\"true\" role=\"presentation\" class=\"elementor-menu-toggle__icon--open e-font-icon-svg e-eicon-menu-bar\" viewBox=\"0 0 1000 1000\" xmlns=\"http:\/\/www.w3.org\/2000\/svg\"><path d=\"M104 333H896C929 333 958 304 958 271S929 208 896 208H104C71 208 42 237 42 271S71 333 104 333ZM104 583H896C929 583 958 554 958 521S929 458 896 458H104C71 458 42 487 42 521S71 583 104 583ZM104 833H896C929 833 958 804 958 771S929 708 896 708H104C71 708 42 737 42 771S71 833 104 833Z\"><\/path><\/svg><svg aria-hidden=\"true\" role=\"presentation\" class=\"elementor-menu-toggle__icon--close e-font-icon-svg e-eicon-close\" viewBox=\"0 0 1000 1000\" xmlns=\"http:\/\/www.w3.org\/2000\/svg\"><path d=\"M742 167L500 408 258 167C246 154 233 150 217 150 196 150 179 158 167 167 154 179 150 196 150 212 150 229 154 242 171 254L408 500 167 742C138 771 138 800 167 829 196 858 225 858 254 829L496 587 738 829C750 842 767 846 783 846 800 846 817 842 829 829 842 817 846 804 846 783 846 767 842 750 829 737L588 500 833 258C863 229 863 200 833 171 804 137 775 137 742 167Z\"><\/path><\/svg>\t\t<\/div>\n\t\t\t\t\t<nav class=\"elementor-nav-menu--dropdown elementor-nav-menu__container\" aria-hidden=\"true\">\n\t\t\t\t<ul id=\"menu-2-6c18c2b6\" class=\"elementor-nav-menu\"><li class=\"menu-item menu-item-type-post_type menu-item-object-page menu-item-4106\"><a href=\"https:\/\/tresorcolombien.com\/it\/sostenibilita\/rischi-sociali\/\" class=\"elementor-item menu-link\" tabindex=\"-1\">Rischi sociali<\/a><\/li>\n<li class=\"menu-item menu-item-type-post_type menu-item-object-page menu-item-4107\"><a href=\"https:\/\/tresorcolombien.com\/it\/sostenibilita\/procedure-consigliate\/\" class=\"elementor-item menu-link\" tabindex=\"-1\">Procedure consigliate<\/a><\/li>\n<li class=\"menu-item menu-item-type-post_type menu-item-object-page menu-item-4108\"><a href=\"https:\/\/tresorcolombien.com\/it\/sostenibilita\/formalizzazione-turismo\/\" class=\"elementor-item menu-link\" tabindex=\"-1\">Formalizzazione Turismo<\/a><\/li>\n<li class=\"menu-item menu-item-type-post_type menu-item-object-page menu-item-4109\"><a href=\"https:\/\/tresorcolombien.com\/it\/sostenibilita\/turista-responsabile\/\" class=\"elementor-item menu-link\" tabindex=\"-1\">Turista responsabile<\/a><\/li>\n<li class=\"menu-item menu-item-type-post_type menu-item-object-page menu-item-4110\"><a href=\"https:\/\/tresorcolombien.com\/it\/sostenibilita\/patrimonio-culturale\/\" class=\"elementor-item menu-link\" tabindex=\"-1\">Patrimonio culturale<\/a><\/li>\n<li class=\"menu-item menu-item-type-post_type menu-item-object-page menu-item-4111\"><a href=\"https:\/\/tresorcolombien.com\/it\/sostenibilita\/biodiversita\/\" class=\"elementor-item menu-link\" tabindex=\"-1\">Biodiversit\u00e0<\/a><\/li>\n<li class=\"menu-item menu-item-type-post_type menu-item-object-page menu-item-4112\"><a href=\"https:\/\/tresorcolombien.com\/it\/sostenibilita\/biosicurezza\/\" class=\"elementor-item menu-link\" tabindex=\"-1\">Biosicurezza<\/a><\/li>\n<\/ul>\t\t\t<\/nav>\n\t\t\t\t\t\t<\/div>\n\t\t\t\t<\/div>\n\t\t\t\t<\/div>\n\t\t<div class=\"elementor-element elementor-element-53d65f4d e-con-full e-flex e-con e-parent\" data-id=\"53d65f4d\" data-element_type=\"container\" data-e-type=\"container\" data-settings=\"{&quot;background_background&quot;:&quot;classic&quot;}\">\n\t\t\t\t<div class=\"elementor-element elementor-element-611b9545 elementor-widget elementor-widget-heading\" data-id=\"611b9545\" data-element_type=\"widget\" data-e-type=\"widget\" data-widget_type=\"heading.default\">\n\t\t\t\t<div class=\"elementor-widget-container\">\n\t\t\t\t\t<h2 class=\"elementor-heading-title elementor-size-default\">SOSTENIBILIT\u00c0 <br>AGENZIA TRESOR COLOMBIEN<\/h2>\t\t\t\t<\/div>\n\t\t\t\t<\/div>\n\t\t\t\t<\/div>\n\t\t<div class=\"elementor-element elementor-element-5955e836 e-con-full e-flex e-con e-parent\" data-id=\"5955e836\" data-element_type=\"container\" data-e-type=\"container\" data-settings=\"{&quot;background_background&quot;:&quot;classic&quot;}\">\n\t\t\t\t<div class=\"elementor-element elementor-element-4bbb33b3 elementor-widget elementor-widget-heading\" data-id=\"4bbb33b3\" data-element_type=\"widget\" data-e-type=\"widget\" data-widget_type=\"heading.default\">\n\t\t\t\t<div class=\"elementor-widget-container\">\n\t\t\t\t\t<h2 class=\"elementor-heading-title elementor-size-default\">POLITICA DI SOSTENIBILIT\u00c0<\/h2>\t\t\t\t<\/div>\n\t\t\t\t<\/div>\n\t\t\t\t<\/div>\n\t\t<div class=\"elementor-element elementor-element-7509494 e-flex e-con-boxed e-con e-parent\" data-id=\"7509494\" data-element_type=\"container\" data-e-type=\"container\">\n\t\t\t\t\t<div class=\"e-con-inner\">\n\t\t\t\t<div class=\"elementor-element elementor-element-46e3bd7b elementor-widget elementor-widget-text-editor\" data-id=\"46e3bd7b\" data-element_type=\"widget\" data-e-type=\"widget\" data-widget_type=\"text-editor.default\">\n\t\t\t\t<div class=\"elementor-widget-container\">\n\t\t\t\t\t\t\t\t\t<p dir=\"ltr\">Consapevoli dell&#8217;importanza di mantenere uno sviluppo turistico sostenibile, e tenendo conto della legislazione vigente in materia di turismo, ci impegniamo a realizzare una gestione sostenibile delle nostre attivit\u00e0, attraverso l&#8217;attuazione di processi volti a eliminare, mitigare e prevenire gli impatti negativi sull&#8217;ambiente circostante e ambientale delle destinazioni che commercializziamo, sulla loro cultura e biodiversit\u00e0 naturale, nonch\u00e9 sulle loro comunit\u00e0 locali.  in modo che i processi di sostenibilit\u00e0 in ambito turistico siano ottimizzati all&#8217;interno dell&#8217;Agenzia, diffondendo i nostri programmi e la nostra politica di sostenibilit\u00e0 con fornitori e collaboratori, nonch\u00e9 campagne e codici di comportamento e prevenzione contro CSEC.<\/p>\n<p dir=\"ltr\">Allo stesso modo, abbiamo adottato questa politica del turismo sostenibile, attraverso la quale ci impegniamo a rispettare i requisiti stabiliti nella Norma Tecnica Settoriale NTS-TS 003, che include i requisiti legali e la gestione e l&#8217;attuazione di buone pratiche di turismo sostenibile. \u00c8 cos\u00ec che ci impegniamo a motivare e formare il nostro personale con azioni di formazione e sensibilizzazione sui principi del turismo sostenibile, a promuovere buone pratiche ambientali nell&#8217;ambiente, a partecipare ad attivit\u00e0 esterne e a riferire sia internamente che esternamente sui progressi e sulle azioni sostenibili dell&#8217;agenzia. <\/p>\n<p dir=\"ltr\">Uno dei nostri principali obiettivi \u00e8 quello di migliorare la gestione sostenibile, assumendo gli impegni del miglioramento continuo in tutti gli ambiti della sostenibilit\u00e0: socio-culturale, economica e ambientale, nonch\u00e9 della soddisfazione del cliente. A tal fine, agir\u00e0 secondo criteri di sostenibilit\u00e0 ed efficienza nell&#8217;uso delle risorse nelle diverse attivit\u00e0 e operazioni dell&#8217;agenzia, nonch\u00e9 nelle sue sedi operative. <\/p>\n\t\t\t\t\t\t\t\t<\/div>\n\t\t\t\t<\/div>\n\t\t\t\t\t<\/div>\n\t\t\t\t<\/div>\n\t\t<div class=\"elementor-element elementor-element-3689bcc0 e-flex e-con-boxed e-con e-parent\" data-id=\"3689bcc0\" data-element_type=\"container\" data-e-type=\"container\" data-settings=\"{&quot;background_background&quot;:&quot;classic&quot;}\">\n\t\t\t\t\t<div class=\"e-con-inner\">\n\t\t\t\t<div class=\"elementor-element elementor-element-5cd24ab0 elementor-widget elementor-widget-heading\" data-id=\"5cd24ab0\" data-element_type=\"widget\" data-e-type=\"widget\" data-widget_type=\"heading.default\">\n\t\t\t\t<div class=\"elementor-widget-container\">\n\t\t\t\t\t<h2 class=\"elementor-heading-title elementor-size-default\">SIAMO MEMBRI DELL'ASSOCIAZIONE COLOMBIANA DEL TURISMO RESPONSABILE<\/h2>\t\t\t\t<\/div>\n\t\t\t\t<\/div>\n\t\t\t\t<div class=\"elementor-element elementor-element-53ec961f elementor-widget elementor-widget-image\" data-id=\"53ec961f\" data-element_type=\"widget\" data-e-type=\"widget\" data-widget_type=\"image.default\">\n\t\t\t\t<div class=\"elementor-widget-container\">\n\t\t\t\t\t\t\t\t\t\t\t\t\t\t\t\t<a href=\"https:\/\/www.acotur.co\/tresor-colombien\/\">\n\t\t\t\t\t\t\t<img fetchpriority=\"high\" decoding=\"async\" width=\"1024\" height=\"459\" src=\"https:\/\/tresorcolombien.com\/wp-content\/uploads\/2024\/11\/LogoAcotur-1024x459.png\" class=\"attachment-large size-large wp-image-2315\" alt=\"\" srcset=\"https:\/\/tresorcolombien.com\/wp-content\/uploads\/2024\/11\/LogoAcotur-1024x459.png 1024w, https:\/\/tresorcolombien.com\/wp-content\/uploads\/2024\/11\/LogoAcotur-600x269.png 600w, https:\/\/tresorcolombien.com\/wp-content\/uploads\/2024\/11\/LogoAcotur-300x135.png 300w, https:\/\/tresorcolombien.com\/wp-content\/uploads\/2024\/11\/LogoAcotur-768x345.png 768w, https:\/\/tresorcolombien.com\/wp-content\/uploads\/2024\/11\/LogoAcotur-1536x689.png 1536w, https:\/\/tresorcolombien.com\/wp-content\/uploads\/2024\/11\/LogoAcotur-2048x919.png 2048w\" sizes=\"(max-width: 1024px) 100vw, 1024px\" \/>\t\t\t\t\t\t\t\t<\/a>\n\t\t\t\t\t\t\t\t\t\t\t\t\t\t\t<\/div>\n\t\t\t\t<\/div>\n\t\t\t\t\t<\/div>\n\t\t\t\t<\/div>\n\t\t\t\t<\/div>\n\t\t","protected":false},"excerpt":{"rendered":"<p>SOSTENIBILIT\u00c0 AGENZIA TRESOR COLOMBIEN POLITICA DI SOSTENIBILIT\u00c0 Consapevoli dell&#8217;importanza di mantenere uno sviluppo turistico sostenibile, e tenendo conto della legislazione [&hellip;]<\/p>\n","protected":false},"author":1,"featured_media":0,"parent":0,"menu_order":0,"comment_status":"closed","ping_status":"closed","template":"","meta":{"_acf_changed":false,"site-sidebar-layout":"no-sidebar","site-content-layout":"","ast-site-content-layout":"full-width-container","site-content-style":"default","site-sidebar-style":"default","ast-global-header-display":"","ast-banner-title-visibility":"","ast-main-header-display":"","ast-hfb-above-header-display":"","ast-hfb-below-header-display":"","ast-hfb-mobile-header-display":"","site-post-title":"disabled","ast-breadcrumbs-content":"","ast-featured-img":"disabled","footer-sml-layout":"","ast-disable-related-posts":"","theme-transparent-header-meta":"","adv-header-id-meta":"","stick-header-meta":"","header-above-stick-meta":"","header-main-stick-meta":"","header-below-stick-meta":"","astra-migrate-meta-layouts":"default","ast-page-background-enabled":"default","ast-page-background-meta":{"desktop":{"background-color":"var(--ast-global-color-4)","background-image":"","background-repeat":"repeat","background-position":"center center","background-size":"auto","background-attachment":"scroll","background-type":"","background-media":"","overlay-type":"","overlay-color":"","overlay-opacity":"","overlay-gradient":""},"tablet":{"background-color":"","background-image":"","background-repeat":"repeat","background-position":"center center","background-size":"auto","background-attachment":"scroll","background-type":"","background-media":"","overlay-type":"","overlay-color":"","overlay-opacity":"","overlay-gradient":""},"mobile":{"background-color":"","background-image":"","background-repeat":"repeat","background-position":"center center","background-size":"auto","background-attachment":"scroll","background-type":"","background-media":"","overlay-type":"","overlay-color":"","overlay-opacity":"","overlay-gradient":""}},"ast-content-background-meta":{"desktop":{"background-color":"var(--ast-global-color-5)","background-image":"","background-repeat":"repeat","background-position":"center center","background-size":"auto","background-attachment":"scroll","background-type":"","background-media":"","overlay-type":"","overlay-color":"","overlay-opacity":"","overlay-gradient":""},"tablet":{"background-color":"var(--ast-global-color-5)","background-image":"","background-repeat":"repeat","background-position":"center center","background-size":"auto","background-attachment":"scroll","background-type":"","background-media":"","overlay-type":"","overlay-color":"","overlay-opacity":"","overlay-gradient":""},"mobile":{"background-color":"var(--ast-global-color-5)","background-image":"","background-repeat":"repeat","background-position":"center center","background-size":"auto","background-attachment":"scroll","background-type":"","background-media":"","overlay-type":"","overlay-color":"","overlay-opacity":"","overlay-gradient":""}},"_joinchat":[],"footnotes":""},"class_list":["post-3641","page","type-page","status-publish","hentry"],"acf":[],"_links":{"self":[{"href":"https:\/\/tresorcolombien.com\/it\/wp-json\/wp\/v2\/pages\/3641","targetHints":{"allow":["GET"]}}],"collection":[{"href":"https:\/\/tresorcolombien.com\/it\/wp-json\/wp\/v2\/pages"}],"about":[{"href":"https:\/\/tresorcolombien.com\/it\/wp-json\/wp\/v2\/types\/page"}],"author":[{"embeddable":true,"href":"https:\/\/tresorcolombien.com\/it\/wp-json\/wp\/v2\/users\/1"}],"replies":[{"embeddable":true,"href":"https:\/\/tresorcolombien.com\/it\/wp-json\/wp\/v2\/comments?post=3641"}],"version-history":[{"count":7,"href":"https:\/\/tresorcolombien.com\/it\/wp-json\/wp\/v2\/pages\/3641\/revisions"}],"predecessor-version":[{"id":5650,"href":"https:\/\/tresorcolombien.com\/it\/wp-json\/wp\/v2\/pages\/3641\/revisions\/5650"}],"wp:attachment":[{"href":"https:\/\/tresorcolombien.com\/it\/wp-json\/wp\/v2\/media?parent=3641"}],"curies":[{"name":"wp","href":"https:\/\/api.w.org\/{rel}","templated":true}]}}