{"id":3677,"date":"2024-10-22T19:00:18","date_gmt":"2024-10-23T00:00:18","guid":{"rendered":"https:\/\/tresorcolombien.com\/sostenibilita\/formalizzazione-turismo\/"},"modified":"2025-01-30T04:32:32","modified_gmt":"2025-01-30T09:32:32","slug":"formalizzazione-turismo","status":"publish","type":"page","link":"https:\/\/tresorcolombien.com\/it\/sostenibilita\/formalizzazione-turismo\/","title":{"rendered":"Formalizzazione Turismo"},"content":{"rendered":"\t\t<div data-elementor-type=\"wp-page\" data-elementor-id=\"3677\" class=\"elementor elementor-3677 elementor-49\" data-elementor-post-type=\"page\">\n\t\t\t\t<div class=\"elementor-element elementor-element-2bf101de e-con-full e-flex e-con e-parent\" data-id=\"2bf101de\" data-element_type=\"container\" data-e-type=\"container\" data-settings=\"{&quot;sticky&quot;:&quot;top&quot;,&quot;sticky_offset&quot;:90,&quot;background_background&quot;:&quot;classic&quot;,&quot;sticky_on&quot;:[&quot;desktop&quot;,&quot;tablet&quot;,&quot;mobile&quot;],&quot;sticky_effects_offset&quot;:0,&quot;sticky_anchor_link_offset&quot;:0}\">\n\t\t\t\t<div class=\"elementor-element elementor-element-869330b elementor-hidden-desktop elementor-widget elementor-widget-spacer\" data-id=\"869330b\" data-element_type=\"widget\" data-e-type=\"widget\" data-widget_type=\"spacer.default\">\n\t\t\t\t<div class=\"elementor-widget-container\">\n\t\t\t\t\t\t\t<div class=\"elementor-spacer\">\n\t\t\t<div class=\"elementor-spacer-inner\"><\/div>\n\t\t<\/div>\n\t\t\t\t\t\t<\/div>\n\t\t\t\t<\/div>\n\t\t\t\t<div class=\"elementor-element elementor-element-777d638e elementor-nav-menu__align-center elementor-nav-menu--dropdown-tablet elementor-nav-menu__text-align-aside elementor-nav-menu--toggle elementor-nav-menu--burger elementor-widget elementor-widget-nav-menu\" data-id=\"777d638e\" data-element_type=\"widget\" data-e-type=\"widget\" data-settings=\"{&quot;sticky&quot;:&quot;top&quot;,&quot;sticky_offset&quot;:100,&quot;layout&quot;:&quot;horizontal&quot;,&quot;submenu_icon&quot;:{&quot;value&quot;:&quot;&lt;svg aria-hidden=\\&quot;true\\&quot; class=\\&quot;e-font-icon-svg e-fas-caret-down\\&quot; viewBox=\\&quot;0 0 320 512\\&quot; xmlns=\\&quot;http:\\\/\\\/www.w3.org\\\/2000\\\/svg\\&quot;&gt;&lt;path d=\\&quot;M31.3 192h257.3c17.8 0 26.7 21.5 14.1 34.1L174.1 354.8c-7.8 7.8-20.5 7.8-28.3 0L17.2 226.1C4.6 213.5 13.5 192 31.3 192z\\&quot;&gt;&lt;\\\/path&gt;&lt;\\\/svg&gt;&quot;,&quot;library&quot;:&quot;fa-solid&quot;},&quot;toggle&quot;:&quot;burger&quot;,&quot;sticky_on&quot;:[&quot;desktop&quot;,&quot;tablet&quot;,&quot;mobile&quot;],&quot;sticky_effects_offset&quot;:0,&quot;sticky_anchor_link_offset&quot;:0}\" data-widget_type=\"nav-menu.default\">\n\t\t\t\t<div class=\"elementor-widget-container\">\n\t\t\t\t\t\t\t\t<nav aria-label=\"Menu\" class=\"elementor-nav-menu--main elementor-nav-menu__container elementor-nav-menu--layout-horizontal e--pointer-none\">\n\t\t\t\t<ul id=\"menu-1-777d638e\" class=\"elementor-nav-menu\"><li class=\"menu-item menu-item-type-post_type menu-item-object-page menu-item-4106\"><a href=\"https:\/\/tresorcolombien.com\/it\/sostenibilita\/rischi-sociali\/\" class=\"elementor-item menu-link\">Rischi sociali<\/a><\/li>\n<li class=\"menu-item menu-item-type-post_type menu-item-object-page menu-item-4107\"><a href=\"https:\/\/tresorcolombien.com\/it\/sostenibilita\/procedure-consigliate\/\" class=\"elementor-item menu-link\">Procedure consigliate<\/a><\/li>\n<li class=\"menu-item menu-item-type-post_type menu-item-object-page menu-item-4108\"><a href=\"https:\/\/tresorcolombien.com\/it\/sostenibilita\/formalizzazione-turismo\/\" class=\"elementor-item menu-link\">Formalizzazione Turismo<\/a><\/li>\n<li class=\"menu-item menu-item-type-post_type menu-item-object-page menu-item-4109\"><a href=\"https:\/\/tresorcolombien.com\/it\/sostenibilita\/turista-responsabile\/\" class=\"elementor-item menu-link\">Turista responsabile<\/a><\/li>\n<li class=\"menu-item menu-item-type-post_type menu-item-object-page menu-item-4110\"><a href=\"https:\/\/tresorcolombien.com\/it\/sostenibilita\/patrimonio-culturale\/\" class=\"elementor-item menu-link\">Patrimonio culturale<\/a><\/li>\n<li class=\"menu-item menu-item-type-post_type menu-item-object-page menu-item-4111\"><a href=\"https:\/\/tresorcolombien.com\/it\/sostenibilita\/biodiversita\/\" class=\"elementor-item menu-link\">Biodiversit\u00e0<\/a><\/li>\n<li class=\"menu-item menu-item-type-post_type menu-item-object-page menu-item-4112\"><a href=\"https:\/\/tresorcolombien.com\/it\/sostenibilita\/biosicurezza\/\" class=\"elementor-item menu-link\">Biosicurezza<\/a><\/li>\n<\/ul>\t\t\t<\/nav>\n\t\t\t\t\t<div class=\"elementor-menu-toggle\" role=\"button\" tabindex=\"0\" aria-label=\"Menu di commutazione\" aria-expanded=\"false\">\n\t\t\t<svg aria-hidden=\"true\" role=\"presentation\" class=\"elementor-menu-toggle__icon--open e-font-icon-svg e-eicon-menu-bar\" viewBox=\"0 0 1000 1000\" xmlns=\"http:\/\/www.w3.org\/2000\/svg\"><path d=\"M104 333H896C929 333 958 304 958 271S929 208 896 208H104C71 208 42 237 42 271S71 333 104 333ZM104 583H896C929 583 958 554 958 521S929 458 896 458H104C71 458 42 487 42 521S71 583 104 583ZM104 833H896C929 833 958 804 958 771S929 708 896 708H104C71 708 42 737 42 771S71 833 104 833Z\"><\/path><\/svg><svg aria-hidden=\"true\" role=\"presentation\" class=\"elementor-menu-toggle__icon--close e-font-icon-svg e-eicon-close\" viewBox=\"0 0 1000 1000\" xmlns=\"http:\/\/www.w3.org\/2000\/svg\"><path d=\"M742 167L500 408 258 167C246 154 233 150 217 150 196 150 179 158 167 167 154 179 150 196 150 212 150 229 154 242 171 254L408 500 167 742C138 771 138 800 167 829 196 858 225 858 254 829L496 587 738 829C750 842 767 846 783 846 800 846 817 842 829 829 842 817 846 804 846 783 846 767 842 750 829 737L588 500 833 258C863 229 863 200 833 171 804 137 775 137 742 167Z\"><\/path><\/svg>\t\t<\/div>\n\t\t\t\t\t<nav class=\"elementor-nav-menu--dropdown elementor-nav-menu__container\" aria-hidden=\"true\">\n\t\t\t\t<ul id=\"menu-2-777d638e\" class=\"elementor-nav-menu\"><li class=\"menu-item menu-item-type-post_type menu-item-object-page menu-item-4106\"><a href=\"https:\/\/tresorcolombien.com\/it\/sostenibilita\/rischi-sociali\/\" class=\"elementor-item menu-link\" tabindex=\"-1\">Rischi sociali<\/a><\/li>\n<li class=\"menu-item menu-item-type-post_type menu-item-object-page menu-item-4107\"><a href=\"https:\/\/tresorcolombien.com\/it\/sostenibilita\/procedure-consigliate\/\" class=\"elementor-item menu-link\" tabindex=\"-1\">Procedure consigliate<\/a><\/li>\n<li class=\"menu-item menu-item-type-post_type menu-item-object-page menu-item-4108\"><a href=\"https:\/\/tresorcolombien.com\/it\/sostenibilita\/formalizzazione-turismo\/\" class=\"elementor-item menu-link\" tabindex=\"-1\">Formalizzazione Turismo<\/a><\/li>\n<li class=\"menu-item menu-item-type-post_type menu-item-object-page menu-item-4109\"><a href=\"https:\/\/tresorcolombien.com\/it\/sostenibilita\/turista-responsabile\/\" class=\"elementor-item menu-link\" tabindex=\"-1\">Turista responsabile<\/a><\/li>\n<li class=\"menu-item menu-item-type-post_type menu-item-object-page menu-item-4110\"><a href=\"https:\/\/tresorcolombien.com\/it\/sostenibilita\/patrimonio-culturale\/\" class=\"elementor-item menu-link\" tabindex=\"-1\">Patrimonio culturale<\/a><\/li>\n<li class=\"menu-item menu-item-type-post_type menu-item-object-page menu-item-4111\"><a href=\"https:\/\/tresorcolombien.com\/it\/sostenibilita\/biodiversita\/\" class=\"elementor-item menu-link\" tabindex=\"-1\">Biodiversit\u00e0<\/a><\/li>\n<li class=\"menu-item menu-item-type-post_type menu-item-object-page menu-item-4112\"><a href=\"https:\/\/tresorcolombien.com\/it\/sostenibilita\/biosicurezza\/\" class=\"elementor-item menu-link\" tabindex=\"-1\">Biosicurezza<\/a><\/li>\n<\/ul>\t\t\t<\/nav>\n\t\t\t\t\t\t<\/div>\n\t\t\t\t<\/div>\n\t\t\t\t<\/div>\n\t\t<div class=\"elementor-element elementor-element-29607bd3 e-con-full e-flex e-con e-parent\" data-id=\"29607bd3\" data-element_type=\"container\" data-e-type=\"container\" data-settings=\"{&quot;background_background&quot;:&quot;classic&quot;}\">\n\t\t\t\t<div class=\"elementor-element elementor-element-201a0d08 elementor-widget elementor-widget-heading\" data-id=\"201a0d08\" data-element_type=\"widget\" data-e-type=\"widget\" data-widget_type=\"heading.default\">\n\t\t\t\t<div class=\"elementor-widget-container\">\n\t\t\t\t\t<h2 class=\"elementor-heading-title elementor-size-default\">FORMALIZZAZIONE E NORMALIZZAZIONE DEL TURISMO  <\/h2>\t\t\t\t<\/div>\n\t\t\t\t<\/div>\n\t\t\t\t<\/div>\n\t\t<div class=\"elementor-element elementor-element-26f07570 e-flex e-con-boxed e-con e-parent\" data-id=\"26f07570\" data-element_type=\"container\" data-e-type=\"container\">\n\t\t\t\t\t<div class=\"e-con-inner\">\n\t\t<div class=\"elementor-element elementor-element-41febe07 e-con-full e-flex e-con e-child\" data-id=\"41febe07\" data-element_type=\"container\" data-e-type=\"container\">\n\t\t\t\t<div class=\"elementor-element elementor-element-6983a4d5 elementor-widget__width-initial elementor-widget elementor-widget-image\" data-id=\"6983a4d5\" data-element_type=\"widget\" data-e-type=\"widget\" data-widget_type=\"image.default\">\n\t\t\t\t<div class=\"elementor-widget-container\">\n\t\t\t\t\t\t\t\t\t\t\t\t\t\t\t<img fetchpriority=\"high\" decoding=\"async\" width=\"518\" height=\"625\" src=\"https:\/\/tresorcolombien.com\/wp-content\/uploads\/2024\/11\/caja-herramientas-turismo.png\" class=\"attachment-large size-large wp-image-2396\" alt=\"\" srcset=\"https:\/\/tresorcolombien.com\/wp-content\/uploads\/2024\/11\/caja-herramientas-turismo.png 518w, https:\/\/tresorcolombien.com\/wp-content\/uploads\/2024\/11\/caja-herramientas-turismo-249x300.png 249w\" sizes=\"(max-width: 518px) 100vw, 518px\" \/>\t\t\t\t\t\t\t\t\t\t\t\t\t\t\t<\/div>\n\t\t\t\t<\/div>\n\t\t\t\t<\/div>\n\t\t<div class=\"elementor-element elementor-element-23d97f89 e-con-full e-flex e-con e-child\" data-id=\"23d97f89\" data-element_type=\"container\" data-e-type=\"container\">\n\t\t\t\t<div class=\"elementor-element elementor-element-4d7f9890 elementor-widget elementor-widget-text-editor\" data-id=\"4d7f9890\" data-element_type=\"widget\" data-e-type=\"widget\" data-widget_type=\"text-editor.default\">\n\t\t\t\t<div class=\"elementor-widget-container\">\n\t\t\t\t\t\t\t\t\t<p class=\"CDt4Ke zfr3Q\" dir=\"ltr\">Il turismo comprende tutte le attivit\u00e0 che le persone svolgono durante i loro viaggi. Per questo motivo, il suo intervento da parte della direzione pubblica deve contemplare tre aspetti cruciali: <\/p>\n<ul class=\"n8H08c UVNKR\">\n<li class=\"TYR86d zfr3Q\" dir=\"ltr\">\n<p class=\"CDt4Ke zfr3Q\" dir=\"ltr\">I servizi, le attivit\u00e0 e i prodotti offerti da un territorio per garantire in modo soddisfacente il soggiorno dei turisti.<\/p>\n<\/li>\n<li class=\"TYR86d zfr3Q\" dir=\"ltr\">\n<p class=\"CDt4Ke zfr3Q\" dir=\"ltr\">I bisogni, i desideri, le motivazioni e le possibilit\u00e0 che le persone hanno di viaggiare in un determinato territorio e poter trascorrere almeno un giorno in quella destinazione.<\/p>\n<\/li>\n<li class=\"TYR86d zfr3Q\" dir=\"ltr\">\n<p class=\"CDt4Ke zfr3Q\" dir=\"ltr\">La possibilit\u00e0 che il turismo genera per le persone di poter esercitare il proprio diritto alla ricreazione e all&#8217;uso del tempo libero.<\/p>\n<\/li>\n<\/ul>\n<p class=\"CDt4Ke zfr3Q\" dir=\"ltr\">Link completo al documento: <span class=\" aw5Odc\"><a class=\"XqQF9c\" href=\"https:\/\/www.google.com\/url?q=https%3A%2F%2Fwww.mincit.gov.co%2Fgetattachment%2Fminturismo%2Fcaja-de-herramientas%2Fcaja-de-herramientas%2Fturismofin.pdf.aspx&amp;sa=D&amp;sntz=1&amp;usg=AOvVaw3cHc8jtIqSl8LkIRZE8tUi\" target=\"_blank\" rel=\"noopener\">https:\/\/www.mincit.gov.co\/getattachment\/minturismo\/caja-de-herramientas\/caja-de-herramientas\/turismofin.pdf.aspx<\/a><\/span><\/p>\n<p class=\"CDt4Ke zfr3Q\" dir=\"ltr\">Fonte: <span class=\" aw5Odc\"><a class=\"XqQF9c\" href=\"http:\/\/www.google.com\/url?q=http%3A%2F%2Fwww.mincit.gov.co%2Fminturismo%2Fcaja-de-herramientas&amp;sa=D&amp;sntz=1&amp;usg=AOvVaw2ZNsacNZLF_gXCktZMqhpl\" target=\"_blank\" rel=\"noopener\">www.mincit.gov.co\/minturismo\/caja-de-herramientas<\/a><\/span><\/p>\n\t\t\t\t\t\t\t\t<\/div>\n\t\t\t\t<\/div>\n\t\t\t\t<\/div>\n\t\t\t\t\t<\/div>\n\t\t\t\t<\/div>\n\t\t<div class=\"elementor-element elementor-element-69938d2c e-flex e-con-boxed e-con e-parent\" data-id=\"69938d2c\" data-element_type=\"container\" data-e-type=\"container\">\n\t\t\t\t\t<div class=\"e-con-inner\">\n\t\t\t\t<div class=\"elementor-element elementor-element-603aef83 elementor-widget elementor-widget-text-editor\" data-id=\"603aef83\" data-element_type=\"widget\" data-e-type=\"widget\" data-widget_type=\"text-editor.default\">\n\t\t\t\t<div class=\"elementor-widget-container\">\n\t\t\t\t\t\t\t\t\t<p>Le aziende formalizzate sono quei fornitori di servizi turistici (TSP) che rispettano e operano secondo parametri competitivi; formalit\u00e0, sostenibilit\u00e0, qualit\u00e0, sicurezza e innovazione, garantendo la fornitura di servizi turistici con un alto livello di differenziazione, facenti parte di un&#8217;offerta commerciale che genera un impatto sui prodotti turistici regionali e promuove esperienze indimenticabili che fidelizzano i clienti e attirano i turisti, che, senza dubbio, garantisce un&#8217;offerta commerciale di qualit\u00e0, redditizia, sostenibile e competitiva al servizio dei turisti,  contribuendo al contempo al consolidamento e allo sviluppo del turismo regionale, integrando l&#8217;offerta di Cundinamarca con quella di Bogot\u00e1.<\/p>\n\t\t\t\t\t\t\t\t<\/div>\n\t\t\t\t<\/div>\n\t\t\t\t<div class=\"elementor-element elementor-element-4658c60b elementor-widget elementor-widget-image\" data-id=\"4658c60b\" data-element_type=\"widget\" data-e-type=\"widget\" data-widget_type=\"image.default\">\n\t\t\t\t<div class=\"elementor-widget-container\">\n\t\t\t\t\t\t\t\t\t\t\t\t\t\t\t<img decoding=\"async\" width=\"952\" height=\"606\" src=\"https:\/\/tresorcolombien.com\/wp-content\/uploads\/2024\/11\/Formalizacion-empresas-turismo.jpg\" class=\"attachment-large size-large wp-image-2399\" alt=\"\" srcset=\"https:\/\/tresorcolombien.com\/wp-content\/uploads\/2024\/11\/Formalizacion-empresas-turismo.jpg 952w, https:\/\/tresorcolombien.com\/wp-content\/uploads\/2024\/11\/Formalizacion-empresas-turismo-600x382.jpg 600w, https:\/\/tresorcolombien.com\/wp-content\/uploads\/2024\/11\/Formalizacion-empresas-turismo-300x191.jpg 300w, https:\/\/tresorcolombien.com\/wp-content\/uploads\/2024\/11\/Formalizacion-empresas-turismo-768x489.jpg 768w\" sizes=\"(max-width: 952px) 100vw, 952px\" \/>\t\t\t\t\t\t\t\t\t\t\t\t\t\t\t<\/div>\n\t\t\t\t<\/div>\n\t\t\t\t\t<\/div>\n\t\t\t\t<\/div>\n\t\t<div class=\"elementor-element elementor-element-1d95251a e-flex e-con-boxed e-con e-parent\" data-id=\"1d95251a\" data-element_type=\"container\" data-e-type=\"container\">\n\t\t\t\t\t<div class=\"e-con-inner\">\n\t\t<div class=\"elementor-element elementor-element-67872c00 e-con-full e-flex e-con e-child\" data-id=\"67872c00\" data-element_type=\"container\" data-e-type=\"container\">\n\t\t\t\t<div class=\"elementor-element elementor-element-4b2d45fe elementor-widget elementor-widget-video\" data-id=\"4b2d45fe\" data-element_type=\"widget\" data-e-type=\"widget\" data-settings=\"{&quot;youtube_url&quot;:&quot;https:\\\/\\\/youtu.be\\\/41MCp5mWXtk&quot;,&quot;video_type&quot;:&quot;youtube&quot;,&quot;controls&quot;:&quot;yes&quot;}\" data-widget_type=\"video.default\">\n\t\t\t\t<div class=\"elementor-widget-container\">\n\t\t\t\t\t\t\t<div class=\"elementor-wrapper elementor-open-inline\">\n\t\t\t<div class=\"elementor-video\"><\/div>\t\t<\/div>\n\t\t\t\t\t\t<\/div>\n\t\t\t\t<\/div>\n\t\t\t\t<\/div>\n\t\t<div class=\"elementor-element elementor-element-12747f21 e-con-full e-flex e-con e-child\" data-id=\"12747f21\" data-element_type=\"container\" data-e-type=\"container\">\n\t\t\t\t<div class=\"elementor-element elementor-element-4906440f elementor-widget elementor-widget-video\" data-id=\"4906440f\" data-element_type=\"widget\" data-e-type=\"widget\" data-settings=\"{&quot;youtube_url&quot;:&quot;https:\\\/\\\/youtu.be\\\/BVI-7dazg5k&quot;,&quot;video_type&quot;:&quot;youtube&quot;,&quot;controls&quot;:&quot;yes&quot;}\" data-widget_type=\"video.default\">\n\t\t\t\t<div class=\"elementor-widget-container\">\n\t\t\t\t\t\t\t<div class=\"elementor-wrapper elementor-open-inline\">\n\t\t\t<div class=\"elementor-video\"><\/div>\t\t<\/div>\n\t\t\t\t\t\t<\/div>\n\t\t\t\t<\/div>\n\t\t\t\t<\/div>\n\t\t\t\t\t<\/div>\n\t\t\t\t<\/div>\n\t\t<div class=\"elementor-element elementor-element-378f6222 e-flex e-con-boxed e-con e-parent\" data-id=\"378f6222\" data-element_type=\"container\" data-e-type=\"container\">\n\t\t\t\t\t<div class=\"e-con-inner\">\n\t\t\t\t<div class=\"elementor-element elementor-element-44bdc5ad elementor-widget elementor-widget-heading\" data-id=\"44bdc5ad\" data-element_type=\"widget\" data-e-type=\"widget\" data-widget_type=\"heading.default\">\n\t\t\t\t<div class=\"elementor-widget-container\">\n\t\t\t\t\t<h2 class=\"elementor-heading-title elementor-size-default\">PROCESSO DI ATTUAZIONE DELLE NORME TECNICHE SETTORIALI<\/h2>\t\t\t\t<\/div>\n\t\t\t\t<\/div>\n\t\t\t\t<div class=\"elementor-element elementor-element-19580 elementor-widget elementor-widget-image\" data-id=\"19580\" data-element_type=\"widget\" data-e-type=\"widget\" data-widget_type=\"image.default\">\n\t\t\t\t<div class=\"elementor-widget-container\">\n\t\t\t\t\t\t\t\t\t\t\t\t\t\t\t<img decoding=\"async\" width=\"843\" height=\"377\" src=\"https:\/\/tresorcolombien.com\/wp-content\/uploads\/2024\/11\/Proceso-implementacion-NTS.jpg\" class=\"attachment-large size-large wp-image-2408\" alt=\"\" srcset=\"https:\/\/tresorcolombien.com\/wp-content\/uploads\/2024\/11\/Proceso-implementacion-NTS.jpg 843w, https:\/\/tresorcolombien.com\/wp-content\/uploads\/2024\/11\/Proceso-implementacion-NTS-600x268.jpg 600w, https:\/\/tresorcolombien.com\/wp-content\/uploads\/2024\/11\/Proceso-implementacion-NTS-300x134.jpg 300w, https:\/\/tresorcolombien.com\/wp-content\/uploads\/2024\/11\/Proceso-implementacion-NTS-768x343.jpg 768w\" sizes=\"(max-width: 843px) 100vw, 843px\" \/>\t\t\t\t\t\t\t\t\t\t\t\t\t\t\t<\/div>\n\t\t\t\t<\/div>\n\t\t\t\t\t<\/div>\n\t\t\t\t<\/div>\n\t\t\t\t<\/div>\n\t\t","protected":false},"excerpt":{"rendered":"<p>FORMALIZZAZIONE E NORMALIZZAZIONE DEL TURISMO Il turismo comprende tutte le attivit\u00e0 che le persone svolgono durante i loro viaggi. Per [&hellip;]<\/p>\n","protected":false},"author":1,"featured_media":0,"parent":3641,"menu_order":5,"comment_status":"closed","ping_status":"closed","template":"","meta":{"_acf_changed":false,"site-sidebar-layout":"no-sidebar","site-content-layout":"","ast-site-content-layout":"full-width-container","site-content-style":"default","site-sidebar-style":"default","ast-global-header-display":"","ast-banner-title-visibility":"","ast-main-header-display":"","ast-hfb-above-header-display":"","ast-hfb-below-header-display":"","ast-hfb-mobile-header-display":"","site-post-title":"disabled","ast-breadcrumbs-content":"","ast-featured-img":"disabled","footer-sml-layout":"","ast-disable-related-posts":"","theme-transparent-header-meta":"","adv-header-id-meta":"","stick-header-meta":"","header-above-stick-meta":"","header-main-stick-meta":"","header-below-stick-meta":"","astra-migrate-meta-layouts":"default","ast-page-background-enabled":"default","ast-page-background-meta":{"desktop":{"background-color":"var(--ast-global-color-4)","background-image":"","background-repeat":"repeat","background-position":"center center","background-size":"auto","background-attachment":"scroll","background-type":"","background-media":"","overlay-type":"","overlay-color":"","overlay-opacity":"","overlay-gradient":""},"tablet":{"background-color":"","background-image":"","background-repeat":"repeat","background-position":"center center","background-size":"auto","background-attachment":"scroll","background-type":"","background-media":"","overlay-type":"","overlay-color":"","overlay-opacity":"","overlay-gradient":""},"mobile":{"background-color":"","background-image":"","background-repeat":"repeat","background-position":"center center","background-size":"auto","background-attachment":"scroll","background-type":"","background-media":"","overlay-type":"","overlay-color":"","overlay-opacity":"","overlay-gradient":""}},"ast-content-background-meta":{"desktop":{"background-color":"var(--ast-global-color-5)","background-image":"","background-repeat":"repeat","background-position":"center center","background-size":"auto","background-attachment":"scroll","background-type":"","background-media":"","overlay-type":"","overlay-color":"","overlay-opacity":"","overlay-gradient":""},"tablet":{"background-color":"var(--ast-global-color-5)","background-image":"","background-repeat":"repeat","background-position":"center center","background-size":"auto","background-attachment":"scroll","background-type":"","background-media":"","overlay-type":"","overlay-color":"","overlay-opacity":"","overlay-gradient":""},"mobile":{"background-color":"var(--ast-global-color-5)","background-image":"","background-repeat":"repeat","background-position":"center center","background-size":"auto","background-attachment":"scroll","background-type":"","background-media":"","overlay-type":"","overlay-color":"","overlay-opacity":"","overlay-gradient":""}},"_joinchat":[],"footnotes":""},"class_list":["post-3677","page","type-page","status-publish","hentry"],"acf":[],"_links":{"self":[{"href":"https:\/\/tresorcolombien.com\/it\/wp-json\/wp\/v2\/pages\/3677","targetHints":{"allow":["GET"]}}],"collection":[{"href":"https:\/\/tresorcolombien.com\/it\/wp-json\/wp\/v2\/pages"}],"about":[{"href":"https:\/\/tresorcolombien.com\/it\/wp-json\/wp\/v2\/types\/page"}],"author":[{"embeddable":true,"href":"https:\/\/tresorcolombien.com\/it\/wp-json\/wp\/v2\/users\/1"}],"replies":[{"embeddable":true,"href":"https:\/\/tresorcolombien.com\/it\/wp-json\/wp\/v2\/comments?post=3677"}],"version-history":[{"count":2,"href":"https:\/\/tresorcolombien.com\/it\/wp-json\/wp\/v2\/pages\/3677\/revisions"}],"predecessor-version":[{"id":5680,"href":"https:\/\/tresorcolombien.com\/it\/wp-json\/wp\/v2\/pages\/3677\/revisions\/5680"}],"up":[{"embeddable":true,"href":"https:\/\/tresorcolombien.com\/it\/wp-json\/wp\/v2\/pages\/3641"}],"wp:attachment":[{"href":"https:\/\/tresorcolombien.com\/it\/wp-json\/wp\/v2\/media?parent=3677"}],"curies":[{"name":"wp","href":"https:\/\/api.w.org\/{rel}","templated":true}]}}