{"id":3688,"date":"2024-10-22T19:00:58","date_gmt":"2024-10-23T00:00:58","guid":{"rendered":"https:\/\/tresorcolombien.com\/sostenibilita\/rischi-sociali\/"},"modified":"2025-01-30T04:37:51","modified_gmt":"2025-01-30T09:37:51","slug":"rischi-sociali","status":"publish","type":"page","link":"https:\/\/tresorcolombien.com\/it\/sostenibilita\/rischi-sociali\/","title":{"rendered":"Rischi sociali"},"content":{"rendered":"\t\t<div data-elementor-type=\"wp-page\" data-elementor-id=\"3688\" class=\"elementor elementor-3688 elementor-53\" data-elementor-post-type=\"page\">\n\t\t\t\t<div class=\"elementor-element elementor-element-33b33edb e-con-full e-flex e-con e-parent\" data-id=\"33b33edb\" data-element_type=\"container\" data-e-type=\"container\" data-settings=\"{&quot;background_background&quot;:&quot;classic&quot;,&quot;sticky&quot;:&quot;top&quot;,&quot;sticky_offset&quot;:90,&quot;sticky_on&quot;:[&quot;desktop&quot;,&quot;tablet&quot;,&quot;mobile&quot;],&quot;sticky_effects_offset&quot;:0,&quot;sticky_anchor_link_offset&quot;:0}\">\n\t\t\t\t<div class=\"elementor-element elementor-element-242980b elementor-hidden-desktop elementor-widget elementor-widget-spacer\" data-id=\"242980b\" data-element_type=\"widget\" data-e-type=\"widget\" data-widget_type=\"spacer.default\">\n\t\t\t\t<div class=\"elementor-widget-container\">\n\t\t\t\t\t\t\t<div class=\"elementor-spacer\">\n\t\t\t<div class=\"elementor-spacer-inner\"><\/div>\n\t\t<\/div>\n\t\t\t\t\t\t<\/div>\n\t\t\t\t<\/div>\n\t\t\t\t<div class=\"elementor-element elementor-element-7bd8ee31 elementor-nav-menu__align-center elementor-nav-menu--dropdown-tablet elementor-nav-menu__text-align-aside elementor-nav-menu--toggle elementor-nav-menu--burger elementor-widget elementor-widget-nav-menu\" data-id=\"7bd8ee31\" data-element_type=\"widget\" data-e-type=\"widget\" data-settings=\"{&quot;sticky&quot;:&quot;top&quot;,&quot;sticky_offset&quot;:100,&quot;layout&quot;:&quot;horizontal&quot;,&quot;submenu_icon&quot;:{&quot;value&quot;:&quot;&lt;svg aria-hidden=\\&quot;true\\&quot; class=\\&quot;e-font-icon-svg e-fas-caret-down\\&quot; viewBox=\\&quot;0 0 320 512\\&quot; xmlns=\\&quot;http:\\\/\\\/www.w3.org\\\/2000\\\/svg\\&quot;&gt;&lt;path d=\\&quot;M31.3 192h257.3c17.8 0 26.7 21.5 14.1 34.1L174.1 354.8c-7.8 7.8-20.5 7.8-28.3 0L17.2 226.1C4.6 213.5 13.5 192 31.3 192z\\&quot;&gt;&lt;\\\/path&gt;&lt;\\\/svg&gt;&quot;,&quot;library&quot;:&quot;fa-solid&quot;},&quot;toggle&quot;:&quot;burger&quot;,&quot;sticky_on&quot;:[&quot;desktop&quot;,&quot;tablet&quot;,&quot;mobile&quot;],&quot;sticky_effects_offset&quot;:0,&quot;sticky_anchor_link_offset&quot;:0}\" data-widget_type=\"nav-menu.default\">\n\t\t\t\t<div class=\"elementor-widget-container\">\n\t\t\t\t\t\t\t\t<nav aria-label=\"Menu\" class=\"elementor-nav-menu--main elementor-nav-menu__container elementor-nav-menu--layout-horizontal e--pointer-none\">\n\t\t\t\t<ul id=\"menu-1-7bd8ee31\" class=\"elementor-nav-menu\"><li class=\"menu-item menu-item-type-post_type menu-item-object-page menu-item-4106\"><a href=\"https:\/\/tresorcolombien.com\/it\/sostenibilita\/rischi-sociali\/\" class=\"elementor-item menu-link\">Rischi sociali<\/a><\/li>\n<li class=\"menu-item menu-item-type-post_type menu-item-object-page menu-item-4107\"><a href=\"https:\/\/tresorcolombien.com\/it\/sostenibilita\/procedure-consigliate\/\" class=\"elementor-item menu-link\">Procedure consigliate<\/a><\/li>\n<li class=\"menu-item menu-item-type-post_type menu-item-object-page menu-item-4108\"><a href=\"https:\/\/tresorcolombien.com\/it\/sostenibilita\/formalizzazione-turismo\/\" class=\"elementor-item menu-link\">Formalizzazione Turismo<\/a><\/li>\n<li class=\"menu-item menu-item-type-post_type menu-item-object-page menu-item-4109\"><a href=\"https:\/\/tresorcolombien.com\/it\/sostenibilita\/turista-responsabile\/\" class=\"elementor-item menu-link\">Turista responsabile<\/a><\/li>\n<li class=\"menu-item menu-item-type-post_type menu-item-object-page menu-item-4110\"><a href=\"https:\/\/tresorcolombien.com\/it\/sostenibilita\/patrimonio-culturale\/\" class=\"elementor-item menu-link\">Patrimonio culturale<\/a><\/li>\n<li class=\"menu-item menu-item-type-post_type menu-item-object-page menu-item-4111\"><a href=\"https:\/\/tresorcolombien.com\/it\/sostenibilita\/biodiversita\/\" class=\"elementor-item menu-link\">Biodiversit\u00e0<\/a><\/li>\n<li class=\"menu-item menu-item-type-post_type menu-item-object-page menu-item-4112\"><a href=\"https:\/\/tresorcolombien.com\/it\/sostenibilita\/biosicurezza\/\" class=\"elementor-item menu-link\">Biosicurezza<\/a><\/li>\n<\/ul>\t\t\t<\/nav>\n\t\t\t\t\t<div class=\"elementor-menu-toggle\" role=\"button\" tabindex=\"0\" aria-label=\"Menu di commutazione\" aria-expanded=\"false\">\n\t\t\t<svg aria-hidden=\"true\" role=\"presentation\" class=\"elementor-menu-toggle__icon--open e-font-icon-svg e-eicon-menu-bar\" viewBox=\"0 0 1000 1000\" xmlns=\"http:\/\/www.w3.org\/2000\/svg\"><path d=\"M104 333H896C929 333 958 304 958 271S929 208 896 208H104C71 208 42 237 42 271S71 333 104 333ZM104 583H896C929 583 958 554 958 521S929 458 896 458H104C71 458 42 487 42 521S71 583 104 583ZM104 833H896C929 833 958 804 958 771S929 708 896 708H104C71 708 42 737 42 771S71 833 104 833Z\"><\/path><\/svg><svg aria-hidden=\"true\" role=\"presentation\" class=\"elementor-menu-toggle__icon--close e-font-icon-svg e-eicon-close\" viewBox=\"0 0 1000 1000\" xmlns=\"http:\/\/www.w3.org\/2000\/svg\"><path d=\"M742 167L500 408 258 167C246 154 233 150 217 150 196 150 179 158 167 167 154 179 150 196 150 212 150 229 154 242 171 254L408 500 167 742C138 771 138 800 167 829 196 858 225 858 254 829L496 587 738 829C750 842 767 846 783 846 800 846 817 842 829 829 842 817 846 804 846 783 846 767 842 750 829 737L588 500 833 258C863 229 863 200 833 171 804 137 775 137 742 167Z\"><\/path><\/svg>\t\t<\/div>\n\t\t\t\t\t<nav class=\"elementor-nav-menu--dropdown elementor-nav-menu__container\" aria-hidden=\"true\">\n\t\t\t\t<ul id=\"menu-2-7bd8ee31\" class=\"elementor-nav-menu\"><li class=\"menu-item menu-item-type-post_type menu-item-object-page menu-item-4106\"><a href=\"https:\/\/tresorcolombien.com\/it\/sostenibilita\/rischi-sociali\/\" class=\"elementor-item menu-link\" tabindex=\"-1\">Rischi sociali<\/a><\/li>\n<li class=\"menu-item menu-item-type-post_type menu-item-object-page menu-item-4107\"><a href=\"https:\/\/tresorcolombien.com\/it\/sostenibilita\/procedure-consigliate\/\" class=\"elementor-item menu-link\" tabindex=\"-1\">Procedure consigliate<\/a><\/li>\n<li class=\"menu-item menu-item-type-post_type menu-item-object-page menu-item-4108\"><a href=\"https:\/\/tresorcolombien.com\/it\/sostenibilita\/formalizzazione-turismo\/\" class=\"elementor-item menu-link\" tabindex=\"-1\">Formalizzazione Turismo<\/a><\/li>\n<li class=\"menu-item menu-item-type-post_type menu-item-object-page menu-item-4109\"><a href=\"https:\/\/tresorcolombien.com\/it\/sostenibilita\/turista-responsabile\/\" class=\"elementor-item menu-link\" tabindex=\"-1\">Turista responsabile<\/a><\/li>\n<li class=\"menu-item menu-item-type-post_type menu-item-object-page menu-item-4110\"><a href=\"https:\/\/tresorcolombien.com\/it\/sostenibilita\/patrimonio-culturale\/\" class=\"elementor-item menu-link\" tabindex=\"-1\">Patrimonio culturale<\/a><\/li>\n<li class=\"menu-item menu-item-type-post_type menu-item-object-page menu-item-4111\"><a href=\"https:\/\/tresorcolombien.com\/it\/sostenibilita\/biodiversita\/\" class=\"elementor-item menu-link\" tabindex=\"-1\">Biodiversit\u00e0<\/a><\/li>\n<li class=\"menu-item menu-item-type-post_type menu-item-object-page menu-item-4112\"><a href=\"https:\/\/tresorcolombien.com\/it\/sostenibilita\/biosicurezza\/\" class=\"elementor-item menu-link\" tabindex=\"-1\">Biosicurezza<\/a><\/li>\n<\/ul>\t\t\t<\/nav>\n\t\t\t\t\t\t<\/div>\n\t\t\t\t<\/div>\n\t\t\t\t<\/div>\n\t\t<div class=\"elementor-element elementor-element-df8066 e-con-full e-flex e-con e-parent\" data-id=\"df8066\" data-element_type=\"container\" data-e-type=\"container\" data-settings=\"{&quot;background_background&quot;:&quot;classic&quot;}\">\n\t\t\t\t<div class=\"elementor-element elementor-element-e9e9b7d elementor-widget elementor-widget-heading\" data-id=\"e9e9b7d\" data-element_type=\"widget\" data-e-type=\"widget\" data-widget_type=\"heading.default\">\n\t\t\t\t<div class=\"elementor-widget-container\">\n\t\t\t\t\t<h2 class=\"elementor-heading-title elementor-size-default\">Prevenzione dei rischi sociali, della discriminazione e dell'esclusione delle comunit\u00e0<\/h2>\t\t\t\t<\/div>\n\t\t\t\t<\/div>\n\t\t\t\t<\/div>\n\t\t<div class=\"elementor-element elementor-element-5e5489a4 e-con-full e-flex e-con e-parent\" data-id=\"5e5489a4\" data-element_type=\"container\" data-e-type=\"container\" data-settings=\"{&quot;background_background&quot;:&quot;classic&quot;}\">\n\t\t\t\t<div class=\"elementor-element elementor-element-4c2df8e3 elementor-widget elementor-widget-heading\" data-id=\"4c2df8e3\" data-element_type=\"widget\" data-e-type=\"widget\" data-widget_type=\"heading.default\">\n\t\t\t\t<div class=\"elementor-widget-container\">\n\t\t\t\t\t<h2 class=\"elementor-heading-title elementor-size-default\">CSEC Sfruttamento sessuale di bambini e adolescenti associato a viaggi e turismo<\/h2>\t\t\t\t<\/div>\n\t\t\t\t<\/div>\n\t\t\t\t<\/div>\n\t\t<div class=\"elementor-element elementor-element-43485631 e-flex e-con-boxed e-con e-parent\" data-id=\"43485631\" data-element_type=\"container\" data-e-type=\"container\">\n\t\t\t\t\t<div class=\"e-con-inner\">\n\t\t<div class=\"elementor-element elementor-element-5167d5ec e-con-full e-flex e-con e-child\" data-id=\"5167d5ec\" data-element_type=\"container\" data-e-type=\"container\">\n\t\t\t\t<div class=\"elementor-element elementor-element-888e741 elementor-widget elementor-widget-text-editor\" data-id=\"888e741\" data-element_type=\"widget\" data-e-type=\"widget\" data-widget_type=\"text-editor.default\">\n\t\t\t\t<div class=\"elementor-widget-container\">\n\t\t\t\t\t\t\t\t\t<ul class=\"n8H08c UVNKR\">\n<li class=\"TYR86d zfr3Q\" dir=\"ltr\">\n<p class=\"CDt4Ke zfr3Q\" dir=\"ltr\">Consiste nell&#8217;offerta e\/o nell&#8217;uso sessuale di bambini da parte di persone che viaggiano da un paese all&#8217;altro o tra citt\u00e0 dello stesso paese.<\/p>\n<\/li>\n<li class=\"TYR86d zfr3Q\" dir=\"ltr\">\n<p class=\"CDt4Ke zfr3Q\" dir=\"ltr\">Gli operatori si avvalgono delle strutture offerte dall&#8217;industria turistica (alberghi, bar, discoteche, ecc.).<\/p>\n<\/li>\n<li class=\"TYR86d zfr3Q\" dir=\"ltr\">\n<p class=\"CDt4Ke zfr3Q\" dir=\"ltr\">Queste attivit\u00e0 criminali di sfruttamento sessuale sono organizzate in modo informale tra amici o colleghi, pedofili o meno, e in alcuni casi con la partecipazione di agenti di viaggio, guide, tassisti, tra gli altri, che sono direttamente e indirettamente coinvolti.<\/p>\n<\/li>\n<\/ul>\n\t\t\t\t\t\t\t\t<\/div>\n\t\t\t\t<\/div>\n\t\t\t\t<div class=\"elementor-element elementor-element-32545 elementor-widget elementor-widget-heading\" data-id=\"32545\" data-element_type=\"widget\" data-e-type=\"widget\" data-widget_type=\"heading.default\">\n\t\t\t\t<div class=\"elementor-widget-container\">\n\t\t\t\t\t<h2 class=\"elementor-heading-title elementor-size-default\">Campagna Fundaci\u00f3n Renacer<\/h2>\t\t\t\t<\/div>\n\t\t\t\t<\/div>\n\t\t\t\t<div class=\"elementor-element elementor-element-52f948d7 elementor-widget elementor-widget-video\" data-id=\"52f948d7\" data-element_type=\"widget\" data-e-type=\"widget\" data-settings=\"{&quot;youtube_url&quot;:&quot;https:\\\/\\\/youtu.be\\\/H7ggsxH1HFk&quot;,&quot;video_type&quot;:&quot;youtube&quot;,&quot;controls&quot;:&quot;yes&quot;}\" data-widget_type=\"video.default\">\n\t\t\t\t<div class=\"elementor-widget-container\">\n\t\t\t\t\t\t\t<div class=\"elementor-wrapper elementor-open-inline\">\n\t\t\t<div class=\"elementor-video\"><\/div>\t\t<\/div>\n\t\t\t\t\t\t<\/div>\n\t\t\t\t<\/div>\n\t\t\t\t<\/div>\n\t\t<div class=\"elementor-element elementor-element-66c58f2c e-con-full e-flex e-con e-child\" data-id=\"66c58f2c\" data-element_type=\"container\" data-e-type=\"container\">\n\t\t\t\t<div class=\"elementor-element elementor-element-6e2bf1cc elementor-widget elementor-widget-heading\" data-id=\"6e2bf1cc\" data-element_type=\"widget\" data-e-type=\"widget\" data-widget_type=\"heading.default\">\n\t\t\t\t<div class=\"elementor-widget-container\">\n\t\t\t\t\t<h2 class=\"elementor-heading-title elementor-size-default\"><a href=\"https:\/\/www.icbf.gov.co\/buscador\/?query=cargues%20avance%20docs%20ley%200679%202001\">No al turismo sessuale che coinvolge l'infanzia, articolo 16, legge 679\/2001<\/a><\/h2>\t\t\t\t<\/div>\n\t\t\t\t<\/div>\n\t\t\t\t<div class=\"elementor-element elementor-element-21500407 elementor-widget elementor-widget-image\" data-id=\"21500407\" data-element_type=\"widget\" data-e-type=\"widget\" data-widget_type=\"image.default\">\n\t\t\t\t<div class=\"elementor-widget-container\">\n\t\t\t\t\t\t\t\t\t\t\t\t\t\t\t<img fetchpriority=\"high\" decoding=\"async\" width=\"618\" height=\"1024\" src=\"https:\/\/tresorcolombien.com\/wp-content\/uploads\/2024\/11\/Ojos-en-todas-partes-618x1024.jpg\" class=\"attachment-large size-large wp-image-2429\" alt=\"\" srcset=\"https:\/\/tresorcolombien.com\/wp-content\/uploads\/2024\/11\/Ojos-en-todas-partes-618x1024.jpg 618w, https:\/\/tresorcolombien.com\/wp-content\/uploads\/2024\/11\/Ojos-en-todas-partes-600x994.jpg 600w, https:\/\/tresorcolombien.com\/wp-content\/uploads\/2024\/11\/Ojos-en-todas-partes-181x300.jpg 181w, https:\/\/tresorcolombien.com\/wp-content\/uploads\/2024\/11\/Ojos-en-todas-partes-768x1272.jpg 768w, https:\/\/tresorcolombien.com\/wp-content\/uploads\/2024\/11\/Ojos-en-todas-partes-927x1536.jpg 927w, https:\/\/tresorcolombien.com\/wp-content\/uploads\/2024\/11\/Ojos-en-todas-partes.jpg 1176w\" sizes=\"(max-width: 618px) 100vw, 618px\" \/>\t\t\t\t\t\t\t\t\t\t\t\t\t\t\t<\/div>\n\t\t\t\t<\/div>\n\t\t\t\t<\/div>\n\t\t\t\t\t<\/div>\n\t\t\t\t<\/div>\n\t\t<div class=\"elementor-element elementor-element-3607df60 e-con-full e-flex e-con e-parent\" data-id=\"3607df60\" data-element_type=\"container\" data-e-type=\"container\" data-settings=\"{&quot;background_background&quot;:&quot;classic&quot;}\">\n\t\t\t\t<div class=\"elementor-element elementor-element-71eccbfc elementor-widget elementor-widget-heading\" data-id=\"71eccbfc\" data-element_type=\"widget\" data-e-type=\"widget\" data-widget_type=\"heading.default\">\n\t\t\t\t<div class=\"elementor-widget-container\">\n\t\t\t\t\t<h2 class=\"elementor-heading-title elementor-size-default\">Razzismo, discriminazione, esclusione dal lavoro e segmentazione sociale<\/h2>\t\t\t\t<\/div>\n\t\t\t\t<\/div>\n\t\t\t\t<\/div>\n\t\t<div class=\"elementor-element elementor-element-235c324c e-flex e-con-boxed e-con e-parent\" data-id=\"235c324c\" data-element_type=\"container\" data-e-type=\"container\">\n\t\t\t\t\t<div class=\"e-con-inner\">\n\t\t<div class=\"elementor-element elementor-element-3e6f61a e-con-full e-flex e-con e-child\" data-id=\"3e6f61a\" data-element_type=\"container\" data-e-type=\"container\">\n\t\t\t\t<div class=\"elementor-element elementor-element-16f080fc elementor-widget elementor-widget-text-editor\" data-id=\"16f080fc\" data-element_type=\"widget\" data-e-type=\"widget\" data-widget_type=\"text-editor.default\">\n\t\t\t\t<div class=\"elementor-widget-container\">\n\t\t\t\t\t\t\t\t\t<p class=\"CDt4Ke zfr3Q\" dir=\"ltr\">Il turismo \u00e8 un fenomeno sociale che attira milioni di persone in tutto il mondo a visitare diverse parti del mondo, in molti casi in quegli incontri tra turisti e comunit\u00e0 locali, un impatto negativo \u00e8 generato dalla mano di comportamenti razzisti e discriminatori da parte di persone che viaggiano senza rispettare le condizioni sociali e culturali del sito.  generando disagio e diffidenza nei confronti dei suoi abitanti, oltre che da parte del locale nei confronti del viaggiatore<\/p>\n\t\t\t\t\t\t\t\t<\/div>\n\t\t\t\t<\/div>\n\t\t\t\t<div class=\"elementor-element elementor-element-43e89425 elementor-widget elementor-widget-image\" data-id=\"43e89425\" data-element_type=\"widget\" data-e-type=\"widget\" data-widget_type=\"image.default\">\n\t\t\t\t<div class=\"elementor-widget-container\">\n\t\t\t\t\t\t\t\t\t\t\t\t\t\t\t<img decoding=\"async\" width=\"1024\" height=\"550\" src=\"https:\/\/tresorcolombien.com\/wp-content\/uploads\/2024\/11\/1482-legislacion-contra-racismo-1024x550.jpg\" class=\"attachment-large size-large wp-image-2432\" alt=\"\" srcset=\"https:\/\/tresorcolombien.com\/wp-content\/uploads\/2024\/11\/1482-legislacion-contra-racismo-1024x550.jpg 1024w, https:\/\/tresorcolombien.com\/wp-content\/uploads\/2024\/11\/1482-legislacion-contra-racismo-600x322.jpg 600w, https:\/\/tresorcolombien.com\/wp-content\/uploads\/2024\/11\/1482-legislacion-contra-racismo-300x161.jpg 300w, https:\/\/tresorcolombien.com\/wp-content\/uploads\/2024\/11\/1482-legislacion-contra-racismo-768x412.jpg 768w, https:\/\/tresorcolombien.com\/wp-content\/uploads\/2024\/11\/1482-legislacion-contra-racismo.jpg 1200w\" sizes=\"(max-width: 1024px) 100vw, 1024px\" \/>\t\t\t\t\t\t\t\t\t\t\t\t\t\t\t<\/div>\n\t\t\t\t<\/div>\n\t\t\t\t<\/div>\n\t\t<div class=\"elementor-element elementor-element-54b11eaa e-con-full e-flex e-con e-child\" data-id=\"54b11eaa\" data-element_type=\"container\" data-e-type=\"container\">\n\t\t\t\t<div class=\"elementor-element elementor-element-4fe891bc elementor-widget elementor-widget-heading\" data-id=\"4fe891bc\" data-element_type=\"widget\" data-e-type=\"widget\" data-widget_type=\"heading.default\">\n\t\t\t\t<div class=\"elementor-widget-container\">\n\t\t\t\t\t<h2 class=\"elementor-heading-title elementor-size-default\">Discriminazione nei confronti delle persone con disabilit\u00e0<\/h2>\t\t\t\t<\/div>\n\t\t\t\t<\/div>\n\t\t\t\t<div class=\"elementor-element elementor-element-4d785ba2 elementor-widget elementor-widget-text-editor\" data-id=\"4d785ba2\" data-element_type=\"widget\" data-e-type=\"widget\" data-widget_type=\"text-editor.default\">\n\t\t\t\t<div class=\"elementor-widget-container\">\n\t\t\t\t\t\t\t\t\t<div class=\"oKdM2c ZZyype\">\n<div id=\"h.16e0b403ba6d8d18_280\" class=\"hJDwNd-AhqUyc-qWD73c Ft7HRd-AhqUyc-qWD73c jXK9ad D2fZ2 zu5uec JYTMs\">\n<div class=\"jXK9ad-SmKAyb\">\n<div class=\"tyJCtd mGzaTb Depvyb baZpAe\">\n<p class=\"CDt4Ke zfr3Q\" dir=\"ltr\"><span class=\" aw5Odc\"><a class=\"XqQF9c\" href=\"http:\/\/www.google.com\/url?q=http%3A%2F%2Fwp.presidencia.gov.co%2Fsitios%2Fnormativa%2Fleyes%2FDocuments%2FLEY%25201752%2520DEL%252003%2520DE%2520JUNIO%2520DE%25202015.pdf&amp;sa=D&amp;sntz=1&amp;usg=AOvVaw0Bh782iSmwBO7Lt-55_ek4\" target=\"_blank\" rel=\"noopener\">La legge 1752 del 2015<\/a><\/span>, fin dal suo scopo, contempla la disabilit\u00e0 affermando che cerca di &#8220;punire penalmente gli atti di discriminazione per motivi di razza, etnia, religione, nazionalit\u00e0, ideologia politica o filosofica, sesso o orientamento sessuale, disabilit\u00e0 e altri motivi di discriminazione&#8221;.<\/p>\n<\/div>\n<\/div>\n<\/div>\n<\/div>\n<div class=\"oKdM2c ZZyype\">\n<div id=\"h.7c64df5018b80cf8_216\" class=\"hJDwNd-AhqUyc-qWD73c Ft7HRd-AhqUyc-qWD73c jXK9ad D2fZ2 zu5uec\">\n<div class=\"jXK9ad-SmKAyb\">\n<div class=\"tyJCtd baZpAe\"> <\/div>\n<\/div>\n<\/div>\n<\/div>\n\t\t\t\t\t\t\t\t<\/div>\n\t\t\t\t<\/div>\n\t\t\t\t<div class=\"elementor-element elementor-element-5ad9325f elementor-widget elementor-widget-image\" data-id=\"5ad9325f\" data-element_type=\"widget\" data-e-type=\"widget\" data-widget_type=\"image.default\">\n\t\t\t\t<div class=\"elementor-widget-container\">\n\t\t\t\t\t\t\t\t\t\t\t\t\t\t\t<img decoding=\"async\" width=\"1024\" height=\"576\" src=\"https:\/\/tresorcolombien.com\/wp-content\/uploads\/2024\/11\/sancion-discapacidadcolombia-1024x576.jpg\" class=\"attachment-large size-large wp-image-2435\" alt=\"\" srcset=\"https:\/\/tresorcolombien.com\/wp-content\/uploads\/2024\/11\/sancion-discapacidadcolombia-1024x576.jpg 1024w, https:\/\/tresorcolombien.com\/wp-content\/uploads\/2024\/11\/sancion-discapacidadcolombia-600x338.jpg 600w, https:\/\/tresorcolombien.com\/wp-content\/uploads\/2024\/11\/sancion-discapacidadcolombia-300x169.jpg 300w, https:\/\/tresorcolombien.com\/wp-content\/uploads\/2024\/11\/sancion-discapacidadcolombia-768x432.jpg 768w, https:\/\/tresorcolombien.com\/wp-content\/uploads\/2024\/11\/sancion-discapacidadcolombia.jpg 1280w\" sizes=\"(max-width: 1024px) 100vw, 1024px\" \/>\t\t\t\t\t\t\t\t\t\t\t\t\t\t\t<\/div>\n\t\t\t\t<\/div>\n\t\t\t\t<div class=\"elementor-element elementor-element-17b58a5f elementor-widget elementor-widget-text-editor\" data-id=\"17b58a5f\" data-element_type=\"widget\" data-e-type=\"widget\" data-widget_type=\"text-editor.default\">\n\t\t\t\t<div class=\"elementor-widget-container\">\n\t\t\t\t\t\t\t\t\t<div class=\"oKdM2c ZZyype\">\n<div id=\"h.16e0b403ba6d8d18_280\" class=\"hJDwNd-AhqUyc-qWD73c Ft7HRd-AhqUyc-qWD73c jXK9ad D2fZ2 zu5uec JYTMs\">\n<div class=\"jXK9ad-SmKAyb\">\n<div class=\"tyJCtd mGzaTb Depvyb baZpAe\">\n<p class=\"CDt4Ke zfr3Q\" dir=\"ltr\">Con la legge 1752 del 2015, il codice penale ha un<strong> articolo 134A<\/strong>, che stabilisce che chiunque impedisca, ostacoli o limiti arbitrariamente il pieno esercizio dei diritti delle persone a causa di disabilit\u00e0, incorrer\u00e0 in una pena detentiva da 12 a 36 mesi e in una multa da 10 a 15 salari mensili minimi legali in vigore.<\/p>\n<p class=\"CDt4Ke zfr3Q\" dir=\"ltr\">Ha inoltre incorporato <strong>l&#8217;articolo 134B<\/strong> nel codice penale, che punisce le molestie sulla base della disabilit\u00e0, stabilendo che chiunque promuova o istighi atti, condotte o comportamenti che costituiscono molestie, volti a causare danni fisici o morali a una persona, gruppo di persone, comunit\u00e0 o persone, sulla base della disabilit\u00e0, \u00e8 punito con la reclusione da 12 a 36 mesi e con una multa da 10 a 15 volte l&#8217;attuale salario minimo mensile legale.<\/p>\n<\/div>\n<\/div>\n<\/div>\n<\/div>\n\t\t\t\t\t\t\t\t<\/div>\n\t\t\t\t<\/div>\n\t\t\t\t<\/div>\n\t\t\t\t\t<\/div>\n\t\t\t\t<\/div>\n\t\t\t\t<\/div>\n\t\t","protected":false},"excerpt":{"rendered":"<p>Prevenzione dei rischi sociali, della discriminazione e dell&#8217;esclusione delle comunit\u00e0 CSEC Sfruttamento sessuale di bambini e adolescenti associato a viaggi [&hellip;]<\/p>\n","protected":false},"author":1,"featured_media":0,"parent":3641,"menu_order":7,"comment_status":"closed","ping_status":"closed","template":"","meta":{"_acf_changed":false,"site-sidebar-layout":"no-sidebar","site-content-layout":"","ast-site-content-layout":"full-width-container","site-content-style":"default","site-sidebar-style":"default","ast-global-header-display":"","ast-banner-title-visibility":"","ast-main-header-display":"","ast-hfb-above-header-display":"","ast-hfb-below-header-display":"","ast-hfb-mobile-header-display":"","site-post-title":"disabled","ast-breadcrumbs-content":"","ast-featured-img":"disabled","footer-sml-layout":"","ast-disable-related-posts":"","theme-transparent-header-meta":"","adv-header-id-meta":"","stick-header-meta":"","header-above-stick-meta":"","header-main-stick-meta":"","header-below-stick-meta":"","astra-migrate-meta-layouts":"default","ast-page-background-enabled":"default","ast-page-background-meta":{"desktop":{"background-color":"var(--ast-global-color-4)","background-image":"","background-repeat":"repeat","background-position":"center center","background-size":"auto","background-attachment":"scroll","background-type":"","background-media":"","overlay-type":"","overlay-color":"","overlay-opacity":"","overlay-gradient":""},"tablet":{"background-color":"","background-image":"","background-repeat":"repeat","background-position":"center center","background-size":"auto","background-attachment":"scroll","background-type":"","background-media":"","overlay-type":"","overlay-color":"","overlay-opacity":"","overlay-gradient":""},"mobile":{"background-color":"","background-image":"","background-repeat":"repeat","background-position":"center center","background-size":"auto","background-attachment":"scroll","background-type":"","background-media":"","overlay-type":"","overlay-color":"","overlay-opacity":"","overlay-gradient":""}},"ast-content-background-meta":{"desktop":{"background-color":"var(--ast-global-color-5)","background-image":"","background-repeat":"repeat","background-position":"center center","background-size":"auto","background-attachment":"scroll","background-type":"","background-media":"","overlay-type":"","overlay-color":"","overlay-opacity":"","overlay-gradient":""},"tablet":{"background-color":"var(--ast-global-color-5)","background-image":"","background-repeat":"repeat","background-position":"center center","background-size":"auto","background-attachment":"scroll","background-type":"","background-media":"","overlay-type":"","overlay-color":"","overlay-opacity":"","overlay-gradient":""},"mobile":{"background-color":"var(--ast-global-color-5)","background-image":"","background-repeat":"repeat","background-position":"center center","background-size":"auto","background-attachment":"scroll","background-type":"","background-media":"","overlay-type":"","overlay-color":"","overlay-opacity":"","overlay-gradient":""}},"_joinchat":[],"footnotes":""},"class_list":["post-3688","page","type-page","status-publish","hentry"],"acf":[],"_links":{"self":[{"href":"https:\/\/tresorcolombien.com\/it\/wp-json\/wp\/v2\/pages\/3688","targetHints":{"allow":["GET"]}}],"collection":[{"href":"https:\/\/tresorcolombien.com\/it\/wp-json\/wp\/v2\/pages"}],"about":[{"href":"https:\/\/tresorcolombien.com\/it\/wp-json\/wp\/v2\/types\/page"}],"author":[{"embeddable":true,"href":"https:\/\/tresorcolombien.com\/it\/wp-json\/wp\/v2\/users\/1"}],"replies":[{"embeddable":true,"href":"https:\/\/tresorcolombien.com\/it\/wp-json\/wp\/v2\/comments?post=3688"}],"version-history":[{"count":4,"href":"https:\/\/tresorcolombien.com\/it\/wp-json\/wp\/v2\/pages\/3688\/revisions"}],"predecessor-version":[{"id":5692,"href":"https:\/\/tresorcolombien.com\/it\/wp-json\/wp\/v2\/pages\/3688\/revisions\/5692"}],"up":[{"embeddable":true,"href":"https:\/\/tresorcolombien.com\/it\/wp-json\/wp\/v2\/pages\/3641"}],"wp:attachment":[{"href":"https:\/\/tresorcolombien.com\/it\/wp-json\/wp\/v2\/media?parent=3688"}],"curies":[{"name":"wp","href":"https:\/\/api.w.org\/{rel}","templated":true}]}}