{"id":4735,"date":"2024-11-13T16:23:02","date_gmt":"2024-11-13T21:23:02","guid":{"rendered":"https:\/\/tresorcolombien.com\/producto\/overdose-di-caffe\/"},"modified":"2024-11-13T16:23:02","modified_gmt":"2024-11-13T21:23:02","slug":"overdose-di-caffe","status":"publish","type":"product","link":"https:\/\/tresorcolombien.com\/it\/producto\/overdose-di-caffe\/","title":{"rendered":"Overdose di caff\u00e8"},"content":{"rendered":"<p>Overdose di caff\u00e8.  <span style=\"font-weight: 400;\">Una visita a una delle pi\u00f9 antiche piantagioni di caff\u00e8 della regione, oggi parco culturale emblematico del tour culturale del caff\u00e8.<\/span><\/p>\n<p><span style=\"font-weight: 400;\">Durante la visita ci metteremo nei panni di un coltivatore di caff\u00e8 per capire il processo. Semina, irrigazione, raccolta e trebbiatura del caff\u00e8, al termine potremo degustare un vero caff\u00e8 colombiano di tipo Export. <\/span><\/p>\n","protected":false},"excerpt":{"rendered":"<p><strong>INCLUDE  <\/strong><\/p>\n<p><span style=\"font-weight: 400;\">Visita guidata alla piantagione di caff\u00e8.<br \/>\n<\/span><span style=\"font-weight: 400;\">Abbigliamento tradizionale &#8211; Mulattieri e Chapolera Tour della vendemmia e del post-raccolta.<br \/>\n<\/span><span style=\"font-weight: 400;\">Tour del sentiero del caff\u00e8.<br \/>\n<\/span><span style=\"font-weight: 400;\">Rito del caff\u00e8.<br \/>\n<\/span><span style=\"font-weight: 400;\">Guida esperta per l&#8217;ospite del caff\u00e8.<br \/>\n<\/span><span style=\"font-weight: 400;\">Trasporto di andata e ritorno dal Salento.<br \/>\n<\/span><span style=\"font-weight: 400;\">Assicurazione di viaggio.<\/span><\/p>\n<p><strong>NON INCLUSO<\/strong><\/p>\n<p><span style=\"font-weight: 400;\">Spese non specificate nel programma.<\/span><\/p>\n","protected":false},"featured_media":3404,"template":"","meta":{"_acf_changed":false,"site-sidebar-layout":"default","site-content-layout":"","ast-site-content-layout":"default","site-content-style":"default","site-sidebar-style":"default","ast-global-header-display":"","ast-banner-title-visibility":"","ast-main-header-display":"","ast-hfb-above-header-display":"","ast-hfb-below-header-display":"","ast-hfb-mobile-header-display":"","site-post-title":"","ast-breadcrumbs-content":"","ast-featured-img":"","footer-sml-layout":"","ast-disable-related-posts":"","theme-transparent-header-meta":"default","adv-header-id-meta":"","stick-header-meta":"","header-above-stick-meta":"","header-main-stick-meta":"","header-below-stick-meta":"","astra-migrate-meta-layouts":"default","ast-page-background-enabled":"default","ast-page-background-meta":{"desktop":{"background-color":"var(--ast-global-color-4)","background-image":"","background-repeat":"repeat","background-position":"center center","background-size":"auto","background-attachment":"scroll","background-type":"","background-media":"","overlay-type":"","overlay-color":"","overlay-opacity":"","overlay-gradient":""},"tablet":{"background-color":"","background-image":"","background-repeat":"repeat","background-position":"center center","background-size":"auto","background-attachment":"scroll","background-type":"","background-media":"","overlay-type":"","overlay-color":"","overlay-opacity":"","overlay-gradient":""},"mobile":{"background-color":"","background-image":"","background-repeat":"repeat","background-position":"center center","background-size":"auto","background-attachment":"scroll","background-type":"","background-media":"","overlay-type":"","overlay-color":"","overlay-opacity":"","overlay-gradient":""}},"ast-content-background-meta":{"desktop":{"background-color":"var(--ast-global-color-5)","background-image":"","background-repeat":"repeat","background-position":"center center","background-size":"auto","background-attachment":"scroll","background-type":"","background-media":"","overlay-type":"","overlay-color":"","overlay-opacity":"","overlay-gradient":""},"tablet":{"background-color":"var(--ast-global-color-5)","background-image":"","background-repeat":"repeat","background-position":"center center","background-size":"auto","background-attachment":"scroll","background-type":"","background-media":"","overlay-type":"","overlay-color":"","overlay-opacity":"","overlay-gradient":""},"mobile":{"background-color":"var(--ast-global-color-5)","background-image":"","background-repeat":"repeat","background-position":"center center","background-size":"auto","background-attachment":"scroll","background-type":"","background-media":"","overlay-type":"","overlay-color":"","overlay-opacity":"","overlay-gradient":""}},"_joinchat":[]},"product_brand":[],"product_cat":[356,418],"product_tag":[],"class_list":{"0":"post-4735","1":"product","2":"type-product","3":"status-publish","4":"has-post-thumbnail","6":"product_cat-caffe","7":"product_cat-overdose-di-caffe","8":"desktop-align-left","9":"tablet-align-left","10":"mobile-align-left","12":"first","13":"instock","14":"shipping-taxable","15":"purchasable","16":"product-type-simple"},"acf":[],"_links":{"self":[{"href":"https:\/\/tresorcolombien.com\/it\/wp-json\/wp\/v2\/product\/4735","targetHints":{"allow":["GET"]}}],"collection":[{"href":"https:\/\/tresorcolombien.com\/it\/wp-json\/wp\/v2\/product"}],"about":[{"href":"https:\/\/tresorcolombien.com\/it\/wp-json\/wp\/v2\/types\/product"}],"version-history":[{"count":0,"href":"https:\/\/tresorcolombien.com\/it\/wp-json\/wp\/v2\/product\/4735\/revisions"}],"wp:featuredmedia":[{"embeddable":true,"href":"https:\/\/tresorcolombien.com\/it\/wp-json\/wp\/v2\/media\/3404"}],"wp:attachment":[{"href":"https:\/\/tresorcolombien.com\/it\/wp-json\/wp\/v2\/media?parent=4735"}],"wp:term":[{"taxonomy":"product_brand","embeddable":true,"href":"https:\/\/tresorcolombien.com\/it\/wp-json\/wp\/v2\/product_brand?post=4735"},{"taxonomy":"product_cat","embeddable":true,"href":"https:\/\/tresorcolombien.com\/it\/wp-json\/wp\/v2\/product_cat?post=4735"},{"taxonomy":"product_tag","embeddable":true,"href":"https:\/\/tresorcolombien.com\/it\/wp-json\/wp\/v2\/product_tag?post=4735"}],"curies":[{"name":"wp","href":"https:\/\/api.w.org\/{rel}","templated":true}]}}