{"id":4750,"date":"2024-11-13T16:24:03","date_gmt":"2024-11-13T21:24:03","guid":{"rendered":"https:\/\/tresorcolombien.com\/producto\/tour-di-gruppo-della-citta-bus-panoramico\/"},"modified":"2024-11-13T16:24:03","modified_gmt":"2024-11-13T21:24:03","slug":"tour-di-gruppo-della-citta-bus-panoramico","status":"publish","type":"product","link":"https:\/\/tresorcolombien.com\/it\/producto\/tour-di-gruppo-della-citta-bus-panoramico\/","title":{"rendered":"Tour di gruppo della citt\u00e0 &#8211; Bus panoramico"},"content":{"rendered":"<p>Scopri Bogot\u00e0 a bordo dell&#8217;autobus panoramico in un tour condiviso con audioguida bilingue.<br \/>\nUn concetto di gruppo in cui puoi scendere e salire in vari luoghi turistici della citt\u00e0 e trarne il massimo durante il giorno.<br \/>\nPer partecipare al tour \u00e8 necessario recarsi nei seguenti punti:<br \/>\nA: Juan Valdez &#8211; Parque de la 93<br \/>\nB: Juan Valdez de la Plaza de los Periodistas -Candelaria Il biglietto \u00e8 valido per 1 giorno durante il quale \u00e8 possibile visitare la citt\u00e0.<br \/>\nDAL LUNED\u00cc AL VENERD\u00cc &#8211; NESSUN SERVIZIO LA DOMENICA &#8211; O I GIORNI FESTIVI &#8211; Quanto dura il tour totale? 4 ore se lo si percorre senza alcuna discesa dal punto A al punto finale. &#8211; Per quanto tempo posso rimanere in ogni punto? Qualunque cosa tu voglia, devi solo tenerne conto la prossima volta che l&#8217;autobus passa per quello stesso punto. &#8211; Dove posso vedere gli orari di apertura di ogni punto? Alleghiamo una foto nella galleria in modo che tu possa averla sempre<br \/>\n a portata di mano: quali punti posso visitare durante il tour? Cerro de Monserrate\/La Candelaria\/Museo Nazionale\/Centro Internazionale\/La Zona Rosa\/Plaza de la Concordia<br \/>\n&#8211; Quanto dura il biglietto abilitato? Dura 1 giorno Nota: Il trasferimento dall&#8217;hotel al punto di partenza per prendere il bus panoramico viene effettuato a spese di ogni passeggero, sia all&#8217;andata che al ritorno.<\/p>\n","protected":false},"excerpt":{"rendered":"<p><strong>INCLUDE:<\/strong><br \/>\nVisita guidata alla candelaria.<br \/>\nBiglietto dell&#8217;autobus panoramico valido per 1 giorno<br \/>\n<strong>NON INCLUSO:<\/strong><br \/>\n Pranzo.<br \/>\nSuggerimenti.<br \/>\nSpese non specificate nel programma.<\/p>\n<p>&nbsp;<\/p>\n","protected":false},"featured_media":3470,"template":"","meta":{"_acf_changed":false,"site-sidebar-layout":"default","site-content-layout":"","ast-site-content-layout":"default","site-content-style":"default","site-sidebar-style":"default","ast-global-header-display":"","ast-banner-title-visibility":"","ast-main-header-display":"","ast-hfb-above-header-display":"","ast-hfb-below-header-display":"","ast-hfb-mobile-header-display":"","site-post-title":"","ast-breadcrumbs-content":"","ast-featured-img":"","footer-sml-layout":"","ast-disable-related-posts":"","theme-transparent-header-meta":"default","adv-header-id-meta":"","stick-header-meta":"","header-above-stick-meta":"","header-main-stick-meta":"","header-below-stick-meta":"","astra-migrate-meta-layouts":"default","ast-page-background-enabled":"default","ast-page-background-meta":{"desktop":{"background-color":"var(--ast-global-color-4)","background-image":"","background-repeat":"repeat","background-position":"center center","background-size":"auto","background-attachment":"scroll","background-type":"","background-media":"","overlay-type":"","overlay-color":"","overlay-opacity":"","overlay-gradient":""},"tablet":{"background-color":"","background-image":"","background-repeat":"repeat","background-position":"center center","background-size":"auto","background-attachment":"scroll","background-type":"","background-media":"","overlay-type":"","overlay-color":"","overlay-opacity":"","overlay-gradient":""},"mobile":{"background-color":"","background-image":"","background-repeat":"repeat","background-position":"center center","background-size":"auto","background-attachment":"scroll","background-type":"","background-media":"","overlay-type":"","overlay-color":"","overlay-opacity":"","overlay-gradient":""}},"ast-content-background-meta":{"desktop":{"background-color":"var(--ast-global-color-5)","background-image":"","background-repeat":"repeat","background-position":"center center","background-size":"auto","background-attachment":"scroll","background-type":"","background-media":"","overlay-type":"","overlay-color":"","overlay-opacity":"","overlay-gradient":""},"tablet":{"background-color":"var(--ast-global-color-5)","background-image":"","background-repeat":"repeat","background-position":"center center","background-size":"auto","background-attachment":"scroll","background-type":"","background-media":"","overlay-type":"","overlay-color":"","overlay-opacity":"","overlay-gradient":""},"mobile":{"background-color":"var(--ast-global-color-5)","background-image":"","background-repeat":"repeat","background-position":"center center","background-size":"auto","background-attachment":"scroll","background-type":"","background-media":"","overlay-type":"","overlay-color":"","overlay-opacity":"","overlay-gradient":""}},"_joinchat":[]},"product_brand":[],"product_cat":[339],"product_tag":[425],"class_list":{"0":"post-4750","1":"product","2":"type-product","3":"status-publish","4":"has-post-thumbnail","6":"product_cat-bogota-e-dintorni","7":"product_tag-culturale","8":"desktop-align-left","9":"tablet-align-left","10":"mobile-align-left","12":"first","13":"instock","14":"shipping-taxable","15":"product-type-simple"},"acf":[],"_links":{"self":[{"href":"https:\/\/tresorcolombien.com\/it\/wp-json\/wp\/v2\/product\/4750","targetHints":{"allow":["GET"]}}],"collection":[{"href":"https:\/\/tresorcolombien.com\/it\/wp-json\/wp\/v2\/product"}],"about":[{"href":"https:\/\/tresorcolombien.com\/it\/wp-json\/wp\/v2\/types\/product"}],"version-history":[{"count":0,"href":"https:\/\/tresorcolombien.com\/it\/wp-json\/wp\/v2\/product\/4750\/revisions"}],"wp:featuredmedia":[{"embeddable":true,"href":"https:\/\/tresorcolombien.com\/it\/wp-json\/wp\/v2\/media\/3470"}],"wp:attachment":[{"href":"https:\/\/tresorcolombien.com\/it\/wp-json\/wp\/v2\/media?parent=4750"}],"wp:term":[{"taxonomy":"product_brand","embeddable":true,"href":"https:\/\/tresorcolombien.com\/it\/wp-json\/wp\/v2\/product_brand?post=4750"},{"taxonomy":"product_cat","embeddable":true,"href":"https:\/\/tresorcolombien.com\/it\/wp-json\/wp\/v2\/product_cat?post=4750"},{"taxonomy":"product_tag","embeddable":true,"href":"https:\/\/tresorcolombien.com\/it\/wp-json\/wp\/v2\/product_tag?post=4750"}],"curies":[{"name":"wp","href":"https:\/\/api.w.org\/{rel}","templated":true}]}}