{"id":4758,"date":"2024-11-13T16:24:15","date_gmt":"2024-11-13T21:24:15","guid":{"rendered":"https:\/\/tresorcolombien.com\/producto\/tour-di-gruppo-condiviso-guatavita-cattedrale-di-sale\/"},"modified":"2025-01-15T01:47:23","modified_gmt":"2025-01-15T06:47:23","slug":"tour-di-gruppo-condiviso-guatavita-cattedrale-di-sale","status":"publish","type":"product","link":"https:\/\/tresorcolombien.com\/it\/producto\/tour-di-gruppo-condiviso-guatavita-cattedrale-di-sale\/","title":{"rendered":"Tour di gruppo condiviso Guatavita + Cattedrale di Sale"},"content":{"rendered":"<p>Questo piano \u00e8 un&#8217;eccellente combinazione di esperienze mistiche e uniche al mondo. Inizierai il tour con una visita alla Laguna di Guatavita, un sito sacro per la cultura Muisca e un luogo che ispira la leggenda di El Dorado. Successivamente, attraverserai la savana e arriverai alla Cattedrale di Sale di Zipaquir\u00e1, la prima meraviglia della Colombia. Con la sua imponente architettura completamente scolpita nel sale, questo tempio sotterraneo vi regaler\u00e0 un&#8217;esperienza straordinaria quando visitate il teatro di realt\u00e0 virtuale, lo specchio d&#8217;acqua e la pi\u00f9 grande croce sotterranea del mondo Punti di incontro:<br \/>\n7:00 am &#8211; Candelaria<br \/>\nCalle 16 # 4 &#8211; 23 8:00 am &#8211; Parque de la 93<br \/>\nCarrera 11A # 93A &#8211; 10<br \/>\nDi fronte a Juan Valdez Coffee Disponibilit\u00e0 :  Da marted\u00ec a domenica (se il luned\u00ec \u00e8 festivo, il marted\u00ec \u00e8 chiuso)   <\/p>\n","protected":false},"excerpt":{"rendered":"<p>INCLUDE:<br \/>\nTrasporto da e per il punto d&#8217;incontro CONDIVISO<br \/>\nCoordinatore bilingue (spagnolo &#8211; inglese)<br \/>\nAudioguide<br \/>\nBiglietto d&#8217;ingresso (Cattedrale di Sale e Guatavita)<br \/>\nGuida locale in spagnolo nella laguna di Guatavita<br \/>\nTempo libero per visitare la cattedrale di sale<br \/>\nTempo libero per il pranzo o la visita alla citt\u00e0<br \/>\nAssicurazione<br \/>\ndi viaggio Trasporto di andata e ritorno da Bogot\u00e0<br \/>\nNON INCLUSO:<br \/>\nSpese non specificate nel programma<br \/>\nPranzo<br \/>\nRitiro o riconsegna<br \/>\ndell&#8217;hotel Mance<\/p>\n","protected":false},"featured_media":3485,"template":"","meta":{"_acf_changed":false,"site-sidebar-layout":"default","site-content-layout":"","ast-site-content-layout":"default","site-content-style":"default","site-sidebar-style":"default","ast-global-header-display":"","ast-banner-title-visibility":"","ast-main-header-display":"","ast-hfb-above-header-display":"","ast-hfb-below-header-display":"","ast-hfb-mobile-header-display":"","site-post-title":"","ast-breadcrumbs-content":"","ast-featured-img":"","footer-sml-layout":"","ast-disable-related-posts":"","theme-transparent-header-meta":"default","adv-header-id-meta":"","stick-header-meta":"","header-above-stick-meta":"","header-main-stick-meta":"","header-below-stick-meta":"","astra-migrate-meta-layouts":"set","ast-page-background-enabled":"default","ast-page-background-meta":{"desktop":{"background-color":"var(--ast-global-color-4)","background-image":"","background-repeat":"repeat","background-position":"center center","background-size":"auto","background-attachment":"scroll","background-type":"","background-media":"","overlay-type":"","overlay-color":"","overlay-opacity":"","overlay-gradient":""},"tablet":{"background-color":"","background-image":"","background-repeat":"repeat","background-position":"center center","background-size":"auto","background-attachment":"scroll","background-type":"","background-media":"","overlay-type":"","overlay-color":"","overlay-opacity":"","overlay-gradient":""},"mobile":{"background-color":"","background-image":"","background-repeat":"repeat","background-position":"center center","background-size":"auto","background-attachment":"scroll","background-type":"","background-media":"","overlay-type":"","overlay-color":"","overlay-opacity":"","overlay-gradient":""}},"ast-content-background-meta":{"desktop":{"background-color":"var(--ast-global-color-5)","background-image":"","background-repeat":"repeat","background-position":"center center","background-size":"auto","background-attachment":"scroll","background-type":"","background-media":"","overlay-type":"","overlay-color":"","overlay-opacity":"","overlay-gradient":""},"tablet":{"background-color":"var(--ast-global-color-5)","background-image":"","background-repeat":"repeat","background-position":"center center","background-size":"auto","background-attachment":"scroll","background-type":"","background-media":"","overlay-type":"","overlay-color":"","overlay-opacity":"","overlay-gradient":""},"mobile":{"background-color":"var(--ast-global-color-5)","background-image":"","background-repeat":"repeat","background-position":"center center","background-size":"auto","background-attachment":"scroll","background-type":"","background-media":"","overlay-type":"","overlay-color":"","overlay-opacity":"","overlay-gradient":""}},"_joinchat":[]},"product_brand":[],"product_cat":[339],"product_tag":[],"class_list":{"0":"post-4758","1":"product","2":"type-product","3":"status-publish","4":"has-post-thumbnail","6":"product_cat-bogota-e-dintorni","7":"desktop-align-left","8":"tablet-align-left","9":"mobile-align-left","11":"first","12":"instock","13":"shipping-taxable","14":"product-type-simple"},"acf":[],"_links":{"self":[{"href":"https:\/\/tresorcolombien.com\/it\/wp-json\/wp\/v2\/product\/4758","targetHints":{"allow":["GET"]}}],"collection":[{"href":"https:\/\/tresorcolombien.com\/it\/wp-json\/wp\/v2\/product"}],"about":[{"href":"https:\/\/tresorcolombien.com\/it\/wp-json\/wp\/v2\/types\/product"}],"version-history":[{"count":1,"href":"https:\/\/tresorcolombien.com\/it\/wp-json\/wp\/v2\/product\/4758\/revisions"}],"predecessor-version":[{"id":5427,"href":"https:\/\/tresorcolombien.com\/it\/wp-json\/wp\/v2\/product\/4758\/revisions\/5427"}],"wp:featuredmedia":[{"embeddable":true,"href":"https:\/\/tresorcolombien.com\/it\/wp-json\/wp\/v2\/media\/3485"}],"wp:attachment":[{"href":"https:\/\/tresorcolombien.com\/it\/wp-json\/wp\/v2\/media?parent=4758"}],"wp:term":[{"taxonomy":"product_brand","embeddable":true,"href":"https:\/\/tresorcolombien.com\/it\/wp-json\/wp\/v2\/product_brand?post=4758"},{"taxonomy":"product_cat","embeddable":true,"href":"https:\/\/tresorcolombien.com\/it\/wp-json\/wp\/v2\/product_cat?post=4758"},{"taxonomy":"product_tag","embeddable":true,"href":"https:\/\/tresorcolombien.com\/it\/wp-json\/wp\/v2\/product_tag?post=4758"}],"curies":[{"name":"wp","href":"https:\/\/api.w.org\/{rel}","templated":true}]}}