{"id":4764,"date":"2024-11-29T03:13:03","date_gmt":"2024-11-29T08:13:03","guid":{"rendered":"https:\/\/tresorcolombien.com\/producto\/tesoro-amazzonico-6-giorni-5-notti\/"},"modified":"2024-11-29T03:13:03","modified_gmt":"2024-11-29T08:13:03","slug":"tesoro-amazzonico-6-giorni-5-notti","status":"publish","type":"product","link":"https:\/\/tresorcolombien.com\/it\/producto\/tesoro-amazzonico-6-giorni-5-notti\/","title":{"rendered":"TESORO AMAZZONICO &#8211; 6 GIORNI \/ 5 NOTTI"},"content":{"rendered":"<p>Siete alla ricerca di una meta ricca di natura, lontana dalla quotidianit\u00e0 e dove dedicarvi all&#8217;avventura e alla scoperta di una fauna esotica? Questa esperienza \u00e8 ideale per te e la tua famiglia. Ti permetter\u00e0 di connetterti con la natura, navigare il Rio delle Amazzoni in motoscafo per poter raggiungere ogni sito turistico. Visita le riserve naturali protette con paesaggi incredibili all&#8217;interno della giungla tropicale. Convivono con la fauna e la flora esotica in cui c&#8217;\u00e8 una grande concentrazione di anfibi, uccelli e mammiferi. Le riserve naturali che visiteremo sono un luogo unico per condividere con le comunit\u00e0 indigene e apprendere conoscenze ancestrali, godersi una passeggiata ecologica e partecipare a un laboratorio artigianale. Un momento imperdibile \u00e8 quello di condividere con i Tonina, localmente conosciuti come delfini rosa nel lago Tarapoto. Un piano ideale da condividere con la famiglia.<\/p>\n","protected":false},"excerpt":{"rendered":"<p><strong>INCLUDE:<br \/>\n<\/strong>Sistemazione (1 notte a Leticia, altre in riserva naturale)<br \/>\nPasti completi dalla cena del primo giorno alla colazione dell&#8217;ultimo giorno.<br \/>\nFai un&#8217;escursione sull&#8217;isola della fantasia.<br \/>\nVisita la Riserva Naturale del Per\u00f9.<br \/>\nPesca, canoa, osservazione della fauna selvatica e passeggiate nella giungla.<br \/>\nVisita all&#8217;isola delle scimmie.<br \/>\nVisita ai laghi di Correos.<br \/>\nVisita e condividi con la comunit\u00e0 indigena.<br \/>\nOsservazione dei delfini rosa.<br \/>\nNavigazione sul Rio delle Amazzoni.<br \/>\nVisita in Islanda, popolazione di legname peruviana.<br \/>\nGuida locale durante i tour.<br \/>\nTrasferimenti fluviali e terrestri.<br \/>\nAssicurazione di viaggio.<br \/>\n<strong>NON INCLUSO:<br \/>\n<\/strong>Spese non specificate nel programma.<br \/>\nVoli nazionali.<\/p>\n","protected":false},"featured_media":3536,"template":"","meta":{"_acf_changed":false,"site-sidebar-layout":"default","site-content-layout":"","ast-site-content-layout":"default","site-content-style":"default","site-sidebar-style":"default","ast-global-header-display":"","ast-banner-title-visibility":"","ast-main-header-display":"","ast-hfb-above-header-display":"","ast-hfb-below-header-display":"","ast-hfb-mobile-header-display":"","site-post-title":"","ast-breadcrumbs-content":"","ast-featured-img":"","footer-sml-layout":"","ast-disable-related-posts":"","theme-transparent-header-meta":"default","adv-header-id-meta":"","stick-header-meta":"","header-above-stick-meta":"","header-main-stick-meta":"","header-below-stick-meta":"","astra-migrate-meta-layouts":"default","ast-page-background-enabled":"default","ast-page-background-meta":{"desktop":{"background-color":"var(--ast-global-color-4)","background-image":"","background-repeat":"repeat","background-position":"center center","background-size":"auto","background-attachment":"scroll","background-type":"","background-media":"","overlay-type":"","overlay-color":"","overlay-opacity":"","overlay-gradient":""},"tablet":{"background-color":"","background-image":"","background-repeat":"repeat","background-position":"center center","background-size":"auto","background-attachment":"scroll","background-type":"","background-media":"","overlay-type":"","overlay-color":"","overlay-opacity":"","overlay-gradient":""},"mobile":{"background-color":"","background-image":"","background-repeat":"repeat","background-position":"center center","background-size":"auto","background-attachment":"scroll","background-type":"","background-media":"","overlay-type":"","overlay-color":"","overlay-opacity":"","overlay-gradient":""}},"ast-content-background-meta":{"desktop":{"background-color":"var(--ast-global-color-5)","background-image":"","background-repeat":"repeat","background-position":"center center","background-size":"auto","background-attachment":"scroll","background-type":"","background-media":"","overlay-type":"","overlay-color":"","overlay-opacity":"","overlay-gradient":""},"tablet":{"background-color":"var(--ast-global-color-5)","background-image":"","background-repeat":"repeat","background-position":"center center","background-size":"auto","background-attachment":"scroll","background-type":"","background-media":"","overlay-type":"","overlay-color":"","overlay-opacity":"","overlay-gradient":""},"mobile":{"background-color":"var(--ast-global-color-5)","background-image":"","background-repeat":"repeat","background-position":"center center","background-size":"auto","background-attachment":"scroll","background-type":"","background-media":"","overlay-type":"","overlay-color":"","overlay-opacity":"","overlay-gradient":""}},"_joinchat":[]},"product_brand":[],"product_cat":[370],"product_tag":[422,434,443],"class_list":{"0":"post-4764","1":"product","2":"type-product","3":"status-publish","4":"has-post-thumbnail","6":"product_cat-destinazioni-esotiche","7":"product_tag-avventura","8":"product_tag-fauna-it","9":"product_tag-natura","10":"desktop-align-left","11":"tablet-align-left","12":"mobile-align-left","14":"first","15":"instock","16":"shipping-taxable","17":"purchasable","18":"product-type-simple"},"acf":[],"_links":{"self":[{"href":"https:\/\/tresorcolombien.com\/it\/wp-json\/wp\/v2\/product\/4764","targetHints":{"allow":["GET"]}}],"collection":[{"href":"https:\/\/tresorcolombien.com\/it\/wp-json\/wp\/v2\/product"}],"about":[{"href":"https:\/\/tresorcolombien.com\/it\/wp-json\/wp\/v2\/types\/product"}],"version-history":[{"count":0,"href":"https:\/\/tresorcolombien.com\/it\/wp-json\/wp\/v2\/product\/4764\/revisions"}],"wp:featuredmedia":[{"embeddable":true,"href":"https:\/\/tresorcolombien.com\/it\/wp-json\/wp\/v2\/media\/3536"}],"wp:attachment":[{"href":"https:\/\/tresorcolombien.com\/it\/wp-json\/wp\/v2\/media?parent=4764"}],"wp:term":[{"taxonomy":"product_brand","embeddable":true,"href":"https:\/\/tresorcolombien.com\/it\/wp-json\/wp\/v2\/product_brand?post=4764"},{"taxonomy":"product_cat","embeddable":true,"href":"https:\/\/tresorcolombien.com\/it\/wp-json\/wp\/v2\/product_cat?post=4764"},{"taxonomy":"product_tag","embeddable":true,"href":"https:\/\/tresorcolombien.com\/it\/wp-json\/wp\/v2\/product_tag?post=4764"}],"curies":[{"name":"wp","href":"https:\/\/api.w.org\/{rel}","templated":true}]}}