{"id":4768,"date":"2024-11-29T03:16:43","date_gmt":"2024-11-29T08:16:43","guid":{"rendered":"https:\/\/tresorcolombien.com\/producto\/guaviarense-treasure-3-giorni-2-notti\/"},"modified":"2024-11-29T03:16:43","modified_gmt":"2024-11-29T08:16:43","slug":"guaviarense-treasure-3-giorni-2-notti","status":"publish","type":"product","link":"https:\/\/tresorcolombien.com\/it\/producto\/guaviarense-treasure-3-giorni-2-notti\/","title":{"rendered":"GUAVIARENSE TREASURE 3 GIORNI \/ 2 NOTTI"},"content":{"rendered":"<p>Scopri uno dei siti archeologici pi\u00f9 importanti del mondo (ICANH), con pittogrammi che coprono circa 1.200 m2 e che hanno pi\u00f9 di 12.000 anni, visita il luogo magico ai piedi della montagna amazzonica costituito da una laguna di 81 ettari di specchio d&#8217;acqua con collegamento al fiume Guaviare, habitat del delfino di fiume rosa. Questa destinazione \u00e8 piena di tubi e cascate, dove avrete l&#8217;opportunit\u00e0 di vedere la Macarenia clavigera, (la stessa specie che d\u00e0 la colorazione al Ca\u00f1o Cristales a La Macarena, Meta), visitare il pi\u00f9 grande fiume colorato di Guaviare e l&#8217;imponente formazione rocciosa della porta di Orione, icona del dipartimento di Guaviare con 12 metri di altezza e 15 metri di larghezza.<\/p>\n<p><strong>Consigli:  <\/strong><\/p>\n<p>Vaccino contro la febbre gialla e il tetano.<br \/>\nScarpa chiusa con disponibilit\u00e0 per bagnatura.<br \/>\nCamicia a maniche lunghe, ombrello e berretto.<br \/>\nRepellente e crema solare.<br \/>\nImpermeabile.<br \/>\nCostume da bagno o costume da bagno.<\/p>\n","protected":false},"excerpt":{"rendered":"<p><strong>INCLUDE:<br \/>\n<\/strong>Pernottamento con colazione inclusa.<br \/>\nCucina tipica completa: dal pranzo del primo giorno al pranzo del terzo giorno.<br \/>\nGuida Con una guida esperta nella zona.<br \/>\nCanoa, tour della laguna, avvistamento del delfino rosa.<br \/>\n<span style=\"font-size: 16px;\">Trasporto terrestre 4&#215;4 auto.<br \/>\n<\/span>Assicurazione di viaggio.<br \/>\nAssistenza sanitaria.<br \/>\nEntrate ai siti<br \/>\nContributi alle comunit\u00e0<br \/>\n<strong>NON INCLUSE:<br \/>\n<\/strong> Spese non specificate nel programma<br \/>\nVoli nazionali\/Trasporto da Bogot\u00e1<\/p>\n","protected":false},"featured_media":3548,"template":"","meta":{"_acf_changed":false,"site-sidebar-layout":"default","site-content-layout":"","ast-site-content-layout":"default","site-content-style":"default","site-sidebar-style":"default","ast-global-header-display":"","ast-banner-title-visibility":"","ast-main-header-display":"","ast-hfb-above-header-display":"","ast-hfb-below-header-display":"","ast-hfb-mobile-header-display":"","site-post-title":"","ast-breadcrumbs-content":"","ast-featured-img":"","footer-sml-layout":"","ast-disable-related-posts":"","theme-transparent-header-meta":"default","adv-header-id-meta":"","stick-header-meta":"","header-above-stick-meta":"","header-main-stick-meta":"","header-below-stick-meta":"","astra-migrate-meta-layouts":"default","ast-page-background-enabled":"default","ast-page-background-meta":{"desktop":{"background-color":"var(--ast-global-color-4)","background-image":"","background-repeat":"repeat","background-position":"center center","background-size":"auto","background-attachment":"scroll","background-type":"","background-media":"","overlay-type":"","overlay-color":"","overlay-opacity":"","overlay-gradient":""},"tablet":{"background-color":"","background-image":"","background-repeat":"repeat","background-position":"center center","background-size":"auto","background-attachment":"scroll","background-type":"","background-media":"","overlay-type":"","overlay-color":"","overlay-opacity":"","overlay-gradient":""},"mobile":{"background-color":"","background-image":"","background-repeat":"repeat","background-position":"center center","background-size":"auto","background-attachment":"scroll","background-type":"","background-media":"","overlay-type":"","overlay-color":"","overlay-opacity":"","overlay-gradient":""}},"ast-content-background-meta":{"desktop":{"background-color":"var(--ast-global-color-5)","background-image":"","background-repeat":"repeat","background-position":"center center","background-size":"auto","background-attachment":"scroll","background-type":"","background-media":"","overlay-type":"","overlay-color":"","overlay-opacity":"","overlay-gradient":""},"tablet":{"background-color":"var(--ast-global-color-5)","background-image":"","background-repeat":"repeat","background-position":"center center","background-size":"auto","background-attachment":"scroll","background-type":"","background-media":"","overlay-type":"","overlay-color":"","overlay-opacity":"","overlay-gradient":""},"mobile":{"background-color":"var(--ast-global-color-5)","background-image":"","background-repeat":"repeat","background-position":"center center","background-size":"auto","background-attachment":"scroll","background-type":"","background-media":"","overlay-type":"","overlay-color":"","overlay-opacity":"","overlay-gradient":""}},"_joinchat":[]},"product_brand":[],"product_cat":[370],"product_tag":[422,434,443],"class_list":{"0":"post-4768","1":"product","2":"type-product","3":"status-publish","4":"has-post-thumbnail","6":"product_cat-destinazioni-esotiche","7":"product_tag-avventura","8":"product_tag-fauna-it","9":"product_tag-natura","10":"desktop-align-left","11":"tablet-align-left","12":"mobile-align-left","14":"first","15":"instock","16":"shipping-taxable","17":"purchasable","18":"product-type-simple"},"acf":[],"_links":{"self":[{"href":"https:\/\/tresorcolombien.com\/it\/wp-json\/wp\/v2\/product\/4768","targetHints":{"allow":["GET"]}}],"collection":[{"href":"https:\/\/tresorcolombien.com\/it\/wp-json\/wp\/v2\/product"}],"about":[{"href":"https:\/\/tresorcolombien.com\/it\/wp-json\/wp\/v2\/types\/product"}],"version-history":[{"count":0,"href":"https:\/\/tresorcolombien.com\/it\/wp-json\/wp\/v2\/product\/4768\/revisions"}],"wp:featuredmedia":[{"embeddable":true,"href":"https:\/\/tresorcolombien.com\/it\/wp-json\/wp\/v2\/media\/3548"}],"wp:attachment":[{"href":"https:\/\/tresorcolombien.com\/it\/wp-json\/wp\/v2\/media?parent=4768"}],"wp:term":[{"taxonomy":"product_brand","embeddable":true,"href":"https:\/\/tresorcolombien.com\/it\/wp-json\/wp\/v2\/product_brand?post=4768"},{"taxonomy":"product_cat","embeddable":true,"href":"https:\/\/tresorcolombien.com\/it\/wp-json\/wp\/v2\/product_cat?post=4768"},{"taxonomy":"product_tag","embeddable":true,"href":"https:\/\/tresorcolombien.com\/it\/wp-json\/wp\/v2\/product_tag?post=4768"}],"curies":[{"name":"wp","href":"https:\/\/api.w.org\/{rel}","templated":true}]}}