{"id":4775,"date":"2024-11-13T16:18:25","date_gmt":"2024-11-13T21:18:25","guid":{"rendered":"https:\/\/tresorcolombien.com\/producto\/tour-della-birra-artigianale-birra-medallo\/"},"modified":"2024-11-13T16:18:25","modified_gmt":"2024-11-13T21:18:25","slug":"tour-della-birra-artigianale-birra-medallo","status":"publish","type":"product","link":"https:\/\/tresorcolombien.com\/it\/producto\/tour-della-birra-artigianale-birra-medallo\/","title":{"rendered":"Tour della birra artigianale: Birra Medallo"},"content":{"rendered":"<p><span style=\"font-weight: 400;\">Tour della birra artigianale: Medallo Beer.<br \/>\nEsperienza ideale per gli amanti della birra e della sua tradizionale produzione artigianale. Questo tour ti permette di scoprire un assaggio culturale e tradizionale in cui visiteremo uno dei birrifici pi\u00f9 prestigiosi della citt\u00e0 di Medell\u00edn. <\/span><br \/>\n<span style=\"font-weight: 400;\"><strong>Disponibile:<\/strong> Dal luned\u00ec al gioved\u00ec dalle 17 alle 22  <\/span><\/p>\n","protected":false},"excerpt":{"rendered":"<p><strong>INCLUDE:<\/strong><br \/>\n<span style=\"font-weight: 400;\">Guida ospitante di lingua spagnola.<br \/>\n<\/span><span style=\"font-weight: 400;\">Trasporto in compagnia dell&#8217;host (Non privato).<br \/>\n<\/span><span style=\"font-weight: 400;\">Degustazione e abbinamento<br \/>\n birra<\/span><span style=\"font-weight: 400;\">Assicurazione di viaggio.<\/span><br \/>\n<strong>NON INCLUSO<\/strong><br \/>\n<span style=\"font-weight: 400;\">Spese non specificate nel programma.<br \/>\n<\/span><span style=\"font-weight: 400;\">Suggerimenti.<\/span><\/p>\n<p><em><strong>*Puoi scegliere il trasporto privato porta a porta per la tua esperienza.<\/strong><\/em><\/p>\n","protected":false},"featured_media":3194,"template":"","meta":{"_acf_changed":false,"site-sidebar-layout":"default","site-content-layout":"","ast-site-content-layout":"default","site-content-style":"default","site-sidebar-style":"default","ast-global-header-display":"","ast-banner-title-visibility":"","ast-main-header-display":"","ast-hfb-above-header-display":"","ast-hfb-below-header-display":"","ast-hfb-mobile-header-display":"","site-post-title":"","ast-breadcrumbs-content":"","ast-featured-img":"","footer-sml-layout":"","ast-disable-related-posts":"","theme-transparent-header-meta":"default","adv-header-id-meta":"","stick-header-meta":"","header-above-stick-meta":"","header-main-stick-meta":"","header-below-stick-meta":"","astra-migrate-meta-layouts":"default","ast-page-background-enabled":"default","ast-page-background-meta":{"desktop":{"background-color":"var(--ast-global-color-4)","background-image":"","background-repeat":"repeat","background-position":"center center","background-size":"auto","background-attachment":"scroll","background-type":"","background-media":"","overlay-type":"","overlay-color":"","overlay-opacity":"","overlay-gradient":""},"tablet":{"background-color":"","background-image":"","background-repeat":"repeat","background-position":"center center","background-size":"auto","background-attachment":"scroll","background-type":"","background-media":"","overlay-type":"","overlay-color":"","overlay-opacity":"","overlay-gradient":""},"mobile":{"background-color":"","background-image":"","background-repeat":"repeat","background-position":"center center","background-size":"auto","background-attachment":"scroll","background-type":"","background-media":"","overlay-type":"","overlay-color":"","overlay-opacity":"","overlay-gradient":""}},"ast-content-background-meta":{"desktop":{"background-color":"var(--ast-global-color-5)","background-image":"","background-repeat":"repeat","background-position":"center center","background-size":"auto","background-attachment":"scroll","background-type":"","background-media":"","overlay-type":"","overlay-color":"","overlay-opacity":"","overlay-gradient":""},"tablet":{"background-color":"var(--ast-global-color-5)","background-image":"","background-repeat":"repeat","background-position":"center center","background-size":"auto","background-attachment":"scroll","background-type":"","background-media":"","overlay-type":"","overlay-color":"","overlay-opacity":"","overlay-gradient":""},"mobile":{"background-color":"var(--ast-global-color-5)","background-image":"","background-repeat":"repeat","background-position":"center center","background-size":"auto","background-attachment":"scroll","background-type":"","background-media":"","overlay-type":"","overlay-color":"","overlay-opacity":"","overlay-gradient":""}},"_joinchat":[]},"product_brand":[],"product_cat":[386,401],"product_tag":[],"class_list":{"0":"post-4775","1":"product","2":"type-product","3":"status-publish","4":"has-post-thumbnail","6":"product_cat-medellin-it","7":"product_cat-tour-della-birra-artigianale","8":"desktop-align-left","9":"tablet-align-left","10":"mobile-align-left","12":"first","13":"instock","14":"shipping-taxable","15":"product-type-simple"},"acf":[],"_links":{"self":[{"href":"https:\/\/tresorcolombien.com\/it\/wp-json\/wp\/v2\/product\/4775","targetHints":{"allow":["GET"]}}],"collection":[{"href":"https:\/\/tresorcolombien.com\/it\/wp-json\/wp\/v2\/product"}],"about":[{"href":"https:\/\/tresorcolombien.com\/it\/wp-json\/wp\/v2\/types\/product"}],"version-history":[{"count":0,"href":"https:\/\/tresorcolombien.com\/it\/wp-json\/wp\/v2\/product\/4775\/revisions"}],"wp:featuredmedia":[{"embeddable":true,"href":"https:\/\/tresorcolombien.com\/it\/wp-json\/wp\/v2\/media\/3194"}],"wp:attachment":[{"href":"https:\/\/tresorcolombien.com\/it\/wp-json\/wp\/v2\/media?parent=4775"}],"wp:term":[{"taxonomy":"product_brand","embeddable":true,"href":"https:\/\/tresorcolombien.com\/it\/wp-json\/wp\/v2\/product_brand?post=4775"},{"taxonomy":"product_cat","embeddable":true,"href":"https:\/\/tresorcolombien.com\/it\/wp-json\/wp\/v2\/product_cat?post=4775"},{"taxonomy":"product_tag","embeddable":true,"href":"https:\/\/tresorcolombien.com\/it\/wp-json\/wp\/v2\/product_tag?post=4775"}],"curies":[{"name":"wp","href":"https:\/\/api.w.org\/{rel}","templated":true}]}}