{"id":4784,"date":"2024-11-13T16:19:27","date_gmt":"2024-11-13T21:19:27","guid":{"rendered":"https:\/\/tresorcolombien.com\/producto\/tour-della-citta-di-cartagena\/"},"modified":"2024-11-13T16:19:27","modified_gmt":"2024-11-13T21:19:27","slug":"tour-della-citta-di-cartagena","status":"publish","type":"product","link":"https:\/\/tresorcolombien.com\/it\/producto\/tour-della-citta-di-cartagena\/","title":{"rendered":"Tour della citt\u00e0 di Cartagena"},"content":{"rendered":"<p><span style=\"font-weight: 400;\">Tour della citt\u00e0 di Cartagena. Veicolo con aria condizionata per tour della citt\u00e0 di Cartagena. <\/span><\/p>\n<p><span style=\"font-weight: 400;\">Cartagena, la perla d&#8217;oro della Colombia, dichiarata Patrimonio dell&#8217;Umanit\u00e0 dall&#8217;UNESCO nel 1984, \u00e8 davvero un luogo magico e ricco di storie di pirati e corsari in questa magnifica citt\u00e0 coloniale. Non c&#8217;\u00e8 niente di meglio che passeggiare per le sue strade e piazze in compagnia di una guida specializzata negli aneddoti e nelle storie di questo labirinto di pietra.   <\/span><\/p>\n<p><span style=\"font-weight: 400;\">Include una visita guidata al Castello di San Felipe, un&#8217;imponente fortezza militare in pietra, la pi\u00f9 grande dell&#8217;America Latina che \u00e8 stata descritta come il capolavoro di punta dell&#8217;ingegneria militare spagnola.<\/span><\/p>\n","protected":false},"excerpt":{"rendered":"<p><b>INCLUDE:  <\/b><br \/>\n<span style=\"font-weight: 400;\">Guida dell&#8217;host.<br \/>\n<\/span><span style=\"font-weight: 400;\">Ingresso al Castello di San Felipe.<br \/>\n<\/span><span style=\"font-weight: 400;\">Ingresso\/Visita al Museo dello Smeraldo<br \/>\n<\/span><span style=\"font-weight: 400;\">Bottiglia d&#8217;acqua.<br \/>\n<\/span><span style=\"font-weight: 400;\">Trasporto privato con aria condizionata<br \/>\n<\/span><span style=\"font-weight: 400;\">Assicurazione personale.<\/span><\/p>\n<p><b>NON INCLUSO:  <\/b><br \/>\n<span style=\"font-weight: 400;\">Suggerimenti autista\/guida.<br \/>\n<\/span><span style=\"font-weight: 400;\">Spese non specificate nel programma.<\/span><br \/>\n<\/span><span style=\"font-weight: 400;\">Pranzo.<\/span><br \/>\n<strong>Per gruppi di 5 o pi\u00f9 persone Richiedi il tuo codice sconto!<\/strong><\/p>\n","protected":false},"featured_media":3239,"template":"","meta":{"_acf_changed":false,"site-sidebar-layout":"default","site-content-layout":"","ast-site-content-layout":"default","site-content-style":"default","site-sidebar-style":"default","ast-global-header-display":"","ast-banner-title-visibility":"","ast-main-header-display":"","ast-hfb-above-header-display":"","ast-hfb-below-header-display":"","ast-hfb-mobile-header-display":"","site-post-title":"","ast-breadcrumbs-content":"","ast-featured-img":"","footer-sml-layout":"","ast-disable-related-posts":"","theme-transparent-header-meta":"default","adv-header-id-meta":"","stick-header-meta":"","header-above-stick-meta":"","header-main-stick-meta":"","header-below-stick-meta":"","astra-migrate-meta-layouts":"default","ast-page-background-enabled":"default","ast-page-background-meta":{"desktop":{"background-color":"var(--ast-global-color-4)","background-image":"","background-repeat":"repeat","background-position":"center center","background-size":"auto","background-attachment":"scroll","background-type":"","background-media":"","overlay-type":"","overlay-color":"","overlay-opacity":"","overlay-gradient":""},"tablet":{"background-color":"","background-image":"","background-repeat":"repeat","background-position":"center center","background-size":"auto","background-attachment":"scroll","background-type":"","background-media":"","overlay-type":"","overlay-color":"","overlay-opacity":"","overlay-gradient":""},"mobile":{"background-color":"","background-image":"","background-repeat":"repeat","background-position":"center center","background-size":"auto","background-attachment":"scroll","background-type":"","background-media":"","overlay-type":"","overlay-color":"","overlay-opacity":"","overlay-gradient":""}},"ast-content-background-meta":{"desktop":{"background-color":"var(--ast-global-color-5)","background-image":"","background-repeat":"repeat","background-position":"center center","background-size":"auto","background-attachment":"scroll","background-type":"","background-media":"","overlay-type":"","overlay-color":"","overlay-opacity":"","overlay-gradient":""},"tablet":{"background-color":"var(--ast-global-color-5)","background-image":"","background-repeat":"repeat","background-position":"center center","background-size":"auto","background-attachment":"scroll","background-type":"","background-media":"","overlay-type":"","overlay-color":"","overlay-opacity":"","overlay-gradient":""},"mobile":{"background-color":"var(--ast-global-color-5)","background-image":"","background-repeat":"repeat","background-position":"center center","background-size":"auto","background-attachment":"scroll","background-type":"","background-media":"","overlay-type":"","overlay-color":"","overlay-opacity":"","overlay-gradient":""}},"_joinchat":[]},"product_brand":[],"product_cat":[349,404],"product_tag":[],"class_list":{"0":"post-4784","1":"product","2":"type-product","3":"status-publish","4":"has-post-thumbnail","6":"product_cat-cartagena-it","7":"product_cat-tour-della-citta-di-cartagena","8":"desktop-align-left","9":"tablet-align-left","10":"mobile-align-left","12":"first","13":"instock","14":"shipping-taxable","15":"product-type-simple"},"acf":[],"_links":{"self":[{"href":"https:\/\/tresorcolombien.com\/it\/wp-json\/wp\/v2\/product\/4784","targetHints":{"allow":["GET"]}}],"collection":[{"href":"https:\/\/tresorcolombien.com\/it\/wp-json\/wp\/v2\/product"}],"about":[{"href":"https:\/\/tresorcolombien.com\/it\/wp-json\/wp\/v2\/types\/product"}],"version-history":[{"count":0,"href":"https:\/\/tresorcolombien.com\/it\/wp-json\/wp\/v2\/product\/4784\/revisions"}],"wp:featuredmedia":[{"embeddable":true,"href":"https:\/\/tresorcolombien.com\/it\/wp-json\/wp\/v2\/media\/3239"}],"wp:attachment":[{"href":"https:\/\/tresorcolombien.com\/it\/wp-json\/wp\/v2\/media?parent=4784"}],"wp:term":[{"taxonomy":"product_brand","embeddable":true,"href":"https:\/\/tresorcolombien.com\/it\/wp-json\/wp\/v2\/product_brand?post=4784"},{"taxonomy":"product_cat","embeddable":true,"href":"https:\/\/tresorcolombien.com\/it\/wp-json\/wp\/v2\/product_cat?post=4784"},{"taxonomy":"product_tag","embeddable":true,"href":"https:\/\/tresorcolombien.com\/it\/wp-json\/wp\/v2\/product_tag?post=4784"}],"curies":[{"name":"wp","href":"https:\/\/api.w.org\/{rel}","templated":true}]}}