{"id":4787,"date":"2024-11-13T16:19:09","date_gmt":"2024-11-13T21:19:09","guid":{"rendered":"https:\/\/tresorcolombien.com\/producto\/tour-della-citta-medellin-comuna-13\/"},"modified":"2024-11-13T16:19:09","modified_gmt":"2024-11-13T21:19:09","slug":"tour-della-citta-medellin-comuna-13","status":"publish","type":"product","link":"https:\/\/tresorcolombien.com\/it\/producto\/tour-della-citta-medellin-comuna-13\/","title":{"rendered":"Tour della citt\u00e0 Medell\u00edn + Comuna 13"},"content":{"rendered":"<p>Tour della citt\u00e0 di Medell\u00edn.  <span style=\"font-weight: 400;\">Goditi un incredibile tour a piedi di uno dei luoghi pi\u00f9 famosi della Colombia degli anni &#8217;90, Comuna 13, oggi \u00e8 uno dei luoghi pi\u00f9 visitati per osservare le sue strade colorate e la spettacolare arte urbana.  <\/span><\/p>\n<p><span style=\"font-weight: 400;\">Termineremo con la discesa in funivia che \u00e8 un esempio di integrazione sociale nei quartieri periferici di Medell\u00edn, una visita imperdibile che ci mostrer\u00e0 un modello di trasformazione e pace.<br \/>\n<\/span><span style=\"font-weight: 400;\">La nostra giornata prosegue esplorando il centro storico di Medell\u00edn, passeggiando tra i siti pi\u00f9 rappresentativi della &#8220;Citt\u00e0 dell&#8217;Eterna Primavera&#8221;, imperdibili visite al Parco Berrio e alla sublime Plaza Botero accompagnati dalla nostra guida locale. Durante il tour della citt\u00e0 di Medell\u00edn l&#8217;orario di pranzo non \u00e8 incluso. <\/span><\/p>\n","protected":false},"excerpt":{"rendered":"<p><strong>INCLUDE:<\/strong><br \/>\n<span style=\"font-weight: 400;\">Ospite\/Guida.<br \/>\n<\/span><span style=\"font-weight: 400;\">Trasporto in compagnia dell&#8217;host (Non privato).<br \/>\n<\/span><span style=\"font-weight: 400;\">Viaggio in metropolitana e funivia.<br \/>\n<\/span><span style=\"font-weight: 400;\">Museo a cielo aperto; Parco di ristoro Inflection<br \/>\n<\/span><span style=\"font-weight: 400;\">.<br \/>\n<\/span><span style=\"font-weight: 400;\">Visite guidate a Plaza Botero, Parco Berr\u00edo<br \/>\n<\/span><span style=\"font-weight: 400;\">Visita e tour in COMUNA 13<br \/>\n<\/span><span style=\"font-weight: 400;\">Assicurazione di viaggio.<\/span><br \/>\n<strong>NON INCLUSO:<\/strong><br \/>\n<span style=\"font-weight: 400;\">Pranzo.<br \/>\n<\/span><span style=\"font-weight: 400;\">Suggerimenti.<br \/>\n<\/span><span style=\"font-weight: 400;\">Spese non specificate nel programma.<\/span><\/p>\n","protected":false},"featured_media":3224,"template":"","meta":{"_acf_changed":false,"site-sidebar-layout":"default","site-content-layout":"","ast-site-content-layout":"default","site-content-style":"default","site-sidebar-style":"default","ast-global-header-display":"","ast-banner-title-visibility":"","ast-main-header-display":"","ast-hfb-above-header-display":"","ast-hfb-below-header-display":"","ast-hfb-mobile-header-display":"","site-post-title":"","ast-breadcrumbs-content":"","ast-featured-img":"","footer-sml-layout":"","ast-disable-related-posts":"","theme-transparent-header-meta":"default","adv-header-id-meta":"","stick-header-meta":"","header-above-stick-meta":"","header-main-stick-meta":"","header-below-stick-meta":"","astra-migrate-meta-layouts":"default","ast-page-background-enabled":"default","ast-page-background-meta":{"desktop":{"background-color":"var(--ast-global-color-4)","background-image":"","background-repeat":"repeat","background-position":"center center","background-size":"auto","background-attachment":"scroll","background-type":"","background-media":"","overlay-type":"","overlay-color":"","overlay-opacity":"","overlay-gradient":""},"tablet":{"background-color":"","background-image":"","background-repeat":"repeat","background-position":"center center","background-size":"auto","background-attachment":"scroll","background-type":"","background-media":"","overlay-type":"","overlay-color":"","overlay-opacity":"","overlay-gradient":""},"mobile":{"background-color":"","background-image":"","background-repeat":"repeat","background-position":"center center","background-size":"auto","background-attachment":"scroll","background-type":"","background-media":"","overlay-type":"","overlay-color":"","overlay-opacity":"","overlay-gradient":""}},"ast-content-background-meta":{"desktop":{"background-color":"var(--ast-global-color-5)","background-image":"","background-repeat":"repeat","background-position":"center center","background-size":"auto","background-attachment":"scroll","background-type":"","background-media":"","overlay-type":"","overlay-color":"","overlay-opacity":"","overlay-gradient":""},"tablet":{"background-color":"var(--ast-global-color-5)","background-image":"","background-repeat":"repeat","background-position":"center center","background-size":"auto","background-attachment":"scroll","background-type":"","background-media":"","overlay-type":"","overlay-color":"","overlay-opacity":"","overlay-gradient":""},"mobile":{"background-color":"var(--ast-global-color-5)","background-image":"","background-repeat":"repeat","background-position":"center center","background-size":"auto","background-attachment":"scroll","background-type":"","background-media":"","overlay-type":"","overlay-color":"","overlay-opacity":"","overlay-gradient":""}},"_joinchat":[]},"product_brand":[],"product_cat":[386,403],"product_tag":[],"class_list":{"0":"post-4787","1":"product","2":"type-product","3":"status-publish","4":"has-post-thumbnail","6":"product_cat-medellin-it","7":"product_cat-medellin-tour-it","8":"desktop-align-left","9":"tablet-align-left","10":"mobile-align-left","12":"first","13":"instock","14":"shipping-taxable","15":"product-type-simple"},"acf":[],"_links":{"self":[{"href":"https:\/\/tresorcolombien.com\/it\/wp-json\/wp\/v2\/product\/4787","targetHints":{"allow":["GET"]}}],"collection":[{"href":"https:\/\/tresorcolombien.com\/it\/wp-json\/wp\/v2\/product"}],"about":[{"href":"https:\/\/tresorcolombien.com\/it\/wp-json\/wp\/v2\/types\/product"}],"version-history":[{"count":0,"href":"https:\/\/tresorcolombien.com\/it\/wp-json\/wp\/v2\/product\/4787\/revisions"}],"wp:featuredmedia":[{"embeddable":true,"href":"https:\/\/tresorcolombien.com\/it\/wp-json\/wp\/v2\/media\/3224"}],"wp:attachment":[{"href":"https:\/\/tresorcolombien.com\/it\/wp-json\/wp\/v2\/media?parent=4787"}],"wp:term":[{"taxonomy":"product_brand","embeddable":true,"href":"https:\/\/tresorcolombien.com\/it\/wp-json\/wp\/v2\/product_brand?post=4787"},{"taxonomy":"product_cat","embeddable":true,"href":"https:\/\/tresorcolombien.com\/it\/wp-json\/wp\/v2\/product_cat?post=4787"},{"taxonomy":"product_tag","embeddable":true,"href":"https:\/\/tresorcolombien.com\/it\/wp-json\/wp\/v2\/product_tag?post=4787"}],"curies":[{"name":"wp","href":"https:\/\/api.w.org\/{rel}","templated":true}]}}