{"id":4790,"date":"2024-11-13T16:19:45","date_gmt":"2024-11-13T21:19:45","guid":{"rendered":"https:\/\/tresorcolombien.com\/producto\/tour-della-spiaggia-cristallina\/"},"modified":"2024-11-13T16:19:45","modified_gmt":"2024-11-13T21:19:45","slug":"tour-della-spiaggia-cristallina","status":"publish","type":"product","link":"https:\/\/tresorcolombien.com\/it\/producto\/tour-della-spiaggia-cristallina\/","title":{"rendered":"Tour della spiaggia cristallina"},"content":{"rendered":"<p><span style=\"font-weight: 400;\">Tour della spiaggia cristallina. Se stai cercando una spiaggia idilliaca con acque cristalline, bellissime palme da cocco e sabbia bianca, questo tour \u00e8 l&#8217;ideale per te e la tua famiglia. In questo tour potrete conoscere una delle spiagge pi\u00f9 belle del Parco Nazionale Tayrona, alcune delle quali non richiedono lunghe passeggiate per accedervi. Il trasferimento viene effettuato in barca e l\u00ec \u00e8 possibile svolgere attivit\u00e0 aggiuntive come snorkeling, snorkeling, Jet Sky, tra gli altri sport acquatici.   <\/span><\/p>\n","protected":false},"excerpt":{"rendered":"<p><strong>INCLUDE:<\/strong><br \/>\n<span style=\"font-weight: 400;\">Guida ospitante di lingua spagnola.<br \/>\n<\/span><span style=\"font-weight: 400;\">Trasporto via terra in compagnia dell&#8217;host (non privato).<br \/>\n<\/span><span style=\"font-weight: 400;\">Trasporto in barca di andata e ritorno.<br \/>\n<\/span><span style=\"font-weight: 400;\">Ingresso al Parco Tayrona Nacionales (zona della spiaggia).<br \/>\n<\/span><span style=\"font-weight: 400;\">Assicurazione di viaggio.<\/span><br \/>\n<strong>NON INCLUSO:<\/strong><br \/>\n<span style=\"font-weight: 400;\">Pranzo.<br \/>\n<\/span><span style=\"font-weight: 400;\">Suggerimenti.<br \/>\n<\/span><span style=\"font-weight: 400;\">Spese non specificate nel programma.<\/span><\/p>\n","protected":false},"featured_media":3254,"template":"","meta":{"_acf_changed":false,"site-sidebar-layout":"default","site-content-layout":"","ast-site-content-layout":"default","site-content-style":"default","site-sidebar-style":"default","ast-global-header-display":"","ast-banner-title-visibility":"","ast-main-header-display":"","ast-hfb-above-header-display":"","ast-hfb-below-header-display":"","ast-hfb-mobile-header-display":"","site-post-title":"","ast-breadcrumbs-content":"","ast-featured-img":"","footer-sml-layout":"","ast-disable-related-posts":"","theme-transparent-header-meta":"default","adv-header-id-meta":"","stick-header-meta":"","header-above-stick-meta":"","header-main-stick-meta":"","header-below-stick-meta":"","astra-migrate-meta-layouts":"default","ast-page-background-enabled":"default","ast-page-background-meta":{"desktop":{"background-color":"var(--ast-global-color-4)","background-image":"","background-repeat":"repeat","background-position":"center center","background-size":"auto","background-attachment":"scroll","background-type":"","background-media":"","overlay-type":"","overlay-color":"","overlay-opacity":"","overlay-gradient":""},"tablet":{"background-color":"","background-image":"","background-repeat":"repeat","background-position":"center center","background-size":"auto","background-attachment":"scroll","background-type":"","background-media":"","overlay-type":"","overlay-color":"","overlay-opacity":"","overlay-gradient":""},"mobile":{"background-color":"","background-image":"","background-repeat":"repeat","background-position":"center center","background-size":"auto","background-attachment":"scroll","background-type":"","background-media":"","overlay-type":"","overlay-color":"","overlay-opacity":"","overlay-gradient":""}},"ast-content-background-meta":{"desktop":{"background-color":"var(--ast-global-color-5)","background-image":"","background-repeat":"repeat","background-position":"center center","background-size":"auto","background-attachment":"scroll","background-type":"","background-media":"","overlay-type":"","overlay-color":"","overlay-opacity":"","overlay-gradient":""},"tablet":{"background-color":"var(--ast-global-color-5)","background-image":"","background-repeat":"repeat","background-position":"center center","background-size":"auto","background-attachment":"scroll","background-type":"","background-media":"","overlay-type":"","overlay-color":"","overlay-opacity":"","overlay-gradient":""},"mobile":{"background-color":"var(--ast-global-color-5)","background-image":"","background-repeat":"repeat","background-position":"center center","background-size":"auto","background-attachment":"scroll","background-type":"","background-media":"","overlay-type":"","overlay-color":"","overlay-opacity":"","overlay-gradient":""}},"_joinchat":[]},"product_brand":[],"product_cat":[359,405],"product_tag":[],"class_list":{"0":"post-4790","1":"product","2":"type-product","3":"status-publish","4":"has-post-thumbnail","6":"product_cat-santa-marta-e-dintorni","7":"product_cat-tour-della-spiaggia-cristallina","8":"desktop-align-left","9":"tablet-align-left","10":"mobile-align-left","12":"first","13":"instock","14":"shipping-taxable","15":"purchasable","16":"product-type-simple"},"acf":[],"_links":{"self":[{"href":"https:\/\/tresorcolombien.com\/it\/wp-json\/wp\/v2\/product\/4790","targetHints":{"allow":["GET"]}}],"collection":[{"href":"https:\/\/tresorcolombien.com\/it\/wp-json\/wp\/v2\/product"}],"about":[{"href":"https:\/\/tresorcolombien.com\/it\/wp-json\/wp\/v2\/types\/product"}],"version-history":[{"count":0,"href":"https:\/\/tresorcolombien.com\/it\/wp-json\/wp\/v2\/product\/4790\/revisions"}],"wp:featuredmedia":[{"embeddable":true,"href":"https:\/\/tresorcolombien.com\/it\/wp-json\/wp\/v2\/media\/3254"}],"wp:attachment":[{"href":"https:\/\/tresorcolombien.com\/it\/wp-json\/wp\/v2\/media?parent=4790"}],"wp:term":[{"taxonomy":"product_brand","embeddable":true,"href":"https:\/\/tresorcolombien.com\/it\/wp-json\/wp\/v2\/product_brand?post=4790"},{"taxonomy":"product_cat","embeddable":true,"href":"https:\/\/tresorcolombien.com\/it\/wp-json\/wp\/v2\/product_cat?post=4790"},{"taxonomy":"product_tag","embeddable":true,"href":"https:\/\/tresorcolombien.com\/it\/wp-json\/wp\/v2\/product_tag?post=4790"}],"curies":[{"name":"wp","href":"https:\/\/api.w.org\/{rel}","templated":true}]}}