{"id":4795,"date":"2024-11-13T16:19:58","date_gmt":"2024-11-13T21:19:58","guid":{"rendered":"https:\/\/tresorcolombien.com\/producto\/tour-della-citta-di-santa-marta\/"},"modified":"2024-11-13T16:19:58","modified_gmt":"2024-11-13T21:19:58","slug":"tour-della-citta-di-santa-marta","status":"publish","type":"product","link":"https:\/\/tresorcolombien.com\/it\/producto\/tour-della-citta-di-santa-marta\/","title":{"rendered":"Tour della citt\u00e0 di Santa Marta"},"content":{"rendered":"<p>Tour della citt\u00e0 di Santa Marta.  <span style=\"font-weight: 400;\">Tour in veicolo privato con aria condizionata e a piedi per visitare il centro storico di Santa Marta che nasconde una ricchezza storica, gioielli architettonici e luoghi interessanti come vecchie case, parchi e piazze coloniali. \u00c8 stato dichiarato Monumento Nazionale nel 1963. <\/span><\/p>\n<p><span style=\"font-weight: 400;\">Luoghi emblematici che verranno visitati: La Quinta de San Pedro Alejandrino \u00e8 stata la casa di Sim\u00f3n Bol\u00edvar. Il Monumento del famoso calciatore colombiano Pibe Valderrama, alla periferia dello Stadio Eduardo Santos, il Belvedere di Taganga e l&#8217;incredibile Cattedrale in stile coloniale, tra gli altri.   <\/span><\/p>\n<p><span style=\"font-weight: 400;\">\u00c8 d&#8217;obbligo scattare una foto alla Cattedrale di Santa Marta poich\u00e9 \u00e8 la chiesa pi\u00f9 antica del paese ed \u00e8 un emblema della citt\u00e0 per la sua architettura coloniale spagnola. Ci sono le ceneri del nostro liberatore Sim\u00f3n Bol\u00edvar nel 1830.   <\/span><\/p>\n<p><span style=\"font-weight: 400;\">Nel Museo dell&#8217;Oro si pu\u00f2 apprezzare l&#8217;esposizione del Museo Antropologico ed Etnologico della Cultura Tayrona. Le loro credenze, mitologie, mestieri e pezzi di oreficeria sono esposti in questo luogo. Per conoscere ed esplorare l&#8217;eredit\u00e0 della cultura millenaria dei Tayronas.  <\/span><\/p>\n","protected":false},"excerpt":{"rendered":"<p><strong>INCLUDE<\/strong><br \/>\n<span style=\"font-weight: 400;\">Guida ospitante di lingua spagnola.<br \/>\n<\/span><span style=\"font-weight: 400;\">Trasporto con aria condizionata.<br \/>\n<\/span><span style=\"font-weight: 400;\">Ingresso al Museo dell&#8217;Oro Tayrona.<br \/>\n<\/span><span style=\"font-weight: 400;\">Quinto ingresso di San Pedro Alejandrino.<br \/>\n<\/span><span style=\"font-weight: 400;\">Assicurazione di viaggio.<\/span><br \/>\n<strong>NON INCLUSO<\/strong><br \/>\n<span style=\"font-weight: 400;\">Pranzo.<br \/>\n<\/span><span style=\"font-weight: 400;\">Suggerimenti.<br \/>\n<\/span><span style=\"font-weight: 400;\">Spese non specificate nel programma.<br \/>\n<\/span><span style=\"font-weight: 400;\">Bevande.<\/span><\/p>\n","protected":false},"featured_media":3263,"template":"","meta":{"_acf_changed":false,"site-sidebar-layout":"default","site-content-layout":"","ast-site-content-layout":"default","site-content-style":"default","site-sidebar-style":"default","ast-global-header-display":"","ast-banner-title-visibility":"","ast-main-header-display":"","ast-hfb-above-header-display":"","ast-hfb-below-header-display":"","ast-hfb-mobile-header-display":"","site-post-title":"","ast-breadcrumbs-content":"","ast-featured-img":"","footer-sml-layout":"","ast-disable-related-posts":"","theme-transparent-header-meta":"default","adv-header-id-meta":"","stick-header-meta":"","header-above-stick-meta":"","header-main-stick-meta":"","header-below-stick-meta":"","astra-migrate-meta-layouts":"default","ast-page-background-enabled":"default","ast-page-background-meta":{"desktop":{"background-color":"var(--ast-global-color-4)","background-image":"","background-repeat":"repeat","background-position":"center center","background-size":"auto","background-attachment":"scroll","background-type":"","background-media":"","overlay-type":"","overlay-color":"","overlay-opacity":"","overlay-gradient":""},"tablet":{"background-color":"","background-image":"","background-repeat":"repeat","background-position":"center center","background-size":"auto","background-attachment":"scroll","background-type":"","background-media":"","overlay-type":"","overlay-color":"","overlay-opacity":"","overlay-gradient":""},"mobile":{"background-color":"","background-image":"","background-repeat":"repeat","background-position":"center center","background-size":"auto","background-attachment":"scroll","background-type":"","background-media":"","overlay-type":"","overlay-color":"","overlay-opacity":"","overlay-gradient":""}},"ast-content-background-meta":{"desktop":{"background-color":"var(--ast-global-color-5)","background-image":"","background-repeat":"repeat","background-position":"center center","background-size":"auto","background-attachment":"scroll","background-type":"","background-media":"","overlay-type":"","overlay-color":"","overlay-opacity":"","overlay-gradient":""},"tablet":{"background-color":"var(--ast-global-color-5)","background-image":"","background-repeat":"repeat","background-position":"center center","background-size":"auto","background-attachment":"scroll","background-type":"","background-media":"","overlay-type":"","overlay-color":"","overlay-opacity":"","overlay-gradient":""},"mobile":{"background-color":"var(--ast-global-color-5)","background-image":"","background-repeat":"repeat","background-position":"center center","background-size":"auto","background-attachment":"scroll","background-type":"","background-media":"","overlay-type":"","overlay-color":"","overlay-opacity":"","overlay-gradient":""}},"_joinchat":[]},"product_brand":[],"product_cat":[359,406],"product_tag":[],"class_list":{"0":"post-4795","1":"product","2":"type-product","3":"status-publish","4":"has-post-thumbnail","6":"product_cat-santa-marta-e-dintorni","7":"product_cat-tour-citta-santa-marta","8":"desktop-align-left","9":"tablet-align-left","10":"mobile-align-left","12":"first","13":"instock","14":"shipping-taxable","15":"purchasable","16":"product-type-simple"},"acf":[],"_links":{"self":[{"href":"https:\/\/tresorcolombien.com\/it\/wp-json\/wp\/v2\/product\/4795","targetHints":{"allow":["GET"]}}],"collection":[{"href":"https:\/\/tresorcolombien.com\/it\/wp-json\/wp\/v2\/product"}],"about":[{"href":"https:\/\/tresorcolombien.com\/it\/wp-json\/wp\/v2\/types\/product"}],"version-history":[{"count":0,"href":"https:\/\/tresorcolombien.com\/it\/wp-json\/wp\/v2\/product\/4795\/revisions"}],"wp:featuredmedia":[{"embeddable":true,"href":"https:\/\/tresorcolombien.com\/it\/wp-json\/wp\/v2\/media\/3263"}],"wp:attachment":[{"href":"https:\/\/tresorcolombien.com\/it\/wp-json\/wp\/v2\/media?parent=4795"}],"wp:term":[{"taxonomy":"product_brand","embeddable":true,"href":"https:\/\/tresorcolombien.com\/it\/wp-json\/wp\/v2\/product_brand?post=4795"},{"taxonomy":"product_cat","embeddable":true,"href":"https:\/\/tresorcolombien.com\/it\/wp-json\/wp\/v2\/product_cat?post=4795"},{"taxonomy":"product_tag","embeddable":true,"href":"https:\/\/tresorcolombien.com\/it\/wp-json\/wp\/v2\/product_tag?post=4795"}],"curies":[{"name":"wp","href":"https:\/\/api.w.org\/{rel}","templated":true}]}}