{"id":4797,"date":"2024-11-13T16:20:33","date_gmt":"2024-11-13T21:20:33","guid":{"rendered":"https:\/\/tresorcolombien.com\/producto\/tour-del-caffe-e-del-cacao-a-minca\/"},"modified":"2025-01-04T17:25:03","modified_gmt":"2025-01-04T22:25:03","slug":"tour-del-caffe-e-del-cacao-a-minca","status":"publish","type":"product","link":"https:\/\/tresorcolombien.com\/it\/producto\/tour-del-caffe-e-del-cacao-a-minca\/","title":{"rendered":"Tour del caff\u00e8 e del cacao a Minca"},"content":{"rendered":"<p><span style=\"font-weight: 400;\">Tour del caff\u00e8 e del cacao a Minca. Un&#8217;esperienza che non puoi perderti se sei un amante della natura, della naturale disconnessione con la Pachamama e dei prodotti biologici. Questa visita ti permette di scoprire i segreti del caff\u00e8 e del cacao della Sierra Nevada de Santa Marta. Uno dei cacao pi\u00f9 desiderati dai Cacciatori al mondo si trova nelle terre indigene della Sierra. Le comunit\u00e0 Kogui e Arhuaca hanno il compito di preservare la conoscenza ancestrale della produzione di questi deliziosi prodotti.    <\/span><\/p>\n<p><span style=\"font-weight: 400;\">Parteciperai alla raccolta, al processo di produzione e alla degustazione di queste deliziose prelibatezze. Non dimenticate di portare il costume da bagno, perch\u00e9 la zona ha diversi fiumi che attraversano tutto il suo territorio e avrete sicuramente voglia di una nuotata rinfrescante. <\/span><\/p>\n","protected":false},"excerpt":{"rendered":"<p><strong>INCLUDE<\/strong><br \/>\n<span style=\"font-weight: 400;\">Guida ospitante di lingua spagnola.<br \/>\n<\/span><span style=\"font-weight: 400;\">Trasporto via terra in compagnia dell&#8217;host (non privato).<br \/>\n<\/span><span style=\"font-weight: 400;\">Laboratorio del cacao.<br \/>\n<\/span><span style=\"font-weight: 400;\">Laboratorio del caff\u00e8.<br \/>\n<\/span><span style=\"font-weight: 400;\">Ingresso alle cascate.<br \/>\n<\/span><span style=\"font-weight: 400;\">Assicurazione di viaggio.<\/span><br \/>\n<strong>NON INCLUSO<\/strong><br \/>\n<span style=\"font-weight: 400;\">Pranzo.<br \/>\n<\/span><span style=\"font-weight: 400;\">Suggerimenti.<br \/>\n<\/span><span style=\"font-weight: 400;\">Spese non specificate nel programma.<br \/>\n<\/span><span style=\"font-weight: 400;\">Bevande.<\/span><\/p>\n","protected":false},"featured_media":3293,"template":"","meta":{"_acf_changed":false,"site-sidebar-layout":"default","site-content-layout":"","ast-site-content-layout":"default","site-content-style":"default","site-sidebar-style":"default","ast-global-header-display":"","ast-banner-title-visibility":"","ast-main-header-display":"","ast-hfb-above-header-display":"","ast-hfb-below-header-display":"","ast-hfb-mobile-header-display":"","site-post-title":"","ast-breadcrumbs-content":"","ast-featured-img":"","footer-sml-layout":"","ast-disable-related-posts":"","theme-transparent-header-meta":"default","adv-header-id-meta":"","stick-header-meta":"","header-above-stick-meta":"","header-main-stick-meta":"","header-below-stick-meta":"","astra-migrate-meta-layouts":"default","ast-page-background-enabled":"default","ast-page-background-meta":{"desktop":{"background-color":"var(--ast-global-color-4)","background-image":"","background-repeat":"repeat","background-position":"center center","background-size":"auto","background-attachment":"scroll","background-type":"","background-media":"","overlay-type":"","overlay-color":"","overlay-opacity":"","overlay-gradient":""},"tablet":{"background-color":"","background-image":"","background-repeat":"repeat","background-position":"center center","background-size":"auto","background-attachment":"scroll","background-type":"","background-media":"","overlay-type":"","overlay-color":"","overlay-opacity":"","overlay-gradient":""},"mobile":{"background-color":"","background-image":"","background-repeat":"repeat","background-position":"center center","background-size":"auto","background-attachment":"scroll","background-type":"","background-media":"","overlay-type":"","overlay-color":"","overlay-opacity":"","overlay-gradient":""}},"ast-content-background-meta":{"desktop":{"background-color":"var(--ast-global-color-5)","background-image":"","background-repeat":"repeat","background-position":"center center","background-size":"auto","background-attachment":"scroll","background-type":"","background-media":"","overlay-type":"","overlay-color":"","overlay-opacity":"","overlay-gradient":""},"tablet":{"background-color":"var(--ast-global-color-5)","background-image":"","background-repeat":"repeat","background-position":"center center","background-size":"auto","background-attachment":"scroll","background-type":"","background-media":"","overlay-type":"","overlay-color":"","overlay-opacity":"","overlay-gradient":""},"mobile":{"background-color":"var(--ast-global-color-5)","background-image":"","background-repeat":"repeat","background-position":"center center","background-size":"auto","background-attachment":"scroll","background-type":"","background-media":"","overlay-type":"","overlay-color":"","overlay-opacity":"","overlay-gradient":""}},"_joinchat":[]},"product_brand":[],"product_cat":[359,408],"product_tag":[],"class_list":{"0":"post-4797","1":"product","2":"type-product","3":"status-publish","4":"has-post-thumbnail","6":"product_cat-santa-marta-e-dintorni","7":"product_cat-tour-del-caffe-e-del-cacao-a-minca","8":"desktop-align-left","9":"tablet-align-left","10":"mobile-align-left","12":"first","13":"instock","14":"shipping-taxable","15":"purchasable","16":"product-type-simple"},"acf":[],"_links":{"self":[{"href":"https:\/\/tresorcolombien.com\/it\/wp-json\/wp\/v2\/product\/4797","targetHints":{"allow":["GET"]}}],"collection":[{"href":"https:\/\/tresorcolombien.com\/it\/wp-json\/wp\/v2\/product"}],"about":[{"href":"https:\/\/tresorcolombien.com\/it\/wp-json\/wp\/v2\/types\/product"}],"version-history":[{"count":1,"href":"https:\/\/tresorcolombien.com\/it\/wp-json\/wp\/v2\/product\/4797\/revisions"}],"predecessor-version":[{"id":5180,"href":"https:\/\/tresorcolombien.com\/it\/wp-json\/wp\/v2\/product\/4797\/revisions\/5180"}],"wp:featuredmedia":[{"embeddable":true,"href":"https:\/\/tresorcolombien.com\/it\/wp-json\/wp\/v2\/media\/3293"}],"wp:attachment":[{"href":"https:\/\/tresorcolombien.com\/it\/wp-json\/wp\/v2\/media?parent=4797"}],"wp:term":[{"taxonomy":"product_brand","embeddable":true,"href":"https:\/\/tresorcolombien.com\/it\/wp-json\/wp\/v2\/product_brand?post=4797"},{"taxonomy":"product_cat","embeddable":true,"href":"https:\/\/tresorcolombien.com\/it\/wp-json\/wp\/v2\/product_cat?post=4797"},{"taxonomy":"product_tag","embeddable":true,"href":"https:\/\/tresorcolombien.com\/it\/wp-json\/wp\/v2\/product_tag?post=4797"}],"curies":[{"name":"wp","href":"https:\/\/api.w.org\/{rel}","templated":true}]}}