{"id":4803,"date":"2024-11-13T16:20:50","date_gmt":"2024-11-13T21:20:50","guid":{"rendered":"https:\/\/tresorcolombien.com\/producto\/tour-in-bicicletta-santa-marta\/"},"modified":"2024-11-13T16:20:50","modified_gmt":"2024-11-13T21:20:50","slug":"tour-in-bicicletta-santa-marta","status":"publish","type":"product","link":"https:\/\/tresorcolombien.com\/it\/producto\/tour-in-bicicletta-santa-marta\/","title":{"rendered":"Tour in bicicletta Santa Marta"},"content":{"rendered":"<p>Tour in bici Santa Marta.  <span style=\"font-weight: 400;\">Un modo ecologico, diverso e divertente per visitare il centro storico di Santa Marta. Visitare il Parco Bolivar, la Basilica Cattedrale di Santa Marta, il monumento Tayrona e soprattutto pedalare lungo il Malec\u00f3n. Questo vi permetter\u00e0 di vedere uno dei tramonti pi\u00f9 belli della baia.    <\/span><\/p>\n","protected":false},"excerpt":{"rendered":"<p><strong>INCLUDE <\/strong><br \/>\n<span style=\"font-weight: 400;\">Tour in bicicletta.<br \/>\n<\/span><span style=\"font-weight: 400;\">Guida dell&#8217;host.<br \/>\n<\/span><span style=\"font-weight: 400;\">Bottiglia d&#8217;acqua.<\/span><br \/>\n<strong>NON INCLUSO<\/strong><br \/>\n<span style=\"font-weight: 400;\">Pranzo.<br \/>\n<\/span><span style=\"font-weight: 400;\">Suggerimenti.<br \/>\n<\/span><span style=\"font-weight: 400;\">Spese non specificate nel programma.<\/span><\/p>\n","protected":false},"featured_media":3305,"template":"","meta":{"_acf_changed":false,"site-sidebar-layout":"default","site-content-layout":"","ast-site-content-layout":"default","site-content-style":"default","site-sidebar-style":"default","ast-global-header-display":"","ast-banner-title-visibility":"","ast-main-header-display":"","ast-hfb-above-header-display":"","ast-hfb-below-header-display":"","ast-hfb-mobile-header-display":"","site-post-title":"","ast-breadcrumbs-content":"","ast-featured-img":"","footer-sml-layout":"","ast-disable-related-posts":"","theme-transparent-header-meta":"default","adv-header-id-meta":"","stick-header-meta":"","header-above-stick-meta":"","header-main-stick-meta":"","header-below-stick-meta":"","astra-migrate-meta-layouts":"default","ast-page-background-enabled":"default","ast-page-background-meta":{"desktop":{"background-color":"var(--ast-global-color-4)","background-image":"","background-repeat":"repeat","background-position":"center center","background-size":"auto","background-attachment":"scroll","background-type":"","background-media":"","overlay-type":"","overlay-color":"","overlay-opacity":"","overlay-gradient":""},"tablet":{"background-color":"","background-image":"","background-repeat":"repeat","background-position":"center center","background-size":"auto","background-attachment":"scroll","background-type":"","background-media":"","overlay-type":"","overlay-color":"","overlay-opacity":"","overlay-gradient":""},"mobile":{"background-color":"","background-image":"","background-repeat":"repeat","background-position":"center center","background-size":"auto","background-attachment":"scroll","background-type":"","background-media":"","overlay-type":"","overlay-color":"","overlay-opacity":"","overlay-gradient":""}},"ast-content-background-meta":{"desktop":{"background-color":"var(--ast-global-color-5)","background-image":"","background-repeat":"repeat","background-position":"center center","background-size":"auto","background-attachment":"scroll","background-type":"","background-media":"","overlay-type":"","overlay-color":"","overlay-opacity":"","overlay-gradient":""},"tablet":{"background-color":"var(--ast-global-color-5)","background-image":"","background-repeat":"repeat","background-position":"center center","background-size":"auto","background-attachment":"scroll","background-type":"","background-media":"","overlay-type":"","overlay-color":"","overlay-opacity":"","overlay-gradient":""},"mobile":{"background-color":"var(--ast-global-color-5)","background-image":"","background-repeat":"repeat","background-position":"center center","background-size":"auto","background-attachment":"scroll","background-type":"","background-media":"","overlay-type":"","overlay-color":"","overlay-opacity":"","overlay-gradient":""}},"_joinchat":[]},"product_brand":[],"product_cat":[359,409],"product_tag":[],"class_list":{"0":"post-4803","1":"product","2":"type-product","3":"status-publish","4":"has-post-thumbnail","6":"product_cat-santa-marta-e-dintorni","7":"product_cat-tour-in-bicicletta-santa-marta","8":"desktop-align-left","9":"tablet-align-left","10":"mobile-align-left","12":"first","13":"instock","14":"shipping-taxable","15":"purchasable","16":"product-type-simple"},"acf":[],"_links":{"self":[{"href":"https:\/\/tresorcolombien.com\/it\/wp-json\/wp\/v2\/product\/4803","targetHints":{"allow":["GET"]}}],"collection":[{"href":"https:\/\/tresorcolombien.com\/it\/wp-json\/wp\/v2\/product"}],"about":[{"href":"https:\/\/tresorcolombien.com\/it\/wp-json\/wp\/v2\/types\/product"}],"version-history":[{"count":0,"href":"https:\/\/tresorcolombien.com\/it\/wp-json\/wp\/v2\/product\/4803\/revisions"}],"wp:featuredmedia":[{"embeddable":true,"href":"https:\/\/tresorcolombien.com\/it\/wp-json\/wp\/v2\/media\/3305"}],"wp:attachment":[{"href":"https:\/\/tresorcolombien.com\/it\/wp-json\/wp\/v2\/media?parent=4803"}],"wp:term":[{"taxonomy":"product_brand","embeddable":true,"href":"https:\/\/tresorcolombien.com\/it\/wp-json\/wp\/v2\/product_brand?post=4803"},{"taxonomy":"product_cat","embeddable":true,"href":"https:\/\/tresorcolombien.com\/it\/wp-json\/wp\/v2\/product_cat?post=4803"},{"taxonomy":"product_tag","embeddable":true,"href":"https:\/\/tresorcolombien.com\/it\/wp-json\/wp\/v2\/product_tag?post=4803"}],"curies":[{"name":"wp","href":"https:\/\/api.w.org\/{rel}","templated":true}]}}