{"id":4812,"date":"2024-11-13T16:22:02","date_gmt":"2024-11-13T21:22:02","guid":{"rendered":"https:\/\/tresorcolombien.com\/producto\/valle-del-cocora-a-cavallo\/"},"modified":"2024-11-13T16:22:02","modified_gmt":"2024-11-13T21:22:02","slug":"valle-del-cocora-a-cavallo","status":"publish","type":"product","link":"https:\/\/tresorcolombien.com\/it\/producto\/valle-del-cocora-a-cavallo\/","title":{"rendered":"Valle del Cocora a cavallo"},"content":{"rendered":"<p><span style=\"font-weight: 400;\">Valle del Cocora a cavallo. La Valle del Cocora \u00e8 una curiosit\u00e0 naturale per la presenza di una specie unica di palma: la palma da cera! Vivi un&#8217;esperienza indimenticabile passeggiando per i suoi sentieri a cavallo, lasciati sorprendere dai suoi paesaggi ricchi di palme, flora e fauna.  <\/span><\/p>\n<p><span style=\"font-weight: 400;\">Questa incredibile palma pu\u00f2 raggiungere i 60 m di altezza, il che la rende la pi\u00f9 alta del mondo. \u00c8 endemica della regione del Quind\u00edo e il suo splendore l&#8217;ha resa uno dei simboli ufficiali della Colombia. <\/span><\/p>\n","protected":false},"excerpt":{"rendered":"<p><strong>INCLUDE  <\/strong><\/p>\n<p><span style=\"font-weight: 400;\">Passeggiata a cavallo attraverso la valle delle palme.<br \/>\n<\/span><span style=\"font-weight: 400;\">Guida esperta durante il tour<br \/>\n<\/span><span style=\"font-weight: 400;\">Visita ai principali punti panoramici.<br \/>\n<\/span><span style=\"font-weight: 400;\">Trasporto dal Salento andata e ritorno in jeep Willys dal Salento.<br \/>\n<\/span><span style=\"font-weight: 400;\">Assicurazione di viaggio.<\/span><\/p>\n<p><strong>NON INCLUSO<\/strong><\/p>\n<p><span style=\"font-weight: 400;\">Spese non specificate nel programma.<br \/>\n<\/span><span style=\"font-weight: 400;\">Pranzo.<\/span><\/p>\n","protected":false},"featured_media":3356,"template":"","meta":{"_acf_changed":false,"site-sidebar-layout":"default","site-content-layout":"","ast-site-content-layout":"default","site-content-style":"default","site-sidebar-style":"default","ast-global-header-display":"","ast-banner-title-visibility":"","ast-main-header-display":"","ast-hfb-above-header-display":"","ast-hfb-below-header-display":"","ast-hfb-mobile-header-display":"","site-post-title":"","ast-breadcrumbs-content":"","ast-featured-img":"","footer-sml-layout":"","ast-disable-related-posts":"","theme-transparent-header-meta":"default","adv-header-id-meta":"","stick-header-meta":"","header-above-stick-meta":"","header-main-stick-meta":"","header-below-stick-meta":"","astra-migrate-meta-layouts":"default","ast-page-background-enabled":"default","ast-page-background-meta":{"desktop":{"background-color":"var(--ast-global-color-4)","background-image":"","background-repeat":"repeat","background-position":"center center","background-size":"auto","background-attachment":"scroll","background-type":"","background-media":"","overlay-type":"","overlay-color":"","overlay-opacity":"","overlay-gradient":""},"tablet":{"background-color":"","background-image":"","background-repeat":"repeat","background-position":"center center","background-size":"auto","background-attachment":"scroll","background-type":"","background-media":"","overlay-type":"","overlay-color":"","overlay-opacity":"","overlay-gradient":""},"mobile":{"background-color":"","background-image":"","background-repeat":"repeat","background-position":"center center","background-size":"auto","background-attachment":"scroll","background-type":"","background-media":"","overlay-type":"","overlay-color":"","overlay-opacity":"","overlay-gradient":""}},"ast-content-background-meta":{"desktop":{"background-color":"var(--ast-global-color-5)","background-image":"","background-repeat":"repeat","background-position":"center center","background-size":"auto","background-attachment":"scroll","background-type":"","background-media":"","overlay-type":"","overlay-color":"","overlay-opacity":"","overlay-gradient":""},"tablet":{"background-color":"var(--ast-global-color-5)","background-image":"","background-repeat":"repeat","background-position":"center center","background-size":"auto","background-attachment":"scroll","background-type":"","background-media":"","overlay-type":"","overlay-color":"","overlay-opacity":"","overlay-gradient":""},"mobile":{"background-color":"var(--ast-global-color-5)","background-image":"","background-repeat":"repeat","background-position":"center center","background-size":"auto","background-attachment":"scroll","background-type":"","background-media":"","overlay-type":"","overlay-color":"","overlay-opacity":"","overlay-gradient":""}},"_joinchat":[]},"product_brand":[],"product_cat":[356,414],"product_tag":[],"class_list":{"0":"post-4812","1":"product","2":"type-product","3":"status-publish","4":"has-post-thumbnail","6":"product_cat-caffe","7":"product_cat-valle-del-cocora-a-cavallo","8":"desktop-align-left","9":"tablet-align-left","10":"mobile-align-left","12":"first","13":"instock","14":"shipping-taxable","15":"purchasable","16":"product-type-simple"},"acf":[],"_links":{"self":[{"href":"https:\/\/tresorcolombien.com\/it\/wp-json\/wp\/v2\/product\/4812","targetHints":{"allow":["GET"]}}],"collection":[{"href":"https:\/\/tresorcolombien.com\/it\/wp-json\/wp\/v2\/product"}],"about":[{"href":"https:\/\/tresorcolombien.com\/it\/wp-json\/wp\/v2\/types\/product"}],"version-history":[{"count":0,"href":"https:\/\/tresorcolombien.com\/it\/wp-json\/wp\/v2\/product\/4812\/revisions"}],"wp:featuredmedia":[{"embeddable":true,"href":"https:\/\/tresorcolombien.com\/it\/wp-json\/wp\/v2\/media\/3356"}],"wp:attachment":[{"href":"https:\/\/tresorcolombien.com\/it\/wp-json\/wp\/v2\/media?parent=4812"}],"wp:term":[{"taxonomy":"product_brand","embeddable":true,"href":"https:\/\/tresorcolombien.com\/it\/wp-json\/wp\/v2\/product_brand?post=4812"},{"taxonomy":"product_cat","embeddable":true,"href":"https:\/\/tresorcolombien.com\/it\/wp-json\/wp\/v2\/product_cat?post=4812"},{"taxonomy":"product_tag","embeddable":true,"href":"https:\/\/tresorcolombien.com\/it\/wp-json\/wp\/v2\/product_tag?post=4812"}],"curies":[{"name":"wp","href":"https:\/\/api.w.org\/{rel}","templated":true}]}}