{"id":4824,"date":"2024-11-13T16:17:52","date_gmt":"2024-11-13T21:17:52","guid":{"rendered":"https:\/\/tresorcolombien.com\/producto\/tour-del-museo-del-castello-picnic\/"},"modified":"2024-11-13T16:17:52","modified_gmt":"2024-11-13T21:17:52","slug":"tour-del-museo-del-castello-picnic","status":"publish","type":"product","link":"https:\/\/tresorcolombien.com\/it\/producto\/tour-del-museo-del-castello-picnic\/","title":{"rendered":"Tour del Museo del Castello + Picnic"},"content":{"rendered":"<p><span style=\"font-weight: 400;\">  Visita guidata al Museo del Castello, uno dei luoghi pi\u00f9 emblematici di Medell\u00edn. I suoi spettacolari giardini e l&#8217;architettura gotica medievale sono un&#8217;attrazione turistica imperdibile per gli amanti della cultura, dell&#8217;arte e della tradizione. I suoi giardini sono il luogo ideale per godersi un picnic gastronomico    <\/span><\/p>\n<p>Note: Il marted\u00ec \u00e8 previsto solo l&#8217;accesso ai giardini, la visita guidata della casa<br \/>\nNON \u00e8 disponibile Orari: dal luned\u00ec al venerd\u00ec dalle 9:00 alle 17:00 &#8211; sabato, domenica e festivi dalle 10:00 alle 17:00.<\/p>\n","protected":false},"excerpt":{"rendered":"<p><strong>INCLUDE<\/strong><br \/>\n<span style=\"font-weight: 400;\">Visita guidata al museo del castello<br \/>\n<\/span><span style=\"font-weight: 400;\">Trasporto in compagnia dell&#8217;host (Non privato).<br \/>\n<\/span><span style=\"font-weight: 400;\">Cibo da picnic gourmet.<br \/>\n<\/span><span style=\"font-weight: 400;\">Bottiglia d&#8217;acqua.<br \/>\n<\/span><span style=\"font-weight: 400;\">Ospite\/guida<br \/>\n<\/span><span style=\"font-weight: 400;\">Assicurazione di viaggio.<\/span><br \/>\n<strong>NON INCLUSO<\/strong><br \/>\n<span style=\"font-weight: 400;\">Spese non specificate nel programma.<br \/>\n<\/span><span style=\"font-weight: 400;\">Suggerimenti.<\/span><\/p>\n<p>Note: Il marted\u00ec \u00e8 previsto solo l&#8217;accesso ai giardini, la visita guidata della casa<br \/>\nNON \u00e8 disponibile Orari: dal luned\u00ec al venerd\u00ec dalle 9:00 alle 17:00 &#8211; sabato, domenica e festivi dalle 10:00 alle 17:00.<\/p>\n<p><em><strong>Nota: *Prezzo per 1 Pax vi preghiamo di contattarci.<\/strong><\/em><br \/>\n<strong>Per gruppi di 5 o pi\u00f9 persone Richiedi il tuo codice sconto!<\/strong><\/p>\n","protected":false},"featured_media":3161,"template":"","meta":{"_acf_changed":false,"site-sidebar-layout":"default","site-content-layout":"","ast-site-content-layout":"default","site-content-style":"default","site-sidebar-style":"default","ast-global-header-display":"","ast-banner-title-visibility":"","ast-main-header-display":"","ast-hfb-above-header-display":"","ast-hfb-below-header-display":"","ast-hfb-mobile-header-display":"","site-post-title":"","ast-breadcrumbs-content":"","ast-featured-img":"","footer-sml-layout":"","ast-disable-related-posts":"","theme-transparent-header-meta":"default","adv-header-id-meta":"","stick-header-meta":"","header-above-stick-meta":"","header-main-stick-meta":"","header-below-stick-meta":"","astra-migrate-meta-layouts":"default","ast-page-background-enabled":"default","ast-page-background-meta":{"desktop":{"background-color":"var(--ast-global-color-4)","background-image":"","background-repeat":"repeat","background-position":"center center","background-size":"auto","background-attachment":"scroll","background-type":"","background-media":"","overlay-type":"","overlay-color":"","overlay-opacity":"","overlay-gradient":""},"tablet":{"background-color":"","background-image":"","background-repeat":"repeat","background-position":"center center","background-size":"auto","background-attachment":"scroll","background-type":"","background-media":"","overlay-type":"","overlay-color":"","overlay-opacity":"","overlay-gradient":""},"mobile":{"background-color":"","background-image":"","background-repeat":"repeat","background-position":"center center","background-size":"auto","background-attachment":"scroll","background-type":"","background-media":"","overlay-type":"","overlay-color":"","overlay-opacity":"","overlay-gradient":""}},"ast-content-background-meta":{"desktop":{"background-color":"var(--ast-global-color-5)","background-image":"","background-repeat":"repeat","background-position":"center center","background-size":"auto","background-attachment":"scroll","background-type":"","background-media":"","overlay-type":"","overlay-color":"","overlay-opacity":"","overlay-gradient":""},"tablet":{"background-color":"var(--ast-global-color-5)","background-image":"","background-repeat":"repeat","background-position":"center center","background-size":"auto","background-attachment":"scroll","background-type":"","background-media":"","overlay-type":"","overlay-color":"","overlay-opacity":"","overlay-gradient":""},"mobile":{"background-color":"var(--ast-global-color-5)","background-image":"","background-repeat":"repeat","background-position":"center center","background-size":"auto","background-attachment":"scroll","background-type":"","background-media":"","overlay-type":"","overlay-color":"","overlay-opacity":"","overlay-gradient":""}},"_joinchat":[]},"product_brand":[],"product_cat":[386,398],"product_tag":[],"class_list":{"0":"post-4824","1":"product","2":"type-product","3":"status-publish","4":"has-post-thumbnail","6":"product_cat-medellin-it","7":"product_cat-picnic-e-serenata","8":"desktop-align-left","9":"tablet-align-left","10":"mobile-align-left","12":"first","13":"instock","14":"shipping-taxable","15":"product-type-simple"},"acf":[],"_links":{"self":[{"href":"https:\/\/tresorcolombien.com\/it\/wp-json\/wp\/v2\/product\/4824","targetHints":{"allow":["GET"]}}],"collection":[{"href":"https:\/\/tresorcolombien.com\/it\/wp-json\/wp\/v2\/product"}],"about":[{"href":"https:\/\/tresorcolombien.com\/it\/wp-json\/wp\/v2\/types\/product"}],"version-history":[{"count":0,"href":"https:\/\/tresorcolombien.com\/it\/wp-json\/wp\/v2\/product\/4824\/revisions"}],"wp:featuredmedia":[{"embeddable":true,"href":"https:\/\/tresorcolombien.com\/it\/wp-json\/wp\/v2\/media\/3161"}],"wp:attachment":[{"href":"https:\/\/tresorcolombien.com\/it\/wp-json\/wp\/v2\/media?parent=4824"}],"wp:term":[{"taxonomy":"product_brand","embeddable":true,"href":"https:\/\/tresorcolombien.com\/it\/wp-json\/wp\/v2\/product_brand?post=4824"},{"taxonomy":"product_cat","embeddable":true,"href":"https:\/\/tresorcolombien.com\/it\/wp-json\/wp\/v2\/product_cat?post=4824"},{"taxonomy":"product_tag","embeddable":true,"href":"https:\/\/tresorcolombien.com\/it\/wp-json\/wp\/v2\/product_tag?post=4824"}],"curies":[{"name":"wp","href":"https:\/\/api.w.org\/{rel}","templated":true}]}}