{"id":4835,"date":"2024-11-13T16:13:35","date_gmt":"2024-11-13T21:13:35","guid":{"rendered":"https:\/\/tresorcolombien.com\/producto\/tour-della-birra-e-del-tasso\/"},"modified":"2024-11-13T16:13:35","modified_gmt":"2024-11-13T21:13:35","slug":"tour-della-birra-e-del-tasso","status":"publish","type":"product","link":"https:\/\/tresorcolombien.com\/it\/producto\/tour-della-birra-e-del-tasso\/","title":{"rendered":"Tour della birra e del tasso"},"content":{"rendered":"<p>Birra e shuffleboard. Un&#8217;esperienza imperdibile a Bogot\u00e1 \u00e8 quella di partecipare a un Tejo &#8220;boy&#8221;. Il tasso \u00e8 uno degli sport di punta della cultura colombiana e fonte di orgoglio nazionale. \u00c8 stato dichiarato patrimonio culturale poich\u00e9 \u00e8 stato trasmesso di generazione in generazione sin dai tempi delle culture precolombiane. Gli indiani Muisca lo praticavano come attivit\u00e0 di intrattenimento e ha pi\u00f9 di 500 anni di storia. Durante la partita, la tradizionale birra nazionale \u00e8 sempre condivisa. Inizieremo il tour con una visita guidata a La Candelaria e da l\u00ec partiremo in direzione del campo da gioco per una birra e uno shuffleboard. **NESSUN ALLOGGIO.     <\/p>\n","protected":false},"excerpt":{"rendered":"<p><strong>INCLUDE: <\/strong><br \/>\nTrasporto privato.<br \/>\nHost\/Guida<br \/>\n2 ore di pratica di shuffleboard.<br \/>\nBirra in omaggio.<br \/>\n<strong>NON INCLUSO:<\/strong><br \/>\nSpese non specificate.<br \/>\nPranzo.<br \/>\nSuggerimenti.<br \/>\n<strong>Per gruppi di 5 o pi\u00f9 persone Richiedi il tuo codice sconto!<\/strong><\/p>\n","protected":false},"featured_media":2942,"template":"","meta":{"_acf_changed":false,"site-sidebar-layout":"default","site-content-layout":"","ast-site-content-layout":"default","site-content-style":"default","site-sidebar-style":"default","ast-global-header-display":"","ast-banner-title-visibility":"","ast-main-header-display":"","ast-hfb-above-header-display":"","ast-hfb-below-header-display":"","ast-hfb-mobile-header-display":"","site-post-title":"","ast-breadcrumbs-content":"","ast-featured-img":"","footer-sml-layout":"","ast-disable-related-posts":"","theme-transparent-header-meta":"default","adv-header-id-meta":"","stick-header-meta":"","header-above-stick-meta":"","header-main-stick-meta":"","header-below-stick-meta":"","astra-migrate-meta-layouts":"default","ast-page-background-enabled":"default","ast-page-background-meta":{"desktop":{"background-color":"var(--ast-global-color-4)","background-image":"","background-repeat":"repeat","background-position":"center center","background-size":"auto","background-attachment":"scroll","background-type":"","background-media":"","overlay-type":"","overlay-color":"","overlay-opacity":"","overlay-gradient":""},"tablet":{"background-color":"","background-image":"","background-repeat":"repeat","background-position":"center center","background-size":"auto","background-attachment":"scroll","background-type":"","background-media":"","overlay-type":"","overlay-color":"","overlay-opacity":"","overlay-gradient":""},"mobile":{"background-color":"","background-image":"","background-repeat":"repeat","background-position":"center center","background-size":"auto","background-attachment":"scroll","background-type":"","background-media":"","overlay-type":"","overlay-color":"","overlay-opacity":"","overlay-gradient":""}},"ast-content-background-meta":{"desktop":{"background-color":"var(--ast-global-color-5)","background-image":"","background-repeat":"repeat","background-position":"center center","background-size":"auto","background-attachment":"scroll","background-type":"","background-media":"","overlay-type":"","overlay-color":"","overlay-opacity":"","overlay-gradient":""},"tablet":{"background-color":"var(--ast-global-color-5)","background-image":"","background-repeat":"repeat","background-position":"center center","background-size":"auto","background-attachment":"scroll","background-type":"","background-media":"","overlay-type":"","overlay-color":"","overlay-opacity":"","overlay-gradient":""},"mobile":{"background-color":"var(--ast-global-color-5)","background-image":"","background-repeat":"repeat","background-position":"center center","background-size":"auto","background-attachment":"scroll","background-type":"","background-media":"","overlay-type":"","overlay-color":"","overlay-opacity":"","overlay-gradient":""}},"_joinchat":[]},"product_brand":[],"product_cat":[339,378],"product_tag":[425,431],"class_list":{"0":"post-4835","1":"product","2":"type-product","3":"status-publish","4":"has-post-thumbnail","6":"product_cat-bogota-e-dintorni","7":"product_cat-tour-della-birra-e-del-tasso","8":"product_tag-culturale","9":"product_tag-famiglia","10":"desktop-align-left","11":"tablet-align-left","12":"mobile-align-left","14":"first","15":"instock","16":"shipping-taxable","17":"product-type-simple"},"acf":[],"_links":{"self":[{"href":"https:\/\/tresorcolombien.com\/it\/wp-json\/wp\/v2\/product\/4835","targetHints":{"allow":["GET"]}}],"collection":[{"href":"https:\/\/tresorcolombien.com\/it\/wp-json\/wp\/v2\/product"}],"about":[{"href":"https:\/\/tresorcolombien.com\/it\/wp-json\/wp\/v2\/types\/product"}],"version-history":[{"count":0,"href":"https:\/\/tresorcolombien.com\/it\/wp-json\/wp\/v2\/product\/4835\/revisions"}],"wp:featuredmedia":[{"embeddable":true,"href":"https:\/\/tresorcolombien.com\/it\/wp-json\/wp\/v2\/media\/2942"}],"wp:attachment":[{"href":"https:\/\/tresorcolombien.com\/it\/wp-json\/wp\/v2\/media?parent=4835"}],"wp:term":[{"taxonomy":"product_brand","embeddable":true,"href":"https:\/\/tresorcolombien.com\/it\/wp-json\/wp\/v2\/product_brand?post=4835"},{"taxonomy":"product_cat","embeddable":true,"href":"https:\/\/tresorcolombien.com\/it\/wp-json\/wp\/v2\/product_cat?post=4835"},{"taxonomy":"product_tag","embeddable":true,"href":"https:\/\/tresorcolombien.com\/it\/wp-json\/wp\/v2\/product_tag?post=4835"}],"curies":[{"name":"wp","href":"https:\/\/api.w.org\/{rel}","templated":true}]}}