{"id":4850,"date":"2024-11-13T16:14:38","date_gmt":"2024-11-13T21:14:38","guid":{"rendered":"https:\/\/tresorcolombien.com\/producto\/tour-del-manzo-di-andres-chia\/"},"modified":"2024-11-13T16:14:38","modified_gmt":"2024-11-13T21:14:38","slug":"tour-del-manzo-di-andres-chia","status":"publish","type":"product","link":"https:\/\/tresorcolombien.com\/it\/producto\/tour-del-manzo-di-andres-chia\/","title":{"rendered":"Tour del manzo di Andres &#8211; Chia"},"content":{"rendered":"<p>Andr\u00e9s carne de res &#8211; Ch\u00eda Reserva a uno dei migliori ristoranti della Colombia. Con pi\u00f9 di 4 livelli decorati in stile barocco, pieni di luci e colori \u00e8 Andr\u00e9s carne de res, quartier generale di Ch\u00eda. Dopo le 18:00 il locale crea un&#8217;atmosfera ideale per bere cocktail e ballare salsa, \u00e8 un&#8217;esperienza unica da non perdere. Con un men\u00f9 pronto a soddisfare le esigenze dei suoi visitatori, l&#8217;atmosfera \u00e8 accogliente, cordiale, dinamica. Una decorazione esclusiva e diversa.<\/p>\n<p><strong>Se vengono generate ulteriori ore di attesa per il trasporto, queste saranno a carico direttamente del cliente.<\/strong><\/p>\n<p>Visita le nostre reti:<br \/>\n<a href=\"https:\/\/www.instagram.com\/tresor_colombien\/\">Profilo Instagram<\/a><br \/>\n<a href=\"https:\/\/www.facebook.com\/tresorcolombien\/\">Contatti<\/a><\/p>\n","protected":false},"excerpt":{"rendered":"<p><strong>INCLUDE:<\/strong><br \/>\nTrasporto di andata e ritorno da Bogot\u00e1.<br \/>\n5 ore di servizio (Trasporto: Hotel &gt; Andr\u00e9s carne de res Ch\u00eda &gt; Hotel).<br \/>\nTempo di permanenza sul posto: 2 ore.<br \/>\nCopertura d&#8217;ingresso.<br \/>\nAssicurazione di viaggio.<br \/>\n<strong>NON INCLUSO:<\/strong><br \/>\nConsumo.<br \/>\nSpese non specificate nel programma.<br \/>\n<strong>Per gruppi di 5 o pi\u00f9 persone Richiedi il tuo codice sconto!<\/strong><\/p>\n","protected":false},"featured_media":2987,"template":"","meta":{"_acf_changed":false,"site-sidebar-layout":"default","site-content-layout":"","ast-site-content-layout":"default","site-content-style":"default","site-sidebar-style":"default","ast-global-header-display":"","ast-banner-title-visibility":"","ast-main-header-display":"","ast-hfb-above-header-display":"","ast-hfb-below-header-display":"","ast-hfb-mobile-header-display":"","site-post-title":"","ast-breadcrumbs-content":"","ast-featured-img":"","footer-sml-layout":"","ast-disable-related-posts":"","theme-transparent-header-meta":"","adv-header-id-meta":"","stick-header-meta":"","header-above-stick-meta":"","header-main-stick-meta":"","header-below-stick-meta":"","astra-migrate-meta-layouts":"default","ast-page-background-enabled":"default","ast-page-background-meta":{"desktop":{"background-color":"var(--ast-global-color-4)","background-image":"","background-repeat":"repeat","background-position":"center center","background-size":"auto","background-attachment":"scroll","background-type":"","background-media":"","overlay-type":"","overlay-color":"","overlay-opacity":"","overlay-gradient":""},"tablet":{"background-color":"","background-image":"","background-repeat":"repeat","background-position":"center center","background-size":"auto","background-attachment":"scroll","background-type":"","background-media":"","overlay-type":"","overlay-color":"","overlay-opacity":"","overlay-gradient":""},"mobile":{"background-color":"","background-image":"","background-repeat":"repeat","background-position":"center center","background-size":"auto","background-attachment":"scroll","background-type":"","background-media":"","overlay-type":"","overlay-color":"","overlay-opacity":"","overlay-gradient":""}},"ast-content-background-meta":{"desktop":{"background-color":"var(--ast-global-color-5)","background-image":"","background-repeat":"repeat","background-position":"center center","background-size":"auto","background-attachment":"scroll","background-type":"","background-media":"","overlay-type":"","overlay-color":"","overlay-opacity":"","overlay-gradient":""},"tablet":{"background-color":"var(--ast-global-color-5)","background-image":"","background-repeat":"repeat","background-position":"center center","background-size":"auto","background-attachment":"scroll","background-type":"","background-media":"","overlay-type":"","overlay-color":"","overlay-opacity":"","overlay-gradient":""},"mobile":{"background-color":"var(--ast-global-color-5)","background-image":"","background-repeat":"repeat","background-position":"center center","background-size":"auto","background-attachment":"scroll","background-type":"","background-media":"","overlay-type":"","overlay-color":"","overlay-opacity":"","overlay-gradient":""}},"_joinchat":[]},"product_brand":[],"product_cat":[339,383],"product_tag":[],"class_list":{"0":"post-4850","1":"product","2":"type-product","3":"status-publish","4":"has-post-thumbnail","6":"product_cat-bogota-e-dintorni","7":"product_cat-manzo-di-chia-andres","8":"desktop-align-left","9":"tablet-align-left","10":"mobile-align-left","12":"first","13":"instock","14":"shipping-taxable","15":"product-type-simple"},"acf":[],"_links":{"self":[{"href":"https:\/\/tresorcolombien.com\/it\/wp-json\/wp\/v2\/product\/4850","targetHints":{"allow":["GET"]}}],"collection":[{"href":"https:\/\/tresorcolombien.com\/it\/wp-json\/wp\/v2\/product"}],"about":[{"href":"https:\/\/tresorcolombien.com\/it\/wp-json\/wp\/v2\/types\/product"}],"version-history":[{"count":0,"href":"https:\/\/tresorcolombien.com\/it\/wp-json\/wp\/v2\/product\/4850\/revisions"}],"wp:featuredmedia":[{"embeddable":true,"href":"https:\/\/tresorcolombien.com\/it\/wp-json\/wp\/v2\/media\/2987"}],"wp:attachment":[{"href":"https:\/\/tresorcolombien.com\/it\/wp-json\/wp\/v2\/media?parent=4850"}],"wp:term":[{"taxonomy":"product_brand","embeddable":true,"href":"https:\/\/tresorcolombien.com\/it\/wp-json\/wp\/v2\/product_brand?post=4850"},{"taxonomy":"product_cat","embeddable":true,"href":"https:\/\/tresorcolombien.com\/it\/wp-json\/wp\/v2\/product_cat?post=4850"},{"taxonomy":"product_tag","embeddable":true,"href":"https:\/\/tresorcolombien.com\/it\/wp-json\/wp\/v2\/product_tag?post=4850"}],"curies":[{"name":"wp","href":"https:\/\/api.w.org\/{rel}","templated":true}]}}