{"id":4851,"date":"2024-11-13T16:15:28","date_gmt":"2024-11-13T21:15:28","guid":{"rendered":"https:\/\/tresorcolombien.com\/producto\/paloquemao-tour-della-citta\/"},"modified":"2024-11-13T16:15:28","modified_gmt":"2024-11-13T21:15:28","slug":"paloquemao-tour-della-citta","status":"publish","type":"product","link":"https:\/\/tresorcolombien.com\/it\/producto\/paloquemao-tour-della-citta\/","title":{"rendered":"Paloquemao + Tour della citt\u00e0"},"content":{"rendered":"<p>Paloquemao + Tour della citt\u00e0. Tour a piedi attraverso le strade storiche di Candelaria, Plaza Chorro de Quevedo, Plaza de Bol\u00edvar, che ti permetter\u00e0 di scoprire la storia e la sua evoluzione dall&#8217;epoca coloniale spagnola ai giorni nostri. All&#8217;interno del tour saranno le migliori opere del pittore e scultore Fernando Botero e il pi\u00f9 grande museo dell&#8217;America Latina che ospita il maggior numero di pezzi d&#8217;oro precolombiani al mondo. Visita alla piazza del mercato di Paloquemao per assaggiare i frutti esotici della Colombia e le loro masse, cos\u00ec come la grande variet\u00e0 e i fiori colorati. Un momento ideale per gli amanti della fotografia! durante il tour di Paloquemao + Citt\u00e0 **Nessun alloggio. Le nostre reti: <\/p>\n<p><a href=\"https:\/\/www.instagram.com\/tresor_colombien\/\">Profilo Instagram<\/a><br \/>\n<a href=\"https:\/\/es-la.facebook.com\/tresorcolombien\/\">Contatti<\/a><\/p>\n","protected":false},"excerpt":{"rendered":"<p><strong>INCLUDE:<\/strong><br \/>\nGuida dell&#8217;host.<br \/>\nTour della Candelaria.<br \/>\nMonserrate in funivia.<br \/>\nMuseo dell&#8217;Oro (chiuso il luned\u00ec).<br \/>\nMuseo Botero (chiuso il marted\u00ec).<br \/>\nDegustazione di Chicha.<br \/>\nAssicurazione di viaggio.<br \/>\nTrasporto.<br \/>\n<strong>NON INCLUSO:<\/strong><br \/>\nSpese non specificate nel programma.<br \/>\n<strong>Per gruppi di 5 o pi\u00f9 persone Richiedi il tuo codice sconto!<\/strong><\/p>\n","protected":false},"featured_media":3026,"template":"","meta":{"_acf_changed":false,"site-sidebar-layout":"default","site-content-layout":"","ast-site-content-layout":"default","site-content-style":"default","site-sidebar-style":"default","ast-global-header-display":"","ast-banner-title-visibility":"","ast-main-header-display":"","ast-hfb-above-header-display":"","ast-hfb-below-header-display":"","ast-hfb-mobile-header-display":"","site-post-title":"","ast-breadcrumbs-content":"","ast-featured-img":"","footer-sml-layout":"","ast-disable-related-posts":"","theme-transparent-header-meta":"","adv-header-id-meta":"","stick-header-meta":"","header-above-stick-meta":"","header-main-stick-meta":"","header-below-stick-meta":"","astra-migrate-meta-layouts":"default","ast-page-background-enabled":"default","ast-page-background-meta":{"desktop":{"background-color":"var(--ast-global-color-4)","background-image":"","background-repeat":"repeat","background-position":"center center","background-size":"auto","background-attachment":"scroll","background-type":"","background-media":"","overlay-type":"","overlay-color":"","overlay-opacity":"","overlay-gradient":""},"tablet":{"background-color":"","background-image":"","background-repeat":"repeat","background-position":"center center","background-size":"auto","background-attachment":"scroll","background-type":"","background-media":"","overlay-type":"","overlay-color":"","overlay-opacity":"","overlay-gradient":""},"mobile":{"background-color":"","background-image":"","background-repeat":"repeat","background-position":"center center","background-size":"auto","background-attachment":"scroll","background-type":"","background-media":"","overlay-type":"","overlay-color":"","overlay-opacity":"","overlay-gradient":""}},"ast-content-background-meta":{"desktop":{"background-color":"var(--ast-global-color-5)","background-image":"","background-repeat":"repeat","background-position":"center center","background-size":"auto","background-attachment":"scroll","background-type":"","background-media":"","overlay-type":"","overlay-color":"","overlay-opacity":"","overlay-gradient":""},"tablet":{"background-color":"var(--ast-global-color-5)","background-image":"","background-repeat":"repeat","background-position":"center center","background-size":"auto","background-attachment":"scroll","background-type":"","background-media":"","overlay-type":"","overlay-color":"","overlay-opacity":"","overlay-gradient":""},"mobile":{"background-color":"var(--ast-global-color-5)","background-image":"","background-repeat":"repeat","background-position":"center center","background-size":"auto","background-attachment":"scroll","background-type":"","background-media":"","overlay-type":"","overlay-color":"","overlay-opacity":"","overlay-gradient":""}},"_joinchat":[]},"product_brand":[],"product_cat":[339,385],"product_tag":[425],"class_list":{"0":"post-4851","1":"product","2":"type-product","3":"status-publish","4":"has-post-thumbnail","6":"product_cat-bogota-e-dintorni","7":"product_cat-paloquemao-it","8":"product_tag-culturale","9":"desktop-align-left","10":"tablet-align-left","11":"mobile-align-left","13":"first","14":"instock","15":"shipping-taxable","16":"product-type-simple"},"acf":[],"_links":{"self":[{"href":"https:\/\/tresorcolombien.com\/it\/wp-json\/wp\/v2\/product\/4851","targetHints":{"allow":["GET"]}}],"collection":[{"href":"https:\/\/tresorcolombien.com\/it\/wp-json\/wp\/v2\/product"}],"about":[{"href":"https:\/\/tresorcolombien.com\/it\/wp-json\/wp\/v2\/types\/product"}],"version-history":[{"count":0,"href":"https:\/\/tresorcolombien.com\/it\/wp-json\/wp\/v2\/product\/4851\/revisions"}],"wp:featuredmedia":[{"embeddable":true,"href":"https:\/\/tresorcolombien.com\/it\/wp-json\/wp\/v2\/media\/3026"}],"wp:attachment":[{"href":"https:\/\/tresorcolombien.com\/it\/wp-json\/wp\/v2\/media?parent=4851"}],"wp:term":[{"taxonomy":"product_brand","embeddable":true,"href":"https:\/\/tresorcolombien.com\/it\/wp-json\/wp\/v2\/product_brand?post=4851"},{"taxonomy":"product_cat","embeddable":true,"href":"https:\/\/tresorcolombien.com\/it\/wp-json\/wp\/v2\/product_cat?post=4851"},{"taxonomy":"product_tag","embeddable":true,"href":"https:\/\/tresorcolombien.com\/it\/wp-json\/wp\/v2\/product_tag?post=4851"}],"curies":[{"name":"wp","href":"https:\/\/api.w.org\/{rel}","templated":true}]}}