{"id":4872,"date":"2024-11-13T16:16:31","date_gmt":"2024-11-13T21:16:31","guid":{"rendered":"https:\/\/tresorcolombien.com\/producto\/tour-di-guatape-e-piedra-penol\/"},"modified":"2024-11-13T16:16:31","modified_gmt":"2024-11-13T21:16:31","slug":"tour-di-guatape-e-piedra-penol","status":"publish","type":"product","link":"https:\/\/tresorcolombien.com\/it\/producto\/tour-di-guatape-e-piedra-penol\/","title":{"rendered":"Tour di Guatap\u00e9 e Piedra Pe\u00f1ol"},"content":{"rendered":"<p><span style=\"font-weight: 400;\">Prelievo dall&#8217;hotel via Medell\u00edn &gt; Guatap\u00e9 (2 ore di auto)<\/span><\/p>\n<p><span style=\"font-weight: 400;\">Visita alla pietra del pe\u00f1ol. Una delle destinazioni pi\u00f9 spettacolari di Medell\u00edn, ha 740 gradini che portano in cima a questo monolite di pietra, alto pi\u00f9 di 200 metri, dalla cima si pu\u00f2 vedere una bellissima vista panoramica che permette di vedere le bellissime costruzioni sugli isolotti della diga idroelettrica.<br \/>\n<\/span><span style=\"font-weight: 400;\">Pranzo incluso<br \/>\nNavigazione attraverso la diga in cui ammirerai l&#8217;enorme pietra del pe\u00f1ol, il centro storico prima dell&#8217;alluvione e le rovine della casa vacanze di Pablo Escobar.<br \/>\n<\/span><span style=\"font-weight: 400;\">Il pomeriggio sar\u00e0 dedicato alla visita guidata della colorata e magica cittadina di Guatap\u00e9. Le sue case colorate e i fregi colorati impressi sulle pareti delle case ci fanno scoprire gli usi e i costumi e le leggende della regione. <\/span><\/p>\n","protected":false},"excerpt":{"rendered":"<p><strong>INCLUDE:<\/strong><br \/>\n<span style=\"font-weight: 400;\">Guida ospitante di lingua spagnola.<br \/>\n<\/span><span style=\"font-weight: 400;\">Trasporto in compagnia dell&#8217;host (Non privato).<br \/>\n<\/span><span style=\"font-weight: 400;\">Pranzo incluso<br \/>\n<\/span><span style=\"font-weight: 400;\">Tour navigabile della diga. Limite di imbarco fino alle 13:00<br \/>\n<\/span><span style=\"font-weight: 400;\">Ingresso e salita al belvedere della Piedra del Pe\u00f1ol.<br \/>\n<\/span><span style=\"font-weight: 400;\">Assicurazione di viaggio.<\/span><br \/>\n<strong>NON INCLUSO:  <\/strong><br \/>\n<span style=\"font-weight: 400;\">Spese non specificate nel programma.<br \/>\n<\/span><span style=\"font-weight: 400;\">Mance per guida\/autista.<\/span><br \/>\n<strong>Per gruppi di 5 o pi\u00f9 persone Richiedi il tuo codice sconto!<\/strong><\/p>\n","protected":false},"featured_media":3077,"template":"","meta":{"_acf_changed":false,"site-sidebar-layout":"default","site-content-layout":"","ast-site-content-layout":"default","site-content-style":"default","site-sidebar-style":"default","ast-global-header-display":"","ast-banner-title-visibility":"","ast-main-header-display":"","ast-hfb-above-header-display":"","ast-hfb-below-header-display":"","ast-hfb-mobile-header-display":"","site-post-title":"","ast-breadcrumbs-content":"","ast-featured-img":"","footer-sml-layout":"","ast-disable-related-posts":"","theme-transparent-header-meta":"default","adv-header-id-meta":"","stick-header-meta":"","header-above-stick-meta":"","header-main-stick-meta":"","header-below-stick-meta":"","astra-migrate-meta-layouts":"default","ast-page-background-enabled":"default","ast-page-background-meta":{"desktop":{"background-color":"var(--ast-global-color-4)","background-image":"","background-repeat":"repeat","background-position":"center center","background-size":"auto","background-attachment":"scroll","background-type":"","background-media":"","overlay-type":"","overlay-color":"","overlay-opacity":"","overlay-gradient":""},"tablet":{"background-color":"","background-image":"","background-repeat":"repeat","background-position":"center center","background-size":"auto","background-attachment":"scroll","background-type":"","background-media":"","overlay-type":"","overlay-color":"","overlay-opacity":"","overlay-gradient":""},"mobile":{"background-color":"","background-image":"","background-repeat":"repeat","background-position":"center center","background-size":"auto","background-attachment":"scroll","background-type":"","background-media":"","overlay-type":"","overlay-color":"","overlay-opacity":"","overlay-gradient":""}},"ast-content-background-meta":{"desktop":{"background-color":"var(--ast-global-color-5)","background-image":"","background-repeat":"repeat","background-position":"center center","background-size":"auto","background-attachment":"scroll","background-type":"","background-media":"","overlay-type":"","overlay-color":"","overlay-opacity":"","overlay-gradient":""},"tablet":{"background-color":"var(--ast-global-color-5)","background-image":"","background-repeat":"repeat","background-position":"center center","background-size":"auto","background-attachment":"scroll","background-type":"","background-media":"","overlay-type":"","overlay-color":"","overlay-opacity":"","overlay-gradient":""},"mobile":{"background-color":"var(--ast-global-color-5)","background-image":"","background-repeat":"repeat","background-position":"center center","background-size":"auto","background-attachment":"scroll","background-type":"","background-media":"","overlay-type":"","overlay-color":"","overlay-opacity":"","overlay-gradient":""}},"_joinchat":[]},"product_brand":[],"product_cat":[386,391],"product_tag":[],"class_list":{"0":"post-4872","1":"product","2":"type-product","3":"status-publish","4":"has-post-thumbnail","6":"product_cat-medellin-it","7":"product_cat-tour-guatape-it","8":"desktop-align-left","9":"tablet-align-left","10":"mobile-align-left","12":"first","13":"instock","14":"shipping-taxable","15":"product-type-simple"},"acf":[],"_links":{"self":[{"href":"https:\/\/tresorcolombien.com\/it\/wp-json\/wp\/v2\/product\/4872","targetHints":{"allow":["GET"]}}],"collection":[{"href":"https:\/\/tresorcolombien.com\/it\/wp-json\/wp\/v2\/product"}],"about":[{"href":"https:\/\/tresorcolombien.com\/it\/wp-json\/wp\/v2\/types\/product"}],"version-history":[{"count":0,"href":"https:\/\/tresorcolombien.com\/it\/wp-json\/wp\/v2\/product\/4872\/revisions"}],"wp:featuredmedia":[{"embeddable":true,"href":"https:\/\/tresorcolombien.com\/it\/wp-json\/wp\/v2\/media\/3077"}],"wp:attachment":[{"href":"https:\/\/tresorcolombien.com\/it\/wp-json\/wp\/v2\/media?parent=4872"}],"wp:term":[{"taxonomy":"product_brand","embeddable":true,"href":"https:\/\/tresorcolombien.com\/it\/wp-json\/wp\/v2\/product_brand?post=4872"},{"taxonomy":"product_cat","embeddable":true,"href":"https:\/\/tresorcolombien.com\/it\/wp-json\/wp\/v2\/product_cat?post=4872"},{"taxonomy":"product_tag","embeddable":true,"href":"https:\/\/tresorcolombien.com\/it\/wp-json\/wp\/v2\/product_tag?post=4872"}],"curies":[{"name":"wp","href":"https:\/\/api.w.org\/{rel}","templated":true}]}}