{"id":4886,"date":"2024-11-13T16:11:53","date_gmt":"2024-11-13T21:11:53","guid":{"rendered":"https:\/\/tresorcolombien.com\/producto\/spedizione-dei-7-colori-piano-5-giorni-4-notti\/"},"modified":"2024-11-13T16:11:53","modified_gmt":"2024-11-13T21:11:53","slug":"spedizione-dei-7-colori-piano-5-giorni-4-notti","status":"publish","type":"product","link":"https:\/\/tresorcolombien.com\/it\/producto\/spedizione-dei-7-colori-piano-5-giorni-4-notti\/","title":{"rendered":"Spedizione dei 7 Colori <br>Piano 5 giorni-4 notti<\/br>"},"content":{"rendered":"<p>Spedizione dei 7 colori. Gita di gruppo per un massimo di 12 persone Questa avventura nella foresta pluviale colombiana ci porter\u00e0 nel famoso fiume dei 7 colori, il fiume pi\u00f9 bello della Colombia, pieno della pianta abbagliante &#8220;Macarena clavijera&#8221; una pianta acquatica endemica che a contatto con i raggi del sole &#8220;dipinge&#8221; il Ca\u00f1o Cristales con bellissimi colori. Il viaggio in s\u00e9 \u00e8 gi\u00e0 impressionante, perch\u00e9 lungo il fiume Guayabero potrete vedere alcuni animali esotici, come tartarughe, uccelli, scimmie e forse un po&#8217; di babilla. La Macarena \u00e8 piena di gente calda e accogliente, che per molto tempo \u00e8 stata isolata a causa del conflitto armato. Oggi tutti loro sono organizzati in associazioni completamente impegnate a fornire il miglior servizio e a lavorare come una comunit\u00e0 per rendere la vostra esperienza indimenticabile in questa spedizione dei 7 colori. Durante il viaggio visiterai siti incredibili e vivrai esperienze uniche: Visita a Ca\u00f1o Cristales (Escursione e natura alla scoperta del famoso fiume dei colori). Avvistamento di scimmie. Visita a Ca\u00f1o Cristalitos (Luogo magico e naturale, una tappa obbligata nella regione). Serenata sul fiume (Musica tradizionale originaria della regione). Stone City (Escursione in un mondo di pietra semplicemente fantastico). Laboratorio del cacao. Passeggiata a cavallo a Ca\u00f1o Piedras. <strong>Nota per l&#8217;emissione dei 7 colori:<\/strong> Se le condizioni fisiche non consentono lunghe passeggiate a piedi o a cavallo, potrebbe essere sostituito da un giorno aggiuntivo a Ca\u00f1o Cristales** Se il volo di ritorno \u00e8 con &#8216;Satena&#8217; di mercoled\u00ec o venerd\u00ec, l&#8217;ultimo giorno \u00e8 un giorno di riposo, prima del volo. <\/p>\n<blockquote><p>Scopri di pi\u00f9 su di noi, visita le nostre reti: <a href=\"https:\/\/www.instagram.com\/tresor_colombien\/\">Instagram<\/a><a href=\"https:\/\/www.facebook.com\/tresorcolombien\/\">Facebook<\/a><\/p><\/blockquote>\n","protected":false},"excerpt":{"rendered":"<p><strong>INCLUDE:  <\/strong>-Pasti completi -Idratazione (limonata e acqua) -Trasferimenti fluviali e via terra -Alloggio in Ecolodge Boutique -Contributo comunitario &#8211; Guida locale -Assicurazione di assistenza  <strong>NON INCLUSO:-<\/strong>La tariffa non include i voli di andata e ritorno, tuttavia abbiamo molti voli a tariffa scontata per i nostri clienti -Colazione del primo giorno -Guida bilingue -Modifiche all&#8217;itinerario durante il viaggio -Spese non menzionate nel tour e bevande alcoliche -Tasse: (Da pagare direttamente all&#8217;arrivo) -Per il turismo dell&#8217;ufficio del sindaco: Colombiani:  30.300 Cop \/ Stranieri: 45.450 Cop -Tassa aeroportuale: 6000 Cop -Biglietti d&#8217;ingresso al parco nazionale: 50.200 Cop \/ 101.300 Cop Nota: DA 4 PERSONE. I biglietti d&#8217;ingresso e le tasse possono variare durante l&#8217;anno. Questi vengono pagati direttamente all&#8217;arrivo.  <\/p>\n","protected":false},"featured_media":2873,"template":"","meta":{"_acf_changed":false,"site-sidebar-layout":"default","site-content-layout":"","ast-site-content-layout":"default","site-content-style":"default","site-sidebar-style":"default","ast-global-header-display":"","ast-banner-title-visibility":"","ast-main-header-display":"","ast-hfb-above-header-display":"","ast-hfb-below-header-display":"","ast-hfb-mobile-header-display":"","site-post-title":"","ast-breadcrumbs-content":"","ast-featured-img":"","footer-sml-layout":"","ast-disable-related-posts":"","theme-transparent-header-meta":"default","adv-header-id-meta":"","stick-header-meta":"","header-above-stick-meta":"","header-main-stick-meta":"","header-below-stick-meta":"","astra-migrate-meta-layouts":"default","ast-page-background-enabled":"default","ast-page-background-meta":{"desktop":{"background-color":"var(--ast-global-color-4)","background-image":"","background-repeat":"repeat","background-position":"center center","background-size":"auto","background-attachment":"scroll","background-type":"","background-media":"","overlay-type":"","overlay-color":"","overlay-opacity":"","overlay-gradient":""},"tablet":{"background-color":"","background-image":"","background-repeat":"repeat","background-position":"center center","background-size":"auto","background-attachment":"scroll","background-type":"","background-media":"","overlay-type":"","overlay-color":"","overlay-opacity":"","overlay-gradient":""},"mobile":{"background-color":"","background-image":"","background-repeat":"repeat","background-position":"center center","background-size":"auto","background-attachment":"scroll","background-type":"","background-media":"","overlay-type":"","overlay-color":"","overlay-opacity":"","overlay-gradient":""}},"ast-content-background-meta":{"desktop":{"background-color":"var(--ast-global-color-5)","background-image":"","background-repeat":"repeat","background-position":"center center","background-size":"auto","background-attachment":"scroll","background-type":"","background-media":"","overlay-type":"","overlay-color":"","overlay-opacity":"","overlay-gradient":""},"tablet":{"background-color":"var(--ast-global-color-5)","background-image":"","background-repeat":"repeat","background-position":"center center","background-size":"auto","background-attachment":"scroll","background-type":"","background-media":"","overlay-type":"","overlay-color":"","overlay-opacity":"","overlay-gradient":""},"mobile":{"background-color":"var(--ast-global-color-5)","background-image":"","background-repeat":"repeat","background-position":"center center","background-size":"auto","background-attachment":"scroll","background-type":"","background-media":"","overlay-type":"","overlay-color":"","overlay-opacity":"","overlay-gradient":""}},"_joinchat":[]},"product_brand":[],"product_cat":[370,374,371],"product_tag":[434,443],"class_list":{"0":"post-4886","1":"product","2":"type-product","3":"status-publish","4":"has-post-thumbnail","6":"product_cat-destinazioni-esotiche","7":"product_cat-spedizione-dei-7-colori","8":"product_cat-uscite-fisse","9":"product_tag-fauna-it","10":"product_tag-natura","11":"desktop-align-left","12":"tablet-align-left","13":"mobile-align-left","15":"first","16":"instock","17":"shipping-taxable","18":"purchasable","19":"product-type-simple"},"acf":[],"_links":{"self":[{"href":"https:\/\/tresorcolombien.com\/it\/wp-json\/wp\/v2\/product\/4886","targetHints":{"allow":["GET"]}}],"collection":[{"href":"https:\/\/tresorcolombien.com\/it\/wp-json\/wp\/v2\/product"}],"about":[{"href":"https:\/\/tresorcolombien.com\/it\/wp-json\/wp\/v2\/types\/product"}],"version-history":[{"count":0,"href":"https:\/\/tresorcolombien.com\/it\/wp-json\/wp\/v2\/product\/4886\/revisions"}],"wp:featuredmedia":[{"embeddable":true,"href":"https:\/\/tresorcolombien.com\/it\/wp-json\/wp\/v2\/media\/2873"}],"wp:attachment":[{"href":"https:\/\/tresorcolombien.com\/it\/wp-json\/wp\/v2\/media?parent=4886"}],"wp:term":[{"taxonomy":"product_brand","embeddable":true,"href":"https:\/\/tresorcolombien.com\/it\/wp-json\/wp\/v2\/product_brand?post=4886"},{"taxonomy":"product_cat","embeddable":true,"href":"https:\/\/tresorcolombien.com\/it\/wp-json\/wp\/v2\/product_cat?post=4886"},{"taxonomy":"product_tag","embeddable":true,"href":"https:\/\/tresorcolombien.com\/it\/wp-json\/wp\/v2\/product_tag?post=4886"}],"curies":[{"name":"wp","href":"https:\/\/api.w.org\/{rel}","templated":true}]}}