{"id":4891,"date":"2024-11-13T16:08:46","date_gmt":"2024-11-13T21:08:46","guid":{"rendered":"https:\/\/tresorcolombien.com\/producto\/giornata-di-tiro-bogota\/"},"modified":"2024-11-13T16:08:46","modified_gmt":"2024-11-13T21:08:46","slug":"giornata-di-tiro-bogota","status":"publish","type":"product","link":"https:\/\/tresorcolombien.com\/it\/producto\/giornata-di-tiro-bogota\/","title":{"rendered":"Giornata di tiro Bogot\u00e0"},"content":{"rendered":"<p>Giornata di allenamento &#8211; Tiro sportivo. Questa esperienza ti permette di immergerti nel mondo della gestione responsabile delle armi a bassa letalit\u00e0 per l&#8217;allenamento al tiro sportivo. Con l&#8217;aiuto di istruttori certificati e con i pi\u00f9 alti standard di sicurezza, avrete uno scenario ideale non solo per evadere dalla quotidianit\u00e0 ma anche per sfruttare quegli spazi verdi e all&#8217;aperto offerti dai comuni circostanti per allenarvi e accrescere conoscenze e abilit\u00e0 nel maneggio delle armi. <\/p>\n<p style=\"text-align: justify;\"><strong>Fabbisogno:<\/strong> Certificato del casellario giudiziale.<\/p>\n","protected":false},"excerpt":{"rendered":"<p><strong>INCLUDE:<\/strong><br \/>\nIstruttore di tiro.<br \/>\nIngresso alla zona industriale.<br \/>\nBevande e idratazione.<br \/>\nScatola di munizioni X 25 &#8211; 9mm. (Solo per l&#8217;uso durante l&#8217;addestramento)<br \/>\n Protezione dell&#8217;udito e della vista.<br \/>\nAssicurazione di assistenza.<br \/>\nTrasporto porta a porta.<br \/>\nHost\/Guida<br \/>\n<strong>NON INCLUSO:<\/strong><br \/>\n Spese non specificate nel programma.<br \/>\nPranzo.<br \/>\nSuggerimenti.<\/p>\n","protected":false},"featured_media":2657,"template":"","meta":{"_acf_changed":false,"site-sidebar-layout":"default","site-content-layout":"","ast-site-content-layout":"default","site-content-style":"default","site-sidebar-style":"default","ast-global-header-display":"","ast-banner-title-visibility":"","ast-main-header-display":"","ast-hfb-above-header-display":"","ast-hfb-below-header-display":"","ast-hfb-mobile-header-display":"","site-post-title":"","ast-breadcrumbs-content":"","ast-featured-img":"","footer-sml-layout":"","ast-disable-related-posts":"","theme-transparent-header-meta":"","adv-header-id-meta":"","stick-header-meta":"","header-above-stick-meta":"","header-main-stick-meta":"","header-below-stick-meta":"","astra-migrate-meta-layouts":"default","ast-page-background-enabled":"default","ast-page-background-meta":{"desktop":{"background-color":"var(--ast-global-color-4)","background-image":"","background-repeat":"repeat","background-position":"center center","background-size":"auto","background-attachment":"scroll","background-type":"","background-media":"","overlay-type":"","overlay-color":"","overlay-opacity":"","overlay-gradient":""},"tablet":{"background-color":"","background-image":"","background-repeat":"repeat","background-position":"center center","background-size":"auto","background-attachment":"scroll","background-type":"","background-media":"","overlay-type":"","overlay-color":"","overlay-opacity":"","overlay-gradient":""},"mobile":{"background-color":"","background-image":"","background-repeat":"repeat","background-position":"center center","background-size":"auto","background-attachment":"scroll","background-type":"","background-media":"","overlay-type":"","overlay-color":"","overlay-opacity":"","overlay-gradient":""}},"ast-content-background-meta":{"desktop":{"background-color":"var(--ast-global-color-5)","background-image":"","background-repeat":"repeat","background-position":"center center","background-size":"auto","background-attachment":"scroll","background-type":"","background-media":"","overlay-type":"","overlay-color":"","overlay-opacity":"","overlay-gradient":""},"tablet":{"background-color":"var(--ast-global-color-5)","background-image":"","background-repeat":"repeat","background-position":"center center","background-size":"auto","background-attachment":"scroll","background-type":"","background-media":"","overlay-type":"","overlay-color":"","overlay-opacity":"","overlay-gradient":""},"mobile":{"background-color":"var(--ast-global-color-5)","background-image":"","background-repeat":"repeat","background-position":"center center","background-size":"auto","background-attachment":"scroll","background-type":"","background-media":"","overlay-type":"","overlay-color":"","overlay-opacity":"","overlay-gradient":""}},"_joinchat":[]},"product_brand":[],"product_cat":[339,358],"product_tag":[422],"class_list":{"0":"post-4891","1":"product","2":"type-product","3":"status-publish","4":"has-post-thumbnail","6":"product_cat-bogota-e-dintorni","7":"product_cat-giornata-di-formazione","8":"product_tag-avventura","9":"desktop-align-left","10":"tablet-align-left","11":"mobile-align-left","13":"first","14":"instock","15":"shipping-taxable","16":"product-type-simple"},"acf":[],"_links":{"self":[{"href":"https:\/\/tresorcolombien.com\/it\/wp-json\/wp\/v2\/product\/4891","targetHints":{"allow":["GET"]}}],"collection":[{"href":"https:\/\/tresorcolombien.com\/it\/wp-json\/wp\/v2\/product"}],"about":[{"href":"https:\/\/tresorcolombien.com\/it\/wp-json\/wp\/v2\/types\/product"}],"version-history":[{"count":0,"href":"https:\/\/tresorcolombien.com\/it\/wp-json\/wp\/v2\/product\/4891\/revisions"}],"wp:featuredmedia":[{"embeddable":true,"href":"https:\/\/tresorcolombien.com\/it\/wp-json\/wp\/v2\/media\/2657"}],"wp:attachment":[{"href":"https:\/\/tresorcolombien.com\/it\/wp-json\/wp\/v2\/media?parent=4891"}],"wp:term":[{"taxonomy":"product_brand","embeddable":true,"href":"https:\/\/tresorcolombien.com\/it\/wp-json\/wp\/v2\/product_brand?post=4891"},{"taxonomy":"product_cat","embeddable":true,"href":"https:\/\/tresorcolombien.com\/it\/wp-json\/wp\/v2\/product_cat?post=4891"},{"taxonomy":"product_tag","embeddable":true,"href":"https:\/\/tresorcolombien.com\/it\/wp-json\/wp\/v2\/product_tag?post=4891"}],"curies":[{"name":"wp","href":"https:\/\/api.w.org\/{rel}","templated":true}]}}