{"id":4897,"date":"2024-11-13T16:09:04","date_gmt":"2024-11-13T21:09:04","guid":{"rendered":"https:\/\/tresorcolombien.com\/producto\/trekking-nella-citta-perduta\/"},"modified":"2024-11-13T16:09:04","modified_gmt":"2024-11-13T21:09:04","slug":"trekking-nella-citta-perduta","status":"publish","type":"product","link":"https:\/\/tresorcolombien.com\/it\/producto\/trekking-nella-citta-perduta\/","title":{"rendered":"Trekking nella citt\u00e0 perduta"},"content":{"rendered":"<p><span style=\"font-weight: 400;\">Trekking citt\u00e0 perduta. Durante questa avventura potrai conoscere luoghi magici e ancestrali, avrai un&#8217;immersione totale nella cultura Wiwa e Kogui. Imparerai a conoscere il loro dialetto, la loro cultura e la loro tradizione e condividerai momenti unici e indimenticabili con le comunit\u00e0 indigene.  <\/span><\/p>\n<p><span style=\"font-weight: 400;\">Questo luogo incredibile fa parte del Parco Nazionale della Sierra Nevada de Santa Marta e del Parco Nazionale Tayrona. \u00c8 stata dichiarata riserva della biosfera e patrimonio dell&#8217;umanit\u00e0 dal 1979 dall&#8217;UNESCO; \u00c8 un luogo maestoso, per la particolarit\u00e0 dei suoi paesaggi, ecosistemi, biodiversit\u00e0 e architettura, costruito centinaia di anni fa. <\/span><\/p>\n","protected":false},"excerpt":{"rendered":"<p><b>INCLUDE:<br \/>\n<\/b><br \/>\n<span style=\"font-weight: 400;\">Trasporto 4&#215;4 (Santa Marta &#8211; Mamey- Santa. Marta).<br \/>\n<\/span><span style=\"font-weight: 400;\">Pasti completi durante il tour.<br \/>\n<\/span><span style=\"font-weight: 400;\">Sistemazione in campeggi <\/span><span style=\"font-weight: 400;\">(amache o letti con tenda da sole).<br \/>\n<\/span><span style=\"font-weight: 400;\">  Ingresso al Parco Archeologico di Teyuna.<br \/>\n<\/span><span style=\"font-weight: 400;\">(ICANH) <\/span><span style=\"font-weight: 400;\"> Contributi alle <\/span><span style=\"font-weight: 400;\">comunit\u00e0 contadine e indigene.<br \/>\n<\/span><span style=\"font-weight: 400;\">Guida locale durante i tour.<br \/>\n<\/span><span style=\"font-weight: 400;\">Assicurazione di viaggio.<\/span><br \/>\n<strong>NON INCLUSO:<br \/>\n<\/strong><br \/>\n<span style=\"font-weight: 400;\">Muli da soma durante il trekking.<br \/>\n<\/span><span style=\"font-weight: 400;\">Visita al Mamo.<br \/>\n<\/span><span style=\"font-weight: 400;\">Birre e bevande.<br \/>\n<\/span><span style=\"font-weight: 400;\">Shopping tour e\/o visite ad altre <\/span><span style=\"font-weight: 400;\">attrazioni turistiche.<br \/>\n<\/span><span style=\"font-weight: 400;\">Artigianato e consigli.<\/span><\/p>\n","protected":false},"featured_media":2666,"template":"","meta":{"_acf_changed":false,"site-sidebar-layout":"default","site-content-layout":"","ast-site-content-layout":"default","site-content-style":"default","site-sidebar-style":"default","ast-global-header-display":"","ast-banner-title-visibility":"","ast-main-header-display":"","ast-hfb-above-header-display":"","ast-hfb-below-header-display":"","ast-hfb-mobile-header-display":"","site-post-title":"","ast-breadcrumbs-content":"","ast-featured-img":"","footer-sml-layout":"","ast-disable-related-posts":"","theme-transparent-header-meta":"default","adv-header-id-meta":"","stick-header-meta":"","header-above-stick-meta":"","header-main-stick-meta":"","header-below-stick-meta":"","astra-migrate-meta-layouts":"default","ast-page-background-enabled":"default","ast-page-background-meta":{"desktop":{"background-color":"var(--ast-global-color-4)","background-image":"","background-repeat":"repeat","background-position":"center center","background-size":"auto","background-attachment":"scroll","background-type":"","background-media":"","overlay-type":"","overlay-color":"","overlay-opacity":"","overlay-gradient":""},"tablet":{"background-color":"","background-image":"","background-repeat":"repeat","background-position":"center center","background-size":"auto","background-attachment":"scroll","background-type":"","background-media":"","overlay-type":"","overlay-color":"","overlay-opacity":"","overlay-gradient":""},"mobile":{"background-color":"","background-image":"","background-repeat":"repeat","background-position":"center center","background-size":"auto","background-attachment":"scroll","background-type":"","background-media":"","overlay-type":"","overlay-color":"","overlay-opacity":"","overlay-gradient":""}},"ast-content-background-meta":{"desktop":{"background-color":"var(--ast-global-color-5)","background-image":"","background-repeat":"repeat","background-position":"center center","background-size":"auto","background-attachment":"scroll","background-type":"","background-media":"","overlay-type":"","overlay-color":"","overlay-opacity":"","overlay-gradient":""},"tablet":{"background-color":"var(--ast-global-color-5)","background-image":"","background-repeat":"repeat","background-position":"center center","background-size":"auto","background-attachment":"scroll","background-type":"","background-media":"","overlay-type":"","overlay-color":"","overlay-opacity":"","overlay-gradient":""},"mobile":{"background-color":"var(--ast-global-color-5)","background-image":"","background-repeat":"repeat","background-position":"center center","background-size":"auto","background-attachment":"scroll","background-type":"","background-media":"","overlay-type":"","overlay-color":"","overlay-opacity":"","overlay-gradient":""}},"_joinchat":[]},"product_brand":[],"product_cat":[359,360],"product_tag":[422,449],"class_list":{"0":"post-4897","1":"product","2":"type-product","3":"status-publish","4":"has-post-thumbnail","6":"product_cat-santa-marta-e-dintorni","7":"product_cat-trekking-nella-citta-perduta","8":"product_tag-avventura","9":"product_tag-treks-it","10":"desktop-align-left","11":"tablet-align-left","12":"mobile-align-left","14":"first","15":"instock","16":"shipping-taxable","17":"purchasable","18":"product-type-simple"},"acf":[],"_links":{"self":[{"href":"https:\/\/tresorcolombien.com\/it\/wp-json\/wp\/v2\/product\/4897","targetHints":{"allow":["GET"]}}],"collection":[{"href":"https:\/\/tresorcolombien.com\/it\/wp-json\/wp\/v2\/product"}],"about":[{"href":"https:\/\/tresorcolombien.com\/it\/wp-json\/wp\/v2\/types\/product"}],"version-history":[{"count":0,"href":"https:\/\/tresorcolombien.com\/it\/wp-json\/wp\/v2\/product\/4897\/revisions"}],"wp:featuredmedia":[{"embeddable":true,"href":"https:\/\/tresorcolombien.com\/it\/wp-json\/wp\/v2\/media\/2666"}],"wp:attachment":[{"href":"https:\/\/tresorcolombien.com\/it\/wp-json\/wp\/v2\/media?parent=4897"}],"wp:term":[{"taxonomy":"product_brand","embeddable":true,"href":"https:\/\/tresorcolombien.com\/it\/wp-json\/wp\/v2\/product_brand?post=4897"},{"taxonomy":"product_cat","embeddable":true,"href":"https:\/\/tresorcolombien.com\/it\/wp-json\/wp\/v2\/product_cat?post=4897"},{"taxonomy":"product_tag","embeddable":true,"href":"https:\/\/tresorcolombien.com\/it\/wp-json\/wp\/v2\/product_tag?post=4897"}],"curies":[{"name":"wp","href":"https:\/\/api.w.org\/{rel}","templated":true}]}}