{"id":4900,"date":"2024-11-13T16:09:27","date_gmt":"2024-11-13T21:09:27","guid":{"rendered":"https:\/\/tresorcolombien.com\/producto\/traversata-fuoristrada-expedition-rio-7-colors-cano-cristales-13giorni-11notti-1500-km\/"},"modified":"2024-11-13T16:09:27","modified_gmt":"2024-11-13T21:09:27","slug":"traversata-fuoristrada-expedition-rio-7-colors-cano-cristales-13giorni-11notti-1500-km","status":"publish","type":"product","link":"https:\/\/tresorcolombien.com\/it\/producto\/traversata-fuoristrada-expedition-rio-7-colors-cano-cristales-13giorni-11notti-1500-km\/","title":{"rendered":"Traversata fuoristrada : EXPEDITION RIO 7 COLORS (Ca\u00f1o Cristales) 13Giorni-11Notti (1500 Km)"},"content":{"rendered":"<p style=\"text-align: justify;\">Un&#8217;avventura nella foresta pluviale colombiana che ti permetter\u00e0 di scoprire i fiumi con 7 colori e la biodiversit\u00e0 dei paesaggi colombiani. Il circuito \u00e8 ideale per i motociclisti ESPERTI di OFFROAD, che vogliono vivere esperienze uniche attraversando i fiumi colombiani con le loro moto in barche a fondo piatto nel rosso centro storico &#8220;Caguan&#8221; attualmente terra di pace grazie all&#8217;urismo comunitario.<br \/>\nIdeale Da luglio a novembre al di fuori di questo periodo, il circuito pu\u00f2 essere effettuato adattando gli orari e i luoghi di visita. <\/p>\n<p><img decoding=\"async\" src=\"https:\/\/tienda.tresorcolombien.com\/wp-content\/uploads\/2021\/12\/7colorestabla.jpg\"><\/p>\n","protected":false},"excerpt":{"rendered":"<p>Pensione completa<\/p>\n","protected":false},"featured_media":2693,"template":"","meta":{"_acf_changed":false,"site-sidebar-layout":"default","site-content-layout":"","ast-site-content-layout":"default","site-content-style":"default","site-sidebar-style":"default","ast-global-header-display":"","ast-banner-title-visibility":"","ast-main-header-display":"","ast-hfb-above-header-display":"","ast-hfb-below-header-display":"","ast-hfb-mobile-header-display":"","site-post-title":"","ast-breadcrumbs-content":"","ast-featured-img":"","footer-sml-layout":"","ast-disable-related-posts":"","theme-transparent-header-meta":"default","adv-header-id-meta":"","stick-header-meta":"","header-above-stick-meta":"","header-main-stick-meta":"","header-below-stick-meta":"","astra-migrate-meta-layouts":"default","ast-page-background-enabled":"default","ast-page-background-meta":{"desktop":{"background-color":"var(--ast-global-color-4)","background-image":"","background-repeat":"repeat","background-position":"center center","background-size":"auto","background-attachment":"scroll","background-type":"","background-media":"","overlay-type":"","overlay-color":"","overlay-opacity":"","overlay-gradient":""},"tablet":{"background-color":"","background-image":"","background-repeat":"repeat","background-position":"center center","background-size":"auto","background-attachment":"scroll","background-type":"","background-media":"","overlay-type":"","overlay-color":"","overlay-opacity":"","overlay-gradient":""},"mobile":{"background-color":"","background-image":"","background-repeat":"repeat","background-position":"center center","background-size":"auto","background-attachment":"scroll","background-type":"","background-media":"","overlay-type":"","overlay-color":"","overlay-opacity":"","overlay-gradient":""}},"ast-content-background-meta":{"desktop":{"background-color":"var(--ast-global-color-5)","background-image":"","background-repeat":"repeat","background-position":"center center","background-size":"auto","background-attachment":"scroll","background-type":"","background-media":"","overlay-type":"","overlay-color":"","overlay-opacity":"","overlay-gradient":""},"tablet":{"background-color":"var(--ast-global-color-5)","background-image":"","background-repeat":"repeat","background-position":"center center","background-size":"auto","background-attachment":"scroll","background-type":"","background-media":"","overlay-type":"","overlay-color":"","overlay-opacity":"","overlay-gradient":""},"mobile":{"background-color":"var(--ast-global-color-5)","background-image":"","background-repeat":"repeat","background-position":"center center","background-size":"auto","background-attachment":"scroll","background-type":"","background-media":"","overlay-type":"","overlay-color":"","overlay-opacity":"","overlay-gradient":""}},"_joinchat":[]},"product_brand":[],"product_cat":[361],"product_tag":[440],"class_list":{"0":"post-4900","1":"product","2":"type-product","3":"status-publish","4":"has-post-thumbnail","6":"product_cat-viaggi-in-moto","7":"product_tag-motociclette","8":"desktop-align-left","9":"tablet-align-left","10":"mobile-align-left","12":"first","13":"instock","14":"shipping-taxable","15":"product-type-simple"},"acf":[],"_links":{"self":[{"href":"https:\/\/tresorcolombien.com\/it\/wp-json\/wp\/v2\/product\/4900","targetHints":{"allow":["GET"]}}],"collection":[{"href":"https:\/\/tresorcolombien.com\/it\/wp-json\/wp\/v2\/product"}],"about":[{"href":"https:\/\/tresorcolombien.com\/it\/wp-json\/wp\/v2\/types\/product"}],"version-history":[{"count":0,"href":"https:\/\/tresorcolombien.com\/it\/wp-json\/wp\/v2\/product\/4900\/revisions"}],"wp:featuredmedia":[{"embeddable":true,"href":"https:\/\/tresorcolombien.com\/it\/wp-json\/wp\/v2\/media\/2693"}],"wp:attachment":[{"href":"https:\/\/tresorcolombien.com\/it\/wp-json\/wp\/v2\/media?parent=4900"}],"wp:term":[{"taxonomy":"product_brand","embeddable":true,"href":"https:\/\/tresorcolombien.com\/it\/wp-json\/wp\/v2\/product_brand?post=4900"},{"taxonomy":"product_cat","embeddable":true,"href":"https:\/\/tresorcolombien.com\/it\/wp-json\/wp\/v2\/product_cat?post=4900"},{"taxonomy":"product_tag","embeddable":true,"href":"https:\/\/tresorcolombien.com\/it\/wp-json\/wp\/v2\/product_tag?post=4900"}],"curies":[{"name":"wp","href":"https:\/\/api.w.org\/{rel}","templated":true}]}}